{"id":9991,"date":"2023-10-10T12:17:31","date_gmt":"2023-10-10T11:17:31","guid":{"rendered":"https:\/\/www.maresmefilmfestival.com\/jurado-2023\/inaki-miramon\/"},"modified":"2023-10-10T14:20:18","modified_gmt":"2023-10-10T13:20:18","slug":"inaki-miramon","status":"publish","type":"page","link":"https:\/\/www.maresmefilmfestival.com\/es\/jurado-2023\/inaki-miramon\/","title":{"rendered":"I\u00f1aki Miram\u00f3n"},"content":{"rendered":"<div class=\"wpb-content-wrapper\"><p>[vc_row][vc_column width=\u00bb1\/2&#8243;][vc_column_text]<br \/>\n[\/vc_column_text][vc_single_image image=\u00bb9924&#8243; img_size=\u00bbfull\u00bb][\/vc_column][vc_column width=\u00bb1\/2&#8243;][vc_column_text]<\/p>\n<h3><strong><span style=\"color: #d3ab1d;\">I\u00f1aki Miram\u00f3n<\/span><\/strong><\/h3>\n<p>Actor de\u00a0cine,\u00a0teatro\u00a0y\u00a0televisi\u00f3n nacido en Bilbao (1957). Cursa sus estudios en la\u00a0Universidad Laboral\u00a0de\u00a0\u00c9ibar\u00a0a la vez que se inicia en un grupo de teatro aficionado de la localidad, donde coincide con\u00a0Imanol Arias. Despu\u00e9s se traslada a\u00a0Madrid\u00a0para estudiar\u00a0Arte Dram\u00e1tico en la RESAD.<\/p>\n<p>Debuta profesionalmente en 1978 con un papel en la pel\u00edcula\u00a0<em>Arriba Haza\u00f1a<\/em>, de\u00a0Jos\u00e9 Mar\u00eda Guti\u00e9rrez Santos.<\/p>\n<p>Sus papeles televisivos en las series\u00a0<em>P\u00e1gina de sucesos<\/em>,\u00a0<em>A Electra le sienta bien el luto<\/em>\u00a0y, sobre todo,\u00a0<em>Media naranja<\/em>, donde comparte protagonismo con\u00a0Amparo Larra\u00f1aga, le convierten en un rostro popular para el p\u00fablico.<\/p>\n<p>Durante pr\u00e1cticamente toda la d\u00e9cada de 1990, se dedica a interpretar teatro (<em>Noches de amor ef\u00edmero<\/em>,\u00a0<em>La muerte y la doncella<\/em>,\u00a0<em>Despu\u00e9s de la lluvia<\/em>, etc.) y televisi\u00f3n, especialmente en la serie \u00ab<em>M\u00e1s que amigos\u00bb<\/em>\u00a0(1997-1998).<\/p>\n<p>En 2000 retoma su carrera cinematogr\u00e1fica y consigue una candidatura al\u00a0<em>Premio Goya<\/em> como mejor actor de reparto por \u00ab<em>You&#8217;re the One\u00bb (una historia de entonces)<\/em>, de\u00a0Jos\u00e9 Luis Garci.<\/p>\n<p>Actualmente act\u00faa por segundo a\u00f1o consecutivo en la obra de gran \u00e9xito \u00ab<em>Laponia\u00bb,<\/em> en el Teatro Maravillas junto con Mar Abascal, Amparo Larra\u00f1aga y Juli F\u00e0bregas.[\/vc_column_text][\/vc_column][\/vc_row]<\/p>\n<\/div>","protected":false},"excerpt":{"rendered":"<p>[vc_row][vc_column width=\u00bb1\/2&#8243;][vc_column_text] [\/vc_column_text][vc_single_image image=\u00bb9924&#8243; img_size=\u00bbfull\u00bb][\/vc_column][vc_column width=\u00bb1\/2&#8243;][vc_column_text] I\u00f1aki Miram\u00f3n Actor de\u00a0cine,\u00a0teatro\u00a0y\u00a0televisi\u00f3n nacido en Bilbao (1957). Cursa sus estudios en la\u00a0Universidad Laboral\u00a0de\u00a0\u00c9ibar\u00a0a la vez que se inicia en un grupo de teatro [&hellip;]<\/p>\n","protected":false},"author":1,"featured_media":0,"parent":9967,"menu_order":0,"comment_status":"closed","ping_status":"closed","template":"","meta":{"footnotes":""},"class_list":["post-9991","page","type-page","status-publish","hentry"],"yoast_head":"<!-- This site is optimized with the Yoast SEO plugin v27.4 - https:\/\/yoast.com\/product\/yoast-seo-wordpress\/ -->\n<title>I\u00f1aki Miram\u00f3n - Calella Film Festival<\/title>\n<meta name=\"robots\" content=\"index, follow, max-snippet:-1, max-image-preview:large, max-video-preview:-1\" \/>\n<link rel=\"canonical\" href=\"https:\/\/www.maresmefilmfestival.com\/es\/jurado-2023\/inaki-miramon\/\" \/>\n<meta property=\"og:locale\" content=\"es_ES\" \/>\n<meta property=\"og:type\" content=\"article\" \/>\n<meta property=\"og:title\" content=\"I\u00f1aki Miram\u00f3n - Calella Film Festival\" \/>\n<meta property=\"og:description\" content=\"[vc_row][vc_column width=\u00bb1\/2&#8243;][vc_column_text] [\/vc_column_text][vc_single_image image=\u00bb9924&#8243; img_size=\u00bbfull\u00bb][\/vc_column][vc_column width=\u00bb1\/2&#8243;][vc_column_text] I\u00f1aki Miram\u00f3n Actor de\u00a0cine,\u00a0teatro\u00a0y\u00a0televisi\u00f3n nacido en Bilbao (1957). Cursa sus estudios en la\u00a0Universidad Laboral\u00a0de\u00a0\u00c9ibar\u00a0a la vez que se inicia en un grupo de teatro [&hellip;]\" \/>\n<meta property=\"og:url\" content=\"https:\/\/www.maresmefilmfestival.com\/es\/jurado-2023\/inaki-miramon\/\" \/>\n<meta property=\"og:site_name\" content=\"Calella Film Festival\" \/>\n<meta property=\"article:publisher\" content=\"https:\/\/www.facebook.com\/Festival-de-Cinema-de-Calella-536425489872034\/?ref=hl\" \/>\n<meta property=\"article:modified_time\" content=\"2023-10-10T13:20:18+00:00\" \/>\n<meta name=\"twitter:card\" content=\"summary_large_image\" \/>\n<meta name=\"twitter:site\" content=\"@CalellaFilmFest\" \/>\n<meta name=\"twitter:label1\" content=\"Tiempo de lectura\" \/>\n\t<meta name=\"twitter:data1\" content=\"2 minutos\" \/>\n<script type=\"application\/ld+json\" class=\"yoast-schema-graph\">{\"@context\":\"https:\\\/\\\/schema.org\",\"@graph\":[{\"@type\":\"WebPage\",\"@id\":\"https:\\\/\\\/www.maresmefilmfestival.com\\\/es\\\/jurado-2023\\\/inaki-miramon\\\/\",\"url\":\"https:\\\/\\\/www.maresmefilmfestival.com\\\/es\\\/jurado-2023\\\/inaki-miramon\\\/\",\"name\":\"I\u00f1aki Miram\u00f3n - Calella Film Festival\",\"isPartOf\":{\"@id\":\"https:\\\/\\\/www.maresmefilmfestival.com\\\/es\\\/#website\"},\"datePublished\":\"2023-10-10T11:17:31+00:00\",\"dateModified\":\"2023-10-10T13:20:18+00:00\",\"breadcrumb\":{\"@id\":\"https:\\\/\\\/www.maresmefilmfestival.com\\\/es\\\/jurado-2023\\\/inaki-miramon\\\/#breadcrumb\"},\"inLanguage\":\"es\",\"potentialAction\":[{\"@type\":\"ReadAction\",\"target\":[\"https:\\\/\\\/www.maresmefilmfestival.com\\\/es\\\/jurado-2023\\\/inaki-miramon\\\/\"]}]},{\"@type\":\"BreadcrumbList\",\"@id\":\"https:\\\/\\\/www.maresmefilmfestival.com\\\/es\\\/jurado-2023\\\/inaki-miramon\\\/#breadcrumb\",\"itemListElement\":[{\"@type\":\"ListItem\",\"position\":1,\"name\":\"Portada\",\"item\":\"https:\\\/\\\/www.maresmefilmfestival.com\\\/es\\\/\"},{\"@type\":\"ListItem\",\"position\":2,\"name\":\"Jurado 2023\",\"item\":\"https:\\\/\\\/www.maresmefilmfestival.com\\\/es\\\/jurado-2023\\\/\"},{\"@type\":\"ListItem\",\"position\":3,\"name\":\"I\u00f1aki Miram\u00f3n\"}]},{\"@type\":\"WebSite\",\"@id\":\"https:\\\/\\\/www.maresmefilmfestival.com\\\/es\\\/#website\",\"url\":\"https:\\\/\\\/www.maresmefilmfestival.com\\\/es\\\/\",\"name\":\"Calella Film Festival\",\"description\":\"Festival de Cinema\",\"potentialAction\":[{\"@type\":\"SearchAction\",\"target\":{\"@type\":\"EntryPoint\",\"urlTemplate\":\"https:\\\/\\\/www.maresmefilmfestival.com\\\/es\\\/?s={search_term_string}\"},\"query-input\":{\"@type\":\"PropertyValueSpecification\",\"valueRequired\":true,\"valueName\":\"search_term_string\"}}],\"inLanguage\":\"es\"}]}<\/script>\n<!-- \/ Yoast SEO plugin. -->","yoast_head_json":{"title":"I\u00f1aki Miram\u00f3n - Calella Film Festival","robots":{"index":"index","follow":"follow","max-snippet":"max-snippet:-1","max-image-preview":"max-image-preview:large","max-video-preview":"max-video-preview:-1"},"canonical":"https:\/\/www.maresmefilmfestival.com\/es\/jurado-2023\/inaki-miramon\/","og_locale":"es_ES","og_type":"article","og_title":"I\u00f1aki Miram\u00f3n - Calella Film Festival","og_description":"[vc_row][vc_column width=\u00bb1\/2&#8243;][vc_column_text] [\/vc_column_text][vc_single_image image=\u00bb9924&#8243; img_size=\u00bbfull\u00bb][\/vc_column][vc_column width=\u00bb1\/2&#8243;][vc_column_text] I\u00f1aki Miram\u00f3n Actor de\u00a0cine,\u00a0teatro\u00a0y\u00a0televisi\u00f3n nacido en Bilbao (1957). Cursa sus estudios en la\u00a0Universidad Laboral\u00a0de\u00a0\u00c9ibar\u00a0a la vez que se inicia en un grupo de teatro [&hellip;]","og_url":"https:\/\/www.maresmefilmfestival.com\/es\/jurado-2023\/inaki-miramon\/","og_site_name":"Calella Film Festival","article_publisher":"https:\/\/www.facebook.com\/Festival-de-Cinema-de-Calella-536425489872034\/?ref=hl","article_modified_time":"2023-10-10T13:20:18+00:00","twitter_card":"summary_large_image","twitter_site":"@CalellaFilmFest","twitter_misc":{"Tiempo de lectura":"2 minutos"},"schema":{"@context":"https:\/\/schema.org","@graph":[{"@type":"WebPage","@id":"https:\/\/www.maresmefilmfestival.com\/es\/jurado-2023\/inaki-miramon\/","url":"https:\/\/www.maresmefilmfestival.com\/es\/jurado-2023\/inaki-miramon\/","name":"I\u00f1aki Miram\u00f3n - Calella Film Festival","isPartOf":{"@id":"https:\/\/www.maresmefilmfestival.com\/es\/#website"},"datePublished":"2023-10-10T11:17:31+00:00","dateModified":"2023-10-10T13:20:18+00:00","breadcrumb":{"@id":"https:\/\/www.maresmefilmfestival.com\/es\/jurado-2023\/inaki-miramon\/#breadcrumb"},"inLanguage":"es","potentialAction":[{"@type":"ReadAction","target":["https:\/\/www.maresmefilmfestival.com\/es\/jurado-2023\/inaki-miramon\/"]}]},{"@type":"BreadcrumbList","@id":"https:\/\/www.maresmefilmfestival.com\/es\/jurado-2023\/inaki-miramon\/#breadcrumb","itemListElement":[{"@type":"ListItem","position":1,"name":"Portada","item":"https:\/\/www.maresmefilmfestival.com\/es\/"},{"@type":"ListItem","position":2,"name":"Jurado 2023","item":"https:\/\/www.maresmefilmfestival.com\/es\/jurado-2023\/"},{"@type":"ListItem","position":3,"name":"I\u00f1aki Miram\u00f3n"}]},{"@type":"WebSite","@id":"https:\/\/www.maresmefilmfestival.com\/es\/#website","url":"https:\/\/www.maresmefilmfestival.com\/es\/","name":"Calella Film Festival","description":"Festival de Cinema","potentialAction":[{"@type":"SearchAction","target":{"@type":"EntryPoint","urlTemplate":"https:\/\/www.maresmefilmfestival.com\/es\/?s={search_term_string}"},"query-input":{"@type":"PropertyValueSpecification","valueRequired":true,"valueName":"search_term_string"}}],"inLanguage":"es"}]}},"_links":{"self":[{"href":"https:\/\/www.maresmefilmfestival.com\/es\/wp-json\/wp\/v2\/pages\/9991","targetHints":{"allow":["GET"]}}],"collection":[{"href":"https:\/\/www.maresmefilmfestival.com\/es\/wp-json\/wp\/v2\/pages"}],"about":[{"href":"https:\/\/www.maresmefilmfestival.com\/es\/wp-json\/wp\/v2\/types\/page"}],"author":[{"embeddable":true,"href":"https:\/\/www.maresmefilmfestival.com\/es\/wp-json\/wp\/v2\/users\/1"}],"replies":[{"embeddable":true,"href":"https:\/\/www.maresmefilmfestival.com\/es\/wp-json\/wp\/v2\/comments?post=9991"}],"version-history":[{"count":0,"href":"https:\/\/www.maresmefilmfestival.com\/es\/wp-json\/wp\/v2\/pages\/9991\/revisions"}],"up":[{"embeddable":true,"href":"https:\/\/www.maresmefilmfestival.com\/es\/wp-json\/wp\/v2\/pages\/9967"}],"wp:attachment":[{"href":"https:\/\/www.maresmefilmfestival.com\/es\/wp-json\/wp\/v2\/media?parent=9991"}],"curies":[{"name":"wp","href":"https:\/\/api.w.org\/{rel}","templated":true}]}}