{"id":9985,"date":"2023-10-10T12:16:39","date_gmt":"2023-10-10T11:16:39","guid":{"rendered":"https:\/\/www.maresmefilmfestival.com\/jurado-2023\/marc-angelet\/"},"modified":"2023-10-10T12:16:39","modified_gmt":"2023-10-10T11:16:39","slug":"marc-angelet","status":"publish","type":"page","link":"https:\/\/www.maresmefilmfestival.com\/es\/jurado-2023\/marc-angelet\/","title":{"rendered":"Marc Angelet"},"content":{"rendered":"<div class=\"wpb-content-wrapper\"><p>[vc_row][vc_column width=\u00bb1\/2&#8243;][vc_column_text]<br \/>\n[\/vc_column_text][vc_single_image image=\u00bb9930&#8243; img_size=\u00bbfull\u00bb][\/vc_column][vc_column width=\u00bb1\/2&#8243;][vc_column_text]<\/p>\n<h3><strong><span style=\"color: #d3ab1d;\">Marc Angelet<\/span><\/strong><\/h3>\n<p>Estudia interpretaci\u00f3n en diversas escuelas de Barcelona, as\u00ed como direcci\u00f3n y dramaturgia en el Institut del Teatre de Barcelona.<\/p>\n<p>Con una larga trayectoria y numerosos premios y selecciones. Actualmente trabaja en la serie de TV3 <em>Com si fos ahir<\/em>\u00a0(TV3). Es redactor de contenidos en COM R\u00e0dio y Onda Cero y da classes de interpretaci\u00f3n en Aules y en el Col\u00b7legi del Teatre, y clases de gui\u00f3n i dramaturgia en ITES, en l\u2019Obrador de la Sala Beckett i en ESCAC.<\/p>\n<p>Ha trabajado como director i codramaturgo con Artur Rodr\u00edguez en la compa\u00f1\u00eda ESTRIP TRIST en diversas obras.<\/p>\n<p>Fundador de LA GUAPA Teatre donde escribe y dirige: OP.B. Sala Beckett; MCBETH CON QUESO; CALL CENTER, SOPAR DE NADAL, GENIUS, El BI\u00d2GRAF.<\/p>\n<p>Estrena BLACK BOX, <strong>Ganadora del Projecte ART 2013<\/strong>; OLD RECORDS, escrita con Jordi Silva;\u00a0 VOYAGER;\u00a0 EGO, ELS EUF\u00d2RICS; co-crea PLUJA Cia. Guillem Alb\u00e0, Temporada Alta, Timbre 4 Buenos Aires, Sala Beckett; LIFE\u2019S SPOILER i IMMORTAL <strong>Premi Teatre Barcelona al Millor Mon\u00f2leg C\u00f2mic<\/strong>, , escrites amb Alejo Levis; 11 PR\u00cdNCEPS <strong>Premi Eduard Escalante, Ciutat de Val\u00e8ncia 2017; <\/strong>LAP\u00d2NIA, 6 PREMIS ACE (Teatre Argentina) escrita con Cristina Clemente; MILI KK, La Seca, escrita con Jumon Erra; co-crea CALMA! con la Cia. Guillem Alb\u00e0; UNA\u00a0 TER\u00c0PIA INTEGRAL escrita con Cristina Clemente i LA CHISPA.<\/p>\n<p>Ha estrenado textos en Barcelona, Madrid, Argentina, Grecia, Croacia, Venezuela, Estados Unidos&#8230;<\/p>\n<p>Dirige FANG I SETGE de Marc Rosich y Josep Pedrals, MALA BROMA de Jordi Casanovas, ARTABAN de Marc Rosich y Marc Sambola; INFANTICIDA de Caterina Albert y Clara Peya, <strong>Premio de la Cr\u00edtica Millor Musical 2020.<\/strong>[\/vc_column_text][\/vc_column][\/vc_row]<\/p>\n<\/div>","protected":false},"excerpt":{"rendered":"<p>[vc_row][vc_column width=\u00bb1\/2&#8243;][vc_column_text] [\/vc_column_text][vc_single_image image=\u00bb9930&#8243; img_size=\u00bbfull\u00bb][\/vc_column][vc_column width=\u00bb1\/2&#8243;][vc_column_text] Marc Angelet Estudia interpretaci\u00f3n en diversas escuelas de Barcelona, as\u00ed como direcci\u00f3n y dramaturgia en el Institut del Teatre de Barcelona. Con una larga [&hellip;]<\/p>\n","protected":false},"author":1,"featured_media":0,"parent":9967,"menu_order":0,"comment_status":"closed","ping_status":"closed","template":"","meta":{"footnotes":""},"class_list":["post-9985","page","type-page","status-publish","hentry"],"yoast_head":"<!-- This site is optimized with the Yoast SEO plugin v27.4 - https:\/\/yoast.com\/product\/yoast-seo-wordpress\/ -->\n<title>Marc Angelet - Calella Film Festival<\/title>\n<meta name=\"robots\" content=\"index, follow, max-snippet:-1, max-image-preview:large, max-video-preview:-1\" \/>\n<link rel=\"canonical\" href=\"https:\/\/www.maresmefilmfestival.com\/es\/jurado-2023\/marc-angelet\/\" \/>\n<meta property=\"og:locale\" content=\"es_ES\" \/>\n<meta property=\"og:type\" content=\"article\" \/>\n<meta property=\"og:title\" content=\"Marc Angelet - Calella Film Festival\" \/>\n<meta property=\"og:description\" content=\"[vc_row][vc_column width=\u00bb1\/2&#8243;][vc_column_text] [\/vc_column_text][vc_single_image image=\u00bb9930&#8243; img_size=\u00bbfull\u00bb][\/vc_column][vc_column width=\u00bb1\/2&#8243;][vc_column_text] Marc Angelet Estudia interpretaci\u00f3n en diversas escuelas de Barcelona, as\u00ed como direcci\u00f3n y dramaturgia en el Institut del Teatre de Barcelona. Con una larga [&hellip;]\" \/>\n<meta property=\"og:url\" content=\"https:\/\/www.maresmefilmfestival.com\/es\/jurado-2023\/marc-angelet\/\" \/>\n<meta property=\"og:site_name\" content=\"Calella Film Festival\" \/>\n<meta property=\"article:publisher\" content=\"https:\/\/www.facebook.com\/Festival-de-Cinema-de-Calella-536425489872034\/?ref=hl\" \/>\n<meta name=\"twitter:card\" content=\"summary_large_image\" \/>\n<meta name=\"twitter:site\" content=\"@CalellaFilmFest\" \/>\n<meta name=\"twitter:label1\" content=\"Tiempo de lectura\" \/>\n\t<meta name=\"twitter:data1\" content=\"2 minutos\" \/>\n<script type=\"application\/ld+json\" class=\"yoast-schema-graph\">{\"@context\":\"https:\\\/\\\/schema.org\",\"@graph\":[{\"@type\":\"WebPage\",\"@id\":\"https:\\\/\\\/www.maresmefilmfestival.com\\\/es\\\/jurado-2023\\\/marc-angelet\\\/\",\"url\":\"https:\\\/\\\/www.maresmefilmfestival.com\\\/es\\\/jurado-2023\\\/marc-angelet\\\/\",\"name\":\"Marc Angelet - Calella Film Festival\",\"isPartOf\":{\"@id\":\"https:\\\/\\\/www.maresmefilmfestival.com\\\/es\\\/#website\"},\"datePublished\":\"2023-10-10T11:16:39+00:00\",\"breadcrumb\":{\"@id\":\"https:\\\/\\\/www.maresmefilmfestival.com\\\/es\\\/jurado-2023\\\/marc-angelet\\\/#breadcrumb\"},\"inLanguage\":\"es\",\"potentialAction\":[{\"@type\":\"ReadAction\",\"target\":[\"https:\\\/\\\/www.maresmefilmfestival.com\\\/es\\\/jurado-2023\\\/marc-angelet\\\/\"]}]},{\"@type\":\"BreadcrumbList\",\"@id\":\"https:\\\/\\\/www.maresmefilmfestival.com\\\/es\\\/jurado-2023\\\/marc-angelet\\\/#breadcrumb\",\"itemListElement\":[{\"@type\":\"ListItem\",\"position\":1,\"name\":\"Portada\",\"item\":\"https:\\\/\\\/www.maresmefilmfestival.com\\\/es\\\/\"},{\"@type\":\"ListItem\",\"position\":2,\"name\":\"Jurado 2023\",\"item\":\"https:\\\/\\\/www.maresmefilmfestival.com\\\/es\\\/jurado-2023\\\/\"},{\"@type\":\"ListItem\",\"position\":3,\"name\":\"Marc Angelet\"}]},{\"@type\":\"WebSite\",\"@id\":\"https:\\\/\\\/www.maresmefilmfestival.com\\\/es\\\/#website\",\"url\":\"https:\\\/\\\/www.maresmefilmfestival.com\\\/es\\\/\",\"name\":\"Calella Film Festival\",\"description\":\"Festival de Cinema\",\"potentialAction\":[{\"@type\":\"SearchAction\",\"target\":{\"@type\":\"EntryPoint\",\"urlTemplate\":\"https:\\\/\\\/www.maresmefilmfestival.com\\\/es\\\/?s={search_term_string}\"},\"query-input\":{\"@type\":\"PropertyValueSpecification\",\"valueRequired\":true,\"valueName\":\"search_term_string\"}}],\"inLanguage\":\"es\"}]}<\/script>\n<!-- \/ Yoast SEO plugin. -->","yoast_head_json":{"title":"Marc Angelet - Calella Film Festival","robots":{"index":"index","follow":"follow","max-snippet":"max-snippet:-1","max-image-preview":"max-image-preview:large","max-video-preview":"max-video-preview:-1"},"canonical":"https:\/\/www.maresmefilmfestival.com\/es\/jurado-2023\/marc-angelet\/","og_locale":"es_ES","og_type":"article","og_title":"Marc Angelet - Calella Film Festival","og_description":"[vc_row][vc_column width=\u00bb1\/2&#8243;][vc_column_text] [\/vc_column_text][vc_single_image image=\u00bb9930&#8243; img_size=\u00bbfull\u00bb][\/vc_column][vc_column width=\u00bb1\/2&#8243;][vc_column_text] Marc Angelet Estudia interpretaci\u00f3n en diversas escuelas de Barcelona, as\u00ed como direcci\u00f3n y dramaturgia en el Institut del Teatre de Barcelona. Con una larga [&hellip;]","og_url":"https:\/\/www.maresmefilmfestival.com\/es\/jurado-2023\/marc-angelet\/","og_site_name":"Calella Film Festival","article_publisher":"https:\/\/www.facebook.com\/Festival-de-Cinema-de-Calella-536425489872034\/?ref=hl","twitter_card":"summary_large_image","twitter_site":"@CalellaFilmFest","twitter_misc":{"Tiempo de lectura":"2 minutos"},"schema":{"@context":"https:\/\/schema.org","@graph":[{"@type":"WebPage","@id":"https:\/\/www.maresmefilmfestival.com\/es\/jurado-2023\/marc-angelet\/","url":"https:\/\/www.maresmefilmfestival.com\/es\/jurado-2023\/marc-angelet\/","name":"Marc Angelet - Calella Film Festival","isPartOf":{"@id":"https:\/\/www.maresmefilmfestival.com\/es\/#website"},"datePublished":"2023-10-10T11:16:39+00:00","breadcrumb":{"@id":"https:\/\/www.maresmefilmfestival.com\/es\/jurado-2023\/marc-angelet\/#breadcrumb"},"inLanguage":"es","potentialAction":[{"@type":"ReadAction","target":["https:\/\/www.maresmefilmfestival.com\/es\/jurado-2023\/marc-angelet\/"]}]},{"@type":"BreadcrumbList","@id":"https:\/\/www.maresmefilmfestival.com\/es\/jurado-2023\/marc-angelet\/#breadcrumb","itemListElement":[{"@type":"ListItem","position":1,"name":"Portada","item":"https:\/\/www.maresmefilmfestival.com\/es\/"},{"@type":"ListItem","position":2,"name":"Jurado 2023","item":"https:\/\/www.maresmefilmfestival.com\/es\/jurado-2023\/"},{"@type":"ListItem","position":3,"name":"Marc Angelet"}]},{"@type":"WebSite","@id":"https:\/\/www.maresmefilmfestival.com\/es\/#website","url":"https:\/\/www.maresmefilmfestival.com\/es\/","name":"Calella Film Festival","description":"Festival de Cinema","potentialAction":[{"@type":"SearchAction","target":{"@type":"EntryPoint","urlTemplate":"https:\/\/www.maresmefilmfestival.com\/es\/?s={search_term_string}"},"query-input":{"@type":"PropertyValueSpecification","valueRequired":true,"valueName":"search_term_string"}}],"inLanguage":"es"}]}},"_links":{"self":[{"href":"https:\/\/www.maresmefilmfestival.com\/es\/wp-json\/wp\/v2\/pages\/9985","targetHints":{"allow":["GET"]}}],"collection":[{"href":"https:\/\/www.maresmefilmfestival.com\/es\/wp-json\/wp\/v2\/pages"}],"about":[{"href":"https:\/\/www.maresmefilmfestival.com\/es\/wp-json\/wp\/v2\/types\/page"}],"author":[{"embeddable":true,"href":"https:\/\/www.maresmefilmfestival.com\/es\/wp-json\/wp\/v2\/users\/1"}],"replies":[{"embeddable":true,"href":"https:\/\/www.maresmefilmfestival.com\/es\/wp-json\/wp\/v2\/comments?post=9985"}],"version-history":[{"count":0,"href":"https:\/\/www.maresmefilmfestival.com\/es\/wp-json\/wp\/v2\/pages\/9985\/revisions"}],"up":[{"embeddable":true,"href":"https:\/\/www.maresmefilmfestival.com\/es\/wp-json\/wp\/v2\/pages\/9967"}],"wp:attachment":[{"href":"https:\/\/www.maresmefilmfestival.com\/es\/wp-json\/wp\/v2\/media?parent=9985"}],"curies":[{"name":"wp","href":"https:\/\/api.w.org\/{rel}","templated":true}]}}