{"id":9979,"date":"2023-10-10T12:15:40","date_gmt":"2023-10-10T11:15:40","guid":{"rendered":"https:\/\/www.maresmefilmfestival.com\/jurado-2023\/paul-urkijo\/"},"modified":"2023-10-10T12:15:41","modified_gmt":"2023-10-10T11:15:41","slug":"paul-urkijo","status":"publish","type":"page","link":"https:\/\/www.maresmefilmfestival.com\/es\/jurado-2023\/paul-urkijo\/","title":{"rendered":"Paul Urkijo"},"content":{"rendered":"<div class=\"wpb-content-wrapper\"><p>[vc_row][vc_column width=\u00bb1\/2&#8243;][vc_column_text]<br \/>\n[\/vc_column_text][vc_single_image image=\u00bb9909&#8243; img_size=\u00bbfull\u00bb][\/vc_column][vc_column width=\u00bb1\/2&#8243;][vc_column_text]<\/p>\n<h3><strong><span style=\"color: #d3ab1d;\">Paul Urkijo<\/span><\/strong><\/h3>\n<p>Director de Cine de Vitoria-Gasteiz, nacido en 1984 y apasionado por el dibujo y las historias desde peque\u00f1o. Comienza a conocer la literatura, el c\u00f3mic y el cine, especialmente la fantas\u00eda. Es un \u00e1vido lector de mitolog\u00eda y cuentos tradicionales.<\/p>\n<p>En 2008 se licenci\u00f3 en Bellas Artes y se inicia en la realizaci\u00f3n de audiovisuales, ilustraciones e infograf\u00edas de forma profesional, y comienza a escribir y realizar cortometrajes de ficci\u00f3n y animaci\u00f3n.<\/p>\n<p>En 2016 escribe, produce y dirige su primer largometraje, <em>Errementari<\/em>, una pel\u00edcula fant\u00e1stica basada en el cuento \u00abPatxi Errementaria\u00bb, ganadora del premio a Mejor Pel\u00edcula en el Calella Film Festival en 2019. Su segundo largometraje, <em>IRATI <\/em>(2022), es una pel\u00edcula \u00e9pica basada en la mitolog\u00eda vasca y la historia medieval del Pa\u00eds Vasco.<\/p>\n<p>Ambas pel\u00edculas, dirigidas y escritas por Paul, han ganado m\u00e1s de 100 premios nacionales e internacionales y han sido seleccionadas m\u00e1s de 400 veces en todo el mundo.<\/p>\n<p>Escribe y dirige tambi\u00e9n varios cortometrajes: <em>Dar-dar<\/em> 2020, <em>Naara<\/em> 2015, <em>El bosque negro<\/em> 2013, <em>Los monstruos no existen<\/em> 2011, <em>Debajo de la cama Zera<\/em> 2010, <em>Jugando con la muerte<\/em> 2010, <em>Cuchillo, McGregor y el\u00a0Vasco<\/em> 2008, <em>El pez plomo<\/em> 2007<em>, Iltzeak\/Clavos<\/em> 2005.[\/vc_column_text][\/vc_column][\/vc_row]<\/p>\n<\/div>","protected":false},"excerpt":{"rendered":"<p>[vc_row][vc_column width=\u00bb1\/2&#8243;][vc_column_text] [\/vc_column_text][vc_single_image image=\u00bb9909&#8243; img_size=\u00bbfull\u00bb][\/vc_column][vc_column width=\u00bb1\/2&#8243;][vc_column_text] Paul Urkijo Director de Cine de Vitoria-Gasteiz, nacido en 1984 y apasionado por el dibujo y las historias desde peque\u00f1o. Comienza a conocer la [&hellip;]<\/p>\n","protected":false},"author":1,"featured_media":0,"parent":9967,"menu_order":0,"comment_status":"closed","ping_status":"closed","template":"","meta":{"footnotes":""},"class_list":["post-9979","page","type-page","status-publish","hentry"],"yoast_head":"<!-- This site is optimized with the Yoast SEO plugin v27.4 - https:\/\/yoast.com\/product\/yoast-seo-wordpress\/ -->\n<title>Paul Urkijo - Calella Film Festival<\/title>\n<meta name=\"robots\" content=\"index, follow, max-snippet:-1, max-image-preview:large, max-video-preview:-1\" \/>\n<link rel=\"canonical\" href=\"https:\/\/www.maresmefilmfestival.com\/es\/jurado-2023\/paul-urkijo\/\" \/>\n<meta property=\"og:locale\" content=\"es_ES\" \/>\n<meta property=\"og:type\" content=\"article\" \/>\n<meta property=\"og:title\" content=\"Paul Urkijo - Calella Film Festival\" \/>\n<meta property=\"og:description\" content=\"[vc_row][vc_column width=\u00bb1\/2&#8243;][vc_column_text] [\/vc_column_text][vc_single_image image=\u00bb9909&#8243; img_size=\u00bbfull\u00bb][\/vc_column][vc_column width=\u00bb1\/2&#8243;][vc_column_text] Paul Urkijo Director de Cine de Vitoria-Gasteiz, nacido en 1984 y apasionado por el dibujo y las historias desde peque\u00f1o. Comienza a conocer la [&hellip;]\" \/>\n<meta property=\"og:url\" content=\"https:\/\/www.maresmefilmfestival.com\/es\/jurado-2023\/paul-urkijo\/\" \/>\n<meta property=\"og:site_name\" content=\"Calella Film Festival\" \/>\n<meta property=\"article:publisher\" content=\"https:\/\/www.facebook.com\/Festival-de-Cinema-de-Calella-536425489872034\/?ref=hl\" \/>\n<meta property=\"article:modified_time\" content=\"2023-10-10T11:15:41+00:00\" \/>\n<meta name=\"twitter:card\" content=\"summary_large_image\" \/>\n<meta name=\"twitter:site\" content=\"@CalellaFilmFest\" \/>\n<meta name=\"twitter:label1\" content=\"Tiempo de lectura\" \/>\n\t<meta name=\"twitter:data1\" content=\"1 minuto\" \/>\n<script type=\"application\/ld+json\" class=\"yoast-schema-graph\">{\"@context\":\"https:\\\/\\\/schema.org\",\"@graph\":[{\"@type\":\"WebPage\",\"@id\":\"https:\\\/\\\/www.maresmefilmfestival.com\\\/es\\\/jurado-2023\\\/paul-urkijo\\\/\",\"url\":\"https:\\\/\\\/www.maresmefilmfestival.com\\\/es\\\/jurado-2023\\\/paul-urkijo\\\/\",\"name\":\"Paul Urkijo - Calella Film Festival\",\"isPartOf\":{\"@id\":\"https:\\\/\\\/www.maresmefilmfestival.com\\\/es\\\/#website\"},\"datePublished\":\"2023-10-10T11:15:40+00:00\",\"dateModified\":\"2023-10-10T11:15:41+00:00\",\"breadcrumb\":{\"@id\":\"https:\\\/\\\/www.maresmefilmfestival.com\\\/es\\\/jurado-2023\\\/paul-urkijo\\\/#breadcrumb\"},\"inLanguage\":\"es\",\"potentialAction\":[{\"@type\":\"ReadAction\",\"target\":[\"https:\\\/\\\/www.maresmefilmfestival.com\\\/es\\\/jurado-2023\\\/paul-urkijo\\\/\"]}]},{\"@type\":\"BreadcrumbList\",\"@id\":\"https:\\\/\\\/www.maresmefilmfestival.com\\\/es\\\/jurado-2023\\\/paul-urkijo\\\/#breadcrumb\",\"itemListElement\":[{\"@type\":\"ListItem\",\"position\":1,\"name\":\"Portada\",\"item\":\"https:\\\/\\\/www.maresmefilmfestival.com\\\/es\\\/\"},{\"@type\":\"ListItem\",\"position\":2,\"name\":\"Jurado 2023\",\"item\":\"https:\\\/\\\/www.maresmefilmfestival.com\\\/es\\\/jurado-2023\\\/\"},{\"@type\":\"ListItem\",\"position\":3,\"name\":\"Paul Urkijo\"}]},{\"@type\":\"WebSite\",\"@id\":\"https:\\\/\\\/www.maresmefilmfestival.com\\\/es\\\/#website\",\"url\":\"https:\\\/\\\/www.maresmefilmfestival.com\\\/es\\\/\",\"name\":\"Calella Film Festival\",\"description\":\"Festival de Cinema\",\"potentialAction\":[{\"@type\":\"SearchAction\",\"target\":{\"@type\":\"EntryPoint\",\"urlTemplate\":\"https:\\\/\\\/www.maresmefilmfestival.com\\\/es\\\/?s={search_term_string}\"},\"query-input\":{\"@type\":\"PropertyValueSpecification\",\"valueRequired\":true,\"valueName\":\"search_term_string\"}}],\"inLanguage\":\"es\"}]}<\/script>\n<!-- \/ Yoast SEO plugin. -->","yoast_head_json":{"title":"Paul Urkijo - Calella Film Festival","robots":{"index":"index","follow":"follow","max-snippet":"max-snippet:-1","max-image-preview":"max-image-preview:large","max-video-preview":"max-video-preview:-1"},"canonical":"https:\/\/www.maresmefilmfestival.com\/es\/jurado-2023\/paul-urkijo\/","og_locale":"es_ES","og_type":"article","og_title":"Paul Urkijo - Calella Film Festival","og_description":"[vc_row][vc_column width=\u00bb1\/2&#8243;][vc_column_text] [\/vc_column_text][vc_single_image image=\u00bb9909&#8243; img_size=\u00bbfull\u00bb][\/vc_column][vc_column width=\u00bb1\/2&#8243;][vc_column_text] Paul Urkijo Director de Cine de Vitoria-Gasteiz, nacido en 1984 y apasionado por el dibujo y las historias desde peque\u00f1o. Comienza a conocer la [&hellip;]","og_url":"https:\/\/www.maresmefilmfestival.com\/es\/jurado-2023\/paul-urkijo\/","og_site_name":"Calella Film Festival","article_publisher":"https:\/\/www.facebook.com\/Festival-de-Cinema-de-Calella-536425489872034\/?ref=hl","article_modified_time":"2023-10-10T11:15:41+00:00","twitter_card":"summary_large_image","twitter_site":"@CalellaFilmFest","twitter_misc":{"Tiempo de lectura":"1 minuto"},"schema":{"@context":"https:\/\/schema.org","@graph":[{"@type":"WebPage","@id":"https:\/\/www.maresmefilmfestival.com\/es\/jurado-2023\/paul-urkijo\/","url":"https:\/\/www.maresmefilmfestival.com\/es\/jurado-2023\/paul-urkijo\/","name":"Paul Urkijo - Calella Film Festival","isPartOf":{"@id":"https:\/\/www.maresmefilmfestival.com\/es\/#website"},"datePublished":"2023-10-10T11:15:40+00:00","dateModified":"2023-10-10T11:15:41+00:00","breadcrumb":{"@id":"https:\/\/www.maresmefilmfestival.com\/es\/jurado-2023\/paul-urkijo\/#breadcrumb"},"inLanguage":"es","potentialAction":[{"@type":"ReadAction","target":["https:\/\/www.maresmefilmfestival.com\/es\/jurado-2023\/paul-urkijo\/"]}]},{"@type":"BreadcrumbList","@id":"https:\/\/www.maresmefilmfestival.com\/es\/jurado-2023\/paul-urkijo\/#breadcrumb","itemListElement":[{"@type":"ListItem","position":1,"name":"Portada","item":"https:\/\/www.maresmefilmfestival.com\/es\/"},{"@type":"ListItem","position":2,"name":"Jurado 2023","item":"https:\/\/www.maresmefilmfestival.com\/es\/jurado-2023\/"},{"@type":"ListItem","position":3,"name":"Paul Urkijo"}]},{"@type":"WebSite","@id":"https:\/\/www.maresmefilmfestival.com\/es\/#website","url":"https:\/\/www.maresmefilmfestival.com\/es\/","name":"Calella Film Festival","description":"Festival de Cinema","potentialAction":[{"@type":"SearchAction","target":{"@type":"EntryPoint","urlTemplate":"https:\/\/www.maresmefilmfestival.com\/es\/?s={search_term_string}"},"query-input":{"@type":"PropertyValueSpecification","valueRequired":true,"valueName":"search_term_string"}}],"inLanguage":"es"}]}},"_links":{"self":[{"href":"https:\/\/www.maresmefilmfestival.com\/es\/wp-json\/wp\/v2\/pages\/9979","targetHints":{"allow":["GET"]}}],"collection":[{"href":"https:\/\/www.maresmefilmfestival.com\/es\/wp-json\/wp\/v2\/pages"}],"about":[{"href":"https:\/\/www.maresmefilmfestival.com\/es\/wp-json\/wp\/v2\/types\/page"}],"author":[{"embeddable":true,"href":"https:\/\/www.maresmefilmfestival.com\/es\/wp-json\/wp\/v2\/users\/1"}],"replies":[{"embeddable":true,"href":"https:\/\/www.maresmefilmfestival.com\/es\/wp-json\/wp\/v2\/comments?post=9979"}],"version-history":[{"count":0,"href":"https:\/\/www.maresmefilmfestival.com\/es\/wp-json\/wp\/v2\/pages\/9979\/revisions"}],"up":[{"embeddable":true,"href":"https:\/\/www.maresmefilmfestival.com\/es\/wp-json\/wp\/v2\/pages\/9967"}],"wp:attachment":[{"href":"https:\/\/www.maresmefilmfestival.com\/es\/wp-json\/wp\/v2\/media?parent=9979"}],"curies":[{"name":"wp","href":"https:\/\/api.w.org\/{rel}","templated":true}]}}