{"id":9976,"date":"2023-10-10T12:15:11","date_gmt":"2023-10-10T11:15:11","guid":{"rendered":"https:\/\/www.maresmefilmfestival.com\/jurado-2023\/cristina-clemente\/"},"modified":"2023-10-10T12:15:12","modified_gmt":"2023-10-10T11:15:12","slug":"cristina-clemente","status":"publish","type":"page","link":"https:\/\/www.maresmefilmfestival.com\/es\/jurado-2023\/cristina-clemente\/","title":{"rendered":"Cristina Clemente"},"content":{"rendered":"<div class=\"wpb-content-wrapper\"><p>[vc_row][vc_column width=\u00bb1\/2&#8243;][vc_column_text]<br \/>\n[\/vc_column_text][vc_single_image image=\u00bb9915&#8243; img_size=\u00bbfull\u00bb][\/vc_column][vc_column width=\u00bb1\/2&#8243;][vc_column_text]<\/p>\n<h3><strong><span style=\"color: #d3ab1d;\">Cristina Clemente<\/span><\/strong><\/h3>\n<p>Guionista nacida en 1977.<\/p>\n<p>En teatro, es autora, entre otros, de <em>Volem anar al Tibidabo<\/em>,\u00a0 <em>La millor obra del teatre catal\u00e0,\u00a0Vimbod\u00ed versus Praga\u00a0,\u00a0Nit de radio 2.0, La nostra Champions particular, Consell familiar, Ventura, Les ulleres per mirar carregadors, Andrea Pixelada, Lap\u00f2nia, Dolors, Una ter\u00e0pia Integral, La paella dels dijous, Rovira vs. Rodr\u00edguez.<\/em><\/p>\n<p>En cine ha trabajado en los guiones de la pel\u00edcula <em>Eva<\/em> y <em>A Perfect enemy<\/em>, ambas dirigidas por Kike Maillo.<\/p>\n<p>Ha trabajado tambi\u00e9n como guionista de televisi\u00f3n en <em>El cor de la ciutat, <\/em><em>Sin identidad, La Riera, Com si no t\u2019hagu\u00e9s conegut, Les de l\u2019Hoquei <\/em>y<em> Com si fos ahir.<\/em>[\/vc_column_text][\/vc_column][\/vc_row]<\/p>\n<\/div>","protected":false},"excerpt":{"rendered":"<p>[vc_row][vc_column width=\u00bb1\/2&#8243;][vc_column_text] [\/vc_column_text][vc_single_image image=\u00bb9915&#8243; img_size=\u00bbfull\u00bb][\/vc_column][vc_column width=\u00bb1\/2&#8243;][vc_column_text] Cristina Clemente Guionista nacida en 1977. En teatro, es autora, entre otros, de Volem anar al Tibidabo,\u00a0 La millor obra del teatre catal\u00e0,\u00a0Vimbod\u00ed versus [&hellip;]<\/p>\n","protected":false},"author":1,"featured_media":0,"parent":9967,"menu_order":0,"comment_status":"closed","ping_status":"closed","template":"","meta":{"footnotes":""},"class_list":["post-9976","page","type-page","status-publish","hentry"],"yoast_head":"<!-- This site is optimized with the Yoast SEO plugin v27.4 - https:\/\/yoast.com\/product\/yoast-seo-wordpress\/ -->\n<title>Cristina Clemente - Calella Film Festival<\/title>\n<meta name=\"robots\" content=\"index, follow, max-snippet:-1, max-image-preview:large, max-video-preview:-1\" \/>\n<link rel=\"canonical\" href=\"https:\/\/www.maresmefilmfestival.com\/es\/jurado-2023\/cristina-clemente\/\" \/>\n<meta property=\"og:locale\" content=\"es_ES\" \/>\n<meta property=\"og:type\" content=\"article\" \/>\n<meta property=\"og:title\" content=\"Cristina Clemente - Calella Film Festival\" \/>\n<meta property=\"og:description\" content=\"[vc_row][vc_column width=\u00bb1\/2&#8243;][vc_column_text] [\/vc_column_text][vc_single_image image=\u00bb9915&#8243; img_size=\u00bbfull\u00bb][\/vc_column][vc_column width=\u00bb1\/2&#8243;][vc_column_text] Cristina Clemente Guionista nacida en 1977. En teatro, es autora, entre otros, de Volem anar al Tibidabo,\u00a0 La millor obra del teatre catal\u00e0,\u00a0Vimbod\u00ed versus [&hellip;]\" \/>\n<meta property=\"og:url\" content=\"https:\/\/www.maresmefilmfestival.com\/es\/jurado-2023\/cristina-clemente\/\" \/>\n<meta property=\"og:site_name\" content=\"Calella Film Festival\" \/>\n<meta property=\"article:publisher\" content=\"https:\/\/www.facebook.com\/Festival-de-Cinema-de-Calella-536425489872034\/?ref=hl\" \/>\n<meta property=\"article:modified_time\" content=\"2023-10-10T11:15:12+00:00\" \/>\n<meta name=\"twitter:card\" content=\"summary_large_image\" \/>\n<meta name=\"twitter:site\" content=\"@CalellaFilmFest\" \/>\n<meta name=\"twitter:label1\" content=\"Tiempo de lectura\" \/>\n\t<meta name=\"twitter:data1\" content=\"1 minuto\" \/>\n<script type=\"application\/ld+json\" class=\"yoast-schema-graph\">{\"@context\":\"https:\\\/\\\/schema.org\",\"@graph\":[{\"@type\":\"WebPage\",\"@id\":\"https:\\\/\\\/www.maresmefilmfestival.com\\\/es\\\/jurado-2023\\\/cristina-clemente\\\/\",\"url\":\"https:\\\/\\\/www.maresmefilmfestival.com\\\/es\\\/jurado-2023\\\/cristina-clemente\\\/\",\"name\":\"Cristina Clemente - Calella Film Festival\",\"isPartOf\":{\"@id\":\"https:\\\/\\\/www.maresmefilmfestival.com\\\/es\\\/#website\"},\"datePublished\":\"2023-10-10T11:15:11+00:00\",\"dateModified\":\"2023-10-10T11:15:12+00:00\",\"breadcrumb\":{\"@id\":\"https:\\\/\\\/www.maresmefilmfestival.com\\\/es\\\/jurado-2023\\\/cristina-clemente\\\/#breadcrumb\"},\"inLanguage\":\"es\",\"potentialAction\":[{\"@type\":\"ReadAction\",\"target\":[\"https:\\\/\\\/www.maresmefilmfestival.com\\\/es\\\/jurado-2023\\\/cristina-clemente\\\/\"]}]},{\"@type\":\"BreadcrumbList\",\"@id\":\"https:\\\/\\\/www.maresmefilmfestival.com\\\/es\\\/jurado-2023\\\/cristina-clemente\\\/#breadcrumb\",\"itemListElement\":[{\"@type\":\"ListItem\",\"position\":1,\"name\":\"Portada\",\"item\":\"https:\\\/\\\/www.maresmefilmfestival.com\\\/es\\\/\"},{\"@type\":\"ListItem\",\"position\":2,\"name\":\"Jurado 2023\",\"item\":\"https:\\\/\\\/www.maresmefilmfestival.com\\\/es\\\/jurado-2023\\\/\"},{\"@type\":\"ListItem\",\"position\":3,\"name\":\"Cristina Clemente\"}]},{\"@type\":\"WebSite\",\"@id\":\"https:\\\/\\\/www.maresmefilmfestival.com\\\/es\\\/#website\",\"url\":\"https:\\\/\\\/www.maresmefilmfestival.com\\\/es\\\/\",\"name\":\"Calella Film Festival\",\"description\":\"Festival de Cinema\",\"potentialAction\":[{\"@type\":\"SearchAction\",\"target\":{\"@type\":\"EntryPoint\",\"urlTemplate\":\"https:\\\/\\\/www.maresmefilmfestival.com\\\/es\\\/?s={search_term_string}\"},\"query-input\":{\"@type\":\"PropertyValueSpecification\",\"valueRequired\":true,\"valueName\":\"search_term_string\"}}],\"inLanguage\":\"es\"}]}<\/script>\n<!-- \/ Yoast SEO plugin. -->","yoast_head_json":{"title":"Cristina Clemente - Calella Film Festival","robots":{"index":"index","follow":"follow","max-snippet":"max-snippet:-1","max-image-preview":"max-image-preview:large","max-video-preview":"max-video-preview:-1"},"canonical":"https:\/\/www.maresmefilmfestival.com\/es\/jurado-2023\/cristina-clemente\/","og_locale":"es_ES","og_type":"article","og_title":"Cristina Clemente - Calella Film Festival","og_description":"[vc_row][vc_column width=\u00bb1\/2&#8243;][vc_column_text] [\/vc_column_text][vc_single_image image=\u00bb9915&#8243; img_size=\u00bbfull\u00bb][\/vc_column][vc_column width=\u00bb1\/2&#8243;][vc_column_text] Cristina Clemente Guionista nacida en 1977. En teatro, es autora, entre otros, de Volem anar al Tibidabo,\u00a0 La millor obra del teatre catal\u00e0,\u00a0Vimbod\u00ed versus [&hellip;]","og_url":"https:\/\/www.maresmefilmfestival.com\/es\/jurado-2023\/cristina-clemente\/","og_site_name":"Calella Film Festival","article_publisher":"https:\/\/www.facebook.com\/Festival-de-Cinema-de-Calella-536425489872034\/?ref=hl","article_modified_time":"2023-10-10T11:15:12+00:00","twitter_card":"summary_large_image","twitter_site":"@CalellaFilmFest","twitter_misc":{"Tiempo de lectura":"1 minuto"},"schema":{"@context":"https:\/\/schema.org","@graph":[{"@type":"WebPage","@id":"https:\/\/www.maresmefilmfestival.com\/es\/jurado-2023\/cristina-clemente\/","url":"https:\/\/www.maresmefilmfestival.com\/es\/jurado-2023\/cristina-clemente\/","name":"Cristina Clemente - Calella Film Festival","isPartOf":{"@id":"https:\/\/www.maresmefilmfestival.com\/es\/#website"},"datePublished":"2023-10-10T11:15:11+00:00","dateModified":"2023-10-10T11:15:12+00:00","breadcrumb":{"@id":"https:\/\/www.maresmefilmfestival.com\/es\/jurado-2023\/cristina-clemente\/#breadcrumb"},"inLanguage":"es","potentialAction":[{"@type":"ReadAction","target":["https:\/\/www.maresmefilmfestival.com\/es\/jurado-2023\/cristina-clemente\/"]}]},{"@type":"BreadcrumbList","@id":"https:\/\/www.maresmefilmfestival.com\/es\/jurado-2023\/cristina-clemente\/#breadcrumb","itemListElement":[{"@type":"ListItem","position":1,"name":"Portada","item":"https:\/\/www.maresmefilmfestival.com\/es\/"},{"@type":"ListItem","position":2,"name":"Jurado 2023","item":"https:\/\/www.maresmefilmfestival.com\/es\/jurado-2023\/"},{"@type":"ListItem","position":3,"name":"Cristina Clemente"}]},{"@type":"WebSite","@id":"https:\/\/www.maresmefilmfestival.com\/es\/#website","url":"https:\/\/www.maresmefilmfestival.com\/es\/","name":"Calella Film Festival","description":"Festival de Cinema","potentialAction":[{"@type":"SearchAction","target":{"@type":"EntryPoint","urlTemplate":"https:\/\/www.maresmefilmfestival.com\/es\/?s={search_term_string}"},"query-input":{"@type":"PropertyValueSpecification","valueRequired":true,"valueName":"search_term_string"}}],"inLanguage":"es"}]}},"_links":{"self":[{"href":"https:\/\/www.maresmefilmfestival.com\/es\/wp-json\/wp\/v2\/pages\/9976","targetHints":{"allow":["GET"]}}],"collection":[{"href":"https:\/\/www.maresmefilmfestival.com\/es\/wp-json\/wp\/v2\/pages"}],"about":[{"href":"https:\/\/www.maresmefilmfestival.com\/es\/wp-json\/wp\/v2\/types\/page"}],"author":[{"embeddable":true,"href":"https:\/\/www.maresmefilmfestival.com\/es\/wp-json\/wp\/v2\/users\/1"}],"replies":[{"embeddable":true,"href":"https:\/\/www.maresmefilmfestival.com\/es\/wp-json\/wp\/v2\/comments?post=9976"}],"version-history":[{"count":0,"href":"https:\/\/www.maresmefilmfestival.com\/es\/wp-json\/wp\/v2\/pages\/9976\/revisions"}],"up":[{"embeddable":true,"href":"https:\/\/www.maresmefilmfestival.com\/es\/wp-json\/wp\/v2\/pages\/9967"}],"wp:attachment":[{"href":"https:\/\/www.maresmefilmfestival.com\/es\/wp-json\/wp\/v2\/media?parent=9976"}],"curies":[{"name":"wp","href":"https:\/\/api.w.org\/{rel}","templated":true}]}}