{"id":9973,"date":"2023-10-10T12:14:37","date_gmt":"2023-10-10T11:14:37","guid":{"rendered":"https:\/\/www.maresmefilmfestival.com\/jurado-2023\/enrique-garcia\/"},"modified":"2023-10-10T12:14:38","modified_gmt":"2023-10-10T11:14:38","slug":"enrique-garcia","status":"publish","type":"page","link":"https:\/\/www.maresmefilmfestival.com\/es\/jurado-2023\/enrique-garcia\/","title":{"rendered":"Enrique Garc\u00eda"},"content":{"rendered":"<div class=\"wpb-content-wrapper\"><p>[vc_row][vc_column width=\u00bb1\/2&#8243;][vc_column_text]<br \/>\n[\/vc_column_text][vc_single_image image=\u00bb9921&#8243; img_size=\u00bbfull\u00bb][\/vc_column][vc_column width=\u00bb1\/2&#8243;][vc_column_text]<\/p>\n<h3><strong><span style=\"color: #d3ab1d;\">Enrique Garc\u00eda Atralla<\/span><\/strong><\/h3>\n<p>Proviene del mundo de la prensa (Diario SUR, La Opini\u00f3n de M\u00e1laga y Diario 16) y ha sido profesor en EADE University of Wales, Schooltraining Escuela de Cine, Studio Atralla, Utalent Escuela de Artes Esc\u00e9nicas (Estepona) o Escuela de Teatro y Cine de M\u00e1laga.<\/p>\n<p>En prensa pas\u00f3 por disciplinas como dibujante, caricaturista, dise\u00f1ador gr\u00e1fico, maquetador, y hasta Coordinador de taller en La Opini\u00f3n de M\u00e1laga durante diez a\u00f1os. Form\u00f3 parte del equipo fundador.<\/p>\n<p>Ha sido premiado como director de cine con los largometrajes <em>321 d\u00edas en M\u00edchigan <\/em>(2014), <em>Resort Para\u00edso<\/em> (2017), <em>Maniac Tales<\/em> (2017) y <em>La Mancha Negra<\/em> (2021). Ganador de la Biznaga de Plata y del premio al Mejor Director Novel en los premios ASECAN (los premios del cine andaluz). Destaca su carrera previa como cortometrajista con t\u00edtulos como <em>TR3S RAZONES<\/em> (cortometraje rodado en el Centro Penitenciario de M\u00e1laga en Alhaur\u00edn de la Torre), <em>Napole\u00f3n<\/em>, <em>La Muerte en un Bolsillo<\/em>, <em>Yalecu<\/em> o <em>Samsa<\/em> (adaptaci\u00f3n de <em>La Metamorfosis<\/em>, de Kafka). Con estos t\u00edtulos obtuvo cuatro premios RTVA, cinco premios del Festival de Cine de M\u00e1laga y m\u00e1s de 80 galardones nacionales e internacionales.<\/p>\n<p>Recientemente, obtuvo el prestigioso Premio LORCA del Festival de Cine Internacional de Granada al Mejor Cortometraje Andaluz 2022 por <em>Yalecu<\/em>.<\/p>\n<p>Actualmente, dirige su propio proyecto docente en M\u00e1laga: STUDIO ATRALLA, escuela donde escribe y dirige los trabajos de los alumnos.<\/p>\n<p>En el 2023 ha obtenido la Medalla de Oro de la Academia Malacitana de las Artes y las Letras.<\/p>\n<p>Dos de sus largometrajes han sido galardonados en el Calella Film Festival: <em>Resort Para\u00edso <\/em>se llevo el premio a \u00a0Mejor Actriz en 2018 para Virginia DeMorata y en 2021 gan\u00f3 el premio a Mejor Director por <em>La Mancha Negra<\/em>.[\/vc_column_text][\/vc_column][\/vc_row]<\/p>\n<\/div>","protected":false},"excerpt":{"rendered":"<p>[vc_row][vc_column width=\u00bb1\/2&#8243;][vc_column_text] [\/vc_column_text][vc_single_image image=\u00bb9921&#8243; img_size=\u00bbfull\u00bb][\/vc_column][vc_column width=\u00bb1\/2&#8243;][vc_column_text] Enrique Garc\u00eda Atralla Proviene del mundo de la prensa (Diario SUR, La Opini\u00f3n de M\u00e1laga y Diario 16) y ha sido profesor en EADE [&hellip;]<\/p>\n","protected":false},"author":1,"featured_media":0,"parent":9967,"menu_order":0,"comment_status":"closed","ping_status":"closed","template":"","meta":{"footnotes":""},"class_list":["post-9973","page","type-page","status-publish","hentry"],"yoast_head":"<!-- This site is optimized with the Yoast SEO plugin v27.4 - https:\/\/yoast.com\/product\/yoast-seo-wordpress\/ -->\n<title>Enrique Garc\u00eda - Calella Film Festival<\/title>\n<meta name=\"robots\" content=\"index, follow, max-snippet:-1, max-image-preview:large, max-video-preview:-1\" \/>\n<link rel=\"canonical\" href=\"https:\/\/www.maresmefilmfestival.com\/es\/jurado-2023\/enrique-garcia\/\" \/>\n<meta property=\"og:locale\" content=\"es_ES\" \/>\n<meta property=\"og:type\" content=\"article\" \/>\n<meta property=\"og:title\" content=\"Enrique Garc\u00eda - Calella Film Festival\" \/>\n<meta property=\"og:description\" content=\"[vc_row][vc_column width=\u00bb1\/2&#8243;][vc_column_text] [\/vc_column_text][vc_single_image image=\u00bb9921&#8243; img_size=\u00bbfull\u00bb][\/vc_column][vc_column width=\u00bb1\/2&#8243;][vc_column_text] Enrique Garc\u00eda Atralla Proviene del mundo de la prensa (Diario SUR, La Opini\u00f3n de M\u00e1laga y Diario 16) y ha sido profesor en EADE [&hellip;]\" \/>\n<meta property=\"og:url\" content=\"https:\/\/www.maresmefilmfestival.com\/es\/jurado-2023\/enrique-garcia\/\" \/>\n<meta property=\"og:site_name\" content=\"Calella Film Festival\" \/>\n<meta property=\"article:publisher\" content=\"https:\/\/www.facebook.com\/Festival-de-Cinema-de-Calella-536425489872034\/?ref=hl\" \/>\n<meta property=\"article:modified_time\" content=\"2023-10-10T11:14:38+00:00\" \/>\n<meta name=\"twitter:card\" content=\"summary_large_image\" \/>\n<meta name=\"twitter:site\" content=\"@CalellaFilmFest\" \/>\n<meta name=\"twitter:label1\" content=\"Tiempo de lectura\" \/>\n\t<meta name=\"twitter:data1\" content=\"2 minutos\" \/>\n<script type=\"application\/ld+json\" class=\"yoast-schema-graph\">{\"@context\":\"https:\\\/\\\/schema.org\",\"@graph\":[{\"@type\":\"WebPage\",\"@id\":\"https:\\\/\\\/www.maresmefilmfestival.com\\\/es\\\/jurado-2023\\\/enrique-garcia\\\/\",\"url\":\"https:\\\/\\\/www.maresmefilmfestival.com\\\/es\\\/jurado-2023\\\/enrique-garcia\\\/\",\"name\":\"Enrique Garc\u00eda - Calella Film Festival\",\"isPartOf\":{\"@id\":\"https:\\\/\\\/www.maresmefilmfestival.com\\\/es\\\/#website\"},\"datePublished\":\"2023-10-10T11:14:37+00:00\",\"dateModified\":\"2023-10-10T11:14:38+00:00\",\"breadcrumb\":{\"@id\":\"https:\\\/\\\/www.maresmefilmfestival.com\\\/es\\\/jurado-2023\\\/enrique-garcia\\\/#breadcrumb\"},\"inLanguage\":\"es\",\"potentialAction\":[{\"@type\":\"ReadAction\",\"target\":[\"https:\\\/\\\/www.maresmefilmfestival.com\\\/es\\\/jurado-2023\\\/enrique-garcia\\\/\"]}]},{\"@type\":\"BreadcrumbList\",\"@id\":\"https:\\\/\\\/www.maresmefilmfestival.com\\\/es\\\/jurado-2023\\\/enrique-garcia\\\/#breadcrumb\",\"itemListElement\":[{\"@type\":\"ListItem\",\"position\":1,\"name\":\"Portada\",\"item\":\"https:\\\/\\\/www.maresmefilmfestival.com\\\/es\\\/\"},{\"@type\":\"ListItem\",\"position\":2,\"name\":\"Jurado 2023\",\"item\":\"https:\\\/\\\/www.maresmefilmfestival.com\\\/es\\\/jurado-2023\\\/\"},{\"@type\":\"ListItem\",\"position\":3,\"name\":\"Enrique Garc\u00eda\"}]},{\"@type\":\"WebSite\",\"@id\":\"https:\\\/\\\/www.maresmefilmfestival.com\\\/es\\\/#website\",\"url\":\"https:\\\/\\\/www.maresmefilmfestival.com\\\/es\\\/\",\"name\":\"Calella Film Festival\",\"description\":\"Festival de Cinema\",\"potentialAction\":[{\"@type\":\"SearchAction\",\"target\":{\"@type\":\"EntryPoint\",\"urlTemplate\":\"https:\\\/\\\/www.maresmefilmfestival.com\\\/es\\\/?s={search_term_string}\"},\"query-input\":{\"@type\":\"PropertyValueSpecification\",\"valueRequired\":true,\"valueName\":\"search_term_string\"}}],\"inLanguage\":\"es\"}]}<\/script>\n<!-- \/ Yoast SEO plugin. -->","yoast_head_json":{"title":"Enrique Garc\u00eda - Calella Film Festival","robots":{"index":"index","follow":"follow","max-snippet":"max-snippet:-1","max-image-preview":"max-image-preview:large","max-video-preview":"max-video-preview:-1"},"canonical":"https:\/\/www.maresmefilmfestival.com\/es\/jurado-2023\/enrique-garcia\/","og_locale":"es_ES","og_type":"article","og_title":"Enrique Garc\u00eda - Calella Film Festival","og_description":"[vc_row][vc_column width=\u00bb1\/2&#8243;][vc_column_text] [\/vc_column_text][vc_single_image image=\u00bb9921&#8243; img_size=\u00bbfull\u00bb][\/vc_column][vc_column width=\u00bb1\/2&#8243;][vc_column_text] Enrique Garc\u00eda Atralla Proviene del mundo de la prensa (Diario SUR, La Opini\u00f3n de M\u00e1laga y Diario 16) y ha sido profesor en EADE [&hellip;]","og_url":"https:\/\/www.maresmefilmfestival.com\/es\/jurado-2023\/enrique-garcia\/","og_site_name":"Calella Film Festival","article_publisher":"https:\/\/www.facebook.com\/Festival-de-Cinema-de-Calella-536425489872034\/?ref=hl","article_modified_time":"2023-10-10T11:14:38+00:00","twitter_card":"summary_large_image","twitter_site":"@CalellaFilmFest","twitter_misc":{"Tiempo de lectura":"2 minutos"},"schema":{"@context":"https:\/\/schema.org","@graph":[{"@type":"WebPage","@id":"https:\/\/www.maresmefilmfestival.com\/es\/jurado-2023\/enrique-garcia\/","url":"https:\/\/www.maresmefilmfestival.com\/es\/jurado-2023\/enrique-garcia\/","name":"Enrique Garc\u00eda - Calella Film Festival","isPartOf":{"@id":"https:\/\/www.maresmefilmfestival.com\/es\/#website"},"datePublished":"2023-10-10T11:14:37+00:00","dateModified":"2023-10-10T11:14:38+00:00","breadcrumb":{"@id":"https:\/\/www.maresmefilmfestival.com\/es\/jurado-2023\/enrique-garcia\/#breadcrumb"},"inLanguage":"es","potentialAction":[{"@type":"ReadAction","target":["https:\/\/www.maresmefilmfestival.com\/es\/jurado-2023\/enrique-garcia\/"]}]},{"@type":"BreadcrumbList","@id":"https:\/\/www.maresmefilmfestival.com\/es\/jurado-2023\/enrique-garcia\/#breadcrumb","itemListElement":[{"@type":"ListItem","position":1,"name":"Portada","item":"https:\/\/www.maresmefilmfestival.com\/es\/"},{"@type":"ListItem","position":2,"name":"Jurado 2023","item":"https:\/\/www.maresmefilmfestival.com\/es\/jurado-2023\/"},{"@type":"ListItem","position":3,"name":"Enrique Garc\u00eda"}]},{"@type":"WebSite","@id":"https:\/\/www.maresmefilmfestival.com\/es\/#website","url":"https:\/\/www.maresmefilmfestival.com\/es\/","name":"Calella Film Festival","description":"Festival de Cinema","potentialAction":[{"@type":"SearchAction","target":{"@type":"EntryPoint","urlTemplate":"https:\/\/www.maresmefilmfestival.com\/es\/?s={search_term_string}"},"query-input":{"@type":"PropertyValueSpecification","valueRequired":true,"valueName":"search_term_string"}}],"inLanguage":"es"}]}},"_links":{"self":[{"href":"https:\/\/www.maresmefilmfestival.com\/es\/wp-json\/wp\/v2\/pages\/9973","targetHints":{"allow":["GET"]}}],"collection":[{"href":"https:\/\/www.maresmefilmfestival.com\/es\/wp-json\/wp\/v2\/pages"}],"about":[{"href":"https:\/\/www.maresmefilmfestival.com\/es\/wp-json\/wp\/v2\/types\/page"}],"author":[{"embeddable":true,"href":"https:\/\/www.maresmefilmfestival.com\/es\/wp-json\/wp\/v2\/users\/1"}],"replies":[{"embeddable":true,"href":"https:\/\/www.maresmefilmfestival.com\/es\/wp-json\/wp\/v2\/comments?post=9973"}],"version-history":[{"count":0,"href":"https:\/\/www.maresmefilmfestival.com\/es\/wp-json\/wp\/v2\/pages\/9973\/revisions"}],"up":[{"embeddable":true,"href":"https:\/\/www.maresmefilmfestival.com\/es\/wp-json\/wp\/v2\/pages\/9967"}],"wp:attachment":[{"href":"https:\/\/www.maresmefilmfestival.com\/es\/wp-json\/wp\/v2\/media?parent=9973"}],"curies":[{"name":"wp","href":"https:\/\/api.w.org\/{rel}","templated":true}]}}