{"id":9970,"date":"2023-10-10T11:56:14","date_gmt":"2023-10-10T10:56:14","guid":{"rendered":"https:\/\/www.maresmefilmfestival.com\/jurado-2023\/juli-fabregas\/"},"modified":"2023-10-10T11:56:14","modified_gmt":"2023-10-10T10:56:14","slug":"juli-fabregas","status":"publish","type":"page","link":"https:\/\/www.maresmefilmfestival.com\/es\/jurado-2023\/juli-fabregas\/","title":{"rendered":"Juli F\u00e0bregas"},"content":{"rendered":"<div class=\"wpb-content-wrapper\"><p>[vc_row][vc_column width=\u00bb1\/2&#8243;][vc_column_text]<br \/>\n[\/vc_column_text][vc_single_image image=\u00bb9341&#8243; img_size=\u00bbfull\u00bb][\/vc_column][vc_column width=\u00bb1\/2&#8243;][vc_column_text]<\/p>\n<h3><strong><span style=\"color: #d3ab1d;\">Juli F\u00e0bregas<\/span><\/strong><\/h3>\n<p>Presidente del Jurado del Calella Film Festival.<\/p>\n<p>Veterano actor con una f\u00e9rtil trayectoria en televisi\u00f3n, cine y teatro. Juli es un int\u00e9rprete con mucha presencia, capaz de interpretar a personajes muy diversos, por eso es un habitual de las principales series de m\u00e1xima de audiencia de Televisi\u00f3n Espa\u00f1ola, TV3, Antena 3, Cuatro y Telecinco.<\/p>\n<p>En 2019 particip\u00f3 en la serie catalana \u00abLas del hockey\u00bb.<\/p>\n<p>En 2020 estrena su segundo largometraje, \u00abMen\u00e9ndez\u00bb a las \u00f3rdenes de Santiago Alvarado y tambi\u00e9n \u00abEspejo, espejo\u00bb del director Marc Crehuet.<\/p>\n<p>En 2021 estren\u00f3 en el Teatro Amaya de Madrid la obra \u00abOh, Mami\u00bb de Oriol Vila y particip\u00f3 en la serie de TV3 \u00abComo si fuera ayer\u00bb y tambi\u00e9n en \u00abLos herederos de la tierra\u00bb producida por Diagonal TV.<\/p>\n<p>En 2022 protagoniz\u00f3 la pel\u00edcula \u00abCuando los due\u00f1os duermen\u00bb, dirigida por Santi Alvarado y coprotagonizada por Manuela Velasco, que forma parte de la programaci\u00f3n del Festival de Sitges.<\/p>\n<p>Ya lleva tres temporadas trabajando con mucho \u00e9xito en teatros de Madrid con obras como \u00abOh, Mami\u00bb, \u00abEscape Room\u00bb. Actualmente interpreta <em>\u00abLaponia\u00bb<\/em>, por segunda temporada con Mar Abascal, Amparo Larra\u00f1aga e I\u00f1aki Miram\u00f3n.[\/vc_column_text][\/vc_column][\/vc_row]<\/p>\n<\/div>","protected":false},"excerpt":{"rendered":"<p>[vc_row][vc_column width=\u00bb1\/2&#8243;][vc_column_text] [\/vc_column_text][vc_single_image image=\u00bb9341&#8243; img_size=\u00bbfull\u00bb][\/vc_column][vc_column width=\u00bb1\/2&#8243;][vc_column_text] Juli F\u00e0bregas Presidente del Jurado del Calella Film Festival. Veterano actor con una f\u00e9rtil trayectoria en televisi\u00f3n, cine y teatro. Juli es un int\u00e9rprete [&hellip;]<\/p>\n","protected":false},"author":1,"featured_media":0,"parent":9967,"menu_order":0,"comment_status":"closed","ping_status":"closed","template":"","meta":{"footnotes":""},"class_list":["post-9970","page","type-page","status-publish","hentry"],"yoast_head":"<!-- This site is optimized with the Yoast SEO plugin v27.3 - https:\/\/yoast.com\/product\/yoast-seo-wordpress\/ -->\n<title>Juli F\u00e0bregas - Calella Film Festival<\/title>\n<meta name=\"robots\" content=\"index, follow, max-snippet:-1, max-image-preview:large, max-video-preview:-1\" \/>\n<link rel=\"canonical\" href=\"https:\/\/www.maresmefilmfestival.com\/es\/jurado-2023\/juli-fabregas\/\" \/>\n<meta property=\"og:locale\" content=\"es_ES\" \/>\n<meta property=\"og:type\" content=\"article\" \/>\n<meta property=\"og:title\" content=\"Juli F\u00e0bregas - Calella Film Festival\" \/>\n<meta property=\"og:description\" content=\"[vc_row][vc_column width=\u00bb1\/2&#8243;][vc_column_text] [\/vc_column_text][vc_single_image image=\u00bb9341&#8243; img_size=\u00bbfull\u00bb][\/vc_column][vc_column width=\u00bb1\/2&#8243;][vc_column_text] Juli F\u00e0bregas Presidente del Jurado del Calella Film Festival. Veterano actor con una f\u00e9rtil trayectoria en televisi\u00f3n, cine y teatro. Juli es un int\u00e9rprete [&hellip;]\" \/>\n<meta property=\"og:url\" content=\"https:\/\/www.maresmefilmfestival.com\/es\/jurado-2023\/juli-fabregas\/\" \/>\n<meta property=\"og:site_name\" content=\"Calella Film Festival\" \/>\n<meta property=\"article:publisher\" content=\"https:\/\/www.facebook.com\/Festival-de-Cinema-de-Calella-536425489872034\/?ref=hl\" \/>\n<meta name=\"twitter:card\" content=\"summary_large_image\" \/>\n<meta name=\"twitter:site\" content=\"@CalellaFilmFest\" \/>\n<meta name=\"twitter:label1\" content=\"Tiempo de lectura\" \/>\n\t<meta name=\"twitter:data1\" content=\"2 minutos\" \/>\n<script type=\"application\/ld+json\" class=\"yoast-schema-graph\">{\"@context\":\"https:\\\/\\\/schema.org\",\"@graph\":[{\"@type\":\"WebPage\",\"@id\":\"https:\\\/\\\/www.maresmefilmfestival.com\\\/es\\\/jurado-2023\\\/juli-fabregas\\\/\",\"url\":\"https:\\\/\\\/www.maresmefilmfestival.com\\\/es\\\/jurado-2023\\\/juli-fabregas\\\/\",\"name\":\"Juli F\u00e0bregas - Calella Film Festival\",\"isPartOf\":{\"@id\":\"https:\\\/\\\/www.maresmefilmfestival.com\\\/es\\\/#website\"},\"datePublished\":\"2023-10-10T10:56:14+00:00\",\"breadcrumb\":{\"@id\":\"https:\\\/\\\/www.maresmefilmfestival.com\\\/es\\\/jurado-2023\\\/juli-fabregas\\\/#breadcrumb\"},\"inLanguage\":\"es\",\"potentialAction\":[{\"@type\":\"ReadAction\",\"target\":[\"https:\\\/\\\/www.maresmefilmfestival.com\\\/es\\\/jurado-2023\\\/juli-fabregas\\\/\"]}]},{\"@type\":\"BreadcrumbList\",\"@id\":\"https:\\\/\\\/www.maresmefilmfestival.com\\\/es\\\/jurado-2023\\\/juli-fabregas\\\/#breadcrumb\",\"itemListElement\":[{\"@type\":\"ListItem\",\"position\":1,\"name\":\"Portada\",\"item\":\"https:\\\/\\\/www.maresmefilmfestival.com\\\/es\\\/\"},{\"@type\":\"ListItem\",\"position\":2,\"name\":\"Jurado 2023\",\"item\":\"https:\\\/\\\/www.maresmefilmfestival.com\\\/es\\\/jurado-2023\\\/\"},{\"@type\":\"ListItem\",\"position\":3,\"name\":\"Juli F\u00e0bregas\"}]},{\"@type\":\"WebSite\",\"@id\":\"https:\\\/\\\/www.maresmefilmfestival.com\\\/es\\\/#website\",\"url\":\"https:\\\/\\\/www.maresmefilmfestival.com\\\/es\\\/\",\"name\":\"Calella Film Festival\",\"description\":\"Festival de Cinema\",\"potentialAction\":[{\"@type\":\"SearchAction\",\"target\":{\"@type\":\"EntryPoint\",\"urlTemplate\":\"https:\\\/\\\/www.maresmefilmfestival.com\\\/es\\\/?s={search_term_string}\"},\"query-input\":{\"@type\":\"PropertyValueSpecification\",\"valueRequired\":true,\"valueName\":\"search_term_string\"}}],\"inLanguage\":\"es\"}]}<\/script>\n<!-- \/ Yoast SEO plugin. -->","yoast_head_json":{"title":"Juli F\u00e0bregas - Calella Film Festival","robots":{"index":"index","follow":"follow","max-snippet":"max-snippet:-1","max-image-preview":"max-image-preview:large","max-video-preview":"max-video-preview:-1"},"canonical":"https:\/\/www.maresmefilmfestival.com\/es\/jurado-2023\/juli-fabregas\/","og_locale":"es_ES","og_type":"article","og_title":"Juli F\u00e0bregas - Calella Film Festival","og_description":"[vc_row][vc_column width=\u00bb1\/2&#8243;][vc_column_text] [\/vc_column_text][vc_single_image image=\u00bb9341&#8243; img_size=\u00bbfull\u00bb][\/vc_column][vc_column width=\u00bb1\/2&#8243;][vc_column_text] Juli F\u00e0bregas Presidente del Jurado del Calella Film Festival. Veterano actor con una f\u00e9rtil trayectoria en televisi\u00f3n, cine y teatro. Juli es un int\u00e9rprete [&hellip;]","og_url":"https:\/\/www.maresmefilmfestival.com\/es\/jurado-2023\/juli-fabregas\/","og_site_name":"Calella Film Festival","article_publisher":"https:\/\/www.facebook.com\/Festival-de-Cinema-de-Calella-536425489872034\/?ref=hl","twitter_card":"summary_large_image","twitter_site":"@CalellaFilmFest","twitter_misc":{"Tiempo de lectura":"2 minutos"},"schema":{"@context":"https:\/\/schema.org","@graph":[{"@type":"WebPage","@id":"https:\/\/www.maresmefilmfestival.com\/es\/jurado-2023\/juli-fabregas\/","url":"https:\/\/www.maresmefilmfestival.com\/es\/jurado-2023\/juli-fabregas\/","name":"Juli F\u00e0bregas - Calella Film Festival","isPartOf":{"@id":"https:\/\/www.maresmefilmfestival.com\/es\/#website"},"datePublished":"2023-10-10T10:56:14+00:00","breadcrumb":{"@id":"https:\/\/www.maresmefilmfestival.com\/es\/jurado-2023\/juli-fabregas\/#breadcrumb"},"inLanguage":"es","potentialAction":[{"@type":"ReadAction","target":["https:\/\/www.maresmefilmfestival.com\/es\/jurado-2023\/juli-fabregas\/"]}]},{"@type":"BreadcrumbList","@id":"https:\/\/www.maresmefilmfestival.com\/es\/jurado-2023\/juli-fabregas\/#breadcrumb","itemListElement":[{"@type":"ListItem","position":1,"name":"Portada","item":"https:\/\/www.maresmefilmfestival.com\/es\/"},{"@type":"ListItem","position":2,"name":"Jurado 2023","item":"https:\/\/www.maresmefilmfestival.com\/es\/jurado-2023\/"},{"@type":"ListItem","position":3,"name":"Juli F\u00e0bregas"}]},{"@type":"WebSite","@id":"https:\/\/www.maresmefilmfestival.com\/es\/#website","url":"https:\/\/www.maresmefilmfestival.com\/es\/","name":"Calella Film Festival","description":"Festival de Cinema","potentialAction":[{"@type":"SearchAction","target":{"@type":"EntryPoint","urlTemplate":"https:\/\/www.maresmefilmfestival.com\/es\/?s={search_term_string}"},"query-input":{"@type":"PropertyValueSpecification","valueRequired":true,"valueName":"search_term_string"}}],"inLanguage":"es"}]}},"_links":{"self":[{"href":"https:\/\/www.maresmefilmfestival.com\/es\/wp-json\/wp\/v2\/pages\/9970","targetHints":{"allow":["GET"]}}],"collection":[{"href":"https:\/\/www.maresmefilmfestival.com\/es\/wp-json\/wp\/v2\/pages"}],"about":[{"href":"https:\/\/www.maresmefilmfestival.com\/es\/wp-json\/wp\/v2\/types\/page"}],"author":[{"embeddable":true,"href":"https:\/\/www.maresmefilmfestival.com\/es\/wp-json\/wp\/v2\/users\/1"}],"replies":[{"embeddable":true,"href":"https:\/\/www.maresmefilmfestival.com\/es\/wp-json\/wp\/v2\/comments?post=9970"}],"version-history":[{"count":0,"href":"https:\/\/www.maresmefilmfestival.com\/es\/wp-json\/wp\/v2\/pages\/9970\/revisions"}],"up":[{"embeddable":true,"href":"https:\/\/www.maresmefilmfestival.com\/es\/wp-json\/wp\/v2\/pages\/9967"}],"wp:attachment":[{"href":"https:\/\/www.maresmefilmfestival.com\/es\/wp-json\/wp\/v2\/media?parent=9970"}],"curies":[{"name":"wp","href":"https:\/\/api.w.org\/{rel}","templated":true}]}}