{"id":7909,"date":"2020-07-30T11:59:56","date_gmt":"2020-07-30T10:59:56","guid":{"rendered":"http:\/\/www.maresmefilmfestival.com\/?page_id=7909"},"modified":"2022-04-01T10:37:54","modified_gmt":"2022-04-01T09:37:54","slug":"cineclub","status":"publish","type":"page","link":"https:\/\/www.maresmefilmfestival.com\/es\/cineclub\/","title":{"rendered":"Cineclub"},"content":{"rendered":"<div class=\"wpb-content-wrapper\"><p>[vc_row][vc_column][vc_text_separator title=\u00bbCINECLUB\u00bb][vc_column_text]Las sesiones del Cineclub se proyectar\u00e1n en Can Saleta (C\/Sant Jaume, 229 de Calella) y empezar\u00e1n a las 21h. Entradas venta ONLINE. Precios: 4,5\u20ac entrada general, 3\u20ac carnet joven y 3,5\u20ac precio reducido[\/vc_column_text][\/vc_column][\/vc_row][vc_row][vc_column width=\u00bb1\/4&#8243;][vc_single_image image=\u00bb9089&#8243; img_size=\u00bbfull\u00bb][\/vc_column][vc_column width=\u00bb3\/4&#8243;][vc_column_text]<\/p>\n<h2 style=\"text-align: justify;\"><strong><span style=\"color: #d3ab1d;\">Lamb | Viernes 1 de abril 2022<\/span><\/strong><\/h2>\n<p><strong>Sinopsis<\/strong><\/p>\n<p>Una pareja sin hijos descubre un misterioso reci\u00e9n nacido en su granja de Islandia. El potencial de crear una familia les aporta mucha alegr\u00eda, pero tambi\u00e9n podr\u00eda destruirlos.<\/p>\n<p>Fant\u00e1stico. Drama. Intriga. Terror | Familia. Animales[\/vc_column_text][vc_btn title=\u00bbVER TR\u00c1ILER\u00bb style=\u00bbgradient\u00bb gradient_color_1=\u00bbblack\u00bb gradient_color_2=\u00bbgrey\u00bb shape=\u00bbround\u00bb size=\u00bbsm\u00bb link=\u00bburl:https%3A%2F%2Fwww.youtube.com%2Fwatch%3Fv%3DIFSQoEcaTm0||target:%20_blank\u00bb][vc_btn title=\u00bbENTRADAS\u00bb style=\u00bbgradient\u00bb gradient_color_1=\u00bbpink\u00bb gradient_color_2=\u00bbgrey\u00bb shape=\u00bbround\u00bb size=\u00bbsm\u00bb link=\u00bburl:https%3A%2F%2Finscritum.com%2FMTIvQWp1bnRhbWVudCBkZSBDYWxlbGxhLzYz||target:%20_blank\u00bb][\/vc_column][\/vc_row]<\/p>\n<\/div>","protected":false},"excerpt":{"rendered":"<p>[vc_row][vc_column][vc_text_separator title=\u00bbCINECLUB\u00bb][vc_column_text]Las sesiones del Cineclub se proyectar\u00e1n en Can Saleta (C\/Sant Jaume, 229 de Calella) y empezar\u00e1n a las 21h. Entradas venta ONLINE. Precios: 4,5\u20ac entrada general, 3\u20ac carnet joven [&hellip;]<\/p>\n","protected":false},"author":1,"featured_media":7915,"parent":0,"menu_order":0,"comment_status":"closed","ping_status":"closed","template":"","meta":{"footnotes":""},"class_list":["post-7909","page","type-page","status-publish","has-post-thumbnail","hentry"],"yoast_head":"<!-- This site is optimized with the Yoast SEO plugin v27.6 - https:\/\/yoast.com\/product\/yoast-seo-wordpress\/ -->\n<title>Cineclub - Calella Film Festival<\/title>\n<meta name=\"robots\" content=\"index, follow, max-snippet:-1, max-image-preview:large, max-video-preview:-1\" \/>\n<link rel=\"canonical\" href=\"https:\/\/www.maresmefilmfestival.com\/es\/cineclub\/\" \/>\n<meta property=\"og:locale\" content=\"es_ES\" \/>\n<meta property=\"og:type\" content=\"article\" \/>\n<meta property=\"og:title\" content=\"Cineclub - Calella Film Festival\" \/>\n<meta property=\"og:description\" content=\"[vc_row][vc_column][vc_text_separator title=\u00bbCINECLUB\u00bb][vc_column_text]Las sesiones del Cineclub se proyectar\u00e1n en Can Saleta (C\/Sant Jaume, 229 de Calella) y empezar\u00e1n a las 21h. Entradas venta ONLINE. Precios: 4,5\u20ac entrada general, 3\u20ac carnet joven [&hellip;]\" \/>\n<meta property=\"og:url\" content=\"https:\/\/www.maresmefilmfestival.com\/es\/cineclub\/\" \/>\n<meta property=\"og:site_name\" content=\"Calella Film Festival\" \/>\n<meta property=\"article:publisher\" content=\"https:\/\/www.facebook.com\/Festival-de-Cinema-de-Calella-536425489872034\/?ref=hl\" \/>\n<meta property=\"article:modified_time\" content=\"2022-04-01T09:37:54+00:00\" \/>\n<meta property=\"og:image\" content=\"https:\/\/www.maresmefilmfestival.com\/wp-content\/uploads\/2020\/07\/Cineclub.jpg\" \/>\n\t<meta property=\"og:image:width\" content=\"534\" \/>\n\t<meta property=\"og:image:height\" content=\"462\" \/>\n\t<meta property=\"og:image:type\" content=\"image\/jpeg\" \/>\n<meta name=\"twitter:card\" content=\"summary_large_image\" \/>\n<meta name=\"twitter:site\" content=\"@CalellaFilmFest\" \/>\n<meta name=\"twitter:label1\" content=\"Tiempo de lectura\" \/>\n\t<meta name=\"twitter:data1\" content=\"1 minuto\" \/>\n<script type=\"application\/ld+json\" class=\"yoast-schema-graph\">{\"@context\":\"https:\\\/\\\/schema.org\",\"@graph\":[{\"@type\":\"WebPage\",\"@id\":\"https:\\\/\\\/www.maresmefilmfestival.com\\\/es\\\/cineclub\\\/\",\"url\":\"https:\\\/\\\/www.maresmefilmfestival.com\\\/es\\\/cineclub\\\/\",\"name\":\"Cineclub - Calella Film Festival\",\"isPartOf\":{\"@id\":\"https:\\\/\\\/www.maresmefilmfestival.com\\\/es\\\/#website\"},\"primaryImageOfPage\":{\"@id\":\"https:\\\/\\\/www.maresmefilmfestival.com\\\/es\\\/cineclub\\\/#primaryimage\"},\"image\":{\"@id\":\"https:\\\/\\\/www.maresmefilmfestival.com\\\/es\\\/cineclub\\\/#primaryimage\"},\"thumbnailUrl\":\"https:\\\/\\\/www.maresmefilmfestival.com\\\/wp-content\\\/uploads\\\/2020\\\/07\\\/Cineclub.jpg\",\"datePublished\":\"2020-07-30T10:59:56+00:00\",\"dateModified\":\"2022-04-01T09:37:54+00:00\",\"breadcrumb\":{\"@id\":\"https:\\\/\\\/www.maresmefilmfestival.com\\\/es\\\/cineclub\\\/#breadcrumb\"},\"inLanguage\":\"es\",\"potentialAction\":[{\"@type\":\"ReadAction\",\"target\":[\"https:\\\/\\\/www.maresmefilmfestival.com\\\/es\\\/cineclub\\\/\"]}]},{\"@type\":\"ImageObject\",\"inLanguage\":\"es\",\"@id\":\"https:\\\/\\\/www.maresmefilmfestival.com\\\/es\\\/cineclub\\\/#primaryimage\",\"url\":\"https:\\\/\\\/www.maresmefilmfestival.com\\\/wp-content\\\/uploads\\\/2020\\\/07\\\/Cineclub.jpg\",\"contentUrl\":\"https:\\\/\\\/www.maresmefilmfestival.com\\\/wp-content\\\/uploads\\\/2020\\\/07\\\/Cineclub.jpg\",\"width\":534,\"height\":462},{\"@type\":\"BreadcrumbList\",\"@id\":\"https:\\\/\\\/www.maresmefilmfestival.com\\\/es\\\/cineclub\\\/#breadcrumb\",\"itemListElement\":[{\"@type\":\"ListItem\",\"position\":1,\"name\":\"Portada\",\"item\":\"https:\\\/\\\/www.maresmefilmfestival.com\\\/es\\\/\"},{\"@type\":\"ListItem\",\"position\":2,\"name\":\"Cineclub\"}]},{\"@type\":\"WebSite\",\"@id\":\"https:\\\/\\\/www.maresmefilmfestival.com\\\/es\\\/#website\",\"url\":\"https:\\\/\\\/www.maresmefilmfestival.com\\\/es\\\/\",\"name\":\"Calella Film Festival\",\"description\":\"Festival de Cinema\",\"potentialAction\":[{\"@type\":\"SearchAction\",\"target\":{\"@type\":\"EntryPoint\",\"urlTemplate\":\"https:\\\/\\\/www.maresmefilmfestival.com\\\/es\\\/?s={search_term_string}\"},\"query-input\":{\"@type\":\"PropertyValueSpecification\",\"valueRequired\":true,\"valueName\":\"search_term_string\"}}],\"inLanguage\":\"es\"}]}<\/script>\n<!-- \/ Yoast SEO plugin. -->","yoast_head_json":{"title":"Cineclub - Calella Film Festival","robots":{"index":"index","follow":"follow","max-snippet":"max-snippet:-1","max-image-preview":"max-image-preview:large","max-video-preview":"max-video-preview:-1"},"canonical":"https:\/\/www.maresmefilmfestival.com\/es\/cineclub\/","og_locale":"es_ES","og_type":"article","og_title":"Cineclub - Calella Film Festival","og_description":"[vc_row][vc_column][vc_text_separator title=\u00bbCINECLUB\u00bb][vc_column_text]Las sesiones del Cineclub se proyectar\u00e1n en Can Saleta (C\/Sant Jaume, 229 de Calella) y empezar\u00e1n a las 21h. Entradas venta ONLINE. Precios: 4,5\u20ac entrada general, 3\u20ac carnet joven [&hellip;]","og_url":"https:\/\/www.maresmefilmfestival.com\/es\/cineclub\/","og_site_name":"Calella Film Festival","article_publisher":"https:\/\/www.facebook.com\/Festival-de-Cinema-de-Calella-536425489872034\/?ref=hl","article_modified_time":"2022-04-01T09:37:54+00:00","og_image":[{"width":534,"height":462,"url":"https:\/\/www.maresmefilmfestival.com\/wp-content\/uploads\/2020\/07\/Cineclub.jpg","type":"image\/jpeg"}],"twitter_card":"summary_large_image","twitter_site":"@CalellaFilmFest","twitter_misc":{"Tiempo de lectura":"1 minuto"},"schema":{"@context":"https:\/\/schema.org","@graph":[{"@type":"WebPage","@id":"https:\/\/www.maresmefilmfestival.com\/es\/cineclub\/","url":"https:\/\/www.maresmefilmfestival.com\/es\/cineclub\/","name":"Cineclub - Calella Film Festival","isPartOf":{"@id":"https:\/\/www.maresmefilmfestival.com\/es\/#website"},"primaryImageOfPage":{"@id":"https:\/\/www.maresmefilmfestival.com\/es\/cineclub\/#primaryimage"},"image":{"@id":"https:\/\/www.maresmefilmfestival.com\/es\/cineclub\/#primaryimage"},"thumbnailUrl":"https:\/\/www.maresmefilmfestival.com\/wp-content\/uploads\/2020\/07\/Cineclub.jpg","datePublished":"2020-07-30T10:59:56+00:00","dateModified":"2022-04-01T09:37:54+00:00","breadcrumb":{"@id":"https:\/\/www.maresmefilmfestival.com\/es\/cineclub\/#breadcrumb"},"inLanguage":"es","potentialAction":[{"@type":"ReadAction","target":["https:\/\/www.maresmefilmfestival.com\/es\/cineclub\/"]}]},{"@type":"ImageObject","inLanguage":"es","@id":"https:\/\/www.maresmefilmfestival.com\/es\/cineclub\/#primaryimage","url":"https:\/\/www.maresmefilmfestival.com\/wp-content\/uploads\/2020\/07\/Cineclub.jpg","contentUrl":"https:\/\/www.maresmefilmfestival.com\/wp-content\/uploads\/2020\/07\/Cineclub.jpg","width":534,"height":462},{"@type":"BreadcrumbList","@id":"https:\/\/www.maresmefilmfestival.com\/es\/cineclub\/#breadcrumb","itemListElement":[{"@type":"ListItem","position":1,"name":"Portada","item":"https:\/\/www.maresmefilmfestival.com\/es\/"},{"@type":"ListItem","position":2,"name":"Cineclub"}]},{"@type":"WebSite","@id":"https:\/\/www.maresmefilmfestival.com\/es\/#website","url":"https:\/\/www.maresmefilmfestival.com\/es\/","name":"Calella Film Festival","description":"Festival de Cinema","potentialAction":[{"@type":"SearchAction","target":{"@type":"EntryPoint","urlTemplate":"https:\/\/www.maresmefilmfestival.com\/es\/?s={search_term_string}"},"query-input":{"@type":"PropertyValueSpecification","valueRequired":true,"valueName":"search_term_string"}}],"inLanguage":"es"}]}},"_links":{"self":[{"href":"https:\/\/www.maresmefilmfestival.com\/es\/wp-json\/wp\/v2\/pages\/7909","targetHints":{"allow":["GET"]}}],"collection":[{"href":"https:\/\/www.maresmefilmfestival.com\/es\/wp-json\/wp\/v2\/pages"}],"about":[{"href":"https:\/\/www.maresmefilmfestival.com\/es\/wp-json\/wp\/v2\/types\/page"}],"author":[{"embeddable":true,"href":"https:\/\/www.maresmefilmfestival.com\/es\/wp-json\/wp\/v2\/users\/1"}],"replies":[{"embeddable":true,"href":"https:\/\/www.maresmefilmfestival.com\/es\/wp-json\/wp\/v2\/comments?post=7909"}],"version-history":[{"count":0,"href":"https:\/\/www.maresmefilmfestival.com\/es\/wp-json\/wp\/v2\/pages\/7909\/revisions"}],"wp:featuredmedia":[{"embeddable":true,"href":"https:\/\/www.maresmefilmfestival.com\/es\/wp-json\/wp\/v2\/media\/7915"}],"wp:attachment":[{"href":"https:\/\/www.maresmefilmfestival.com\/es\/wp-json\/wp\/v2\/media?parent=7909"}],"curies":[{"name":"wp","href":"https:\/\/api.w.org\/{rel}","templated":true}]}}