{"id":7146,"date":"2019-05-16T10:22:49","date_gmt":"2019-05-16T09:22:49","guid":{"rendered":"http:\/\/www.maresmefilmfestival.com\/?page_id=7146"},"modified":"2019-05-20T09:35:45","modified_gmt":"2019-05-20T08:35:45","slug":"sergi-pompermayer","status":"publish","type":"page","link":"https:\/\/www.maresmefilmfestival.com\/es\/jurado-2019\/sergi-pompermayer\/","title":{"rendered":"Sergi Pompermayer"},"content":{"rendered":"<div class=\"wpb-content-wrapper\"><p>[vc_row][vc_column][vc_column_text]<br \/>\n[\/vc_column_text][vc_single_image image=\u00bb7140&#8243; img_size=\u00bbfull\u00bb][vc_column_text]<\/p>\n<h3 style=\"text-align: justify;\"><strong><span style=\"color: #d3ab1d;\">Sergi Pompermayer <\/span><\/strong><\/h3>\n<p align=\"justify\">Sergi Pompermayer (Barcelona 1967). Licenciado en veterinaria, <strong>debuta como autor dram\u00e1tico en 1997<\/strong> con \u00abZowie\u00bb ganadora del XXV Premio Ciudad de Alcoy y estrenada en el Teatro Libre con direcci\u00f3n de Llu\u00eds Homar.<\/p>\n<p align=\"justify\"><strong>Tambi\u00e9n ha escrito<\/strong> \u201cRefugiats\u201d (TNC), \u00abCaf\u00e8\u00bb (Teatro Artenbrut), \u201cUn pare emprenyat\u201d (Mercado de las Flores), \u00abTop Model\u00bb (Festival Temporada Alta 2009), \u201cLlum de Gu\u00e0rdia\u201d conjuntamente con Julio Manrique (Teatro Romea), \u00abOddi\u00bb (Teatro del Arte de Madrid), \u00abNew Order\u00bb (Sala Flyhard), \u00abSacrifici\u00bb (La Villarroel), \u201cOssos\u201d (Teatro Victoria), \u201cLa Com\u00e9dia de las Mentiras\u201d (Festival de Teatro Cl\u00e1sico de M\u00e9rida 2.017), y \u00abBlues\u00bb (Sala Beckett), de las que seis est\u00e1n publicadas y se han estrenado en Portugal, Irlanda, Rep\u00fablica Checa, M\u00e9xico y en el resto del Estado espa\u00f1ol.<\/p>\n<p align=\"justify\"><strong>Ha realizado las dramaturgias<\/strong> de \u00abTim\u00f3n de Atenas\u00bb de W. Shakespeare (Biblioteca de Catalu\u00f1a) y de \u00abDom Joan\u00bb de Moli\u00e8re (TNC).<\/p>\n<p align=\"justify\"><strong>Como guionista ha escrito<\/strong> en \u201cPlats Bruts\u201d \u00a0(Premio Ondas 2002), \u00abPorca Miseria\u00bb (Premio Ondas 2006), \u00abLo Cartany\u00e0\u00bb (director y coordinador de gui\u00f3n), \u00abLa Riera\u00bb, \u00abAsk Lara\u00bb, \u00abJet lag\u00bb (coordinador de gui\u00f3n), \u201cMoncloa \u00bfd\u00edgame?\u00bb (coordinador de gui\u00f3n), \u201cL\u2019Un Per l\u2019Altre\u201d (coordinador de gui\u00f3n y creador junto con Jordi S\u00e1nchez) \u201cLa Sagrada Fam\u00edlia\u201d y \u201cTeatral\u201d.<\/p>\n<p align=\"justify\">Actualmente trabaja en un proyecto de Salvados TV e <strong>imparte clases<\/strong> en la Escuela Superior de Cine de Catalu\u00f1a ESCAC, en showrunners Barcelona y m\u00e1sters de la UPF, UAB y Universidad Ramon Llull.[\/vc_column_text][\/vc_column][\/vc_row][vc_row][\/vc_row][vc_column][\/vc_column][vc_column_text]<\/p>\n<p>I am text block. Click edit button to change this text. Lorem ipsum dolor sit amet, consectetur adipiscing elit. Ut elit tellus, luctus nec ullamcorper mattis, pulvinar dapibus leo.<\/p>\n<p>[\/vc_column_text]<\/p>\n<\/div>","protected":false},"excerpt":{"rendered":"<p>[vc_row][vc_column][vc_column_text] [\/vc_column_text][vc_single_image image=\u00bb7140&#8243; img_size=\u00bbfull\u00bb][vc_column_text] Sergi Pompermayer Sergi Pompermayer (Barcelona 1967). Licenciado en veterinaria, debuta como autor dram\u00e1tico en 1997 con \u00abZowie\u00bb ganadora del XXV Premio Ciudad de Alcoy y estrenada [&hellip;]<\/p>\n","protected":false},"author":1,"featured_media":0,"parent":7065,"menu_order":0,"comment_status":"closed","ping_status":"closed","template":"","meta":{"footnotes":""},"class_list":["post-7146","page","type-page","status-publish","hentry"],"yoast_head":"<!-- This site is optimized with the Yoast SEO plugin v27.4 - https:\/\/yoast.com\/product\/yoast-seo-wordpress\/ -->\n<title>Sergi Pompermayer - Calella Film Festival<\/title>\n<meta name=\"robots\" content=\"index, follow, max-snippet:-1, max-image-preview:large, max-video-preview:-1\" \/>\n<link rel=\"canonical\" href=\"https:\/\/www.maresmefilmfestival.com\/es\/jurado-2019\/sergi-pompermayer\/\" \/>\n<meta property=\"og:locale\" content=\"es_ES\" \/>\n<meta property=\"og:type\" content=\"article\" \/>\n<meta property=\"og:title\" content=\"Sergi Pompermayer - Calella Film Festival\" \/>\n<meta property=\"og:description\" content=\"[vc_row][vc_column][vc_column_text] [\/vc_column_text][vc_single_image image=\u00bb7140&#8243; img_size=\u00bbfull\u00bb][vc_column_text] Sergi Pompermayer Sergi Pompermayer (Barcelona 1967). Licenciado en veterinaria, debuta como autor dram\u00e1tico en 1997 con \u00abZowie\u00bb ganadora del XXV Premio Ciudad de Alcoy y estrenada [&hellip;]\" \/>\n<meta property=\"og:url\" content=\"https:\/\/www.maresmefilmfestival.com\/es\/jurado-2019\/sergi-pompermayer\/\" \/>\n<meta property=\"og:site_name\" content=\"Calella Film Festival\" \/>\n<meta property=\"article:publisher\" content=\"https:\/\/www.facebook.com\/Festival-de-Cinema-de-Calella-536425489872034\/?ref=hl\" \/>\n<meta property=\"article:modified_time\" content=\"2019-05-20T08:35:45+00:00\" \/>\n<meta name=\"twitter:card\" content=\"summary_large_image\" \/>\n<meta name=\"twitter:site\" content=\"@CalellaFilmFest\" \/>\n<meta name=\"twitter:label1\" content=\"Tiempo de lectura\" \/>\n\t<meta name=\"twitter:data1\" content=\"2 minutos\" \/>\n<script type=\"application\/ld+json\" class=\"yoast-schema-graph\">{\"@context\":\"https:\\\/\\\/schema.org\",\"@graph\":[{\"@type\":\"WebPage\",\"@id\":\"https:\\\/\\\/www.maresmefilmfestival.com\\\/es\\\/jurado-2019\\\/sergi-pompermayer\\\/\",\"url\":\"https:\\\/\\\/www.maresmefilmfestival.com\\\/es\\\/jurado-2019\\\/sergi-pompermayer\\\/\",\"name\":\"Sergi Pompermayer - Calella Film Festival\",\"isPartOf\":{\"@id\":\"https:\\\/\\\/www.maresmefilmfestival.com\\\/es\\\/#website\"},\"datePublished\":\"2019-05-16T09:22:49+00:00\",\"dateModified\":\"2019-05-20T08:35:45+00:00\",\"breadcrumb\":{\"@id\":\"https:\\\/\\\/www.maresmefilmfestival.com\\\/es\\\/jurado-2019\\\/sergi-pompermayer\\\/#breadcrumb\"},\"inLanguage\":\"es\",\"potentialAction\":[{\"@type\":\"ReadAction\",\"target\":[\"https:\\\/\\\/www.maresmefilmfestival.com\\\/es\\\/jurado-2019\\\/sergi-pompermayer\\\/\"]}]},{\"@type\":\"BreadcrumbList\",\"@id\":\"https:\\\/\\\/www.maresmefilmfestival.com\\\/es\\\/jurado-2019\\\/sergi-pompermayer\\\/#breadcrumb\",\"itemListElement\":[{\"@type\":\"ListItem\",\"position\":1,\"name\":\"Portada\",\"item\":\"https:\\\/\\\/www.maresmefilmfestival.com\\\/es\\\/\"},{\"@type\":\"ListItem\",\"position\":2,\"name\":\"Jurado 2019\",\"item\":\"https:\\\/\\\/www.maresmefilmfestival.com\\\/es\\\/jurado-2019\\\/\"},{\"@type\":\"ListItem\",\"position\":3,\"name\":\"Sergi Pompermayer\"}]},{\"@type\":\"WebSite\",\"@id\":\"https:\\\/\\\/www.maresmefilmfestival.com\\\/es\\\/#website\",\"url\":\"https:\\\/\\\/www.maresmefilmfestival.com\\\/es\\\/\",\"name\":\"Calella Film Festival\",\"description\":\"Festival de Cinema\",\"potentialAction\":[{\"@type\":\"SearchAction\",\"target\":{\"@type\":\"EntryPoint\",\"urlTemplate\":\"https:\\\/\\\/www.maresmefilmfestival.com\\\/es\\\/?s={search_term_string}\"},\"query-input\":{\"@type\":\"PropertyValueSpecification\",\"valueRequired\":true,\"valueName\":\"search_term_string\"}}],\"inLanguage\":\"es\"}]}<\/script>\n<!-- \/ Yoast SEO plugin. -->","yoast_head_json":{"title":"Sergi Pompermayer - Calella Film Festival","robots":{"index":"index","follow":"follow","max-snippet":"max-snippet:-1","max-image-preview":"max-image-preview:large","max-video-preview":"max-video-preview:-1"},"canonical":"https:\/\/www.maresmefilmfestival.com\/es\/jurado-2019\/sergi-pompermayer\/","og_locale":"es_ES","og_type":"article","og_title":"Sergi Pompermayer - Calella Film Festival","og_description":"[vc_row][vc_column][vc_column_text] [\/vc_column_text][vc_single_image image=\u00bb7140&#8243; img_size=\u00bbfull\u00bb][vc_column_text] Sergi Pompermayer Sergi Pompermayer (Barcelona 1967). Licenciado en veterinaria, debuta como autor dram\u00e1tico en 1997 con \u00abZowie\u00bb ganadora del XXV Premio Ciudad de Alcoy y estrenada [&hellip;]","og_url":"https:\/\/www.maresmefilmfestival.com\/es\/jurado-2019\/sergi-pompermayer\/","og_site_name":"Calella Film Festival","article_publisher":"https:\/\/www.facebook.com\/Festival-de-Cinema-de-Calella-536425489872034\/?ref=hl","article_modified_time":"2019-05-20T08:35:45+00:00","twitter_card":"summary_large_image","twitter_site":"@CalellaFilmFest","twitter_misc":{"Tiempo de lectura":"2 minutos"},"schema":{"@context":"https:\/\/schema.org","@graph":[{"@type":"WebPage","@id":"https:\/\/www.maresmefilmfestival.com\/es\/jurado-2019\/sergi-pompermayer\/","url":"https:\/\/www.maresmefilmfestival.com\/es\/jurado-2019\/sergi-pompermayer\/","name":"Sergi Pompermayer - Calella Film Festival","isPartOf":{"@id":"https:\/\/www.maresmefilmfestival.com\/es\/#website"},"datePublished":"2019-05-16T09:22:49+00:00","dateModified":"2019-05-20T08:35:45+00:00","breadcrumb":{"@id":"https:\/\/www.maresmefilmfestival.com\/es\/jurado-2019\/sergi-pompermayer\/#breadcrumb"},"inLanguage":"es","potentialAction":[{"@type":"ReadAction","target":["https:\/\/www.maresmefilmfestival.com\/es\/jurado-2019\/sergi-pompermayer\/"]}]},{"@type":"BreadcrumbList","@id":"https:\/\/www.maresmefilmfestival.com\/es\/jurado-2019\/sergi-pompermayer\/#breadcrumb","itemListElement":[{"@type":"ListItem","position":1,"name":"Portada","item":"https:\/\/www.maresmefilmfestival.com\/es\/"},{"@type":"ListItem","position":2,"name":"Jurado 2019","item":"https:\/\/www.maresmefilmfestival.com\/es\/jurado-2019\/"},{"@type":"ListItem","position":3,"name":"Sergi Pompermayer"}]},{"@type":"WebSite","@id":"https:\/\/www.maresmefilmfestival.com\/es\/#website","url":"https:\/\/www.maresmefilmfestival.com\/es\/","name":"Calella Film Festival","description":"Festival de Cinema","potentialAction":[{"@type":"SearchAction","target":{"@type":"EntryPoint","urlTemplate":"https:\/\/www.maresmefilmfestival.com\/es\/?s={search_term_string}"},"query-input":{"@type":"PropertyValueSpecification","valueRequired":true,"valueName":"search_term_string"}}],"inLanguage":"es"}]}},"_links":{"self":[{"href":"https:\/\/www.maresmefilmfestival.com\/es\/wp-json\/wp\/v2\/pages\/7146","targetHints":{"allow":["GET"]}}],"collection":[{"href":"https:\/\/www.maresmefilmfestival.com\/es\/wp-json\/wp\/v2\/pages"}],"about":[{"href":"https:\/\/www.maresmefilmfestival.com\/es\/wp-json\/wp\/v2\/types\/page"}],"author":[{"embeddable":true,"href":"https:\/\/www.maresmefilmfestival.com\/es\/wp-json\/wp\/v2\/users\/1"}],"replies":[{"embeddable":true,"href":"https:\/\/www.maresmefilmfestival.com\/es\/wp-json\/wp\/v2\/comments?post=7146"}],"version-history":[{"count":0,"href":"https:\/\/www.maresmefilmfestival.com\/es\/wp-json\/wp\/v2\/pages\/7146\/revisions"}],"up":[{"embeddable":true,"href":"https:\/\/www.maresmefilmfestival.com\/es\/wp-json\/wp\/v2\/pages\/7065"}],"wp:attachment":[{"href":"https:\/\/www.maresmefilmfestival.com\/es\/wp-json\/wp\/v2\/media?parent=7146"}],"curies":[{"name":"wp","href":"https:\/\/api.w.org\/{rel}","templated":true}]}}