{"id":7126,"date":"2019-05-13T09:56:27","date_gmt":"2019-05-13T08:56:27","guid":{"rendered":"http:\/\/www.maresmefilmfestival.com\/?page_id=7126"},"modified":"2019-05-13T09:56:27","modified_gmt":"2019-05-13T08:56:27","slug":"gisela-krenn","status":"publish","type":"page","link":"https:\/\/www.maresmefilmfestival.com\/es\/jurado-2019\/gisela-krenn\/","title":{"rendered":"Gisela Krenn"},"content":{"rendered":"<div class=\"wpb-content-wrapper\"><p>[vc_row][vc_column][vc_column_text]<br \/>\n[\/vc_column_text][vc_single_image image=\u00bb7119&#8243; img_size=\u00bbfull\u00bb][vc_column_text]<\/p>\n<h3 style=\"text-align: justify;\"><strong><span style=\"color: #d3ab1d;\">Gisela Krenn <\/span><\/strong><\/h3>\n<p align=\"justify\">Gisela Krenn estudi\u00f3 en el Instituto del Teatro y <strong>actualmente es directora del Colegio de Teatro.<\/strong><\/p>\n<p><P ALIGN=\"justify\">Comenz\u00f3 su carrera como actriz y <strong>ha acabado centr\u00e1ndose en la profesi\u00f3n de directora de casting tanto de cine como de televisi\u00f3n.<\/strong> Para TV3, se encarg\u00f3 del casting de series como \u00abKubala, Moreno y Manch\u00f3n\u00bb, (2011 a 2014), \u00abInfidels\u00bb (2009-2011), \u00abVentdelpl\u00e0\u00bb (2005-2010), que alcanz\u00f3 los 202 episodios , o \u00abM\u00e9s dinamita\u00bb (Series 2010). Tambi\u00e9n fue directora de casting en la serie de Netflix \u201cSi no t\u2019hagu\u00e9s conegut\u201d y de la serie \u201cBenvinguts a la familia\u201d.<\/p>\n<p><P ALIGN=\"justify\"><strong>Como actriz<\/strong>, particip\u00f3 en pel\u00edculas como \u00abLola\u00bb, de Bigas Luna. Y <strong>como directora de casting a participado en<\/strong> \u00bb Escenes d&#8217;una orgia a Formentera \u00bb (1996), \u00abBlackout\u00bb (2008) o \u00abMonturiol, el se\u00f1or del mar\u00bb (1993).[\/vc_column_text][\/vc_column][\/vc_row]<\/p>\n<\/div>","protected":false},"excerpt":{"rendered":"<p>[vc_row][vc_column][vc_column_text] [\/vc_column_text][vc_single_image image=\u00bb7119&#8243; img_size=\u00bbfull\u00bb][vc_column_text] Gisela Krenn Gisela Krenn estudi\u00f3 en el Instituto del Teatro y actualmente es directora del Colegio de Teatro. Comenz\u00f3 su carrera como actriz y ha acabado [&hellip;]<\/p>\n","protected":false},"author":1,"featured_media":0,"parent":7065,"menu_order":0,"comment_status":"closed","ping_status":"closed","template":"","meta":{"footnotes":""},"class_list":["post-7126","page","type-page","status-publish","hentry"],"yoast_head":"<!-- This site is optimized with the Yoast SEO plugin v27.4 - https:\/\/yoast.com\/product\/yoast-seo-wordpress\/ -->\n<title>Gisela Krenn - Calella Film Festival<\/title>\n<meta name=\"robots\" content=\"index, follow, max-snippet:-1, max-image-preview:large, max-video-preview:-1\" \/>\n<link rel=\"canonical\" href=\"https:\/\/www.maresmefilmfestival.com\/es\/jurado-2019\/gisela-krenn\/\" \/>\n<meta property=\"og:locale\" content=\"es_ES\" \/>\n<meta property=\"og:type\" content=\"article\" \/>\n<meta property=\"og:title\" content=\"Gisela Krenn - Calella Film Festival\" \/>\n<meta property=\"og:description\" content=\"[vc_row][vc_column][vc_column_text] [\/vc_column_text][vc_single_image image=\u00bb7119&#8243; img_size=\u00bbfull\u00bb][vc_column_text] Gisela Krenn Gisela Krenn estudi\u00f3 en el Instituto del Teatro y actualmente es directora del Colegio de Teatro. Comenz\u00f3 su carrera como actriz y ha acabado [&hellip;]\" \/>\n<meta property=\"og:url\" content=\"https:\/\/www.maresmefilmfestival.com\/es\/jurado-2019\/gisela-krenn\/\" \/>\n<meta property=\"og:site_name\" content=\"Calella Film Festival\" \/>\n<meta property=\"article:publisher\" content=\"https:\/\/www.facebook.com\/Festival-de-Cinema-de-Calella-536425489872034\/?ref=hl\" \/>\n<meta name=\"twitter:card\" content=\"summary_large_image\" \/>\n<meta name=\"twitter:site\" content=\"@CalellaFilmFest\" \/>\n<meta name=\"twitter:label1\" content=\"Tiempo de lectura\" \/>\n\t<meta name=\"twitter:data1\" content=\"1 minuto\" \/>\n<script type=\"application\/ld+json\" class=\"yoast-schema-graph\">{\"@context\":\"https:\\\/\\\/schema.org\",\"@graph\":[{\"@type\":\"WebPage\",\"@id\":\"https:\\\/\\\/www.maresmefilmfestival.com\\\/es\\\/jurado-2019\\\/gisela-krenn\\\/\",\"url\":\"https:\\\/\\\/www.maresmefilmfestival.com\\\/es\\\/jurado-2019\\\/gisela-krenn\\\/\",\"name\":\"Gisela Krenn - Calella Film Festival\",\"isPartOf\":{\"@id\":\"https:\\\/\\\/www.maresmefilmfestival.com\\\/es\\\/#website\"},\"datePublished\":\"2019-05-13T08:56:27+00:00\",\"breadcrumb\":{\"@id\":\"https:\\\/\\\/www.maresmefilmfestival.com\\\/es\\\/jurado-2019\\\/gisela-krenn\\\/#breadcrumb\"},\"inLanguage\":\"es\",\"potentialAction\":[{\"@type\":\"ReadAction\",\"target\":[\"https:\\\/\\\/www.maresmefilmfestival.com\\\/es\\\/jurado-2019\\\/gisela-krenn\\\/\"]}]},{\"@type\":\"BreadcrumbList\",\"@id\":\"https:\\\/\\\/www.maresmefilmfestival.com\\\/es\\\/jurado-2019\\\/gisela-krenn\\\/#breadcrumb\",\"itemListElement\":[{\"@type\":\"ListItem\",\"position\":1,\"name\":\"Portada\",\"item\":\"https:\\\/\\\/www.maresmefilmfestival.com\\\/es\\\/\"},{\"@type\":\"ListItem\",\"position\":2,\"name\":\"Jurado 2019\",\"item\":\"https:\\\/\\\/www.maresmefilmfestival.com\\\/es\\\/jurado-2019\\\/\"},{\"@type\":\"ListItem\",\"position\":3,\"name\":\"Gisela Krenn\"}]},{\"@type\":\"WebSite\",\"@id\":\"https:\\\/\\\/www.maresmefilmfestival.com\\\/es\\\/#website\",\"url\":\"https:\\\/\\\/www.maresmefilmfestival.com\\\/es\\\/\",\"name\":\"Calella Film Festival\",\"description\":\"Festival de Cinema\",\"potentialAction\":[{\"@type\":\"SearchAction\",\"target\":{\"@type\":\"EntryPoint\",\"urlTemplate\":\"https:\\\/\\\/www.maresmefilmfestival.com\\\/es\\\/?s={search_term_string}\"},\"query-input\":{\"@type\":\"PropertyValueSpecification\",\"valueRequired\":true,\"valueName\":\"search_term_string\"}}],\"inLanguage\":\"es\"}]}<\/script>\n<!-- \/ Yoast SEO plugin. -->","yoast_head_json":{"title":"Gisela Krenn - Calella Film Festival","robots":{"index":"index","follow":"follow","max-snippet":"max-snippet:-1","max-image-preview":"max-image-preview:large","max-video-preview":"max-video-preview:-1"},"canonical":"https:\/\/www.maresmefilmfestival.com\/es\/jurado-2019\/gisela-krenn\/","og_locale":"es_ES","og_type":"article","og_title":"Gisela Krenn - Calella Film Festival","og_description":"[vc_row][vc_column][vc_column_text] [\/vc_column_text][vc_single_image image=\u00bb7119&#8243; img_size=\u00bbfull\u00bb][vc_column_text] Gisela Krenn Gisela Krenn estudi\u00f3 en el Instituto del Teatro y actualmente es directora del Colegio de Teatro. Comenz\u00f3 su carrera como actriz y ha acabado [&hellip;]","og_url":"https:\/\/www.maresmefilmfestival.com\/es\/jurado-2019\/gisela-krenn\/","og_site_name":"Calella Film Festival","article_publisher":"https:\/\/www.facebook.com\/Festival-de-Cinema-de-Calella-536425489872034\/?ref=hl","twitter_card":"summary_large_image","twitter_site":"@CalellaFilmFest","twitter_misc":{"Tiempo de lectura":"1 minuto"},"schema":{"@context":"https:\/\/schema.org","@graph":[{"@type":"WebPage","@id":"https:\/\/www.maresmefilmfestival.com\/es\/jurado-2019\/gisela-krenn\/","url":"https:\/\/www.maresmefilmfestival.com\/es\/jurado-2019\/gisela-krenn\/","name":"Gisela Krenn - Calella Film Festival","isPartOf":{"@id":"https:\/\/www.maresmefilmfestival.com\/es\/#website"},"datePublished":"2019-05-13T08:56:27+00:00","breadcrumb":{"@id":"https:\/\/www.maresmefilmfestival.com\/es\/jurado-2019\/gisela-krenn\/#breadcrumb"},"inLanguage":"es","potentialAction":[{"@type":"ReadAction","target":["https:\/\/www.maresmefilmfestival.com\/es\/jurado-2019\/gisela-krenn\/"]}]},{"@type":"BreadcrumbList","@id":"https:\/\/www.maresmefilmfestival.com\/es\/jurado-2019\/gisela-krenn\/#breadcrumb","itemListElement":[{"@type":"ListItem","position":1,"name":"Portada","item":"https:\/\/www.maresmefilmfestival.com\/es\/"},{"@type":"ListItem","position":2,"name":"Jurado 2019","item":"https:\/\/www.maresmefilmfestival.com\/es\/jurado-2019\/"},{"@type":"ListItem","position":3,"name":"Gisela Krenn"}]},{"@type":"WebSite","@id":"https:\/\/www.maresmefilmfestival.com\/es\/#website","url":"https:\/\/www.maresmefilmfestival.com\/es\/","name":"Calella Film Festival","description":"Festival de Cinema","potentialAction":[{"@type":"SearchAction","target":{"@type":"EntryPoint","urlTemplate":"https:\/\/www.maresmefilmfestival.com\/es\/?s={search_term_string}"},"query-input":{"@type":"PropertyValueSpecification","valueRequired":true,"valueName":"search_term_string"}}],"inLanguage":"es"}]}},"_links":{"self":[{"href":"https:\/\/www.maresmefilmfestival.com\/es\/wp-json\/wp\/v2\/pages\/7126","targetHints":{"allow":["GET"]}}],"collection":[{"href":"https:\/\/www.maresmefilmfestival.com\/es\/wp-json\/wp\/v2\/pages"}],"about":[{"href":"https:\/\/www.maresmefilmfestival.com\/es\/wp-json\/wp\/v2\/types\/page"}],"author":[{"embeddable":true,"href":"https:\/\/www.maresmefilmfestival.com\/es\/wp-json\/wp\/v2\/users\/1"}],"replies":[{"embeddable":true,"href":"https:\/\/www.maresmefilmfestival.com\/es\/wp-json\/wp\/v2\/comments?post=7126"}],"version-history":[{"count":0,"href":"https:\/\/www.maresmefilmfestival.com\/es\/wp-json\/wp\/v2\/pages\/7126\/revisions"}],"up":[{"embeddable":true,"href":"https:\/\/www.maresmefilmfestival.com\/es\/wp-json\/wp\/v2\/pages\/7065"}],"wp:attachment":[{"href":"https:\/\/www.maresmefilmfestival.com\/es\/wp-json\/wp\/v2\/media?parent=7126"}],"curies":[{"name":"wp","href":"https:\/\/api.w.org\/{rel}","templated":true}]}}