{"id":7077,"date":"2019-05-06T11:47:11","date_gmt":"2019-05-06T10:47:11","guid":{"rendered":"http:\/\/www.maresmefilmfestival.com\/?page_id=7077"},"modified":"2019-05-06T11:47:11","modified_gmt":"2019-05-06T10:47:11","slug":"patricia-font","status":"publish","type":"page","link":"https:\/\/www.maresmefilmfestival.com\/es\/jurado-2019\/patricia-font\/","title":{"rendered":"Patricia Font"},"content":{"rendered":"<div class=\"wpb-content-wrapper\"><p>[vc_row][vc_column][vc_column_text]<br \/>\n[\/vc_column_text][vc_single_image image=\u00bb7038&#8243; img_size=\u00bbfull\u00bb][vc_column_text]<\/p>\n<h3 style=\"text-align: justify;\"><strong><span style=\"color: #d3ab1d;\">Patricia Font <\/span><\/strong><\/h3>\n<p align=\"\u201djustify\u201d\"><strong>Directora y guionista<\/strong> nacida en Barcelona. Profesora de direcci\u00f3n y gui\u00f3n en la ESCAC, la UIC (Universidad Internacional de Catalu\u00f1a) y showrunners (escuela de gui\u00f3n de series).<\/p>\n<p align=\"\u201djustify\u201d\">Antes de empezar a dirigir trabaj\u00f3 de script para directores como Bigas Luna, Pau Freixas, Santiago Zannou, Judith Colell, S\u00edlvia Munt y Jordi Frades entre otros.<\/p>\n<p align=\"\u201djustify\u201d\">En 2013 <strong>dirigi\u00f3 la segunda temporada de la serie de \u00e9xito<\/strong> <em>Polseres vermelles<\/em> y dos a\u00f1os m\u00e1s tarde, tambi\u00e9n fue guionista y directora de la serie <em>Cites<\/em>, ambas producidas por F\u00edlmax y TV3.<\/p>\n<p align=\"\u201djustify\u201d\">En 2015<strong> gan\u00f3 un Premio Goya<\/strong> por el cortometraje <em>Caf\u00e9 Para Levantar<\/em> (2014) que escribi\u00f3 y dirigi\u00f3, y que fue seleccionado en festivales alrededor del mundo y nominado para los premios Gaud\u00ed.<\/p>\n<p align=\"\u201djustify\u201d\">A principios de este 2019, Font <strong>estren\u00f3 su \u00f3pera prima, la comedia rom\u00e1ntica<\/strong> <em>Gente que viene y bah<\/em>, protagonizada por Clara Lago, con Carmen Maura y Alexandra Jim\u00e9nez en el reparto. Una parte del rodaje se hizo en Caldes d\u2019Estrac. <em>Gente que viene y bah<\/em> es una producci\u00f3n de Zeta Cinema y Atresmedia Corporaci\u00f3n Cine, con la participaci\u00f3n de TV3. DeAPlaneta se encarg\u00f3 de la distribuci\u00f3n.<\/p>\n<p align=\"\u201djustify\u201d\">Actualmente, <strong>trabaja como directora a la nueva serie de TV3<\/strong>, <em>Les de l\u2019Hoquei<\/em>, producida por Brutal Media, y prepara su segundo largometraje: <em>Sobre el amor y el tiempo.<\/em>[\/vc_column_text][\/vc_column][\/vc_row]<\/p>\n<\/div>","protected":false},"excerpt":{"rendered":"<p>[vc_row][vc_column][vc_column_text] [\/vc_column_text][vc_single_image image=\u00bb7038&#8243; img_size=\u00bbfull\u00bb][vc_column_text] Patricia Font Directora y guionista nacida en Barcelona. Profesora de direcci\u00f3n y gui\u00f3n en la ESCAC, la UIC (Universidad Internacional de Catalu\u00f1a) y showrunners (escuela de [&hellip;]<\/p>\n","protected":false},"author":1,"featured_media":0,"parent":7065,"menu_order":0,"comment_status":"closed","ping_status":"closed","template":"","meta":{"footnotes":""},"class_list":["post-7077","page","type-page","status-publish","hentry"],"yoast_head":"<!-- This site is optimized with the Yoast SEO plugin v27.4 - https:\/\/yoast.com\/product\/yoast-seo-wordpress\/ -->\n<title>Patricia Font - Calella Film Festival<\/title>\n<meta name=\"robots\" content=\"index, follow, max-snippet:-1, max-image-preview:large, max-video-preview:-1\" \/>\n<link rel=\"canonical\" href=\"https:\/\/www.maresmefilmfestival.com\/es\/jurado-2019\/patricia-font\/\" \/>\n<meta property=\"og:locale\" content=\"es_ES\" \/>\n<meta property=\"og:type\" content=\"article\" \/>\n<meta property=\"og:title\" content=\"Patricia Font - Calella Film Festival\" \/>\n<meta property=\"og:description\" content=\"[vc_row][vc_column][vc_column_text] [\/vc_column_text][vc_single_image image=\u00bb7038&#8243; img_size=\u00bbfull\u00bb][vc_column_text] Patricia Font Directora y guionista nacida en Barcelona. Profesora de direcci\u00f3n y gui\u00f3n en la ESCAC, la UIC (Universidad Internacional de Catalu\u00f1a) y showrunners (escuela de [&hellip;]\" \/>\n<meta property=\"og:url\" content=\"https:\/\/www.maresmefilmfestival.com\/es\/jurado-2019\/patricia-font\/\" \/>\n<meta property=\"og:site_name\" content=\"Calella Film Festival\" \/>\n<meta property=\"article:publisher\" content=\"https:\/\/www.facebook.com\/Festival-de-Cinema-de-Calella-536425489872034\/?ref=hl\" \/>\n<meta name=\"twitter:card\" content=\"summary_large_image\" \/>\n<meta name=\"twitter:site\" content=\"@CalellaFilmFest\" \/>\n<meta name=\"twitter:label1\" content=\"Tiempo de lectura\" \/>\n\t<meta name=\"twitter:data1\" content=\"1 minuto\" \/>\n<script type=\"application\/ld+json\" class=\"yoast-schema-graph\">{\"@context\":\"https:\\\/\\\/schema.org\",\"@graph\":[{\"@type\":\"WebPage\",\"@id\":\"https:\\\/\\\/www.maresmefilmfestival.com\\\/es\\\/jurado-2019\\\/patricia-font\\\/\",\"url\":\"https:\\\/\\\/www.maresmefilmfestival.com\\\/es\\\/jurado-2019\\\/patricia-font\\\/\",\"name\":\"Patricia Font - Calella Film Festival\",\"isPartOf\":{\"@id\":\"https:\\\/\\\/www.maresmefilmfestival.com\\\/es\\\/#website\"},\"datePublished\":\"2019-05-06T10:47:11+00:00\",\"breadcrumb\":{\"@id\":\"https:\\\/\\\/www.maresmefilmfestival.com\\\/es\\\/jurado-2019\\\/patricia-font\\\/#breadcrumb\"},\"inLanguage\":\"es\",\"potentialAction\":[{\"@type\":\"ReadAction\",\"target\":[\"https:\\\/\\\/www.maresmefilmfestival.com\\\/es\\\/jurado-2019\\\/patricia-font\\\/\"]}]},{\"@type\":\"BreadcrumbList\",\"@id\":\"https:\\\/\\\/www.maresmefilmfestival.com\\\/es\\\/jurado-2019\\\/patricia-font\\\/#breadcrumb\",\"itemListElement\":[{\"@type\":\"ListItem\",\"position\":1,\"name\":\"Portada\",\"item\":\"https:\\\/\\\/www.maresmefilmfestival.com\\\/es\\\/\"},{\"@type\":\"ListItem\",\"position\":2,\"name\":\"Jurado 2019\",\"item\":\"https:\\\/\\\/www.maresmefilmfestival.com\\\/es\\\/jurado-2019\\\/\"},{\"@type\":\"ListItem\",\"position\":3,\"name\":\"Patricia Font\"}]},{\"@type\":\"WebSite\",\"@id\":\"https:\\\/\\\/www.maresmefilmfestival.com\\\/es\\\/#website\",\"url\":\"https:\\\/\\\/www.maresmefilmfestival.com\\\/es\\\/\",\"name\":\"Calella Film Festival\",\"description\":\"Festival de Cinema\",\"potentialAction\":[{\"@type\":\"SearchAction\",\"target\":{\"@type\":\"EntryPoint\",\"urlTemplate\":\"https:\\\/\\\/www.maresmefilmfestival.com\\\/es\\\/?s={search_term_string}\"},\"query-input\":{\"@type\":\"PropertyValueSpecification\",\"valueRequired\":true,\"valueName\":\"search_term_string\"}}],\"inLanguage\":\"es\"}]}<\/script>\n<!-- \/ Yoast SEO plugin. -->","yoast_head_json":{"title":"Patricia Font - Calella Film Festival","robots":{"index":"index","follow":"follow","max-snippet":"max-snippet:-1","max-image-preview":"max-image-preview:large","max-video-preview":"max-video-preview:-1"},"canonical":"https:\/\/www.maresmefilmfestival.com\/es\/jurado-2019\/patricia-font\/","og_locale":"es_ES","og_type":"article","og_title":"Patricia Font - Calella Film Festival","og_description":"[vc_row][vc_column][vc_column_text] [\/vc_column_text][vc_single_image image=\u00bb7038&#8243; img_size=\u00bbfull\u00bb][vc_column_text] Patricia Font Directora y guionista nacida en Barcelona. Profesora de direcci\u00f3n y gui\u00f3n en la ESCAC, la UIC (Universidad Internacional de Catalu\u00f1a) y showrunners (escuela de [&hellip;]","og_url":"https:\/\/www.maresmefilmfestival.com\/es\/jurado-2019\/patricia-font\/","og_site_name":"Calella Film Festival","article_publisher":"https:\/\/www.facebook.com\/Festival-de-Cinema-de-Calella-536425489872034\/?ref=hl","twitter_card":"summary_large_image","twitter_site":"@CalellaFilmFest","twitter_misc":{"Tiempo de lectura":"1 minuto"},"schema":{"@context":"https:\/\/schema.org","@graph":[{"@type":"WebPage","@id":"https:\/\/www.maresmefilmfestival.com\/es\/jurado-2019\/patricia-font\/","url":"https:\/\/www.maresmefilmfestival.com\/es\/jurado-2019\/patricia-font\/","name":"Patricia Font - Calella Film Festival","isPartOf":{"@id":"https:\/\/www.maresmefilmfestival.com\/es\/#website"},"datePublished":"2019-05-06T10:47:11+00:00","breadcrumb":{"@id":"https:\/\/www.maresmefilmfestival.com\/es\/jurado-2019\/patricia-font\/#breadcrumb"},"inLanguage":"es","potentialAction":[{"@type":"ReadAction","target":["https:\/\/www.maresmefilmfestival.com\/es\/jurado-2019\/patricia-font\/"]}]},{"@type":"BreadcrumbList","@id":"https:\/\/www.maresmefilmfestival.com\/es\/jurado-2019\/patricia-font\/#breadcrumb","itemListElement":[{"@type":"ListItem","position":1,"name":"Portada","item":"https:\/\/www.maresmefilmfestival.com\/es\/"},{"@type":"ListItem","position":2,"name":"Jurado 2019","item":"https:\/\/www.maresmefilmfestival.com\/es\/jurado-2019\/"},{"@type":"ListItem","position":3,"name":"Patricia Font"}]},{"@type":"WebSite","@id":"https:\/\/www.maresmefilmfestival.com\/es\/#website","url":"https:\/\/www.maresmefilmfestival.com\/es\/","name":"Calella Film Festival","description":"Festival de Cinema","potentialAction":[{"@type":"SearchAction","target":{"@type":"EntryPoint","urlTemplate":"https:\/\/www.maresmefilmfestival.com\/es\/?s={search_term_string}"},"query-input":{"@type":"PropertyValueSpecification","valueRequired":true,"valueName":"search_term_string"}}],"inLanguage":"es"}]}},"_links":{"self":[{"href":"https:\/\/www.maresmefilmfestival.com\/es\/wp-json\/wp\/v2\/pages\/7077","targetHints":{"allow":["GET"]}}],"collection":[{"href":"https:\/\/www.maresmefilmfestival.com\/es\/wp-json\/wp\/v2\/pages"}],"about":[{"href":"https:\/\/www.maresmefilmfestival.com\/es\/wp-json\/wp\/v2\/types\/page"}],"author":[{"embeddable":true,"href":"https:\/\/www.maresmefilmfestival.com\/es\/wp-json\/wp\/v2\/users\/1"}],"replies":[{"embeddable":true,"href":"https:\/\/www.maresmefilmfestival.com\/es\/wp-json\/wp\/v2\/comments?post=7077"}],"version-history":[{"count":0,"href":"https:\/\/www.maresmefilmfestival.com\/es\/wp-json\/wp\/v2\/pages\/7077\/revisions"}],"up":[{"embeddable":true,"href":"https:\/\/www.maresmefilmfestival.com\/es\/wp-json\/wp\/v2\/pages\/7065"}],"wp:attachment":[{"href":"https:\/\/www.maresmefilmfestival.com\/es\/wp-json\/wp\/v2\/media?parent=7077"}],"curies":[{"name":"wp","href":"https:\/\/api.w.org\/{rel}","templated":true}]}}