{"id":7070,"date":"2019-05-06T11:33:28","date_gmt":"2019-05-06T10:33:28","guid":{"rendered":"http:\/\/www.maresmefilmfestival.com\/?page_id=7070"},"modified":"2019-05-06T11:41:12","modified_gmt":"2019-05-06T10:41:12","slug":"jordi-frades","status":"publish","type":"page","link":"https:\/\/www.maresmefilmfestival.com\/es\/jurado-2019\/jordi-frades\/","title":{"rendered":"Jordi Frades"},"content":{"rendered":"<div class=\"wpb-content-wrapper\"><p>[vc_row][vc_column][vc_column_text]<br \/>\n[\/vc_column_text][vc_single_image image=\u00bb7032&#8243; img_size=\u00bbfull\u00bb][vc_column_text]<\/p>\n<h3 style=\"text-align: justify;\"><strong><span style=\"color: #d3ab1d;\">Jordi Frades<\/span><\/strong><\/h3>\n<p align=\u201djustify\u201d>El <strong>director y productor<\/strong> Jordi Frades es el responsable de contenidos de Diagonal TV, la empresa del grupo EndemolShine Iberia, que lidera Jaume Banacolocha. El Mayo del 2018 se estren\u00f3 su \u00faltima serie televisiva como director: <em>La catedral del Mar<\/em> basada en el \u00e9xito literario de Ildefonso Falcones, el libro ambientado en el siglo XIV, durante la construcci\u00f3n de la catedral de Santa Mar\u00eda del Mar.<\/p>\n<p align=\u201djustify\u201d>Antena 3 y Televisi\u00f3n de Catalu\u00f1a emitieron con \u00e9xitos de audiencia. Antena 3 logr\u00f3 casi 4 millones de espectadores con el primer cap\u00edtulo, mientras que TV3 alcanz\u00f3 los 635.000 espectadores, un 28,3% de cuota, con su estreno de la serie. Los ocho cap\u00edtulos de <em>La Catedral del Mar<\/em> ten\u00edan como escenario el barrio g\u00f3tico de Barcelona.<\/p>\n<p align=\u201djustify\u201d>Jordi Frades se inici\u00f3 en la televisi\u00f3n en TV3, dirigiendo cap\u00edtulos de la telenovela <em>Poblenou<\/em>. Tambi\u00e9n particip\u00f3 en <strong>otras series<\/strong> como: <em>Oh, Espanya! <\/em>(1996-1997), <em>El<\/em> <em>joc de viure<\/em> (1997), <em>Estaci\u00f3 d&#8217;enlla\u00e7<\/em> (1994-1999), <em>La mem\u00f2ria dels Cargols<\/em> (1999), <em>Crims<\/em> (2000), <em>Jet Lag<\/em> (2001-2003) y <em>El cor de la ciutat<\/em> (2005-2007).<\/p>\n<p align=\u201djustify\u201d><strong>Tuvo \u00e9xito en Televisi\u00f3n Espa\u00f1ola<\/strong> con la serie hist\u00f3rica <em>Isabel<\/em> (2011-2014), que dirigi\u00f3. En febrero de 2016 se estren\u00f3 su pel\u00edcula, <em>La corona partida<\/em>, que es una secuela de la serie Isabel y una secuela de la serie <em>Carlos, rey emperador<\/em>.<\/p>\n<p align=\u201djustify\u201d>Tambi\u00e9n ha dirigido <em>Matadero<\/em> por Antena 3 y que actualmente se puede ver en Amazon Prime.[\/vc_column_text][\/vc_column][\/vc_row]<\/p>\n<\/div>","protected":false},"excerpt":{"rendered":"<p>[vc_row][vc_column][vc_column_text] [\/vc_column_text][vc_single_image image=\u00bb7032&#8243; img_size=\u00bbfull\u00bb][vc_column_text] Jordi Frades El director y productor Jordi Frades es el responsable de contenidos de Diagonal TV, la empresa del grupo EndemolShine Iberia, que lidera Jaume Banacolocha. [&hellip;]<\/p>\n","protected":false},"author":1,"featured_media":0,"parent":7065,"menu_order":0,"comment_status":"closed","ping_status":"closed","template":"","meta":{"footnotes":""},"class_list":["post-7070","page","type-page","status-publish","hentry"],"yoast_head":"<!-- This site is optimized with the Yoast SEO plugin v27.3 - https:\/\/yoast.com\/product\/yoast-seo-wordpress\/ -->\n<title>Jordi Frades - Calella Film Festival<\/title>\n<meta name=\"robots\" content=\"index, follow, max-snippet:-1, max-image-preview:large, max-video-preview:-1\" \/>\n<link rel=\"canonical\" href=\"https:\/\/www.maresmefilmfestival.com\/es\/jurado-2019\/jordi-frades\/\" \/>\n<meta property=\"og:locale\" content=\"es_ES\" \/>\n<meta property=\"og:type\" content=\"article\" \/>\n<meta property=\"og:title\" content=\"Jordi Frades - Calella Film Festival\" \/>\n<meta property=\"og:description\" content=\"[vc_row][vc_column][vc_column_text] [\/vc_column_text][vc_single_image image=\u00bb7032&#8243; img_size=\u00bbfull\u00bb][vc_column_text] Jordi Frades El director y productor Jordi Frades es el responsable de contenidos de Diagonal TV, la empresa del grupo EndemolShine Iberia, que lidera Jaume Banacolocha. [&hellip;]\" \/>\n<meta property=\"og:url\" content=\"https:\/\/www.maresmefilmfestival.com\/es\/jurado-2019\/jordi-frades\/\" \/>\n<meta property=\"og:site_name\" content=\"Calella Film Festival\" \/>\n<meta property=\"article:publisher\" content=\"https:\/\/www.facebook.com\/Festival-de-Cinema-de-Calella-536425489872034\/?ref=hl\" \/>\n<meta property=\"article:modified_time\" content=\"2019-05-06T10:41:12+00:00\" \/>\n<meta name=\"twitter:card\" content=\"summary_large_image\" \/>\n<meta name=\"twitter:site\" content=\"@CalellaFilmFest\" \/>\n<meta name=\"twitter:label1\" content=\"Tiempo de lectura\" \/>\n\t<meta name=\"twitter:data1\" content=\"1 minuto\" \/>\n<script type=\"application\/ld+json\" class=\"yoast-schema-graph\">{\"@context\":\"https:\\\/\\\/schema.org\",\"@graph\":[{\"@type\":\"WebPage\",\"@id\":\"https:\\\/\\\/www.maresmefilmfestival.com\\\/es\\\/jurado-2019\\\/jordi-frades\\\/\",\"url\":\"https:\\\/\\\/www.maresmefilmfestival.com\\\/es\\\/jurado-2019\\\/jordi-frades\\\/\",\"name\":\"Jordi Frades - Calella Film Festival\",\"isPartOf\":{\"@id\":\"https:\\\/\\\/www.maresmefilmfestival.com\\\/es\\\/#website\"},\"datePublished\":\"2019-05-06T10:33:28+00:00\",\"dateModified\":\"2019-05-06T10:41:12+00:00\",\"breadcrumb\":{\"@id\":\"https:\\\/\\\/www.maresmefilmfestival.com\\\/es\\\/jurado-2019\\\/jordi-frades\\\/#breadcrumb\"},\"inLanguage\":\"es\",\"potentialAction\":[{\"@type\":\"ReadAction\",\"target\":[\"https:\\\/\\\/www.maresmefilmfestival.com\\\/es\\\/jurado-2019\\\/jordi-frades\\\/\"]}]},{\"@type\":\"BreadcrumbList\",\"@id\":\"https:\\\/\\\/www.maresmefilmfestival.com\\\/es\\\/jurado-2019\\\/jordi-frades\\\/#breadcrumb\",\"itemListElement\":[{\"@type\":\"ListItem\",\"position\":1,\"name\":\"Portada\",\"item\":\"https:\\\/\\\/www.maresmefilmfestival.com\\\/es\\\/\"},{\"@type\":\"ListItem\",\"position\":2,\"name\":\"Jurado 2019\",\"item\":\"https:\\\/\\\/www.maresmefilmfestival.com\\\/es\\\/jurado-2019\\\/\"},{\"@type\":\"ListItem\",\"position\":3,\"name\":\"Jordi Frades\"}]},{\"@type\":\"WebSite\",\"@id\":\"https:\\\/\\\/www.maresmefilmfestival.com\\\/es\\\/#website\",\"url\":\"https:\\\/\\\/www.maresmefilmfestival.com\\\/es\\\/\",\"name\":\"Calella Film Festival\",\"description\":\"Festival de Cinema\",\"potentialAction\":[{\"@type\":\"SearchAction\",\"target\":{\"@type\":\"EntryPoint\",\"urlTemplate\":\"https:\\\/\\\/www.maresmefilmfestival.com\\\/es\\\/?s={search_term_string}\"},\"query-input\":{\"@type\":\"PropertyValueSpecification\",\"valueRequired\":true,\"valueName\":\"search_term_string\"}}],\"inLanguage\":\"es\"}]}<\/script>\n<!-- \/ Yoast SEO plugin. -->","yoast_head_json":{"title":"Jordi Frades - Calella Film Festival","robots":{"index":"index","follow":"follow","max-snippet":"max-snippet:-1","max-image-preview":"max-image-preview:large","max-video-preview":"max-video-preview:-1"},"canonical":"https:\/\/www.maresmefilmfestival.com\/es\/jurado-2019\/jordi-frades\/","og_locale":"es_ES","og_type":"article","og_title":"Jordi Frades - Calella Film Festival","og_description":"[vc_row][vc_column][vc_column_text] [\/vc_column_text][vc_single_image image=\u00bb7032&#8243; img_size=\u00bbfull\u00bb][vc_column_text] Jordi Frades El director y productor Jordi Frades es el responsable de contenidos de Diagonal TV, la empresa del grupo EndemolShine Iberia, que lidera Jaume Banacolocha. [&hellip;]","og_url":"https:\/\/www.maresmefilmfestival.com\/es\/jurado-2019\/jordi-frades\/","og_site_name":"Calella Film Festival","article_publisher":"https:\/\/www.facebook.com\/Festival-de-Cinema-de-Calella-536425489872034\/?ref=hl","article_modified_time":"2019-05-06T10:41:12+00:00","twitter_card":"summary_large_image","twitter_site":"@CalellaFilmFest","twitter_misc":{"Tiempo de lectura":"1 minuto"},"schema":{"@context":"https:\/\/schema.org","@graph":[{"@type":"WebPage","@id":"https:\/\/www.maresmefilmfestival.com\/es\/jurado-2019\/jordi-frades\/","url":"https:\/\/www.maresmefilmfestival.com\/es\/jurado-2019\/jordi-frades\/","name":"Jordi Frades - Calella Film Festival","isPartOf":{"@id":"https:\/\/www.maresmefilmfestival.com\/es\/#website"},"datePublished":"2019-05-06T10:33:28+00:00","dateModified":"2019-05-06T10:41:12+00:00","breadcrumb":{"@id":"https:\/\/www.maresmefilmfestival.com\/es\/jurado-2019\/jordi-frades\/#breadcrumb"},"inLanguage":"es","potentialAction":[{"@type":"ReadAction","target":["https:\/\/www.maresmefilmfestival.com\/es\/jurado-2019\/jordi-frades\/"]}]},{"@type":"BreadcrumbList","@id":"https:\/\/www.maresmefilmfestival.com\/es\/jurado-2019\/jordi-frades\/#breadcrumb","itemListElement":[{"@type":"ListItem","position":1,"name":"Portada","item":"https:\/\/www.maresmefilmfestival.com\/es\/"},{"@type":"ListItem","position":2,"name":"Jurado 2019","item":"https:\/\/www.maresmefilmfestival.com\/es\/jurado-2019\/"},{"@type":"ListItem","position":3,"name":"Jordi Frades"}]},{"@type":"WebSite","@id":"https:\/\/www.maresmefilmfestival.com\/es\/#website","url":"https:\/\/www.maresmefilmfestival.com\/es\/","name":"Calella Film Festival","description":"Festival de Cinema","potentialAction":[{"@type":"SearchAction","target":{"@type":"EntryPoint","urlTemplate":"https:\/\/www.maresmefilmfestival.com\/es\/?s={search_term_string}"},"query-input":{"@type":"PropertyValueSpecification","valueRequired":true,"valueName":"search_term_string"}}],"inLanguage":"es"}]}},"_links":{"self":[{"href":"https:\/\/www.maresmefilmfestival.com\/es\/wp-json\/wp\/v2\/pages\/7070","targetHints":{"allow":["GET"]}}],"collection":[{"href":"https:\/\/www.maresmefilmfestival.com\/es\/wp-json\/wp\/v2\/pages"}],"about":[{"href":"https:\/\/www.maresmefilmfestival.com\/es\/wp-json\/wp\/v2\/types\/page"}],"author":[{"embeddable":true,"href":"https:\/\/www.maresmefilmfestival.com\/es\/wp-json\/wp\/v2\/users\/1"}],"replies":[{"embeddable":true,"href":"https:\/\/www.maresmefilmfestival.com\/es\/wp-json\/wp\/v2\/comments?post=7070"}],"version-history":[{"count":0,"href":"https:\/\/www.maresmefilmfestival.com\/es\/wp-json\/wp\/v2\/pages\/7070\/revisions"}],"up":[{"embeddable":true,"href":"https:\/\/www.maresmefilmfestival.com\/es\/wp-json\/wp\/v2\/pages\/7065"}],"wp:attachment":[{"href":"https:\/\/www.maresmefilmfestival.com\/es\/wp-json\/wp\/v2\/media?parent=7070"}],"curies":[{"name":"wp","href":"https:\/\/api.w.org\/{rel}","templated":true}]}}