{"id":6893,"date":"2019-04-11T12:01:14","date_gmt":"2019-04-11T11:01:14","guid":{"rendered":"http:\/\/www.maresmefilmfestival.com\/?page_id=6893"},"modified":"2026-02-27T11:19:24","modified_gmt":"2026-02-27T10:19:24","slug":"guion-cinematografico","status":"publish","type":"page","link":"https:\/\/www.maresmefilmfestival.com\/es\/concursos\/guion-cinematografico\/","title":{"rendered":"Gui\u00f3n Cinematogr\u00e1fico"},"content":{"rendered":"<div class=\"wpb-content-wrapper\"><p>[vc_row][vc_column width=\u00bb1\/2&#8243;][vc_text_separator title=\u00bbGui\u00f3n Cinematogr\u00e1fico\u00bb][\/vc_column][vc_column width=\u00bb1\/2&#8243;][\/vc_column][\/vc_row][vc_row][vc_column width=\u00bb1\/2&#8243;][vc_column_text]El Calella Film Festival, tiene como objetivo la difusi\u00f3n y promoci\u00f3n del cine, enfatizando especialmente en formar a las nuevas generaciones tanto en cultura cinematogr\u00e1fica como en conocimientos t\u00e9cnicos y creativos, con el fin de que puedan realizar en un futuro proyectos cinematogr\u00e1ficos por sus propios medios .<\/p>\n<p>Por ello se ha considerado crear esta nueva secci\u00f3n competitiva y contribuir a hacer conocer estas obras y <strong>premiar los mejores guiones de largometraje<\/strong> de entre todos los presentados.<\/p>\n<p>Adem\u00e1s tambi\u00e9n <strong>se premiar\u00e1 al mejor gui\u00f3n del Maresme<\/strong>, esta es una iniciativa que surge en colaboraci\u00f3n con el Consorcio de Promoci\u00f3n Tur\u00edstica del Maresme, para potenciar la participaci\u00f3n dentro del territorio.<\/p>\n<p>En este tipo de concursos de gui\u00f3n, se premia la escritura de gui\u00f3n. Se trata de ayudar a la realizaci\u00f3n de una obra desde el principio, incluso antes de convertirse en un proyecto.<\/p>\n<p>Representa un primer impulso para generar el proyecto y puede ser el primer paso para la posterior realizaci\u00f3n de un largometraje.[\/vc_column_text][\/vc_column][vc_column width=\u00bb1\/2&#8243;][vc_single_image image=\u00bb8381&#8243; img_size=\u00bbfull\u00bb onclick=\u00bbcustom_link\u00bb css=\u00bb\u00bb link=\u00bbhttps:\/\/www.maresmefilmfestival.com\/wp-content\/uploads\/2026\/02\/BASES-LEGALS_GUIO_ES_2026.pdf\u00bb][\/vc_column][\/vc_row]<\/p>\n<\/div>","protected":false},"excerpt":{"rendered":"<p>[vc_row][vc_column width=\u00bb1\/2&#8243;][vc_text_separator title=\u00bbGui\u00f3n Cinematogr\u00e1fico\u00bb][\/vc_column][vc_column width=\u00bb1\/2&#8243;][\/vc_column][\/vc_row][vc_row][vc_column width=\u00bb1\/2&#8243;][vc_column_text]El Calella Film Festival, tiene como objetivo la difusi\u00f3n y promoci\u00f3n del cine, enfatizando especialmente en formar a las nuevas generaciones tanto en cultura cinematogr\u00e1fica [&hellip;]<\/p>\n","protected":false},"author":1,"featured_media":6895,"parent":2381,"menu_order":0,"comment_status":"closed","ping_status":"closed","template":"","meta":{"footnotes":""},"class_list":["post-6893","page","type-page","status-publish","has-post-thumbnail","hentry"],"yoast_head":"<!-- This site is optimized with the Yoast SEO plugin v27.4 - https:\/\/yoast.com\/product\/yoast-seo-wordpress\/ -->\n<title>Gui\u00f3n Cinematogr\u00e1fico - Calella Film Festival<\/title>\n<meta name=\"robots\" content=\"index, follow, max-snippet:-1, max-image-preview:large, max-video-preview:-1\" \/>\n<link rel=\"canonical\" href=\"https:\/\/www.maresmefilmfestival.com\/es\/concursos\/guion-cinematografico\/\" \/>\n<meta property=\"og:locale\" content=\"es_ES\" \/>\n<meta property=\"og:type\" content=\"article\" \/>\n<meta property=\"og:title\" content=\"Gui\u00f3n Cinematogr\u00e1fico - Calella Film Festival\" \/>\n<meta property=\"og:description\" content=\"[vc_row][vc_column width=\u00bb1\/2&#8243;][vc_text_separator title=\u00bbGui\u00f3n Cinematogr\u00e1fico\u00bb][\/vc_column][vc_column width=\u00bb1\/2&#8243;][\/vc_column][\/vc_row][vc_row][vc_column width=\u00bb1\/2&#8243;][vc_column_text]El Calella Film Festival, tiene como objetivo la difusi\u00f3n y promoci\u00f3n del cine, enfatizando especialmente en formar a las nuevas generaciones tanto en cultura cinematogr\u00e1fica [&hellip;]\" \/>\n<meta property=\"og:url\" content=\"https:\/\/www.maresmefilmfestival.com\/es\/concursos\/guion-cinematografico\/\" \/>\n<meta property=\"og:site_name\" content=\"Calella Film Festival\" \/>\n<meta property=\"article:publisher\" content=\"https:\/\/www.facebook.com\/Festival-de-Cinema-de-Calella-536425489872034\/?ref=hl\" \/>\n<meta property=\"article:modified_time\" content=\"2026-02-27T10:19:24+00:00\" \/>\n<meta property=\"og:image\" content=\"https:\/\/www.maresmefilmfestival.com\/wp-content\/uploads\/2019\/04\/Disseny-Banner_Guio_ES.jpg\" \/>\n\t<meta property=\"og:image:width\" content=\"534\" \/>\n\t<meta property=\"og:image:height\" content=\"462\" \/>\n\t<meta property=\"og:image:type\" content=\"image\/jpeg\" \/>\n<meta name=\"twitter:card\" content=\"summary_large_image\" \/>\n<meta name=\"twitter:site\" content=\"@CalellaFilmFest\" \/>\n<meta name=\"twitter:label1\" content=\"Tiempo de lectura\" \/>\n\t<meta name=\"twitter:data1\" content=\"2 minutos\" \/>\n<script type=\"application\/ld+json\" class=\"yoast-schema-graph\">{\"@context\":\"https:\\\/\\\/schema.org\",\"@graph\":[{\"@type\":\"WebPage\",\"@id\":\"https:\\\/\\\/www.maresmefilmfestival.com\\\/es\\\/concursos\\\/guion-cinematografico\\\/\",\"url\":\"https:\\\/\\\/www.maresmefilmfestival.com\\\/es\\\/concursos\\\/guion-cinematografico\\\/\",\"name\":\"Gui\u00f3n Cinematogr\u00e1fico - Calella Film Festival\",\"isPartOf\":{\"@id\":\"https:\\\/\\\/www.maresmefilmfestival.com\\\/es\\\/#website\"},\"primaryImageOfPage\":{\"@id\":\"https:\\\/\\\/www.maresmefilmfestival.com\\\/es\\\/concursos\\\/guion-cinematografico\\\/#primaryimage\"},\"image\":{\"@id\":\"https:\\\/\\\/www.maresmefilmfestival.com\\\/es\\\/concursos\\\/guion-cinematografico\\\/#primaryimage\"},\"thumbnailUrl\":\"https:\\\/\\\/www.maresmefilmfestival.com\\\/wp-content\\\/uploads\\\/2019\\\/04\\\/Disseny-Banner_Guio_ES.jpg\",\"datePublished\":\"2019-04-11T11:01:14+00:00\",\"dateModified\":\"2026-02-27T10:19:24+00:00\",\"breadcrumb\":{\"@id\":\"https:\\\/\\\/www.maresmefilmfestival.com\\\/es\\\/concursos\\\/guion-cinematografico\\\/#breadcrumb\"},\"inLanguage\":\"es\",\"potentialAction\":[{\"@type\":\"ReadAction\",\"target\":[\"https:\\\/\\\/www.maresmefilmfestival.com\\\/es\\\/concursos\\\/guion-cinematografico\\\/\"]}]},{\"@type\":\"ImageObject\",\"inLanguage\":\"es\",\"@id\":\"https:\\\/\\\/www.maresmefilmfestival.com\\\/es\\\/concursos\\\/guion-cinematografico\\\/#primaryimage\",\"url\":\"https:\\\/\\\/www.maresmefilmfestival.com\\\/wp-content\\\/uploads\\\/2019\\\/04\\\/Disseny-Banner_Guio_ES.jpg\",\"contentUrl\":\"https:\\\/\\\/www.maresmefilmfestival.com\\\/wp-content\\\/uploads\\\/2019\\\/04\\\/Disseny-Banner_Guio_ES.jpg\",\"width\":534,\"height\":462,\"caption\":\"Concurso de Gui\u00f3n Cinematogr\u00e1fico Calella Film Festival 2019\"},{\"@type\":\"BreadcrumbList\",\"@id\":\"https:\\\/\\\/www.maresmefilmfestival.com\\\/es\\\/concursos\\\/guion-cinematografico\\\/#breadcrumb\",\"itemListElement\":[{\"@type\":\"ListItem\",\"position\":1,\"name\":\"Portada\",\"item\":\"https:\\\/\\\/www.maresmefilmfestival.com\\\/es\\\/\"},{\"@type\":\"ListItem\",\"position\":2,\"name\":\"CONCURSOS\",\"item\":\"https:\\\/\\\/www.maresmefilmfestival.com\\\/es\\\/concursos\\\/\"},{\"@type\":\"ListItem\",\"position\":3,\"name\":\"Gui\u00f3n Cinematogr\u00e1fico\"}]},{\"@type\":\"WebSite\",\"@id\":\"https:\\\/\\\/www.maresmefilmfestival.com\\\/es\\\/#website\",\"url\":\"https:\\\/\\\/www.maresmefilmfestival.com\\\/es\\\/\",\"name\":\"Calella Film Festival\",\"description\":\"Festival de Cinema\",\"potentialAction\":[{\"@type\":\"SearchAction\",\"target\":{\"@type\":\"EntryPoint\",\"urlTemplate\":\"https:\\\/\\\/www.maresmefilmfestival.com\\\/es\\\/?s={search_term_string}\"},\"query-input\":{\"@type\":\"PropertyValueSpecification\",\"valueRequired\":true,\"valueName\":\"search_term_string\"}}],\"inLanguage\":\"es\"}]}<\/script>\n<!-- \/ Yoast SEO plugin. -->","yoast_head_json":{"title":"Gui\u00f3n Cinematogr\u00e1fico - Calella Film Festival","robots":{"index":"index","follow":"follow","max-snippet":"max-snippet:-1","max-image-preview":"max-image-preview:large","max-video-preview":"max-video-preview:-1"},"canonical":"https:\/\/www.maresmefilmfestival.com\/es\/concursos\/guion-cinematografico\/","og_locale":"es_ES","og_type":"article","og_title":"Gui\u00f3n Cinematogr\u00e1fico - Calella Film Festival","og_description":"[vc_row][vc_column width=\u00bb1\/2&#8243;][vc_text_separator title=\u00bbGui\u00f3n Cinematogr\u00e1fico\u00bb][\/vc_column][vc_column width=\u00bb1\/2&#8243;][\/vc_column][\/vc_row][vc_row][vc_column width=\u00bb1\/2&#8243;][vc_column_text]El Calella Film Festival, tiene como objetivo la difusi\u00f3n y promoci\u00f3n del cine, enfatizando especialmente en formar a las nuevas generaciones tanto en cultura cinematogr\u00e1fica [&hellip;]","og_url":"https:\/\/www.maresmefilmfestival.com\/es\/concursos\/guion-cinematografico\/","og_site_name":"Calella Film Festival","article_publisher":"https:\/\/www.facebook.com\/Festival-de-Cinema-de-Calella-536425489872034\/?ref=hl","article_modified_time":"2026-02-27T10:19:24+00:00","og_image":[{"width":534,"height":462,"url":"https:\/\/www.maresmefilmfestival.com\/wp-content\/uploads\/2019\/04\/Disseny-Banner_Guio_ES.jpg","type":"image\/jpeg"}],"twitter_card":"summary_large_image","twitter_site":"@CalellaFilmFest","twitter_misc":{"Tiempo de lectura":"2 minutos"},"schema":{"@context":"https:\/\/schema.org","@graph":[{"@type":"WebPage","@id":"https:\/\/www.maresmefilmfestival.com\/es\/concursos\/guion-cinematografico\/","url":"https:\/\/www.maresmefilmfestival.com\/es\/concursos\/guion-cinematografico\/","name":"Gui\u00f3n Cinematogr\u00e1fico - Calella Film Festival","isPartOf":{"@id":"https:\/\/www.maresmefilmfestival.com\/es\/#website"},"primaryImageOfPage":{"@id":"https:\/\/www.maresmefilmfestival.com\/es\/concursos\/guion-cinematografico\/#primaryimage"},"image":{"@id":"https:\/\/www.maresmefilmfestival.com\/es\/concursos\/guion-cinematografico\/#primaryimage"},"thumbnailUrl":"https:\/\/www.maresmefilmfestival.com\/wp-content\/uploads\/2019\/04\/Disseny-Banner_Guio_ES.jpg","datePublished":"2019-04-11T11:01:14+00:00","dateModified":"2026-02-27T10:19:24+00:00","breadcrumb":{"@id":"https:\/\/www.maresmefilmfestival.com\/es\/concursos\/guion-cinematografico\/#breadcrumb"},"inLanguage":"es","potentialAction":[{"@type":"ReadAction","target":["https:\/\/www.maresmefilmfestival.com\/es\/concursos\/guion-cinematografico\/"]}]},{"@type":"ImageObject","inLanguage":"es","@id":"https:\/\/www.maresmefilmfestival.com\/es\/concursos\/guion-cinematografico\/#primaryimage","url":"https:\/\/www.maresmefilmfestival.com\/wp-content\/uploads\/2019\/04\/Disseny-Banner_Guio_ES.jpg","contentUrl":"https:\/\/www.maresmefilmfestival.com\/wp-content\/uploads\/2019\/04\/Disseny-Banner_Guio_ES.jpg","width":534,"height":462,"caption":"Concurso de Gui\u00f3n Cinematogr\u00e1fico Calella Film Festival 2019"},{"@type":"BreadcrumbList","@id":"https:\/\/www.maresmefilmfestival.com\/es\/concursos\/guion-cinematografico\/#breadcrumb","itemListElement":[{"@type":"ListItem","position":1,"name":"Portada","item":"https:\/\/www.maresmefilmfestival.com\/es\/"},{"@type":"ListItem","position":2,"name":"CONCURSOS","item":"https:\/\/www.maresmefilmfestival.com\/es\/concursos\/"},{"@type":"ListItem","position":3,"name":"Gui\u00f3n Cinematogr\u00e1fico"}]},{"@type":"WebSite","@id":"https:\/\/www.maresmefilmfestival.com\/es\/#website","url":"https:\/\/www.maresmefilmfestival.com\/es\/","name":"Calella Film Festival","description":"Festival de Cinema","potentialAction":[{"@type":"SearchAction","target":{"@type":"EntryPoint","urlTemplate":"https:\/\/www.maresmefilmfestival.com\/es\/?s={search_term_string}"},"query-input":{"@type":"PropertyValueSpecification","valueRequired":true,"valueName":"search_term_string"}}],"inLanguage":"es"}]}},"_links":{"self":[{"href":"https:\/\/www.maresmefilmfestival.com\/es\/wp-json\/wp\/v2\/pages\/6893","targetHints":{"allow":["GET"]}}],"collection":[{"href":"https:\/\/www.maresmefilmfestival.com\/es\/wp-json\/wp\/v2\/pages"}],"about":[{"href":"https:\/\/www.maresmefilmfestival.com\/es\/wp-json\/wp\/v2\/types\/page"}],"author":[{"embeddable":true,"href":"https:\/\/www.maresmefilmfestival.com\/es\/wp-json\/wp\/v2\/users\/1"}],"replies":[{"embeddable":true,"href":"https:\/\/www.maresmefilmfestival.com\/es\/wp-json\/wp\/v2\/comments?post=6893"}],"version-history":[{"count":0,"href":"https:\/\/www.maresmefilmfestival.com\/es\/wp-json\/wp\/v2\/pages\/6893\/revisions"}],"up":[{"embeddable":true,"href":"https:\/\/www.maresmefilmfestival.com\/es\/wp-json\/wp\/v2\/pages\/2381"}],"wp:featuredmedia":[{"embeddable":true,"href":"https:\/\/www.maresmefilmfestival.com\/es\/wp-json\/wp\/v2\/media\/6895"}],"wp:attachment":[{"href":"https:\/\/www.maresmefilmfestival.com\/es\/wp-json\/wp\/v2\/media?parent=6893"}],"curies":[{"name":"wp","href":"https:\/\/api.w.org\/{rel}","templated":true}]}}