{"id":5483,"date":"2018-07-04T09:58:21","date_gmt":"2018-07-04T08:58:21","guid":{"rendered":"http:\/\/www.maresmefilmfestival.com\/?page_id=5483"},"modified":"2018-07-04T09:58:21","modified_gmt":"2018-07-04T08:58:21","slug":"palmares-2018","status":"publish","type":"page","link":"https:\/\/www.maresmefilmfestival.com\/es\/archivo\/palmares-2018\/","title":{"rendered":"Palmar\u00e9s 2018"},"content":{"rendered":"<div class=\"wpb-content-wrapper\"><p>[vc_row][vc_column][vc_single_image image=\u00bb5452&#8243; img_size=\u00bbfull\u00bb alignment=\u00bbcenter\u00bb][vc_column_text]<\/p>\n<h1 style=\"text-align: center;\"><span style=\"color: #d3ab1d;\"><strong>Secci\u00f3n oficial Largometrajes Low Budget Films<\/strong><\/span><\/h1>\n<p>[\/vc_column_text][vc_text_separator title=\u00bbPel\u00edculas\u00bb][\/vc_column][\/vc_row][vc_row][vc_column width=\u00bb1\/3&#8243;][vc_column_text]<strong>Mejor pel\u00edcula<br \/>\n<\/strong>\u00ab<a href=\"https:\/\/www.maresmefilmfestival.com\/es\/dad-is-pretty\/\">DAD IS PRETTY<\/a>\u00bb de <em>Soo-min Park<\/em>[\/vc_column_text][vc_column_text]<strong>Mejor Director<br \/>\n<\/strong><em>David Sousa<\/em> por \u00ab<a href=\"https:\/\/www.maresmefilmfestival.com\/es\/re-evolution\/\">RE-EVOLUTION<\/a>\u00ab[\/vc_column_text][\/vc_column][vc_column width=\u00bb1\/3\u00bb][vc_column_text]<strong>Mejor gui\u00f3n<br \/>\n<\/strong>\u00ab<a href=\"https:\/\/www.maresmefilmfestival.com\/es\/abrazame-como-antes\/\">ABR\u00c1ZAME COMO ANTES<\/a>\u00bb de Jurgen Ure\u00f1a[\/vc_column_text][vc_column_text]<strong>Mejores actrices<br \/>\n<\/strong><em>Virgina de Morata <\/em>por \u00ab<a href=\"https:\/\/www.maresmefilmfestival.com\/es\/resort-paraiso\/\">RESORT PARAISO<\/a>\u00ab<em>\u00a0y Jimena Franco <\/em>por \u00ab<a href=\"https:\/\/www.maresmefilmfestival.com\/es\/abrazame-como-antes\/\">ABR\u00c1ZAME COMO ANTES<\/a>\u00ab[\/vc_column_text][\/vc_column][vc_column width=\u00bb1\/3\u00bb][vc_column_text]<strong>Mejor actor<br \/>\n<\/strong><em>Myung-Guk Kim <\/em>por \u00ab<a href=\"https:\/\/www.maresmefilmfestival.com\/es\/dad-is-pretty\/\">DAD IS PRETTY<\/a>\u00ab<em>\u00a0<\/em>[\/vc_column_text][\/vc_column][\/vc_row][vc_row][vc_column][vc_empty_space height=\u00bb50px\u00bb][vc_column_text]<\/p>\n<h1 style=\"text-align: center;\"><span style=\"color: #d3ab1d;\"><strong>Secci\u00f3n oficial Largometrajes Creative Rosebud Awards<\/strong><\/span><\/h1>\n<p>[\/vc_column_text][vc_text_separator title=\u00bbPel\u00edculas\u00bb][\/vc_column][\/vc_row][vc_row][vc_column width=\u00bb1\/3&#8243;][vc_column_text]<strong>Mejor pel\u00edcula<br \/>\n<\/strong>\u00ab<a href=\"https:\/\/www.maresmefilmfestival.com\/es\/errementari\/\">ERREMENTARI<\/a>\u00bb de Paul Urkijo[\/vc_column_text][vc_column_text]<strong>Mejor director<br \/>\n<\/strong><em>Mariana Palka<\/em> por \u00ab<a href=\"https:\/\/www.maresmefilmfestival.com\/es\/bitch\/\">BITCH<\/a>\u00ab[\/vc_column_text][\/vc_column][vc_column width=\u00bb1\/3\u00bb][vc_column_text]<strong>Mejor gui\u00f3n<br \/>\n<\/strong>\u00ab<a href=\"https:\/\/www.maresmefilmfestival.com\/es\/dave-made-a-maze\/\">DAVE MADE A MAZE<\/a>\u00bb de Steven Sears y Bill Watterson[\/vc_column_text][vc_column_text]<strong>Mejor actriz<br \/>\n<\/strong><em>Itziar Castro\u00a0<\/em>por \u00ab<a href=\"https:\/\/www.maresmefilmfestival.com\/es\/matar-a-dios\/\">MATAR A DIOS<\/a>\u00ab<em>\u00a0<\/em>[\/vc_column_text][\/vc_column][vc_column width=\u00bb1\/3&#8243;][vc_column_text]<strong>Mejores actores<br \/>\n<\/strong><em>Jason Ritter\u00a0<\/em>por \u00ab<a href=\"https:\/\/www.maresmefilmfestival.com\/es\/bitch\/\">BITCH<\/a>\u00ab<em>\u00a0y Eduardo Antu\u00f1a <\/em>por \u00ab<a href=\"https:\/\/www.maresmefilmfestival.com\/es\/matar-a-dios\/\">MATAR A DIOS<\/a>\u00ab[\/vc_column_text][vc_column_text]<strong>Premio del P\u00fablico<br \/>\n<\/strong>\u00ab<a href=\"https:\/\/www.maresmefilmfestival.com\/es\/nick\/\">NICK<\/a>\u00bb <i>de\u00a0Jos\u00e9 Pozo<\/i>[\/vc_column_text][\/vc_column][\/vc_row][vc_row][vc_column][vc_column_text]<\/p>\n<h1 style=\"text-align: center;\"><span style=\"color: #d3ab1d;\"><strong>Secci\u00f3n oficial Cortometrajes L\u00edmit 48h m\u00e1s<\/strong><\/span><\/h1>\n<p>[\/vc_column_text][vc_text_separator title=\u00bbCortometrajes\u00bb][\/vc_column][\/vc_row][vc_row][vc_column width=\u00bb1\/3&#8243;][vc_column_text]<strong>Mejor cortometraje categor\u00eda adulto<br \/>\n<\/strong>\u00abAixeca&#8217;t\u00bb de Francesc Gallego<\/p>\n<p><strong>Mejor cortometraje categor\u00eda infantil<br \/>\n<\/strong>\u00abAdam i Eva\u00bb de Carla[\/vc_column_text][\/vc_column][vc_column width=\u00bb1\/3&#8243;][vc_column_text]<strong>Mejor gui\u00f3n infantil<br \/>\n<\/strong>\u00abEducant al meu pare\u00bb de <em>Gen\u00eds, Celia y Quim<\/em><\/p>\n<p><strong>Mejor director infantil<br \/>\n<\/strong>J\u00falia por \u00abLes Dones\u00bb[\/vc_column_text][\/vc_column][vc_column width=\u00bb1\/3\u00bb][vc_column_text]<strong>Mejor actor infantil<br \/>\n<\/strong>Protagonista de \u00abBlack and White\u00bb<\/p>\n<p><strong>Mejor actriz infantil<br \/>\n<\/strong><em>Carla<\/em> por \u00abAdam i Eva\u00bb[\/vc_column_text][\/vc_column][\/vc_row]<\/p>\n<\/div>","protected":false},"excerpt":{"rendered":"<p>[vc_row][vc_column][vc_single_image image=\u00bb5452&#8243; img_size=\u00bbfull\u00bb alignment=\u00bbcenter\u00bb][vc_column_text] Secci\u00f3n oficial Largometrajes Low Budget Films [\/vc_column_text][vc_text_separator title=\u00bbPel\u00edculas\u00bb][\/vc_column][\/vc_row][vc_row][vc_column width=\u00bb1\/3&#8243;][vc_column_text]Mejor pel\u00edcula \u00abDAD IS PRETTY\u00bb de Soo-min Park[\/vc_column_text][vc_column_text]Mejor Director David Sousa por \u00abRE-EVOLUTION\u00ab[\/vc_column_text][\/vc_column][vc_column width=\u00bb1\/3\u00bb][vc_column_text]Mejor gui\u00f3n \u00abABR\u00c1ZAME COMO ANTES\u00bb [&hellip;]<\/p>\n","protected":false},"author":1,"featured_media":5452,"parent":2161,"menu_order":0,"comment_status":"closed","ping_status":"closed","template":"","meta":{"footnotes":""},"class_list":["post-5483","page","type-page","status-publish","has-post-thumbnail","hentry"],"yoast_head":"<!-- This site is optimized with the Yoast SEO plugin v27.3 - https:\/\/yoast.com\/product\/yoast-seo-wordpress\/ -->\n<title>Palmar\u00e9s 2018 - Calella Film Festival<\/title>\n<meta name=\"robots\" content=\"index, follow, max-snippet:-1, max-image-preview:large, max-video-preview:-1\" \/>\n<link rel=\"canonical\" href=\"https:\/\/www.maresmefilmfestival.com\/es\/archivo\/palmares-2018\/\" \/>\n<meta property=\"og:locale\" content=\"es_ES\" \/>\n<meta property=\"og:type\" content=\"article\" \/>\n<meta property=\"og:title\" content=\"Palmar\u00e9s 2018 - Calella Film Festival\" \/>\n<meta property=\"og:description\" content=\"[vc_row][vc_column][vc_single_image image=\u00bb5452&#8243; img_size=\u00bbfull\u00bb alignment=\u00bbcenter\u00bb][vc_column_text] Secci\u00f3n oficial Largometrajes Low Budget Films [\/vc_column_text][vc_text_separator title=\u00bbPel\u00edculas\u00bb][\/vc_column][\/vc_row][vc_row][vc_column width=\u00bb1\/3&#8243;][vc_column_text]Mejor pel\u00edcula \u00abDAD IS PRETTY\u00bb de Soo-min Park[\/vc_column_text][vc_column_text]Mejor Director David Sousa por \u00abRE-EVOLUTION\u00ab[\/vc_column_text][\/vc_column][vc_column width=\u00bb1\/3\u00bb][vc_column_text]Mejor gui\u00f3n \u00abABR\u00c1ZAME COMO ANTES\u00bb [&hellip;]\" \/>\n<meta property=\"og:url\" content=\"https:\/\/www.maresmefilmfestival.com\/es\/archivo\/palmares-2018\/\" \/>\n<meta property=\"og:site_name\" content=\"Calella Film Festival\" \/>\n<meta property=\"article:publisher\" content=\"https:\/\/www.facebook.com\/Festival-de-Cinema-de-Calella-536425489872034\/?ref=hl\" \/>\n<meta property=\"og:image\" content=\"https:\/\/www.maresmefilmfestival.com\/wp-content\/uploads\/2018\/07\/FotoPremiatsGalaCloenda.png\" \/>\n\t<meta property=\"og:image:width\" content=\"696\" \/>\n\t<meta property=\"og:image:height\" content=\"330\" \/>\n\t<meta property=\"og:image:type\" content=\"image\/png\" \/>\n<meta name=\"twitter:card\" content=\"summary_large_image\" \/>\n<meta name=\"twitter:site\" content=\"@CalellaFilmFest\" \/>\n<meta name=\"twitter:label1\" content=\"Tiempo de lectura\" \/>\n\t<meta name=\"twitter:data1\" content=\"2 minutos\" \/>\n<script type=\"application\/ld+json\" class=\"yoast-schema-graph\">{\"@context\":\"https:\\\/\\\/schema.org\",\"@graph\":[{\"@type\":\"WebPage\",\"@id\":\"https:\\\/\\\/www.maresmefilmfestival.com\\\/es\\\/archivo\\\/palmares-2018\\\/\",\"url\":\"https:\\\/\\\/www.maresmefilmfestival.com\\\/es\\\/archivo\\\/palmares-2018\\\/\",\"name\":\"Palmar\u00e9s 2018 - Calella Film Festival\",\"isPartOf\":{\"@id\":\"https:\\\/\\\/www.maresmefilmfestival.com\\\/es\\\/#website\"},\"primaryImageOfPage\":{\"@id\":\"https:\\\/\\\/www.maresmefilmfestival.com\\\/es\\\/archivo\\\/palmares-2018\\\/#primaryimage\"},\"image\":{\"@id\":\"https:\\\/\\\/www.maresmefilmfestival.com\\\/es\\\/archivo\\\/palmares-2018\\\/#primaryimage\"},\"thumbnailUrl\":\"https:\\\/\\\/www.maresmefilmfestival.com\\\/wp-content\\\/uploads\\\/2018\\\/07\\\/FotoPremiatsGalaCloenda.png\",\"datePublished\":\"2018-07-04T08:58:21+00:00\",\"breadcrumb\":{\"@id\":\"https:\\\/\\\/www.maresmefilmfestival.com\\\/es\\\/archivo\\\/palmares-2018\\\/#breadcrumb\"},\"inLanguage\":\"es\",\"potentialAction\":[{\"@type\":\"ReadAction\",\"target\":[\"https:\\\/\\\/www.maresmefilmfestival.com\\\/es\\\/archivo\\\/palmares-2018\\\/\"]}]},{\"@type\":\"ImageObject\",\"inLanguage\":\"es\",\"@id\":\"https:\\\/\\\/www.maresmefilmfestival.com\\\/es\\\/archivo\\\/palmares-2018\\\/#primaryimage\",\"url\":\"https:\\\/\\\/www.maresmefilmfestival.com\\\/wp-content\\\/uploads\\\/2018\\\/07\\\/FotoPremiatsGalaCloenda.png\",\"contentUrl\":\"https:\\\/\\\/www.maresmefilmfestival.com\\\/wp-content\\\/uploads\\\/2018\\\/07\\\/FotoPremiatsGalaCloenda.png\",\"width\":696,\"height\":330},{\"@type\":\"BreadcrumbList\",\"@id\":\"https:\\\/\\\/www.maresmefilmfestival.com\\\/es\\\/archivo\\\/palmares-2018\\\/#breadcrumb\",\"itemListElement\":[{\"@type\":\"ListItem\",\"position\":1,\"name\":\"Portada\",\"item\":\"https:\\\/\\\/www.maresmefilmfestival.com\\\/es\\\/\"},{\"@type\":\"ListItem\",\"position\":2,\"name\":\"Archivo\",\"item\":\"https:\\\/\\\/www.maresmefilmfestival.com\\\/es\\\/archivo\\\/\"},{\"@type\":\"ListItem\",\"position\":3,\"name\":\"Palmar\u00e9s 2018\"}]},{\"@type\":\"WebSite\",\"@id\":\"https:\\\/\\\/www.maresmefilmfestival.com\\\/es\\\/#website\",\"url\":\"https:\\\/\\\/www.maresmefilmfestival.com\\\/es\\\/\",\"name\":\"Calella Film Festival\",\"description\":\"Festival de Cinema\",\"potentialAction\":[{\"@type\":\"SearchAction\",\"target\":{\"@type\":\"EntryPoint\",\"urlTemplate\":\"https:\\\/\\\/www.maresmefilmfestival.com\\\/es\\\/?s={search_term_string}\"},\"query-input\":{\"@type\":\"PropertyValueSpecification\",\"valueRequired\":true,\"valueName\":\"search_term_string\"}}],\"inLanguage\":\"es\"}]}<\/script>\n<!-- \/ Yoast SEO plugin. -->","yoast_head_json":{"title":"Palmar\u00e9s 2018 - Calella Film Festival","robots":{"index":"index","follow":"follow","max-snippet":"max-snippet:-1","max-image-preview":"max-image-preview:large","max-video-preview":"max-video-preview:-1"},"canonical":"https:\/\/www.maresmefilmfestival.com\/es\/archivo\/palmares-2018\/","og_locale":"es_ES","og_type":"article","og_title":"Palmar\u00e9s 2018 - Calella Film Festival","og_description":"[vc_row][vc_column][vc_single_image image=\u00bb5452&#8243; img_size=\u00bbfull\u00bb alignment=\u00bbcenter\u00bb][vc_column_text] Secci\u00f3n oficial Largometrajes Low Budget Films [\/vc_column_text][vc_text_separator title=\u00bbPel\u00edculas\u00bb][\/vc_column][\/vc_row][vc_row][vc_column width=\u00bb1\/3&#8243;][vc_column_text]Mejor pel\u00edcula \u00abDAD IS PRETTY\u00bb de Soo-min Park[\/vc_column_text][vc_column_text]Mejor Director David Sousa por \u00abRE-EVOLUTION\u00ab[\/vc_column_text][\/vc_column][vc_column width=\u00bb1\/3\u00bb][vc_column_text]Mejor gui\u00f3n \u00abABR\u00c1ZAME COMO ANTES\u00bb [&hellip;]","og_url":"https:\/\/www.maresmefilmfestival.com\/es\/archivo\/palmares-2018\/","og_site_name":"Calella Film Festival","article_publisher":"https:\/\/www.facebook.com\/Festival-de-Cinema-de-Calella-536425489872034\/?ref=hl","og_image":[{"width":696,"height":330,"url":"https:\/\/www.maresmefilmfestival.com\/wp-content\/uploads\/2018\/07\/FotoPremiatsGalaCloenda.png","type":"image\/png"}],"twitter_card":"summary_large_image","twitter_site":"@CalellaFilmFest","twitter_misc":{"Tiempo de lectura":"2 minutos"},"schema":{"@context":"https:\/\/schema.org","@graph":[{"@type":"WebPage","@id":"https:\/\/www.maresmefilmfestival.com\/es\/archivo\/palmares-2018\/","url":"https:\/\/www.maresmefilmfestival.com\/es\/archivo\/palmares-2018\/","name":"Palmar\u00e9s 2018 - Calella Film Festival","isPartOf":{"@id":"https:\/\/www.maresmefilmfestival.com\/es\/#website"},"primaryImageOfPage":{"@id":"https:\/\/www.maresmefilmfestival.com\/es\/archivo\/palmares-2018\/#primaryimage"},"image":{"@id":"https:\/\/www.maresmefilmfestival.com\/es\/archivo\/palmares-2018\/#primaryimage"},"thumbnailUrl":"https:\/\/www.maresmefilmfestival.com\/wp-content\/uploads\/2018\/07\/FotoPremiatsGalaCloenda.png","datePublished":"2018-07-04T08:58:21+00:00","breadcrumb":{"@id":"https:\/\/www.maresmefilmfestival.com\/es\/archivo\/palmares-2018\/#breadcrumb"},"inLanguage":"es","potentialAction":[{"@type":"ReadAction","target":["https:\/\/www.maresmefilmfestival.com\/es\/archivo\/palmares-2018\/"]}]},{"@type":"ImageObject","inLanguage":"es","@id":"https:\/\/www.maresmefilmfestival.com\/es\/archivo\/palmares-2018\/#primaryimage","url":"https:\/\/www.maresmefilmfestival.com\/wp-content\/uploads\/2018\/07\/FotoPremiatsGalaCloenda.png","contentUrl":"https:\/\/www.maresmefilmfestival.com\/wp-content\/uploads\/2018\/07\/FotoPremiatsGalaCloenda.png","width":696,"height":330},{"@type":"BreadcrumbList","@id":"https:\/\/www.maresmefilmfestival.com\/es\/archivo\/palmares-2018\/#breadcrumb","itemListElement":[{"@type":"ListItem","position":1,"name":"Portada","item":"https:\/\/www.maresmefilmfestival.com\/es\/"},{"@type":"ListItem","position":2,"name":"Archivo","item":"https:\/\/www.maresmefilmfestival.com\/es\/archivo\/"},{"@type":"ListItem","position":3,"name":"Palmar\u00e9s 2018"}]},{"@type":"WebSite","@id":"https:\/\/www.maresmefilmfestival.com\/es\/#website","url":"https:\/\/www.maresmefilmfestival.com\/es\/","name":"Calella Film Festival","description":"Festival de Cinema","potentialAction":[{"@type":"SearchAction","target":{"@type":"EntryPoint","urlTemplate":"https:\/\/www.maresmefilmfestival.com\/es\/?s={search_term_string}"},"query-input":{"@type":"PropertyValueSpecification","valueRequired":true,"valueName":"search_term_string"}}],"inLanguage":"es"}]}},"_links":{"self":[{"href":"https:\/\/www.maresmefilmfestival.com\/es\/wp-json\/wp\/v2\/pages\/5483","targetHints":{"allow":["GET"]}}],"collection":[{"href":"https:\/\/www.maresmefilmfestival.com\/es\/wp-json\/wp\/v2\/pages"}],"about":[{"href":"https:\/\/www.maresmefilmfestival.com\/es\/wp-json\/wp\/v2\/types\/page"}],"author":[{"embeddable":true,"href":"https:\/\/www.maresmefilmfestival.com\/es\/wp-json\/wp\/v2\/users\/1"}],"replies":[{"embeddable":true,"href":"https:\/\/www.maresmefilmfestival.com\/es\/wp-json\/wp\/v2\/comments?post=5483"}],"version-history":[{"count":0,"href":"https:\/\/www.maresmefilmfestival.com\/es\/wp-json\/wp\/v2\/pages\/5483\/revisions"}],"up":[{"embeddable":true,"href":"https:\/\/www.maresmefilmfestival.com\/es\/wp-json\/wp\/v2\/pages\/2161"}],"wp:featuredmedia":[{"embeddable":true,"href":"https:\/\/www.maresmefilmfestival.com\/es\/wp-json\/wp\/v2\/media\/5452"}],"wp:attachment":[{"href":"https:\/\/www.maresmefilmfestival.com\/es\/wp-json\/wp\/v2\/media?parent=5483"}],"curies":[{"name":"wp","href":"https:\/\/api.w.org\/{rel}","templated":true}]}}