{"id":5060,"date":"2018-05-28T09:16:08","date_gmt":"2018-05-28T08:16:08","guid":{"rendered":"http:\/\/www.maresmefilmfestival.com\/?page_id=5060"},"modified":"2018-05-28T09:16:08","modified_gmt":"2018-05-28T08:16:08","slug":"mireia-aixala","status":"publish","type":"page","link":"https:\/\/www.maresmefilmfestival.com\/es\/el-festival\/jurado\/mireia-aixala\/","title":{"rendered":"Mireia Aixal\u00e0"},"content":{"rendered":"<div class=\"wpb-content-wrapper\"><p>[vc_row][vc_column][vc_column_text]<br \/>\n[\/vc_column_text][vc_single_image image=\u00bb4986&#8243; img_size=\u00bbfull\u00bb][vc_column_text]<\/p>\n<h3 style=\"text-align: justify;\"><strong><span style=\"color: #d3ab1d;\">Mireia Aixal\u00e0<\/span><\/strong><\/h3>\n<p style=\"text-align: justify;\"><strong>Actriz<\/strong><\/p>\n<p style=\"text-align: justify;\">Estudi\u00f3 arte dram\u00e1tico en el Instituto del Teatro de Barcelona, y debut\u00f3 en el teatro en 1997. Tambi\u00e9n ha trabajado en cine y televisi\u00f3n, as\u00ed como en lecturas teatrealitzades y como actriz de doblaje. En 2013 gan\u00f3 el Premio Ercilla a mejor actriz revelaci\u00f3n.<\/p>\n<h4 style=\"text-align: justify;\"><strong><span style=\"color: #d3ab1d;\">Televisi\u00f3n<\/span><\/strong><\/h4>\n<p class=\"p1\">La Rosa (1995 -1996)<br \/>\nLa mem\u00f2ria dels Cargols (1999)<br \/>\nDes del balc\u00f3 (2000)<br \/>\nTemps de Silenci (2001)<br \/>\nPsico express (2001)<br \/>\nLo Cartany\u00e0 (2005-2007)<br \/>\nInfidels (2009)<br \/>\nLa Sagrada Fam\u00edlia (2010)<br \/>\nKubala, Moreno i Manch\u00f3n (2011)<br \/>\nCentro M\u00e9dico (2018)<\/p>\n<h4 style=\"text-align: justify;\"><strong><span style=\"color: #d3ab1d;\">Cine<\/span><\/strong><\/h4>\n<p>Laia, el regal d&#8217;aniversari (1995), de Jordi Frades<br \/>\nL&#8217;orquestra de les estrelles (2001), de Eduard Cort\u00e9s<br \/>\nPresumptes implicats (2007), de Enric Folch<br \/>\nXtrems (2009), de Abel Folk<\/p>\n<h4 style=\"text-align: justify;\"><strong><span style=\"color: #d3ab1d;\">Teatro<\/span><\/strong><\/h4>\n<p>Mala sang (1997), direcci\u00f3n de David Plana<br \/>\nWoyzeck (2001), direcci\u00f3n de \u00c0lex Rigola<br \/>\nV\u00edctor o els nens al poder (2002), direcci\u00f3n de Joan Oll\u00e9<br \/>\nJuli C\u00e8sar (2002), direcci\u00f3n de \u00c0lex Rigola<br \/>\nEl caf\u00e8 de la Marina (2003), direcci\u00f3n de Rafel Duran<br \/>\nTemptaci\u00f3 (2004), direcci\u00f3n de Rafel Duran<br \/>\nEl club de les palles (2004), de Albert Espinosa y direcci\u00f3n de Toni Casares<br \/>\nVides privades (2004), direcci\u00f3n de Paco Mir<br \/>\nPASOLINI: who is p? (2005), direcci\u00f3n de David Selvas<br \/>\n\u00d2scar, una maleta, dues maletes, tres maletes (2007), direcci\u00f3n d&#8217;Abel Folk<br \/>\nLa forma de les coses (2008), de Neil LaBute y direcci\u00f3n de Julio Manrique<br \/>\nEl \u00e1ngel exterminador (2008), direcci\u00f3n de Joan Oll\u00e9 a partir de la pel\u00edcula hom\u00f3nima de Luis Bu\u00f1uel<br \/>\nNom\u00e9s sexe (2008)<br \/>\nProduct (2009), direcci\u00f3n de Julio Manrique<br \/>\nTres dones i un llop (2010), direcci\u00f3n de Carol L\u00f3pez<br \/>\nQui t\u00e9 por de Virginia Woolf? (2011 &#8211; 2012), direcci\u00f3n de Daniel Veronese<br \/>\n\u00c0lies Gospodin (2013), direcci\u00f3n de Mois\u00e8s Maicas<br \/>\nLa autora de las Meninas (2017) direcci\u00f3n de Ernesto Caballero.[\/vc_column_text][\/vc_column][\/vc_row]<\/p>\n<\/div>","protected":false},"excerpt":{"rendered":"<p>[vc_row][vc_column][vc_column_text] [\/vc_column_text][vc_single_image image=\u00bb4986&#8243; img_size=\u00bbfull\u00bb][vc_column_text] Mireia Aixal\u00e0 Actriz Estudi\u00f3 arte dram\u00e1tico en el Instituto del Teatro de Barcelona, y debut\u00f3 en el teatro en 1997. Tambi\u00e9n ha trabajado en cine y [&hellip;]<\/p>\n","protected":false},"author":1,"featured_media":0,"parent":1044,"menu_order":0,"comment_status":"closed","ping_status":"closed","template":"","meta":{"footnotes":""},"class_list":["post-5060","page","type-page","status-publish","hentry"],"yoast_head":"<!-- This site is optimized with the Yoast SEO plugin v27.4 - https:\/\/yoast.com\/product\/yoast-seo-wordpress\/ -->\n<title>Mireia Aixal\u00e0 - Calella Film Festival<\/title>\n<meta name=\"robots\" content=\"index, follow, max-snippet:-1, max-image-preview:large, max-video-preview:-1\" \/>\n<link rel=\"canonical\" href=\"https:\/\/www.maresmefilmfestival.com\/es\/el-festival\/jurado\/mireia-aixala\/\" \/>\n<meta property=\"og:locale\" content=\"es_ES\" \/>\n<meta property=\"og:type\" content=\"article\" \/>\n<meta property=\"og:title\" content=\"Mireia Aixal\u00e0 - Calella Film Festival\" \/>\n<meta property=\"og:description\" content=\"[vc_row][vc_column][vc_column_text] [\/vc_column_text][vc_single_image image=\u00bb4986&#8243; img_size=\u00bbfull\u00bb][vc_column_text] Mireia Aixal\u00e0 Actriz Estudi\u00f3 arte dram\u00e1tico en el Instituto del Teatro de Barcelona, y debut\u00f3 en el teatro en 1997. Tambi\u00e9n ha trabajado en cine y [&hellip;]\" \/>\n<meta property=\"og:url\" content=\"https:\/\/www.maresmefilmfestival.com\/es\/el-festival\/jurado\/mireia-aixala\/\" \/>\n<meta property=\"og:site_name\" content=\"Calella Film Festival\" \/>\n<meta property=\"article:publisher\" content=\"https:\/\/www.facebook.com\/Festival-de-Cinema-de-Calella-536425489872034\/?ref=hl\" \/>\n<meta name=\"twitter:card\" content=\"summary_large_image\" \/>\n<meta name=\"twitter:site\" content=\"@CalellaFilmFest\" \/>\n<meta name=\"twitter:label1\" content=\"Tiempo de lectura\" \/>\n\t<meta name=\"twitter:data1\" content=\"2 minutos\" \/>\n<script type=\"application\/ld+json\" class=\"yoast-schema-graph\">{\"@context\":\"https:\\\/\\\/schema.org\",\"@graph\":[{\"@type\":\"WebPage\",\"@id\":\"https:\\\/\\\/www.maresmefilmfestival.com\\\/es\\\/el-festival\\\/jurado\\\/mireia-aixala\\\/\",\"url\":\"https:\\\/\\\/www.maresmefilmfestival.com\\\/es\\\/el-festival\\\/jurado\\\/mireia-aixala\\\/\",\"name\":\"Mireia Aixal\u00e0 - Calella Film Festival\",\"isPartOf\":{\"@id\":\"https:\\\/\\\/www.maresmefilmfestival.com\\\/es\\\/#website\"},\"datePublished\":\"2018-05-28T08:16:08+00:00\",\"breadcrumb\":{\"@id\":\"https:\\\/\\\/www.maresmefilmfestival.com\\\/es\\\/el-festival\\\/jurado\\\/mireia-aixala\\\/#breadcrumb\"},\"inLanguage\":\"es\",\"potentialAction\":[{\"@type\":\"ReadAction\",\"target\":[\"https:\\\/\\\/www.maresmefilmfestival.com\\\/es\\\/el-festival\\\/jurado\\\/mireia-aixala\\\/\"]}]},{\"@type\":\"BreadcrumbList\",\"@id\":\"https:\\\/\\\/www.maresmefilmfestival.com\\\/es\\\/el-festival\\\/jurado\\\/mireia-aixala\\\/#breadcrumb\",\"itemListElement\":[{\"@type\":\"ListItem\",\"position\":1,\"name\":\"Portada\",\"item\":\"https:\\\/\\\/www.maresmefilmfestival.com\\\/es\\\/\"},{\"@type\":\"ListItem\",\"position\":2,\"name\":\"EL FESTIVAL\",\"item\":\"https:\\\/\\\/www.maresmefilmfestival.com\\\/es\\\/el-festival\\\/\"},{\"@type\":\"ListItem\",\"position\":3,\"name\":\"JURADO\",\"item\":\"https:\\\/\\\/www.maresmefilmfestival.com\\\/es\\\/el-festival\\\/jurado\\\/\"},{\"@type\":\"ListItem\",\"position\":4,\"name\":\"Mireia Aixal\u00e0\"}]},{\"@type\":\"WebSite\",\"@id\":\"https:\\\/\\\/www.maresmefilmfestival.com\\\/es\\\/#website\",\"url\":\"https:\\\/\\\/www.maresmefilmfestival.com\\\/es\\\/\",\"name\":\"Calella Film Festival\",\"description\":\"Festival de Cinema\",\"potentialAction\":[{\"@type\":\"SearchAction\",\"target\":{\"@type\":\"EntryPoint\",\"urlTemplate\":\"https:\\\/\\\/www.maresmefilmfestival.com\\\/es\\\/?s={search_term_string}\"},\"query-input\":{\"@type\":\"PropertyValueSpecification\",\"valueRequired\":true,\"valueName\":\"search_term_string\"}}],\"inLanguage\":\"es\"}]}<\/script>\n<!-- \/ Yoast SEO plugin. -->","yoast_head_json":{"title":"Mireia Aixal\u00e0 - Calella Film Festival","robots":{"index":"index","follow":"follow","max-snippet":"max-snippet:-1","max-image-preview":"max-image-preview:large","max-video-preview":"max-video-preview:-1"},"canonical":"https:\/\/www.maresmefilmfestival.com\/es\/el-festival\/jurado\/mireia-aixala\/","og_locale":"es_ES","og_type":"article","og_title":"Mireia Aixal\u00e0 - Calella Film Festival","og_description":"[vc_row][vc_column][vc_column_text] [\/vc_column_text][vc_single_image image=\u00bb4986&#8243; img_size=\u00bbfull\u00bb][vc_column_text] Mireia Aixal\u00e0 Actriz Estudi\u00f3 arte dram\u00e1tico en el Instituto del Teatro de Barcelona, y debut\u00f3 en el teatro en 1997. Tambi\u00e9n ha trabajado en cine y [&hellip;]","og_url":"https:\/\/www.maresmefilmfestival.com\/es\/el-festival\/jurado\/mireia-aixala\/","og_site_name":"Calella Film Festival","article_publisher":"https:\/\/www.facebook.com\/Festival-de-Cinema-de-Calella-536425489872034\/?ref=hl","twitter_card":"summary_large_image","twitter_site":"@CalellaFilmFest","twitter_misc":{"Tiempo de lectura":"2 minutos"},"schema":{"@context":"https:\/\/schema.org","@graph":[{"@type":"WebPage","@id":"https:\/\/www.maresmefilmfestival.com\/es\/el-festival\/jurado\/mireia-aixala\/","url":"https:\/\/www.maresmefilmfestival.com\/es\/el-festival\/jurado\/mireia-aixala\/","name":"Mireia Aixal\u00e0 - Calella Film Festival","isPartOf":{"@id":"https:\/\/www.maresmefilmfestival.com\/es\/#website"},"datePublished":"2018-05-28T08:16:08+00:00","breadcrumb":{"@id":"https:\/\/www.maresmefilmfestival.com\/es\/el-festival\/jurado\/mireia-aixala\/#breadcrumb"},"inLanguage":"es","potentialAction":[{"@type":"ReadAction","target":["https:\/\/www.maresmefilmfestival.com\/es\/el-festival\/jurado\/mireia-aixala\/"]}]},{"@type":"BreadcrumbList","@id":"https:\/\/www.maresmefilmfestival.com\/es\/el-festival\/jurado\/mireia-aixala\/#breadcrumb","itemListElement":[{"@type":"ListItem","position":1,"name":"Portada","item":"https:\/\/www.maresmefilmfestival.com\/es\/"},{"@type":"ListItem","position":2,"name":"EL FESTIVAL","item":"https:\/\/www.maresmefilmfestival.com\/es\/el-festival\/"},{"@type":"ListItem","position":3,"name":"JURADO","item":"https:\/\/www.maresmefilmfestival.com\/es\/el-festival\/jurado\/"},{"@type":"ListItem","position":4,"name":"Mireia Aixal\u00e0"}]},{"@type":"WebSite","@id":"https:\/\/www.maresmefilmfestival.com\/es\/#website","url":"https:\/\/www.maresmefilmfestival.com\/es\/","name":"Calella Film Festival","description":"Festival de Cinema","potentialAction":[{"@type":"SearchAction","target":{"@type":"EntryPoint","urlTemplate":"https:\/\/www.maresmefilmfestival.com\/es\/?s={search_term_string}"},"query-input":{"@type":"PropertyValueSpecification","valueRequired":true,"valueName":"search_term_string"}}],"inLanguage":"es"}]}},"_links":{"self":[{"href":"https:\/\/www.maresmefilmfestival.com\/es\/wp-json\/wp\/v2\/pages\/5060","targetHints":{"allow":["GET"]}}],"collection":[{"href":"https:\/\/www.maresmefilmfestival.com\/es\/wp-json\/wp\/v2\/pages"}],"about":[{"href":"https:\/\/www.maresmefilmfestival.com\/es\/wp-json\/wp\/v2\/types\/page"}],"author":[{"embeddable":true,"href":"https:\/\/www.maresmefilmfestival.com\/es\/wp-json\/wp\/v2\/users\/1"}],"replies":[{"embeddable":true,"href":"https:\/\/www.maresmefilmfestival.com\/es\/wp-json\/wp\/v2\/comments?post=5060"}],"version-history":[{"count":0,"href":"https:\/\/www.maresmefilmfestival.com\/es\/wp-json\/wp\/v2\/pages\/5060\/revisions"}],"up":[{"embeddable":true,"href":"https:\/\/www.maresmefilmfestival.com\/es\/wp-json\/wp\/v2\/pages\/1044"}],"wp:attachment":[{"href":"https:\/\/www.maresmefilmfestival.com\/es\/wp-json\/wp\/v2\/media?parent=5060"}],"curies":[{"name":"wp","href":"https:\/\/api.w.org\/{rel}","templated":true}]}}