{"id":5044,"date":"2018-05-28T08:15:53","date_gmt":"2018-05-28T07:15:53","guid":{"rendered":"http:\/\/www.maresmefilmfestival.com\/?page_id=5044"},"modified":"2018-05-28T08:15:53","modified_gmt":"2018-05-28T07:15:53","slug":"cristina-brondo","status":"publish","type":"page","link":"https:\/\/www.maresmefilmfestival.com\/es\/el-festival\/jurado\/cristina-brondo\/","title":{"rendered":"Cristina Brondo"},"content":{"rendered":"<div class=\"wpb-content-wrapper\"><p>[vc_row][vc_column][vc_column_text]<br \/>\n[\/vc_column_text][vc_single_image image=\u00bb4990&#8243; img_size=\u00bbfull\u00bb][vc_column_text]<\/p>\n<h3 style=\"text-align: justify;\"><strong><span style=\"color: #d3ab1d;\">Cristina Brondo<\/span><\/strong><\/h3>\n<p style=\"text-align: justify;\"><strong>Actriz<\/strong><\/p>\n<p style=\"text-align: justify;\">Se dio a conocer al p\u00fablico con s\u00f3lo 16 a\u00f1os por su personaje en la serie de Televisi\u00f3n de Catalu\u00f1a, \u00abPoblenou\u00bb. En 2003 apareci\u00f3 tambi\u00e9n en la serie \u00ab16 dobles\u00bb. Estudi\u00f3 en la escuela de actores Nancy Tu\u00f1\u00f3n.<\/p>\n<p>Debut\u00f3 en el cine en \u00abLa camisa de la serpiente\u00bb de Antonio P\u00e9rez Canet y tambi\u00e9n ha aparecido en \u00abEl faro\u00bb de Manuel Balaguer. Tuvo un papel secundario en las producciones \u00abEntre las piernas\u00bb y \u00abLola vende c\u00e1\u00bb. Tambi\u00e9n particip\u00f3 en la pel\u00edcula internacional \u00abUna casa de locos\u00bb, de C\u00e9dric Klapisch. En 2004 protagoniz\u00f3 \u00abHipnos\u00bb, de David Carreras.<\/p>\n<p>Otros de sus trabajos destacados son \u00ab18 comidas\u00bb, \u00ab\u00bfY t\u00fa qui\u00e9n eres?\u00bb, \u00abComo mariposas en la luz\u00bb o series como \u00abHerederos\u00bb (de TVE), \u00abEl comisario\u00bb o \u00abVida de familia\u00bb.<\/p>\n<\/div>","protected":false},"excerpt":{"rendered":"<p>[vc_row][vc_column][vc_column_text] [\/vc_column_text][vc_single_image image=\u00bb4990&#8243; img_size=\u00bbfull\u00bb][vc_column_text] Cristina Brondo Actriz Se dio a conocer al p\u00fablico con s\u00f3lo 16 a\u00f1os por su personaje en la serie de Televisi\u00f3n de Catalu\u00f1a, \u00abPoblenou\u00bb. En 2003 [&hellip;]<\/p>\n","protected":false},"author":1,"featured_media":0,"parent":1044,"menu_order":0,"comment_status":"closed","ping_status":"closed","template":"","meta":{"footnotes":""},"class_list":["post-5044","page","type-page","status-publish","hentry"],"yoast_head":"<!-- This site is optimized with the Yoast SEO plugin v27.3 - https:\/\/yoast.com\/product\/yoast-seo-wordpress\/ -->\n<title>Cristina Brondo - Calella Film Festival<\/title>\n<meta name=\"robots\" content=\"index, follow, max-snippet:-1, max-image-preview:large, max-video-preview:-1\" \/>\n<link rel=\"canonical\" href=\"https:\/\/www.maresmefilmfestival.com\/es\/el-festival\/jurado\/cristina-brondo\/\" \/>\n<meta property=\"og:locale\" content=\"es_ES\" \/>\n<meta property=\"og:type\" content=\"article\" \/>\n<meta property=\"og:title\" content=\"Cristina Brondo - Calella Film Festival\" \/>\n<meta property=\"og:description\" content=\"[vc_row][vc_column][vc_column_text] [\/vc_column_text][vc_single_image image=\u00bb4990&#8243; img_size=\u00bbfull\u00bb][vc_column_text] Cristina Brondo Actriz Se dio a conocer al p\u00fablico con s\u00f3lo 16 a\u00f1os por su personaje en la serie de Televisi\u00f3n de Catalu\u00f1a, \u00abPoblenou\u00bb. En 2003 [&hellip;]\" \/>\n<meta property=\"og:url\" content=\"https:\/\/www.maresmefilmfestival.com\/es\/el-festival\/jurado\/cristina-brondo\/\" \/>\n<meta property=\"og:site_name\" content=\"Calella Film Festival\" \/>\n<meta property=\"article:publisher\" content=\"https:\/\/www.facebook.com\/Festival-de-Cinema-de-Calella-536425489872034\/?ref=hl\" \/>\n<meta name=\"twitter:card\" content=\"summary_large_image\" \/>\n<meta name=\"twitter:site\" content=\"@CalellaFilmFest\" \/>\n<meta name=\"twitter:label1\" content=\"Tiempo de lectura\" \/>\n\t<meta name=\"twitter:data1\" content=\"1 minuto\" \/>\n<script type=\"application\/ld+json\" class=\"yoast-schema-graph\">{\"@context\":\"https:\\\/\\\/schema.org\",\"@graph\":[{\"@type\":\"WebPage\",\"@id\":\"https:\\\/\\\/www.maresmefilmfestival.com\\\/es\\\/el-festival\\\/jurado\\\/cristina-brondo\\\/\",\"url\":\"https:\\\/\\\/www.maresmefilmfestival.com\\\/es\\\/el-festival\\\/jurado\\\/cristina-brondo\\\/\",\"name\":\"Cristina Brondo - Calella Film Festival\",\"isPartOf\":{\"@id\":\"https:\\\/\\\/www.maresmefilmfestival.com\\\/es\\\/#website\"},\"datePublished\":\"2018-05-28T07:15:53+00:00\",\"breadcrumb\":{\"@id\":\"https:\\\/\\\/www.maresmefilmfestival.com\\\/es\\\/el-festival\\\/jurado\\\/cristina-brondo\\\/#breadcrumb\"},\"inLanguage\":\"es\",\"potentialAction\":[{\"@type\":\"ReadAction\",\"target\":[\"https:\\\/\\\/www.maresmefilmfestival.com\\\/es\\\/el-festival\\\/jurado\\\/cristina-brondo\\\/\"]}]},{\"@type\":\"BreadcrumbList\",\"@id\":\"https:\\\/\\\/www.maresmefilmfestival.com\\\/es\\\/el-festival\\\/jurado\\\/cristina-brondo\\\/#breadcrumb\",\"itemListElement\":[{\"@type\":\"ListItem\",\"position\":1,\"name\":\"Portada\",\"item\":\"https:\\\/\\\/www.maresmefilmfestival.com\\\/es\\\/\"},{\"@type\":\"ListItem\",\"position\":2,\"name\":\"EL FESTIVAL\",\"item\":\"https:\\\/\\\/www.maresmefilmfestival.com\\\/es\\\/el-festival\\\/\"},{\"@type\":\"ListItem\",\"position\":3,\"name\":\"JURADO\",\"item\":\"https:\\\/\\\/www.maresmefilmfestival.com\\\/es\\\/el-festival\\\/jurado\\\/\"},{\"@type\":\"ListItem\",\"position\":4,\"name\":\"Cristina Brondo\"}]},{\"@type\":\"WebSite\",\"@id\":\"https:\\\/\\\/www.maresmefilmfestival.com\\\/es\\\/#website\",\"url\":\"https:\\\/\\\/www.maresmefilmfestival.com\\\/es\\\/\",\"name\":\"Calella Film Festival\",\"description\":\"Festival de Cinema\",\"potentialAction\":[{\"@type\":\"SearchAction\",\"target\":{\"@type\":\"EntryPoint\",\"urlTemplate\":\"https:\\\/\\\/www.maresmefilmfestival.com\\\/es\\\/?s={search_term_string}\"},\"query-input\":{\"@type\":\"PropertyValueSpecification\",\"valueRequired\":true,\"valueName\":\"search_term_string\"}}],\"inLanguage\":\"es\"}]}<\/script>\n<!-- \/ Yoast SEO plugin. -->","yoast_head_json":{"title":"Cristina Brondo - Calella Film Festival","robots":{"index":"index","follow":"follow","max-snippet":"max-snippet:-1","max-image-preview":"max-image-preview:large","max-video-preview":"max-video-preview:-1"},"canonical":"https:\/\/www.maresmefilmfestival.com\/es\/el-festival\/jurado\/cristina-brondo\/","og_locale":"es_ES","og_type":"article","og_title":"Cristina Brondo - Calella Film Festival","og_description":"[vc_row][vc_column][vc_column_text] [\/vc_column_text][vc_single_image image=\u00bb4990&#8243; img_size=\u00bbfull\u00bb][vc_column_text] Cristina Brondo Actriz Se dio a conocer al p\u00fablico con s\u00f3lo 16 a\u00f1os por su personaje en la serie de Televisi\u00f3n de Catalu\u00f1a, \u00abPoblenou\u00bb. En 2003 [&hellip;]","og_url":"https:\/\/www.maresmefilmfestival.com\/es\/el-festival\/jurado\/cristina-brondo\/","og_site_name":"Calella Film Festival","article_publisher":"https:\/\/www.facebook.com\/Festival-de-Cinema-de-Calella-536425489872034\/?ref=hl","twitter_card":"summary_large_image","twitter_site":"@CalellaFilmFest","twitter_misc":{"Tiempo de lectura":"1 minuto"},"schema":{"@context":"https:\/\/schema.org","@graph":[{"@type":"WebPage","@id":"https:\/\/www.maresmefilmfestival.com\/es\/el-festival\/jurado\/cristina-brondo\/","url":"https:\/\/www.maresmefilmfestival.com\/es\/el-festival\/jurado\/cristina-brondo\/","name":"Cristina Brondo - Calella Film Festival","isPartOf":{"@id":"https:\/\/www.maresmefilmfestival.com\/es\/#website"},"datePublished":"2018-05-28T07:15:53+00:00","breadcrumb":{"@id":"https:\/\/www.maresmefilmfestival.com\/es\/el-festival\/jurado\/cristina-brondo\/#breadcrumb"},"inLanguage":"es","potentialAction":[{"@type":"ReadAction","target":["https:\/\/www.maresmefilmfestival.com\/es\/el-festival\/jurado\/cristina-brondo\/"]}]},{"@type":"BreadcrumbList","@id":"https:\/\/www.maresmefilmfestival.com\/es\/el-festival\/jurado\/cristina-brondo\/#breadcrumb","itemListElement":[{"@type":"ListItem","position":1,"name":"Portada","item":"https:\/\/www.maresmefilmfestival.com\/es\/"},{"@type":"ListItem","position":2,"name":"EL FESTIVAL","item":"https:\/\/www.maresmefilmfestival.com\/es\/el-festival\/"},{"@type":"ListItem","position":3,"name":"JURADO","item":"https:\/\/www.maresmefilmfestival.com\/es\/el-festival\/jurado\/"},{"@type":"ListItem","position":4,"name":"Cristina Brondo"}]},{"@type":"WebSite","@id":"https:\/\/www.maresmefilmfestival.com\/es\/#website","url":"https:\/\/www.maresmefilmfestival.com\/es\/","name":"Calella Film Festival","description":"Festival de Cinema","potentialAction":[{"@type":"SearchAction","target":{"@type":"EntryPoint","urlTemplate":"https:\/\/www.maresmefilmfestival.com\/es\/?s={search_term_string}"},"query-input":{"@type":"PropertyValueSpecification","valueRequired":true,"valueName":"search_term_string"}}],"inLanguage":"es"}]}},"_links":{"self":[{"href":"https:\/\/www.maresmefilmfestival.com\/es\/wp-json\/wp\/v2\/pages\/5044","targetHints":{"allow":["GET"]}}],"collection":[{"href":"https:\/\/www.maresmefilmfestival.com\/es\/wp-json\/wp\/v2\/pages"}],"about":[{"href":"https:\/\/www.maresmefilmfestival.com\/es\/wp-json\/wp\/v2\/types\/page"}],"author":[{"embeddable":true,"href":"https:\/\/www.maresmefilmfestival.com\/es\/wp-json\/wp\/v2\/users\/1"}],"replies":[{"embeddable":true,"href":"https:\/\/www.maresmefilmfestival.com\/es\/wp-json\/wp\/v2\/comments?post=5044"}],"version-history":[{"count":0,"href":"https:\/\/www.maresmefilmfestival.com\/es\/wp-json\/wp\/v2\/pages\/5044\/revisions"}],"up":[{"embeddable":true,"href":"https:\/\/www.maresmefilmfestival.com\/es\/wp-json\/wp\/v2\/pages\/1044"}],"wp:attachment":[{"href":"https:\/\/www.maresmefilmfestival.com\/es\/wp-json\/wp\/v2\/media?parent=5044"}],"curies":[{"name":"wp","href":"https:\/\/api.w.org\/{rel}","templated":true}]}}