{"id":5012,"date":"2018-05-20T17:41:25","date_gmt":"2018-05-20T16:41:25","guid":{"rendered":"http:\/\/www.maresmefilmfestival.com\/?page_id=5012"},"modified":"2018-06-07T07:59:29","modified_gmt":"2018-06-07T06:59:29","slug":"el-dulce-sabor-del-limon","status":"publish","type":"page","link":"https:\/\/www.maresmefilmfestival.com\/es\/el-dulce-sabor-del-limon\/","title":{"rendered":"El dulce sabor del lim\u00f3n"},"content":{"rendered":"<div class=\"wpb-content-wrapper\"><p>[vc_row][vc_column width=\u00bb1\/4&#8243;][vc_single_image image=\u00bb4972&#8243; img_size=\u00bbmedium\u00bb][\/vc_column][vc_column width=\u00bb3\/4&#8243;][vc_column_text]<strong>El dulce sabor del lim\u00f3n<\/strong><\/p>\n<p>Cuando Jaume acaba en el cuartelillo despu\u00e9s de una noche de fiesta, su vida rutinaria comienza a cambiar. All\u00ed conocer\u00e1 a Ilena, una enigm\u00e1tica chica que alimentar\u00e1 todos sus sue\u00f1os e ilusiones y huir\u00e1 con \u00e9l a Francia en busca de una vida mejor. [\/vc_column_text][vc_btn title=\u00bbCOMPRA TIQUET\u00bb color=\u00bbwarning\u00bb link=\u00bburl:https%3A%2F%2Fwww.4tickets.es%2Fcalellafilmfestival%2Fpublic%2Fjanto%2Fmain.php%3FNivel%3DEvento%26idEvento%3DCFF48||\u00bb][\/vc_column][\/vc_row][vc_row][vc_column width=\u00bb1\/2&#8243;][vc_column_text]<\/p>\n<h3 style=\"text-align: justify;\"><strong><span style=\"color: #d3ab1d;\">Datos Generales<\/span><\/strong><\/h3>\n<p class=\"p1\"><strong>T\u00edtulo original\u00a0<\/strong>El dulce sabor del lim\u00f3n<\/p>\n<p class=\"p1\"><b>A\u00f1o\u00a0<\/b>2017<\/p>\n<p class=\"p1\"><strong>Duraci\u00f3n<\/strong>\u00a068 minutos<\/p>\n<p class=\"p1\"><b>Pa\u00eds de producci\u00f3n\u00a0<\/b>Espa\u00f1a<\/p>\n<p class=\"p1\"><strong>Director<\/strong> David Aymerich<\/p>\n<p class=\"p1\"><strong>Gui\u00f3n <\/strong>David Aymerich<\/p>\n<p class=\"p1\"><strong>Fotograf\u00eda <\/strong>: Luis Enrique Carri\u00f3n<\/p>\n<p class=\"p1\"><strong>Reparto\u00a0<\/strong>Aar\u00f3n Castellv\u00ed, Alberto Esparza, Abril Garc\u00eda, Andreu Lahoz, Elena Rivera,Merc\u00e8 Rovira, David Solans, Adri\u00e0 Trivi\u00f1o<\/p>\n<p class=\"p1\"><strong>Idioma<\/strong>\u00a0Espa\u00f1ol<\/p>\n<p class=\"p1\"><strong>Productora\u00a0<\/strong>AYHE Productions<\/p>\n<p class=\"p1\">\n<p>[\/vc_column_text][\/vc_column][vc_column width=\u00bb1\/2&#8243;][vc_column_text]<\/p>\n<h3 style=\"text-align: justify;\"><strong><span style=\"color: #d3ab1d;\">G\u00e9nero<\/span><\/strong><\/h3>\n<p class=\"p1\"><b>G\u00e9nero\u00a0<\/b>Drama, Thriller<\/p>\n<p class=\"p1\"><b>Categor\u00eda\u00a0<\/b>Ficci\u00f3n<\/p>\n<h3><\/h3>\n<h3><strong><span style=\"color: #d3ab1d;\">Tr\u00e1iler<\/span><\/strong><\/h3>\n<p>[\/vc_column_text][vc_video link=\u00bbhttps:\/\/youtu.be\/I1o5IlJwRpQ\u00bb][\/vc_column][\/vc_row]<\/p>\n<\/div>","protected":false},"excerpt":{"rendered":"<p>[vc_row][vc_column width=\u00bb1\/4&#8243;][vc_single_image image=\u00bb4972&#8243; img_size=\u00bbmedium\u00bb][\/vc_column][vc_column width=\u00bb3\/4&#8243;][vc_column_text]El dulce sabor del lim\u00f3n Cuando Jaume acaba en el cuartelillo despu\u00e9s de una noche de fiesta, su vida rutinaria comienza a cambiar. All\u00ed conocer\u00e1 a [&hellip;]<\/p>\n","protected":false},"author":1,"featured_media":0,"parent":0,"menu_order":0,"comment_status":"closed","ping_status":"closed","template":"","meta":{"footnotes":""},"class_list":["post-5012","page","type-page","status-publish","hentry"],"yoast_head":"<!-- This site is optimized with the Yoast SEO plugin v27.3 - https:\/\/yoast.com\/product\/yoast-seo-wordpress\/ -->\n<title>El dulce sabor del lim\u00f3n - Calella Film Festival<\/title>\n<meta name=\"robots\" content=\"index, follow, max-snippet:-1, max-image-preview:large, max-video-preview:-1\" \/>\n<link rel=\"canonical\" href=\"https:\/\/www.maresmefilmfestival.com\/es\/el-dulce-sabor-del-limon\/\" \/>\n<meta property=\"og:locale\" content=\"es_ES\" \/>\n<meta property=\"og:type\" content=\"article\" \/>\n<meta property=\"og:title\" content=\"El dulce sabor del lim\u00f3n - Calella Film Festival\" \/>\n<meta property=\"og:description\" content=\"[vc_row][vc_column width=\u00bb1\/4&#8243;][vc_single_image image=\u00bb4972&#8243; img_size=\u00bbmedium\u00bb][\/vc_column][vc_column width=\u00bb3\/4&#8243;][vc_column_text]El dulce sabor del lim\u00f3n Cuando Jaume acaba en el cuartelillo despu\u00e9s de una noche de fiesta, su vida rutinaria comienza a cambiar. All\u00ed conocer\u00e1 a [&hellip;]\" \/>\n<meta property=\"og:url\" content=\"https:\/\/www.maresmefilmfestival.com\/es\/el-dulce-sabor-del-limon\/\" \/>\n<meta property=\"og:site_name\" content=\"Calella Film Festival\" \/>\n<meta property=\"article:publisher\" content=\"https:\/\/www.facebook.com\/Festival-de-Cinema-de-Calella-536425489872034\/?ref=hl\" \/>\n<meta property=\"article:modified_time\" content=\"2018-06-07T06:59:29+00:00\" \/>\n<meta name=\"twitter:card\" content=\"summary_large_image\" \/>\n<meta name=\"twitter:site\" content=\"@CalellaFilmFest\" \/>\n<meta name=\"twitter:label1\" content=\"Tiempo de lectura\" \/>\n\t<meta name=\"twitter:data1\" content=\"1 minuto\" \/>\n<script type=\"application\/ld+json\" class=\"yoast-schema-graph\">{\"@context\":\"https:\\\/\\\/schema.org\",\"@graph\":[{\"@type\":\"WebPage\",\"@id\":\"https:\\\/\\\/www.maresmefilmfestival.com\\\/es\\\/el-dulce-sabor-del-limon\\\/\",\"url\":\"https:\\\/\\\/www.maresmefilmfestival.com\\\/es\\\/el-dulce-sabor-del-limon\\\/\",\"name\":\"El dulce sabor del lim\u00f3n - Calella Film Festival\",\"isPartOf\":{\"@id\":\"https:\\\/\\\/www.maresmefilmfestival.com\\\/es\\\/#website\"},\"datePublished\":\"2018-05-20T16:41:25+00:00\",\"dateModified\":\"2018-06-07T06:59:29+00:00\",\"breadcrumb\":{\"@id\":\"https:\\\/\\\/www.maresmefilmfestival.com\\\/es\\\/el-dulce-sabor-del-limon\\\/#breadcrumb\"},\"inLanguage\":\"es\",\"potentialAction\":[{\"@type\":\"ReadAction\",\"target\":[\"https:\\\/\\\/www.maresmefilmfestival.com\\\/es\\\/el-dulce-sabor-del-limon\\\/\"]}]},{\"@type\":\"BreadcrumbList\",\"@id\":\"https:\\\/\\\/www.maresmefilmfestival.com\\\/es\\\/el-dulce-sabor-del-limon\\\/#breadcrumb\",\"itemListElement\":[{\"@type\":\"ListItem\",\"position\":1,\"name\":\"Portada\",\"item\":\"https:\\\/\\\/www.maresmefilmfestival.com\\\/es\\\/\"},{\"@type\":\"ListItem\",\"position\":2,\"name\":\"El dulce sabor del lim\u00f3n\"}]},{\"@type\":\"WebSite\",\"@id\":\"https:\\\/\\\/www.maresmefilmfestival.com\\\/es\\\/#website\",\"url\":\"https:\\\/\\\/www.maresmefilmfestival.com\\\/es\\\/\",\"name\":\"Calella Film Festival\",\"description\":\"Festival de Cinema\",\"potentialAction\":[{\"@type\":\"SearchAction\",\"target\":{\"@type\":\"EntryPoint\",\"urlTemplate\":\"https:\\\/\\\/www.maresmefilmfestival.com\\\/es\\\/?s={search_term_string}\"},\"query-input\":{\"@type\":\"PropertyValueSpecification\",\"valueRequired\":true,\"valueName\":\"search_term_string\"}}],\"inLanguage\":\"es\"}]}<\/script>\n<!-- \/ Yoast SEO plugin. -->","yoast_head_json":{"title":"El dulce sabor del lim\u00f3n - Calella Film Festival","robots":{"index":"index","follow":"follow","max-snippet":"max-snippet:-1","max-image-preview":"max-image-preview:large","max-video-preview":"max-video-preview:-1"},"canonical":"https:\/\/www.maresmefilmfestival.com\/es\/el-dulce-sabor-del-limon\/","og_locale":"es_ES","og_type":"article","og_title":"El dulce sabor del lim\u00f3n - Calella Film Festival","og_description":"[vc_row][vc_column width=\u00bb1\/4&#8243;][vc_single_image image=\u00bb4972&#8243; img_size=\u00bbmedium\u00bb][\/vc_column][vc_column width=\u00bb3\/4&#8243;][vc_column_text]El dulce sabor del lim\u00f3n Cuando Jaume acaba en el cuartelillo despu\u00e9s de una noche de fiesta, su vida rutinaria comienza a cambiar. All\u00ed conocer\u00e1 a [&hellip;]","og_url":"https:\/\/www.maresmefilmfestival.com\/es\/el-dulce-sabor-del-limon\/","og_site_name":"Calella Film Festival","article_publisher":"https:\/\/www.facebook.com\/Festival-de-Cinema-de-Calella-536425489872034\/?ref=hl","article_modified_time":"2018-06-07T06:59:29+00:00","twitter_card":"summary_large_image","twitter_site":"@CalellaFilmFest","twitter_misc":{"Tiempo de lectura":"1 minuto"},"schema":{"@context":"https:\/\/schema.org","@graph":[{"@type":"WebPage","@id":"https:\/\/www.maresmefilmfestival.com\/es\/el-dulce-sabor-del-limon\/","url":"https:\/\/www.maresmefilmfestival.com\/es\/el-dulce-sabor-del-limon\/","name":"El dulce sabor del lim\u00f3n - Calella Film Festival","isPartOf":{"@id":"https:\/\/www.maresmefilmfestival.com\/es\/#website"},"datePublished":"2018-05-20T16:41:25+00:00","dateModified":"2018-06-07T06:59:29+00:00","breadcrumb":{"@id":"https:\/\/www.maresmefilmfestival.com\/es\/el-dulce-sabor-del-limon\/#breadcrumb"},"inLanguage":"es","potentialAction":[{"@type":"ReadAction","target":["https:\/\/www.maresmefilmfestival.com\/es\/el-dulce-sabor-del-limon\/"]}]},{"@type":"BreadcrumbList","@id":"https:\/\/www.maresmefilmfestival.com\/es\/el-dulce-sabor-del-limon\/#breadcrumb","itemListElement":[{"@type":"ListItem","position":1,"name":"Portada","item":"https:\/\/www.maresmefilmfestival.com\/es\/"},{"@type":"ListItem","position":2,"name":"El dulce sabor del lim\u00f3n"}]},{"@type":"WebSite","@id":"https:\/\/www.maresmefilmfestival.com\/es\/#website","url":"https:\/\/www.maresmefilmfestival.com\/es\/","name":"Calella Film Festival","description":"Festival de Cinema","potentialAction":[{"@type":"SearchAction","target":{"@type":"EntryPoint","urlTemplate":"https:\/\/www.maresmefilmfestival.com\/es\/?s={search_term_string}"},"query-input":{"@type":"PropertyValueSpecification","valueRequired":true,"valueName":"search_term_string"}}],"inLanguage":"es"}]}},"_links":{"self":[{"href":"https:\/\/www.maresmefilmfestival.com\/es\/wp-json\/wp\/v2\/pages\/5012","targetHints":{"allow":["GET"]}}],"collection":[{"href":"https:\/\/www.maresmefilmfestival.com\/es\/wp-json\/wp\/v2\/pages"}],"about":[{"href":"https:\/\/www.maresmefilmfestival.com\/es\/wp-json\/wp\/v2\/types\/page"}],"author":[{"embeddable":true,"href":"https:\/\/www.maresmefilmfestival.com\/es\/wp-json\/wp\/v2\/users\/1"}],"replies":[{"embeddable":true,"href":"https:\/\/www.maresmefilmfestival.com\/es\/wp-json\/wp\/v2\/comments?post=5012"}],"version-history":[{"count":0,"href":"https:\/\/www.maresmefilmfestival.com\/es\/wp-json\/wp\/v2\/pages\/5012\/revisions"}],"wp:attachment":[{"href":"https:\/\/www.maresmefilmfestival.com\/es\/wp-json\/wp\/v2\/media?parent=5012"}],"curies":[{"name":"wp","href":"https:\/\/api.w.org\/{rel}","templated":true}]}}