{"id":4894,"date":"2018-05-10T07:45:33","date_gmt":"2018-05-10T06:45:33","guid":{"rendered":"http:\/\/www.maresmefilmfestival.com\/?page_id=4894"},"modified":"2018-05-10T07:45:33","modified_gmt":"2018-05-10T06:45:33","slug":"juana-martinez","status":"publish","type":"page","link":"https:\/\/www.maresmefilmfestival.com\/es\/el-festival\/jurado\/juana-martinez\/","title":{"rendered":"Juana Mart\u00ednez"},"content":{"rendered":"<div class=\"wpb-content-wrapper\"><p>[vc_row][vc_column][vc_column_text]<br \/>\n[\/vc_column_text][vc_single_image image=\u00bb4892&#8243; img_size=\u00bbfull\u00bb][vc_column_text]<\/p>\n<h3 style=\"text-align: justify;\"><strong><span style=\"color: #d3ab1d;\">Juana Mart\u00ednez <\/span><\/strong><\/h3>\n<p style=\"text-align: justify;\"><strong>Directora de c\u00e1sting<\/strong><\/p>\n<p>Juana Mart\u00ednez es directora de c\u00e1sting de pel\u00edculas y series exitosas entre ellas \u00abOro\u00bb dirigida por Agust\u00edn D\u00edaz Yanes, \u00abCon el culo al aire\u00bb, \u00abCuerpo de \u00e9lite\u00bb, \u00abQue dios nos perdone\u00bb,\u2026<\/p>\n<h4 style=\"text-align: justify;\"><strong><span style=\"color: #d3ab1d;\">Pel\u00edculas<\/span><\/strong><\/h4>\n<p>Oro (2017)<br \/>\nToc Toc (2017)<br \/>\nSe\u00f1or, dame paciencia (2017)<br \/>\nLa niebla y la doncella (2017)<br \/>\nZona hostil (2017)<br \/>\nQue Dios nos perdone (2016)<br \/>\nCuerpo de \u00e9lite (2016)<br \/>\nEl preg\u00f3n (2015)<br \/>\nBarcelona, nit d&#8217;hivern  (2015)<br \/>\nLos mi\u00e9rcoles no existen (2015)<br \/>\nAnacleto: Agente secreto (2015)<br \/>\nPurgatorio (2014)<br \/>\nTres bodas de m\u00e1s (2013)<br \/>\nPromoci\u00f3n fantasma (2012)<br \/>\nSpanish Movie (2010)<\/p>\n<h4 style=\"text-align: justify;\"><strong><span style=\"color: #d3ab1d;\">Series y Televisi\u00f3n<\/span><\/strong><\/h4>\n<p>Cuerpo de \u00e9lite (2018)<br \/>\nOlmos y Robles (2015-2016)<br \/>\nCon el culo al aire (2012-2014)<br \/>\nCamera caf\u00e9 (2005-2009)<br \/>\nManolito Gafotas (2004) <\/p>\n<p>[\/vc_column_text][\/vc_column][\/vc_row]<\/p>\n<\/div>","protected":false},"excerpt":{"rendered":"<p>[vc_row][vc_column][vc_column_text] [\/vc_column_text][vc_single_image image=\u00bb4892&#8243; img_size=\u00bbfull\u00bb][vc_column_text] Juana Mart\u00ednez Directora de c\u00e1sting Juana Mart\u00ednez es directora de c\u00e1sting de pel\u00edculas y series exitosas entre ellas \u00abOro\u00bb dirigida por Agust\u00edn D\u00edaz Yanes, \u00abCon el [&hellip;]<\/p>\n","protected":false},"author":1,"featured_media":0,"parent":1044,"menu_order":0,"comment_status":"closed","ping_status":"closed","template":"","meta":{"footnotes":""},"class_list":["post-4894","page","type-page","status-publish","hentry"],"yoast_head":"<!-- This site is optimized with the Yoast SEO plugin v27.4 - https:\/\/yoast.com\/product\/yoast-seo-wordpress\/ -->\n<title>Juana Mart\u00ednez - Calella Film Festival<\/title>\n<meta name=\"robots\" content=\"index, follow, max-snippet:-1, max-image-preview:large, max-video-preview:-1\" \/>\n<link rel=\"canonical\" href=\"https:\/\/www.maresmefilmfestival.com\/es\/el-festival\/jurado\/juana-martinez\/\" \/>\n<meta property=\"og:locale\" content=\"es_ES\" \/>\n<meta property=\"og:type\" content=\"article\" \/>\n<meta property=\"og:title\" content=\"Juana Mart\u00ednez - Calella Film Festival\" \/>\n<meta property=\"og:description\" content=\"[vc_row][vc_column][vc_column_text] [\/vc_column_text][vc_single_image image=\u00bb4892&#8243; img_size=\u00bbfull\u00bb][vc_column_text] Juana Mart\u00ednez Directora de c\u00e1sting Juana Mart\u00ednez es directora de c\u00e1sting de pel\u00edculas y series exitosas entre ellas \u00abOro\u00bb dirigida por Agust\u00edn D\u00edaz Yanes, \u00abCon el [&hellip;]\" \/>\n<meta property=\"og:url\" content=\"https:\/\/www.maresmefilmfestival.com\/es\/el-festival\/jurado\/juana-martinez\/\" \/>\n<meta property=\"og:site_name\" content=\"Calella Film Festival\" \/>\n<meta property=\"article:publisher\" content=\"https:\/\/www.facebook.com\/Festival-de-Cinema-de-Calella-536425489872034\/?ref=hl\" \/>\n<meta name=\"twitter:card\" content=\"summary_large_image\" \/>\n<meta name=\"twitter:site\" content=\"@CalellaFilmFest\" \/>\n<meta name=\"twitter:label1\" content=\"Tiempo de lectura\" \/>\n\t<meta name=\"twitter:data1\" content=\"1 minuto\" \/>\n<script type=\"application\/ld+json\" class=\"yoast-schema-graph\">{\"@context\":\"https:\\\/\\\/schema.org\",\"@graph\":[{\"@type\":\"WebPage\",\"@id\":\"https:\\\/\\\/www.maresmefilmfestival.com\\\/es\\\/el-festival\\\/jurado\\\/juana-martinez\\\/\",\"url\":\"https:\\\/\\\/www.maresmefilmfestival.com\\\/es\\\/el-festival\\\/jurado\\\/juana-martinez\\\/\",\"name\":\"Juana Mart\u00ednez - Calella Film Festival\",\"isPartOf\":{\"@id\":\"https:\\\/\\\/www.maresmefilmfestival.com\\\/es\\\/#website\"},\"datePublished\":\"2018-05-10T06:45:33+00:00\",\"breadcrumb\":{\"@id\":\"https:\\\/\\\/www.maresmefilmfestival.com\\\/es\\\/el-festival\\\/jurado\\\/juana-martinez\\\/#breadcrumb\"},\"inLanguage\":\"es\",\"potentialAction\":[{\"@type\":\"ReadAction\",\"target\":[\"https:\\\/\\\/www.maresmefilmfestival.com\\\/es\\\/el-festival\\\/jurado\\\/juana-martinez\\\/\"]}]},{\"@type\":\"BreadcrumbList\",\"@id\":\"https:\\\/\\\/www.maresmefilmfestival.com\\\/es\\\/el-festival\\\/jurado\\\/juana-martinez\\\/#breadcrumb\",\"itemListElement\":[{\"@type\":\"ListItem\",\"position\":1,\"name\":\"Portada\",\"item\":\"https:\\\/\\\/www.maresmefilmfestival.com\\\/es\\\/\"},{\"@type\":\"ListItem\",\"position\":2,\"name\":\"EL FESTIVAL\",\"item\":\"https:\\\/\\\/www.maresmefilmfestival.com\\\/es\\\/el-festival\\\/\"},{\"@type\":\"ListItem\",\"position\":3,\"name\":\"JURADO\",\"item\":\"https:\\\/\\\/www.maresmefilmfestival.com\\\/es\\\/el-festival\\\/jurado\\\/\"},{\"@type\":\"ListItem\",\"position\":4,\"name\":\"Juana Mart\u00ednez\"}]},{\"@type\":\"WebSite\",\"@id\":\"https:\\\/\\\/www.maresmefilmfestival.com\\\/es\\\/#website\",\"url\":\"https:\\\/\\\/www.maresmefilmfestival.com\\\/es\\\/\",\"name\":\"Calella Film Festival\",\"description\":\"Festival de Cinema\",\"potentialAction\":[{\"@type\":\"SearchAction\",\"target\":{\"@type\":\"EntryPoint\",\"urlTemplate\":\"https:\\\/\\\/www.maresmefilmfestival.com\\\/es\\\/?s={search_term_string}\"},\"query-input\":{\"@type\":\"PropertyValueSpecification\",\"valueRequired\":true,\"valueName\":\"search_term_string\"}}],\"inLanguage\":\"es\"}]}<\/script>\n<!-- \/ Yoast SEO plugin. -->","yoast_head_json":{"title":"Juana Mart\u00ednez - Calella Film Festival","robots":{"index":"index","follow":"follow","max-snippet":"max-snippet:-1","max-image-preview":"max-image-preview:large","max-video-preview":"max-video-preview:-1"},"canonical":"https:\/\/www.maresmefilmfestival.com\/es\/el-festival\/jurado\/juana-martinez\/","og_locale":"es_ES","og_type":"article","og_title":"Juana Mart\u00ednez - Calella Film Festival","og_description":"[vc_row][vc_column][vc_column_text] [\/vc_column_text][vc_single_image image=\u00bb4892&#8243; img_size=\u00bbfull\u00bb][vc_column_text] Juana Mart\u00ednez Directora de c\u00e1sting Juana Mart\u00ednez es directora de c\u00e1sting de pel\u00edculas y series exitosas entre ellas \u00abOro\u00bb dirigida por Agust\u00edn D\u00edaz Yanes, \u00abCon el [&hellip;]","og_url":"https:\/\/www.maresmefilmfestival.com\/es\/el-festival\/jurado\/juana-martinez\/","og_site_name":"Calella Film Festival","article_publisher":"https:\/\/www.facebook.com\/Festival-de-Cinema-de-Calella-536425489872034\/?ref=hl","twitter_card":"summary_large_image","twitter_site":"@CalellaFilmFest","twitter_misc":{"Tiempo de lectura":"1 minuto"},"schema":{"@context":"https:\/\/schema.org","@graph":[{"@type":"WebPage","@id":"https:\/\/www.maresmefilmfestival.com\/es\/el-festival\/jurado\/juana-martinez\/","url":"https:\/\/www.maresmefilmfestival.com\/es\/el-festival\/jurado\/juana-martinez\/","name":"Juana Mart\u00ednez - Calella Film Festival","isPartOf":{"@id":"https:\/\/www.maresmefilmfestival.com\/es\/#website"},"datePublished":"2018-05-10T06:45:33+00:00","breadcrumb":{"@id":"https:\/\/www.maresmefilmfestival.com\/es\/el-festival\/jurado\/juana-martinez\/#breadcrumb"},"inLanguage":"es","potentialAction":[{"@type":"ReadAction","target":["https:\/\/www.maresmefilmfestival.com\/es\/el-festival\/jurado\/juana-martinez\/"]}]},{"@type":"BreadcrumbList","@id":"https:\/\/www.maresmefilmfestival.com\/es\/el-festival\/jurado\/juana-martinez\/#breadcrumb","itemListElement":[{"@type":"ListItem","position":1,"name":"Portada","item":"https:\/\/www.maresmefilmfestival.com\/es\/"},{"@type":"ListItem","position":2,"name":"EL FESTIVAL","item":"https:\/\/www.maresmefilmfestival.com\/es\/el-festival\/"},{"@type":"ListItem","position":3,"name":"JURADO","item":"https:\/\/www.maresmefilmfestival.com\/es\/el-festival\/jurado\/"},{"@type":"ListItem","position":4,"name":"Juana Mart\u00ednez"}]},{"@type":"WebSite","@id":"https:\/\/www.maresmefilmfestival.com\/es\/#website","url":"https:\/\/www.maresmefilmfestival.com\/es\/","name":"Calella Film Festival","description":"Festival de Cinema","potentialAction":[{"@type":"SearchAction","target":{"@type":"EntryPoint","urlTemplate":"https:\/\/www.maresmefilmfestival.com\/es\/?s={search_term_string}"},"query-input":{"@type":"PropertyValueSpecification","valueRequired":true,"valueName":"search_term_string"}}],"inLanguage":"es"}]}},"_links":{"self":[{"href":"https:\/\/www.maresmefilmfestival.com\/es\/wp-json\/wp\/v2\/pages\/4894","targetHints":{"allow":["GET"]}}],"collection":[{"href":"https:\/\/www.maresmefilmfestival.com\/es\/wp-json\/wp\/v2\/pages"}],"about":[{"href":"https:\/\/www.maresmefilmfestival.com\/es\/wp-json\/wp\/v2\/types\/page"}],"author":[{"embeddable":true,"href":"https:\/\/www.maresmefilmfestival.com\/es\/wp-json\/wp\/v2\/users\/1"}],"replies":[{"embeddable":true,"href":"https:\/\/www.maresmefilmfestival.com\/es\/wp-json\/wp\/v2\/comments?post=4894"}],"version-history":[{"count":0,"href":"https:\/\/www.maresmefilmfestival.com\/es\/wp-json\/wp\/v2\/pages\/4894\/revisions"}],"up":[{"embeddable":true,"href":"https:\/\/www.maresmefilmfestival.com\/es\/wp-json\/wp\/v2\/pages\/1044"}],"wp:attachment":[{"href":"https:\/\/www.maresmefilmfestival.com\/es\/wp-json\/wp\/v2\/media?parent=4894"}],"curies":[{"name":"wp","href":"https:\/\/api.w.org\/{rel}","templated":true}]}}