{"id":4876,"date":"2018-05-09T12:00:25","date_gmt":"2018-05-09T11:00:25","guid":{"rendered":"http:\/\/www.maresmefilmfestival.com\/?page_id=4876"},"modified":"2018-07-04T10:16:34","modified_gmt":"2018-07-04T09:16:34","slug":"bitch","status":"publish","type":"page","link":"https:\/\/www.maresmefilmfestival.com\/es\/bitch\/","title":{"rendered":"Bitch"},"content":{"rendered":"<div class=\"wpb-content-wrapper\"><p>[vc_row][vc_column width=\u00bb1\/4&#8243;][vc_single_image image=\u00bb4830&#8243; img_size=\u00bbmedium\u00bb][\/vc_column][vc_column width=\u00bb3\/4&#8243;][vc_column_text]<strong>Bitch<\/strong><\/p>\n<p>Una mujer (Marianna Palka) cae presa de las tensiones de su vida y adopta la psicolog\u00eda de un perro. Su marido ausente (Jason Ritter) se ver\u00e1 obligado a retomar su relaci\u00f3n con sus cuatro hijos y su cu\u00f1ada (Jaime King) para intentar salir adelante.[\/vc_column_text][\/vc_column][\/vc_row][vc_row][vc_column width=\u00bb1\/2&#8243;][vc_column_text]<\/p>\n<h3 style=\"text-align: justify;\"><strong><span style=\"color: #d3ab1d;\">Datos Generales<\/span><\/strong><\/h3>\n<p class=\"p1\"><strong>T\u00edtulo original\u00a0<\/strong>Bitch<\/p>\n<p class=\"p1\"><b>A\u00f1o\u00a0<\/b>2017<\/p>\n<p class=\"p1\"><strong>Duraci\u00f3n<\/strong>\u00a093 minutos<\/p>\n<p class=\"p1\"><b>Pa\u00eds de producci\u00f3n\u00a0<\/b>Estados Unidos<\/p>\n<p class=\"p1\"><strong>Director<\/strong> Marianna Palka<\/p>\n<p class=\"p1\"><strong>Gui\u00f3n <\/strong>Marianna Palka<\/p>\n<p class=\"p1\"><strong>Fotograf\u00eda <\/strong>Armando Salas<\/p>\n<p class=\"p1\"><strong>Reparto\u00a0<\/strong>Jaime King, Jason Ritter, Brighton Sharbino, Eric Edelstein, Sol Rodriguez, Caroline Aaron, Roger Guenveur Smith, Bill Smitrovich, Marianna Palka, Kingston Foster, Rio Mangini, Jaime Moyer, Ren Hanami, Jason Maybaum, Asia Mattu, Liisa Lee<\/p>\n<p class=\"p1\"><strong>Idioma<\/strong>\u00a0Ingl\u00e9s<\/p>\n<p class=\"p1\"><strong>Productora\u00a0<\/strong>Company X, MarVista Entertainment, SpectreVision, Tunnel Post<\/p>\n<p class=\"p1\">\n<p>[\/vc_column_text][\/vc_column][vc_column width=\u00bb1\/2&#8243;][vc_column_text]<\/p>\n<h3 style=\"text-align: justify;\"><strong><span style=\"color: #d3ab1d;\">G\u00e9nero<\/span><\/strong><\/h3>\n<p class=\"p1\"><b>G\u00e9nero\u00a0<\/b>Comedia, Drama, Thriller<\/p>\n<p class=\"p1\"><b>Categor\u00eda\u00a0<\/b>Ficci\u00f3n<\/p>\n<h3><\/h3>\n<h3><strong><span style=\"color: #d3ab1d;\">Tr\u00e1iler<\/span><\/strong><\/h3>\n<p>[\/vc_column_text][vc_video link=\u00bbhttps:\/\/youtu.be\/B5tFjxG-7Xs\u00bb][\/vc_column][\/vc_row]<\/p>\n<\/div>","protected":false},"excerpt":{"rendered":"<p>[vc_row][vc_column width=\u00bb1\/4&#8243;][vc_single_image image=\u00bb4830&#8243; img_size=\u00bbmedium\u00bb][\/vc_column][vc_column width=\u00bb3\/4&#8243;][vc_column_text]Bitch Una mujer (Marianna Palka) cae presa de las tensiones de su vida y adopta la psicolog\u00eda de un perro. Su marido ausente (Jason Ritter) se [&hellip;]<\/p>\n","protected":false},"author":1,"featured_media":0,"parent":0,"menu_order":0,"comment_status":"closed","ping_status":"closed","template":"","meta":{"footnotes":""},"class_list":["post-4876","page","type-page","status-publish","hentry"],"yoast_head":"<!-- This site is optimized with the Yoast SEO plugin v27.3 - https:\/\/yoast.com\/product\/yoast-seo-wordpress\/ -->\n<title>Bitch - Calella Film Festival<\/title>\n<meta name=\"robots\" content=\"index, follow, max-snippet:-1, max-image-preview:large, max-video-preview:-1\" \/>\n<link rel=\"canonical\" href=\"https:\/\/www.maresmefilmfestival.com\/es\/bitch\/\" \/>\n<meta property=\"og:locale\" content=\"es_ES\" \/>\n<meta property=\"og:type\" content=\"article\" \/>\n<meta property=\"og:title\" content=\"Bitch - Calella Film Festival\" \/>\n<meta property=\"og:description\" content=\"[vc_row][vc_column width=\u00bb1\/4&#8243;][vc_single_image image=\u00bb4830&#8243; img_size=\u00bbmedium\u00bb][\/vc_column][vc_column width=\u00bb3\/4&#8243;][vc_column_text]Bitch Una mujer (Marianna Palka) cae presa de las tensiones de su vida y adopta la psicolog\u00eda de un perro. Su marido ausente (Jason Ritter) se [&hellip;]\" \/>\n<meta property=\"og:url\" content=\"https:\/\/www.maresmefilmfestival.com\/es\/bitch\/\" \/>\n<meta property=\"og:site_name\" content=\"Calella Film Festival\" \/>\n<meta property=\"article:publisher\" content=\"https:\/\/www.facebook.com\/Festival-de-Cinema-de-Calella-536425489872034\/?ref=hl\" \/>\n<meta property=\"article:modified_time\" content=\"2018-07-04T09:16:34+00:00\" \/>\n<meta name=\"twitter:card\" content=\"summary_large_image\" \/>\n<meta name=\"twitter:site\" content=\"@CalellaFilmFest\" \/>\n<meta name=\"twitter:label1\" content=\"Tiempo de lectura\" \/>\n\t<meta name=\"twitter:data1\" content=\"1 minuto\" \/>\n<script type=\"application\/ld+json\" class=\"yoast-schema-graph\">{\"@context\":\"https:\\\/\\\/schema.org\",\"@graph\":[{\"@type\":\"WebPage\",\"@id\":\"https:\\\/\\\/www.maresmefilmfestival.com\\\/es\\\/bitch\\\/\",\"url\":\"https:\\\/\\\/www.maresmefilmfestival.com\\\/es\\\/bitch\\\/\",\"name\":\"Bitch - Calella Film Festival\",\"isPartOf\":{\"@id\":\"https:\\\/\\\/www.maresmefilmfestival.com\\\/es\\\/#website\"},\"datePublished\":\"2018-05-09T11:00:25+00:00\",\"dateModified\":\"2018-07-04T09:16:34+00:00\",\"breadcrumb\":{\"@id\":\"https:\\\/\\\/www.maresmefilmfestival.com\\\/es\\\/bitch\\\/#breadcrumb\"},\"inLanguage\":\"es\",\"potentialAction\":[{\"@type\":\"ReadAction\",\"target\":[\"https:\\\/\\\/www.maresmefilmfestival.com\\\/es\\\/bitch\\\/\"]}]},{\"@type\":\"BreadcrumbList\",\"@id\":\"https:\\\/\\\/www.maresmefilmfestival.com\\\/es\\\/bitch\\\/#breadcrumb\",\"itemListElement\":[{\"@type\":\"ListItem\",\"position\":1,\"name\":\"Portada\",\"item\":\"https:\\\/\\\/www.maresmefilmfestival.com\\\/es\\\/\"},{\"@type\":\"ListItem\",\"position\":2,\"name\":\"Bitch\"}]},{\"@type\":\"WebSite\",\"@id\":\"https:\\\/\\\/www.maresmefilmfestival.com\\\/es\\\/#website\",\"url\":\"https:\\\/\\\/www.maresmefilmfestival.com\\\/es\\\/\",\"name\":\"Calella Film Festival\",\"description\":\"Festival de Cinema\",\"potentialAction\":[{\"@type\":\"SearchAction\",\"target\":{\"@type\":\"EntryPoint\",\"urlTemplate\":\"https:\\\/\\\/www.maresmefilmfestival.com\\\/es\\\/?s={search_term_string}\"},\"query-input\":{\"@type\":\"PropertyValueSpecification\",\"valueRequired\":true,\"valueName\":\"search_term_string\"}}],\"inLanguage\":\"es\"}]}<\/script>\n<!-- \/ Yoast SEO plugin. -->","yoast_head_json":{"title":"Bitch - Calella Film Festival","robots":{"index":"index","follow":"follow","max-snippet":"max-snippet:-1","max-image-preview":"max-image-preview:large","max-video-preview":"max-video-preview:-1"},"canonical":"https:\/\/www.maresmefilmfestival.com\/es\/bitch\/","og_locale":"es_ES","og_type":"article","og_title":"Bitch - Calella Film Festival","og_description":"[vc_row][vc_column width=\u00bb1\/4&#8243;][vc_single_image image=\u00bb4830&#8243; img_size=\u00bbmedium\u00bb][\/vc_column][vc_column width=\u00bb3\/4&#8243;][vc_column_text]Bitch Una mujer (Marianna Palka) cae presa de las tensiones de su vida y adopta la psicolog\u00eda de un perro. Su marido ausente (Jason Ritter) se [&hellip;]","og_url":"https:\/\/www.maresmefilmfestival.com\/es\/bitch\/","og_site_name":"Calella Film Festival","article_publisher":"https:\/\/www.facebook.com\/Festival-de-Cinema-de-Calella-536425489872034\/?ref=hl","article_modified_time":"2018-07-04T09:16:34+00:00","twitter_card":"summary_large_image","twitter_site":"@CalellaFilmFest","twitter_misc":{"Tiempo de lectura":"1 minuto"},"schema":{"@context":"https:\/\/schema.org","@graph":[{"@type":"WebPage","@id":"https:\/\/www.maresmefilmfestival.com\/es\/bitch\/","url":"https:\/\/www.maresmefilmfestival.com\/es\/bitch\/","name":"Bitch - Calella Film Festival","isPartOf":{"@id":"https:\/\/www.maresmefilmfestival.com\/es\/#website"},"datePublished":"2018-05-09T11:00:25+00:00","dateModified":"2018-07-04T09:16:34+00:00","breadcrumb":{"@id":"https:\/\/www.maresmefilmfestival.com\/es\/bitch\/#breadcrumb"},"inLanguage":"es","potentialAction":[{"@type":"ReadAction","target":["https:\/\/www.maresmefilmfestival.com\/es\/bitch\/"]}]},{"@type":"BreadcrumbList","@id":"https:\/\/www.maresmefilmfestival.com\/es\/bitch\/#breadcrumb","itemListElement":[{"@type":"ListItem","position":1,"name":"Portada","item":"https:\/\/www.maresmefilmfestival.com\/es\/"},{"@type":"ListItem","position":2,"name":"Bitch"}]},{"@type":"WebSite","@id":"https:\/\/www.maresmefilmfestival.com\/es\/#website","url":"https:\/\/www.maresmefilmfestival.com\/es\/","name":"Calella Film Festival","description":"Festival de Cinema","potentialAction":[{"@type":"SearchAction","target":{"@type":"EntryPoint","urlTemplate":"https:\/\/www.maresmefilmfestival.com\/es\/?s={search_term_string}"},"query-input":{"@type":"PropertyValueSpecification","valueRequired":true,"valueName":"search_term_string"}}],"inLanguage":"es"}]}},"_links":{"self":[{"href":"https:\/\/www.maresmefilmfestival.com\/es\/wp-json\/wp\/v2\/pages\/4876","targetHints":{"allow":["GET"]}}],"collection":[{"href":"https:\/\/www.maresmefilmfestival.com\/es\/wp-json\/wp\/v2\/pages"}],"about":[{"href":"https:\/\/www.maresmefilmfestival.com\/es\/wp-json\/wp\/v2\/types\/page"}],"author":[{"embeddable":true,"href":"https:\/\/www.maresmefilmfestival.com\/es\/wp-json\/wp\/v2\/users\/1"}],"replies":[{"embeddable":true,"href":"https:\/\/www.maresmefilmfestival.com\/es\/wp-json\/wp\/v2\/comments?post=4876"}],"version-history":[{"count":0,"href":"https:\/\/www.maresmefilmfestival.com\/es\/wp-json\/wp\/v2\/pages\/4876\/revisions"}],"wp:attachment":[{"href":"https:\/\/www.maresmefilmfestival.com\/es\/wp-json\/wp\/v2\/media?parent=4876"}],"curies":[{"name":"wp","href":"https:\/\/api.w.org\/{rel}","templated":true}]}}