{"id":476,"date":"2016-02-19T09:55:59","date_gmt":"2016-02-19T09:55:59","guid":{"rendered":"http:\/\/www.maresmefilmfestival.com\/es\/?page_id=476"},"modified":"2021-10-01T09:59:19","modified_gmt":"2021-10-01T08:59:19","slug":"salas-de-proyeccion","status":"publish","type":"page","link":"https:\/\/www.maresmefilmfestival.com\/es\/salas-de-proyeccion\/","title":{"rendered":"Salas de proyecci\u00f3n"},"content":{"rendered":"<div class=\"wpb-content-wrapper\"><p>[vc_row][vc_column width=\u00bb1\/3&#8243;][vc_text_separator title=\u00bbSALA MOZART\u00bb color=\u00bbchino\u00bb][vc_single_image image=\u00bb8852&#8243; img_size=\u00bbfull\u00bb alignment=\u00bbcenter\u00bb][vc_single_image image=\u00bb381&#8243; img_size=\u00bb350&#215;200 (Width x Height)\u00bb alignment=\u00bbcenter\u00bb][vc_column_text]<\/p>\n<p style=\"text-align: justify;\">Esta sala hist\u00f3rica de la poblaci\u00f3n de Calella, ha sido recientemente reformada, convirti\u00e9ndose en una sala de referencia por su calidad t\u00e9cnica y comodidad.<br \/>\n<strong>Ser\u00e1 la sede del festival donde se realizar\u00e1n las proyecciones y los actos m\u00e1s destacables del festival.<\/strong><\/p>\n<p style=\"text-align: justify;\"><strong><span style=\"color: #d3ab1d;\">Direcci\u00f3n:<\/span><\/strong> C\/ Esgl\u00e9sia 91 &#8211; Calella<\/p>\n<p>[\/vc_column_text][\/vc_column][vc_column width=\u00bb1\/3&#8243;][vc_text_separator title=\u00bbAKIRA CINE CLUB\u00bb color=\u00bbchino\u00bb][vc_single_image image=\u00bb8846&#8243; img_size=\u00bbfull\u00bb alignment=\u00bbcenter\u00bb][vc_single_image image=\u00bb8849&#8243; img_size=\u00bb350&#215;200 (Width x Height)\u00bb alignment=\u00bbcenter\u00bb][vc_column_text]Akira Cine club es una asociaci\u00f3n para la difusi\u00f3n de la cultura cinematogr\u00e1fica, que organiza proyecciones, cine foros y actividades relacionadas con el mundo del cine y la cultura con el objetivo de poner de manifiesto el valor del cine como arte en Sant Pol de Mar.<\/p>\n<p><strong><span style=\"color: #d3ab1d;\">Lugar:<\/span><\/strong>\u00a0Centre Cultural de Sant Pol<\/p>\n<p><strong><span style=\"color: #d3ab1d;\">Direcci\u00f3n:<\/span><\/strong>\u00a0C\/ Consulat del Mar, 65<\/p>\n<p>[\/vc_column_text][\/vc_column][vc_column width=\u00bb1\/3&#8243;][vc_text_separator title=\u00bbTEATRO PRINCIPAL\u00bb color=\u00bbchino\u00bb][vc_single_image image=\u00bb8855&#8243; img_size=\u00bbfull\u00bb alignment=\u00bbcenter\u00bb][vc_single_image image=\u00bb8858&#8243; img_size=\u00bb350&#215;200 (Width x Height)\u00bb alignment=\u00bbcenter\u00bb onclick=\u00bbcustom_link\u00bb link=\u00bbhttps:\/\/teatreprincipal.cat\/\u00bb][vc_column_text]<\/p>\n<p style=\"text-align: justify;\">El Teatro Principal de Arenys de Mar se reinaugur\u00f3 el 7 de julio de 2005, en el marco de las fiestas de San Zenon. La capacidad total del teatro es de 274 butacas<\/p>\n<p style=\"text-align: justify;\"><strong><span style=\"color: #d3ab1d;\">Direcci\u00f3n:<\/span><\/strong> C\/ Esgl\u00e9sia, 45 Arenys de Mar<\/p>\n<p><strong><span style=\"color: #d3ab1d;\">Web:<\/span><\/strong>\u00a0<a href=\"http:\/\/www.teatreprincipal.cat\">http:\/\/www.teatreprincipal.cat<\/a>[\/vc_column_text][\/vc_column][\/vc_row][vc_row][vc_column width=\u00bb1\/3&#8243;][vc_text_separator title=\u00bbBEACH FESTIVAL\u00bb color=\u00bbchino\u00bb][vc_single_image image=\u00bb2731&#8243; img_size=\u00bb350&#215;200 (Width x Height)\u00bb alignment=\u00bbcenter\u00bb][vc_column_text]<\/p>\n<p style=\"text-align: justify;\">Ven a la playa para disfrutar de una experiencia cinematogr\u00e1fica diferente.<\/p>\n<p style=\"text-align: justify;\"><strong><span style=\"color: #d3ab1d;\">Direcci\u00f3n:<\/span><\/strong> Platja Gran Calella &#8211; Calella<\/p>\n<p>[\/vc_column_text][\/vc_column][vc_column width=\u00bb1\/3&#8243;][\/vc_column][vc_column width=\u00bb1\/3&#8243;][\/vc_column][\/vc_row]<\/p>\n<\/div>","protected":false},"excerpt":{"rendered":"<p>[vc_row][vc_column width=\u00bb1\/3&#8243;][vc_text_separator title=\u00bbSALA MOZART\u00bb color=\u00bbchino\u00bb][vc_single_image image=\u00bb8852&#8243; img_size=\u00bbfull\u00bb alignment=\u00bbcenter\u00bb][vc_single_image image=\u00bb381&#8243; img_size=\u00bb350&#215;200 (Width x Height)\u00bb alignment=\u00bbcenter\u00bb][vc_column_text] Esta sala hist\u00f3rica de la poblaci\u00f3n de Calella, ha sido recientemente reformada, convirti\u00e9ndose en una sala [&hellip;]<\/p>\n","protected":false},"author":1,"featured_media":7661,"parent":0,"menu_order":0,"comment_status":"closed","ping_status":"closed","template":"","meta":{"footnotes":""},"class_list":["post-476","page","type-page","status-publish","has-post-thumbnail","hentry"],"yoast_head":"<!-- This site is optimized with the Yoast SEO plugin v27.4 - https:\/\/yoast.com\/product\/yoast-seo-wordpress\/ -->\n<title>Salas de proyecci\u00f3n - Calella Film Festival<\/title>\n<meta name=\"robots\" content=\"index, follow, max-snippet:-1, max-image-preview:large, max-video-preview:-1\" \/>\n<link rel=\"canonical\" href=\"https:\/\/www.maresmefilmfestival.com\/es\/salas-de-proyeccion\/\" \/>\n<meta property=\"og:locale\" content=\"es_ES\" \/>\n<meta property=\"og:type\" content=\"article\" \/>\n<meta property=\"og:title\" content=\"Salas de proyecci\u00f3n - Calella Film Festival\" \/>\n<meta property=\"og:description\" content=\"[vc_row][vc_column width=\u00bb1\/3&#8243;][vc_text_separator title=\u00bbSALA MOZART\u00bb color=\u00bbchino\u00bb][vc_single_image image=\u00bb8852&#8243; img_size=\u00bbfull\u00bb alignment=\u00bbcenter\u00bb][vc_single_image image=\u00bb381&#8243; img_size=\u00bb350&#215;200 (Width x Height)\u00bb alignment=\u00bbcenter\u00bb][vc_column_text] Esta sala hist\u00f3rica de la poblaci\u00f3n de Calella, ha sido recientemente reformada, convirti\u00e9ndose en una sala [&hellip;]\" \/>\n<meta property=\"og:url\" content=\"https:\/\/www.maresmefilmfestival.com\/es\/salas-de-proyeccion\/\" \/>\n<meta property=\"og:site_name\" content=\"Calella Film Festival\" \/>\n<meta property=\"article:publisher\" content=\"https:\/\/www.facebook.com\/Festival-de-Cinema-de-Calella-536425489872034\/?ref=hl\" \/>\n<meta property=\"article:modified_time\" content=\"2021-10-01T08:59:19+00:00\" \/>\n<meta property=\"og:image\" content=\"https:\/\/www.maresmefilmfestival.com\/wp-content\/uploads\/2019\/07\/Mapa-Sales-Festival_final.jpg\" \/>\n\t<meta property=\"og:image:width\" content=\"2560\" \/>\n\t<meta property=\"og:image:height\" content=\"1280\" \/>\n\t<meta property=\"og:image:type\" content=\"image\/jpeg\" \/>\n<meta name=\"twitter:card\" content=\"summary_large_image\" \/>\n<meta name=\"twitter:site\" content=\"@CalellaFilmFest\" \/>\n<meta name=\"twitter:label1\" content=\"Tiempo de lectura\" \/>\n\t<meta name=\"twitter:data1\" content=\"1 minuto\" \/>\n<script type=\"application\/ld+json\" class=\"yoast-schema-graph\">{\"@context\":\"https:\\\/\\\/schema.org\",\"@graph\":[{\"@type\":\"WebPage\",\"@id\":\"https:\\\/\\\/www.maresmefilmfestival.com\\\/es\\\/salas-de-proyeccion\\\/\",\"url\":\"https:\\\/\\\/www.maresmefilmfestival.com\\\/es\\\/salas-de-proyeccion\\\/\",\"name\":\"Salas de proyecci\u00f3n - Calella Film Festival\",\"isPartOf\":{\"@id\":\"https:\\\/\\\/www.maresmefilmfestival.com\\\/es\\\/#website\"},\"primaryImageOfPage\":{\"@id\":\"https:\\\/\\\/www.maresmefilmfestival.com\\\/es\\\/salas-de-proyeccion\\\/#primaryimage\"},\"image\":{\"@id\":\"https:\\\/\\\/www.maresmefilmfestival.com\\\/es\\\/salas-de-proyeccion\\\/#primaryimage\"},\"thumbnailUrl\":\"https:\\\/\\\/www.maresmefilmfestival.com\\\/wp-content\\\/uploads\\\/2019\\\/07\\\/Mapa-Sales-Festival_final.jpg\",\"datePublished\":\"2016-02-19T09:55:59+00:00\",\"dateModified\":\"2021-10-01T08:59:19+00:00\",\"breadcrumb\":{\"@id\":\"https:\\\/\\\/www.maresmefilmfestival.com\\\/es\\\/salas-de-proyeccion\\\/#breadcrumb\"},\"inLanguage\":\"es\",\"potentialAction\":[{\"@type\":\"ReadAction\",\"target\":[\"https:\\\/\\\/www.maresmefilmfestival.com\\\/es\\\/salas-de-proyeccion\\\/\"]}]},{\"@type\":\"ImageObject\",\"inLanguage\":\"es\",\"@id\":\"https:\\\/\\\/www.maresmefilmfestival.com\\\/es\\\/salas-de-proyeccion\\\/#primaryimage\",\"url\":\"https:\\\/\\\/www.maresmefilmfestival.com\\\/wp-content\\\/uploads\\\/2019\\\/07\\\/Mapa-Sales-Festival_final.jpg\",\"contentUrl\":\"https:\\\/\\\/www.maresmefilmfestival.com\\\/wp-content\\\/uploads\\\/2019\\\/07\\\/Mapa-Sales-Festival_final.jpg\",\"width\":2560,\"height\":1280,\"caption\":\"Mapa Sales projeccio Calella Film Festival\"},{\"@type\":\"BreadcrumbList\",\"@id\":\"https:\\\/\\\/www.maresmefilmfestival.com\\\/es\\\/salas-de-proyeccion\\\/#breadcrumb\",\"itemListElement\":[{\"@type\":\"ListItem\",\"position\":1,\"name\":\"Portada\",\"item\":\"https:\\\/\\\/www.maresmefilmfestival.com\\\/es\\\/\"},{\"@type\":\"ListItem\",\"position\":2,\"name\":\"Salas de proyecci\u00f3n\"}]},{\"@type\":\"WebSite\",\"@id\":\"https:\\\/\\\/www.maresmefilmfestival.com\\\/es\\\/#website\",\"url\":\"https:\\\/\\\/www.maresmefilmfestival.com\\\/es\\\/\",\"name\":\"Calella Film Festival\",\"description\":\"Festival de Cinema\",\"potentialAction\":[{\"@type\":\"SearchAction\",\"target\":{\"@type\":\"EntryPoint\",\"urlTemplate\":\"https:\\\/\\\/www.maresmefilmfestival.com\\\/es\\\/?s={search_term_string}\"},\"query-input\":{\"@type\":\"PropertyValueSpecification\",\"valueRequired\":true,\"valueName\":\"search_term_string\"}}],\"inLanguage\":\"es\"}]}<\/script>\n<!-- \/ Yoast SEO plugin. -->","yoast_head_json":{"title":"Salas de proyecci\u00f3n - Calella Film Festival","robots":{"index":"index","follow":"follow","max-snippet":"max-snippet:-1","max-image-preview":"max-image-preview:large","max-video-preview":"max-video-preview:-1"},"canonical":"https:\/\/www.maresmefilmfestival.com\/es\/salas-de-proyeccion\/","og_locale":"es_ES","og_type":"article","og_title":"Salas de proyecci\u00f3n - Calella Film Festival","og_description":"[vc_row][vc_column width=\u00bb1\/3&#8243;][vc_text_separator title=\u00bbSALA MOZART\u00bb color=\u00bbchino\u00bb][vc_single_image image=\u00bb8852&#8243; img_size=\u00bbfull\u00bb alignment=\u00bbcenter\u00bb][vc_single_image image=\u00bb381&#8243; img_size=\u00bb350&#215;200 (Width x Height)\u00bb alignment=\u00bbcenter\u00bb][vc_column_text] Esta sala hist\u00f3rica de la poblaci\u00f3n de Calella, ha sido recientemente reformada, convirti\u00e9ndose en una sala [&hellip;]","og_url":"https:\/\/www.maresmefilmfestival.com\/es\/salas-de-proyeccion\/","og_site_name":"Calella Film Festival","article_publisher":"https:\/\/www.facebook.com\/Festival-de-Cinema-de-Calella-536425489872034\/?ref=hl","article_modified_time":"2021-10-01T08:59:19+00:00","og_image":[{"width":2560,"height":1280,"url":"https:\/\/www.maresmefilmfestival.com\/wp-content\/uploads\/2019\/07\/Mapa-Sales-Festival_final.jpg","type":"image\/jpeg"}],"twitter_card":"summary_large_image","twitter_site":"@CalellaFilmFest","twitter_misc":{"Tiempo de lectura":"1 minuto"},"schema":{"@context":"https:\/\/schema.org","@graph":[{"@type":"WebPage","@id":"https:\/\/www.maresmefilmfestival.com\/es\/salas-de-proyeccion\/","url":"https:\/\/www.maresmefilmfestival.com\/es\/salas-de-proyeccion\/","name":"Salas de proyecci\u00f3n - Calella Film Festival","isPartOf":{"@id":"https:\/\/www.maresmefilmfestival.com\/es\/#website"},"primaryImageOfPage":{"@id":"https:\/\/www.maresmefilmfestival.com\/es\/salas-de-proyeccion\/#primaryimage"},"image":{"@id":"https:\/\/www.maresmefilmfestival.com\/es\/salas-de-proyeccion\/#primaryimage"},"thumbnailUrl":"https:\/\/www.maresmefilmfestival.com\/wp-content\/uploads\/2019\/07\/Mapa-Sales-Festival_final.jpg","datePublished":"2016-02-19T09:55:59+00:00","dateModified":"2021-10-01T08:59:19+00:00","breadcrumb":{"@id":"https:\/\/www.maresmefilmfestival.com\/es\/salas-de-proyeccion\/#breadcrumb"},"inLanguage":"es","potentialAction":[{"@type":"ReadAction","target":["https:\/\/www.maresmefilmfestival.com\/es\/salas-de-proyeccion\/"]}]},{"@type":"ImageObject","inLanguage":"es","@id":"https:\/\/www.maresmefilmfestival.com\/es\/salas-de-proyeccion\/#primaryimage","url":"https:\/\/www.maresmefilmfestival.com\/wp-content\/uploads\/2019\/07\/Mapa-Sales-Festival_final.jpg","contentUrl":"https:\/\/www.maresmefilmfestival.com\/wp-content\/uploads\/2019\/07\/Mapa-Sales-Festival_final.jpg","width":2560,"height":1280,"caption":"Mapa Sales projeccio Calella Film Festival"},{"@type":"BreadcrumbList","@id":"https:\/\/www.maresmefilmfestival.com\/es\/salas-de-proyeccion\/#breadcrumb","itemListElement":[{"@type":"ListItem","position":1,"name":"Portada","item":"https:\/\/www.maresmefilmfestival.com\/es\/"},{"@type":"ListItem","position":2,"name":"Salas de proyecci\u00f3n"}]},{"@type":"WebSite","@id":"https:\/\/www.maresmefilmfestival.com\/es\/#website","url":"https:\/\/www.maresmefilmfestival.com\/es\/","name":"Calella Film Festival","description":"Festival de Cinema","potentialAction":[{"@type":"SearchAction","target":{"@type":"EntryPoint","urlTemplate":"https:\/\/www.maresmefilmfestival.com\/es\/?s={search_term_string}"},"query-input":{"@type":"PropertyValueSpecification","valueRequired":true,"valueName":"search_term_string"}}],"inLanguage":"es"}]}},"_links":{"self":[{"href":"https:\/\/www.maresmefilmfestival.com\/es\/wp-json\/wp\/v2\/pages\/476","targetHints":{"allow":["GET"]}}],"collection":[{"href":"https:\/\/www.maresmefilmfestival.com\/es\/wp-json\/wp\/v2\/pages"}],"about":[{"href":"https:\/\/www.maresmefilmfestival.com\/es\/wp-json\/wp\/v2\/types\/page"}],"author":[{"embeddable":true,"href":"https:\/\/www.maresmefilmfestival.com\/es\/wp-json\/wp\/v2\/users\/1"}],"replies":[{"embeddable":true,"href":"https:\/\/www.maresmefilmfestival.com\/es\/wp-json\/wp\/v2\/comments?post=476"}],"version-history":[{"count":0,"href":"https:\/\/www.maresmefilmfestival.com\/es\/wp-json\/wp\/v2\/pages\/476\/revisions"}],"wp:featuredmedia":[{"embeddable":true,"href":"https:\/\/www.maresmefilmfestival.com\/es\/wp-json\/wp\/v2\/media\/7661"}],"wp:attachment":[{"href":"https:\/\/www.maresmefilmfestival.com\/es\/wp-json\/wp\/v2\/media?parent=476"}],"curies":[{"name":"wp","href":"https:\/\/api.w.org\/{rel}","templated":true}]}}