{"id":4747,"date":"2018-03-20T14:11:48","date_gmt":"2018-03-20T13:11:48","guid":{"rendered":"http:\/\/www.maresmefilmfestival.com\/?page_id=4747"},"modified":"2018-06-06T17:58:26","modified_gmt":"2018-06-06T16:58:26","slug":"le-portrait","status":"publish","type":"page","link":"https:\/\/www.maresmefilmfestival.com\/es\/le-portrait\/","title":{"rendered":"Le Portrait"},"content":{"rendered":"<div class=\"wpb-content-wrapper\"><p>[vc_row][vc_column width=\u00bb1\/4&#8243;][vc_single_image image=\u00bb4674&#8243; img_size=\u00bbmedium\u00bb][\/vc_column][vc_column width=\u00bb3\/4&#8243;][vc_column_text]<strong>Le Portrait<\/strong><\/p>\n<p>A principios del siglo XX, Lazar, un le\u00f1ador taciturno, le pide al retratista desencantado Arkadi que pinte el retrato de su hijo. Lazar insiste y lo invita a su casa de campo aislada esa misma noche. Aunque luchando con sus propios tormentos, Arkadi acepta esta inusual petici\u00f3n. La ejecuci\u00f3n de este retrato desestabilizar\u00e1 a ambos hombres al tiempo que revela sus miedos internos, empuj\u00e1ndolos a [&#8230;][\/vc_column_text][vc_btn title=\u00bbCOMPRA TIQUET\u00bb color=\u00bbwarning\u00bb link=\u00bburl:https%3A%2F%2Fwww.4tickets.es%2Fcalellafilmfestival%2Fpublic%2Fjanto%2Fmain.php%3FNivel%3DEvento%26idEvento%3DCFF37||\u00bb][\/vc_column][\/vc_row][vc_row][vc_column width=\u00bb1\/2&#8243;][vc_column_text]<\/p>\n<h3 style=\"text-align: justify;\"><strong><span style=\"color: #d3ab1d;\">Datos Generales<\/span><\/strong><\/h3>\n<p class=\"p1\"><strong>T\u00edtulo original\u00a0<\/strong>Le Portrait<\/p>\n<p class=\"p1\"><b>A\u00f1o y mes de producci\u00f3n\u00a0<\/b>2017<\/p>\n<p class=\"p1\"><strong>Duraci\u00f3n<\/strong>\u00a092 minutos<\/p>\n<p class=\"p1\"><b>Pa\u00eds de producci\u00f3n\u00a0<\/b>Francia<\/p>\n<p class=\"p1\"><strong>Director<\/strong> Christophe Leclaire<\/p>\n<p class=\"p1\"><strong>Gui\u00f3n\u00a0<\/strong>Christophe Leclaire<\/p>\n<p class=\"p1\"><strong>Fotograf\u00eda <\/strong>Daniel Bach<\/p>\n<p class=\"p1\"><strong>Reparto\u00a0<\/strong>Nicolas Gruber, Frantz Herman, Fr\u00e9d\u00e9rique Camaret, H\u00e9l\u00e8ne Hiquily, Leila Jaskula, Tom Maurel<\/p>\n<p class=\"p1\"><strong>Idioma<\/strong>\u00a0Franc\u00e9s<\/p>\n<p class=\"p1\"><strong>Productora\u00a0<\/strong>Eggmotion<\/p>\n<p>[\/vc_column_text][\/vc_column][vc_column width=\u00bb1\/2&#8243;][vc_column_text]<\/p>\n<h3 style=\"text-align: justify;\"><strong><span style=\"color: #d3ab1d;\">G\u00e9nero<\/span><\/strong><\/h3>\n<p class=\"p1\"><b>G\u00e9nero\u00a0<\/b>Art- Drama- Fantas\u00eda- Hist\u00f3rico- Otros<\/p>\n<p class=\"p1\"><b>Categor\u00eda\u00a0<\/b>Ficci\u00f3n<\/p>\n<h3><\/h3>\n<h3><strong><span style=\"color: #d3ab1d;\">Tr\u00e1iler<\/span><\/strong><\/h3>\n<p>[\/vc_column_text][vc_video link=\u00bbhttps:\/\/youtu.be\/h0ycBxyuUxI\u00bb][\/vc_column][\/vc_row]<\/p>\n<\/div>","protected":false},"excerpt":{"rendered":"<p>[vc_row][vc_column width=\u00bb1\/4&#8243;][vc_single_image image=\u00bb4674&#8243; img_size=\u00bbmedium\u00bb][\/vc_column][vc_column width=\u00bb3\/4&#8243;][vc_column_text]Le Portrait A principios del siglo XX, Lazar, un le\u00f1ador taciturno, le pide al retratista desencantado Arkadi que pinte el retrato de su hijo. Lazar insiste [&hellip;]<\/p>\n","protected":false},"author":1,"featured_media":0,"parent":0,"menu_order":0,"comment_status":"closed","ping_status":"closed","template":"","meta":{"footnotes":""},"class_list":["post-4747","page","type-page","status-publish","hentry"],"yoast_head":"<!-- This site is optimized with the Yoast SEO plugin v27.4 - https:\/\/yoast.com\/product\/yoast-seo-wordpress\/ -->\n<title>Le Portrait - Calella Film Festival<\/title>\n<meta name=\"robots\" content=\"index, follow, max-snippet:-1, max-image-preview:large, max-video-preview:-1\" \/>\n<link rel=\"canonical\" href=\"https:\/\/www.maresmefilmfestival.com\/es\/le-portrait\/\" \/>\n<meta property=\"og:locale\" content=\"es_ES\" \/>\n<meta property=\"og:type\" content=\"article\" \/>\n<meta property=\"og:title\" content=\"Le Portrait - Calella Film Festival\" \/>\n<meta property=\"og:description\" content=\"[vc_row][vc_column width=\u00bb1\/4&#8243;][vc_single_image image=\u00bb4674&#8243; img_size=\u00bbmedium\u00bb][\/vc_column][vc_column width=\u00bb3\/4&#8243;][vc_column_text]Le Portrait A principios del siglo XX, Lazar, un le\u00f1ador taciturno, le pide al retratista desencantado Arkadi que pinte el retrato de su hijo. Lazar insiste [&hellip;]\" \/>\n<meta property=\"og:url\" content=\"https:\/\/www.maresmefilmfestival.com\/es\/le-portrait\/\" \/>\n<meta property=\"og:site_name\" content=\"Calella Film Festival\" \/>\n<meta property=\"article:publisher\" content=\"https:\/\/www.facebook.com\/Festival-de-Cinema-de-Calella-536425489872034\/?ref=hl\" \/>\n<meta property=\"article:modified_time\" content=\"2018-06-06T16:58:26+00:00\" \/>\n<meta name=\"twitter:card\" content=\"summary_large_image\" \/>\n<meta name=\"twitter:site\" content=\"@CalellaFilmFest\" \/>\n<meta name=\"twitter:label1\" content=\"Tiempo de lectura\" \/>\n\t<meta name=\"twitter:data1\" content=\"1 minuto\" \/>\n<script type=\"application\/ld+json\" class=\"yoast-schema-graph\">{\"@context\":\"https:\\\/\\\/schema.org\",\"@graph\":[{\"@type\":\"WebPage\",\"@id\":\"https:\\\/\\\/www.maresmefilmfestival.com\\\/es\\\/le-portrait\\\/\",\"url\":\"https:\\\/\\\/www.maresmefilmfestival.com\\\/es\\\/le-portrait\\\/\",\"name\":\"Le Portrait - Calella Film Festival\",\"isPartOf\":{\"@id\":\"https:\\\/\\\/www.maresmefilmfestival.com\\\/es\\\/#website\"},\"datePublished\":\"2018-03-20T13:11:48+00:00\",\"dateModified\":\"2018-06-06T16:58:26+00:00\",\"breadcrumb\":{\"@id\":\"https:\\\/\\\/www.maresmefilmfestival.com\\\/es\\\/le-portrait\\\/#breadcrumb\"},\"inLanguage\":\"es\",\"potentialAction\":[{\"@type\":\"ReadAction\",\"target\":[\"https:\\\/\\\/www.maresmefilmfestival.com\\\/es\\\/le-portrait\\\/\"]}]},{\"@type\":\"BreadcrumbList\",\"@id\":\"https:\\\/\\\/www.maresmefilmfestival.com\\\/es\\\/le-portrait\\\/#breadcrumb\",\"itemListElement\":[{\"@type\":\"ListItem\",\"position\":1,\"name\":\"Portada\",\"item\":\"https:\\\/\\\/www.maresmefilmfestival.com\\\/es\\\/\"},{\"@type\":\"ListItem\",\"position\":2,\"name\":\"Le Portrait\"}]},{\"@type\":\"WebSite\",\"@id\":\"https:\\\/\\\/www.maresmefilmfestival.com\\\/es\\\/#website\",\"url\":\"https:\\\/\\\/www.maresmefilmfestival.com\\\/es\\\/\",\"name\":\"Calella Film Festival\",\"description\":\"Festival de Cinema\",\"potentialAction\":[{\"@type\":\"SearchAction\",\"target\":{\"@type\":\"EntryPoint\",\"urlTemplate\":\"https:\\\/\\\/www.maresmefilmfestival.com\\\/es\\\/?s={search_term_string}\"},\"query-input\":{\"@type\":\"PropertyValueSpecification\",\"valueRequired\":true,\"valueName\":\"search_term_string\"}}],\"inLanguage\":\"es\"}]}<\/script>\n<!-- \/ Yoast SEO plugin. -->","yoast_head_json":{"title":"Le Portrait - Calella Film Festival","robots":{"index":"index","follow":"follow","max-snippet":"max-snippet:-1","max-image-preview":"max-image-preview:large","max-video-preview":"max-video-preview:-1"},"canonical":"https:\/\/www.maresmefilmfestival.com\/es\/le-portrait\/","og_locale":"es_ES","og_type":"article","og_title":"Le Portrait - Calella Film Festival","og_description":"[vc_row][vc_column width=\u00bb1\/4&#8243;][vc_single_image image=\u00bb4674&#8243; img_size=\u00bbmedium\u00bb][\/vc_column][vc_column width=\u00bb3\/4&#8243;][vc_column_text]Le Portrait A principios del siglo XX, Lazar, un le\u00f1ador taciturno, le pide al retratista desencantado Arkadi que pinte el retrato de su hijo. Lazar insiste [&hellip;]","og_url":"https:\/\/www.maresmefilmfestival.com\/es\/le-portrait\/","og_site_name":"Calella Film Festival","article_publisher":"https:\/\/www.facebook.com\/Festival-de-Cinema-de-Calella-536425489872034\/?ref=hl","article_modified_time":"2018-06-06T16:58:26+00:00","twitter_card":"summary_large_image","twitter_site":"@CalellaFilmFest","twitter_misc":{"Tiempo de lectura":"1 minuto"},"schema":{"@context":"https:\/\/schema.org","@graph":[{"@type":"WebPage","@id":"https:\/\/www.maresmefilmfestival.com\/es\/le-portrait\/","url":"https:\/\/www.maresmefilmfestival.com\/es\/le-portrait\/","name":"Le Portrait - Calella Film Festival","isPartOf":{"@id":"https:\/\/www.maresmefilmfestival.com\/es\/#website"},"datePublished":"2018-03-20T13:11:48+00:00","dateModified":"2018-06-06T16:58:26+00:00","breadcrumb":{"@id":"https:\/\/www.maresmefilmfestival.com\/es\/le-portrait\/#breadcrumb"},"inLanguage":"es","potentialAction":[{"@type":"ReadAction","target":["https:\/\/www.maresmefilmfestival.com\/es\/le-portrait\/"]}]},{"@type":"BreadcrumbList","@id":"https:\/\/www.maresmefilmfestival.com\/es\/le-portrait\/#breadcrumb","itemListElement":[{"@type":"ListItem","position":1,"name":"Portada","item":"https:\/\/www.maresmefilmfestival.com\/es\/"},{"@type":"ListItem","position":2,"name":"Le Portrait"}]},{"@type":"WebSite","@id":"https:\/\/www.maresmefilmfestival.com\/es\/#website","url":"https:\/\/www.maresmefilmfestival.com\/es\/","name":"Calella Film Festival","description":"Festival de Cinema","potentialAction":[{"@type":"SearchAction","target":{"@type":"EntryPoint","urlTemplate":"https:\/\/www.maresmefilmfestival.com\/es\/?s={search_term_string}"},"query-input":{"@type":"PropertyValueSpecification","valueRequired":true,"valueName":"search_term_string"}}],"inLanguage":"es"}]}},"_links":{"self":[{"href":"https:\/\/www.maresmefilmfestival.com\/es\/wp-json\/wp\/v2\/pages\/4747","targetHints":{"allow":["GET"]}}],"collection":[{"href":"https:\/\/www.maresmefilmfestival.com\/es\/wp-json\/wp\/v2\/pages"}],"about":[{"href":"https:\/\/www.maresmefilmfestival.com\/es\/wp-json\/wp\/v2\/types\/page"}],"author":[{"embeddable":true,"href":"https:\/\/www.maresmefilmfestival.com\/es\/wp-json\/wp\/v2\/users\/1"}],"replies":[{"embeddable":true,"href":"https:\/\/www.maresmefilmfestival.com\/es\/wp-json\/wp\/v2\/comments?post=4747"}],"version-history":[{"count":0,"href":"https:\/\/www.maresmefilmfestival.com\/es\/wp-json\/wp\/v2\/pages\/4747\/revisions"}],"wp:attachment":[{"href":"https:\/\/www.maresmefilmfestival.com\/es\/wp-json\/wp\/v2\/media?parent=4747"}],"curies":[{"name":"wp","href":"https:\/\/api.w.org\/{rel}","templated":true}]}}