{"id":4729,"date":"2018-03-20T11:34:39","date_gmt":"2018-03-20T10:34:39","guid":{"rendered":"http:\/\/www.maresmefilmfestival.com\/?page_id=4729"},"modified":"2019-01-24T12:07:27","modified_gmt":"2019-01-24T11:07:27","slug":"competicion-oficial-low-budget-films-2018","status":"publish","type":"page","link":"https:\/\/www.maresmefilmfestival.com\/es\/competicion-oficial-low-budget-films-2018\/","title":{"rendered":"Competici\u00f3n Oficial Low Budget Films 2018"},"content":{"rendered":"<div class=\"wpb-content-wrapper\"><p>[vc_row][vc_column][vc_column_text]<\/p>\n<h3 style=\"text-align: left;\"><span style=\"color: #d3ab1d;\">Las pel\u00edculas selecionadas para competir en la secci\u00f3n oficial LOW BUDGET FILMS son:<\/span><\/h3>\n<p>[\/vc_column_text][\/vc_column][\/vc_row][vc_row][vc_column width=\u00bb1\/2&#8243;][vc_btn title=\u00bbVER TODOS LOS TR\u00c1ILERS\u00bb style=\u00bbgradient\u00bb gradient_color_1=\u00bbblack\u00bb gradient_color_2=\u00bbgrey\u00bb shape=\u00bbround\u00bb size=\u00bbsm\u00bb align=\u00bbleft\u00bb link=\u00bburl:https%3A%2F%2Fwww.youtube.com%2Fwatch%3Fv%3DOBJIsISGoog%26list%3DPLvbs9GXlGXnurfivErdwIeJ_lnyPUAsiv||target:%20_blank\u00bb][\/vc_column][\/vc_row][vc_row][vc_column][vc_separator][\/vc_column][\/vc_row][vc_row][vc_column width=\u00bb1\/3&#8243;][vc_single_image image=\u00bb4669&#8243; img_size=\u00bbfull\u00bb onclick=\u00bbcustom_link\u00bb link=\u00bbhttps:\/\/www.maresmefilmfestival.com\/es\/resort-paraiso\/\u00bb][\/vc_column][vc_column width=\u00bb1\/3&#8243;][vc_single_image image=\u00bb4670&#8243; img_size=\u00bbfull\u00bb onclick=\u00bbcustom_link\u00bb link=\u00bbhttps:\/\/www.maresmefilmfestival.com\/es\/blue-rai\/\u00bb][\/vc_column][vc_column width=\u00bb1\/3&#8243;][vc_single_image image=\u00bb4671&#8243; img_size=\u00bbfull\u00bb onclick=\u00bbcustom_link\u00bb link=\u00bbhttps:\/\/www.maresmefilmfestival.com\/es\/nosotros\/\u00bb][\/vc_column][\/vc_row][vc_row][vc_column width=\u00bb1\/3&#8243;][vc_single_image image=\u00bb4672&#8243; img_size=\u00bbfull\u00bb onclick=\u00bbcustom_link\u00bb link=\u00bbhttps:\/\/www.maresmefilmfestival.com\/es\/abrazame-como-antes\/\u00bb][\/vc_column][vc_column width=\u00bb1\/3&#8243;][vc_single_image image=\u00bb4673&#8243; img_size=\u00bbfull\u00bb onclick=\u00bbcustom_link\u00bb link=\u00bbhttps:\/\/www.maresmefilmfestival.com\/es\/re-evolution\/\u00bb][\/vc_column][vc_column width=\u00bb1\/3&#8243;][vc_single_image image=\u00bb4674&#8243; img_size=\u00bbfull\u00bb onclick=\u00bbcustom_link\u00bb link=\u00bbhttps:\/\/www.maresmefilmfestival.com\/es\/le-portrait\/\u00bb][\/vc_column][\/vc_row][vc_row][vc_column width=\u00bb1\/3&#8243;][vc_single_image image=\u00bb4708&#8243; img_size=\u00bbfull\u00bb onclick=\u00bbcustom_link\u00bb link=\u00bbhttps:\/\/www.maresmefilmfestival.com\/es\/dad-is-pretty\/\u00bb][\/vc_column][vc_column width=\u00bb1\/3&#8243;][vc_single_image image=\u00bb5347&#8243; img_size=\u00bbfull\u00bb onclick=\u00bbcustom_link\u00bb link=\u00bbhttps:\/\/www.maresmefilmfestival.com\/es\/deseo-deseo\/\u00bb][\/vc_column][\/vc_row]<\/p>\n<\/div>","protected":false},"excerpt":{"rendered":"<p>[vc_row][vc_column][vc_column_text] Las pel\u00edculas selecionadas para competir en la secci\u00f3n oficial LOW BUDGET FILMS son: [\/vc_column_text][\/vc_column][\/vc_row][vc_row][vc_column width=\u00bb1\/2&#8243;][vc_btn title=\u00bbVER TODOS LOS TR\u00c1ILERS\u00bb style=\u00bbgradient\u00bb gradient_color_1=\u00bbblack\u00bb gradient_color_2=\u00bbgrey\u00bb shape=\u00bbround\u00bb size=\u00bbsm\u00bb align=\u00bbleft\u00bb link=\u00bburl:https%3A%2F%2Fwww.youtube.com%2Fwatch%3Fv%3DOBJIsISGoog%26list%3DPLvbs9GXlGXnurfivErdwIeJ_lnyPUAsiv||target:%20_blank\u00bb][\/vc_column][\/vc_row][vc_row][vc_column][vc_separator][\/vc_column][\/vc_row][vc_row][vc_column width=\u00bb1\/3&#8243;][vc_single_image image=\u00bb4669&#8243; img_size=\u00bbfull\u00bb [&hellip;]<\/p>\n","protected":false},"author":1,"featured_media":4727,"parent":0,"menu_order":0,"comment_status":"closed","ping_status":"closed","template":"","meta":{"footnotes":""},"class_list":["post-4729","page","type-page","status-publish","has-post-thumbnail","hentry"],"yoast_head":"<!-- This site is optimized with the Yoast SEO plugin v27.4 - https:\/\/yoast.com\/product\/yoast-seo-wordpress\/ -->\n<title>Competici\u00f3n Oficial Low Budget Films 2018 - Calella Film Festival<\/title>\n<meta name=\"robots\" content=\"index, follow, max-snippet:-1, max-image-preview:large, max-video-preview:-1\" \/>\n<link rel=\"canonical\" href=\"https:\/\/www.maresmefilmfestival.com\/es\/competicion-oficial-low-budget-films-2018\/\" \/>\n<meta property=\"og:locale\" content=\"es_ES\" \/>\n<meta property=\"og:type\" content=\"article\" \/>\n<meta property=\"og:title\" content=\"Competici\u00f3n Oficial Low Budget Films 2018 - Calella Film Festival\" \/>\n<meta property=\"og:description\" content=\"[vc_row][vc_column][vc_column_text] Las pel\u00edculas selecionadas para competir en la secci\u00f3n oficial LOW BUDGET FILMS son: [\/vc_column_text][\/vc_column][\/vc_row][vc_row][vc_column width=\u00bb1\/2&#8243;][vc_btn title=\u00bbVER TODOS LOS TR\u00c1ILERS\u00bb style=\u00bbgradient\u00bb gradient_color_1=\u00bbblack\u00bb gradient_color_2=\u00bbgrey\u00bb shape=\u00bbround\u00bb size=\u00bbsm\u00bb align=\u00bbleft\u00bb link=\u00bburl:https%3A%2F%2Fwww.youtube.com%2Fwatch%3Fv%3DOBJIsISGoog%26list%3DPLvbs9GXlGXnurfivErdwIeJ_lnyPUAsiv||target:%20_blank\u00bb][\/vc_column][\/vc_row][vc_row][vc_column][vc_separator][\/vc_column][\/vc_row][vc_row][vc_column width=\u00bb1\/3&#8243;][vc_single_image image=\u00bb4669&#8243; img_size=\u00bbfull\u00bb [&hellip;]\" \/>\n<meta property=\"og:url\" content=\"https:\/\/www.maresmefilmfestival.com\/es\/competicion-oficial-low-budget-films-2018\/\" \/>\n<meta property=\"og:site_name\" content=\"Calella Film Festival\" \/>\n<meta property=\"article:publisher\" content=\"https:\/\/www.facebook.com\/Festival-de-Cinema-de-Calella-536425489872034\/?ref=hl\" \/>\n<meta property=\"article:modified_time\" content=\"2019-01-24T11:07:27+00:00\" \/>\n<meta property=\"og:image\" content=\"https:\/\/www.maresmefilmfestival.com\/wp-content\/uploads\/2018\/03\/Caratula-Largometrajes-seccions-oficials_ESP2.jpg\" \/>\n\t<meta property=\"og:image:width\" content=\"581\" \/>\n\t<meta property=\"og:image:height\" content=\"510\" \/>\n\t<meta property=\"og:image:type\" content=\"image\/jpeg\" \/>\n<meta name=\"twitter:card\" content=\"summary_large_image\" \/>\n<meta name=\"twitter:site\" content=\"@CalellaFilmFest\" \/>\n<meta name=\"twitter:label1\" content=\"Tiempo de lectura\" \/>\n\t<meta name=\"twitter:data1\" content=\"1 minuto\" \/>\n<script type=\"application\/ld+json\" class=\"yoast-schema-graph\">{\"@context\":\"https:\\\/\\\/schema.org\",\"@graph\":[{\"@type\":\"WebPage\",\"@id\":\"https:\\\/\\\/www.maresmefilmfestival.com\\\/es\\\/competicion-oficial-low-budget-films-2018\\\/\",\"url\":\"https:\\\/\\\/www.maresmefilmfestival.com\\\/es\\\/competicion-oficial-low-budget-films-2018\\\/\",\"name\":\"Competici\u00f3n Oficial Low Budget Films 2018 - Calella Film Festival\",\"isPartOf\":{\"@id\":\"https:\\\/\\\/www.maresmefilmfestival.com\\\/es\\\/#website\"},\"primaryImageOfPage\":{\"@id\":\"https:\\\/\\\/www.maresmefilmfestival.com\\\/es\\\/competicion-oficial-low-budget-films-2018\\\/#primaryimage\"},\"image\":{\"@id\":\"https:\\\/\\\/www.maresmefilmfestival.com\\\/es\\\/competicion-oficial-low-budget-films-2018\\\/#primaryimage\"},\"thumbnailUrl\":\"https:\\\/\\\/www.maresmefilmfestival.com\\\/wp-content\\\/uploads\\\/2018\\\/03\\\/Caratula-Largometrajes-seccions-oficials_ESP2.jpg\",\"datePublished\":\"2018-03-20T10:34:39+00:00\",\"dateModified\":\"2019-01-24T11:07:27+00:00\",\"breadcrumb\":{\"@id\":\"https:\\\/\\\/www.maresmefilmfestival.com\\\/es\\\/competicion-oficial-low-budget-films-2018\\\/#breadcrumb\"},\"inLanguage\":\"es\",\"potentialAction\":[{\"@type\":\"ReadAction\",\"target\":[\"https:\\\/\\\/www.maresmefilmfestival.com\\\/es\\\/competicion-oficial-low-budget-films-2018\\\/\"]}]},{\"@type\":\"ImageObject\",\"inLanguage\":\"es\",\"@id\":\"https:\\\/\\\/www.maresmefilmfestival.com\\\/es\\\/competicion-oficial-low-budget-films-2018\\\/#primaryimage\",\"url\":\"https:\\\/\\\/www.maresmefilmfestival.com\\\/wp-content\\\/uploads\\\/2018\\\/03\\\/Caratula-Largometrajes-seccions-oficials_ESP2.jpg\",\"contentUrl\":\"https:\\\/\\\/www.maresmefilmfestival.com\\\/wp-content\\\/uploads\\\/2018\\\/03\\\/Caratula-Largometrajes-seccions-oficials_ESP2.jpg\",\"width\":\"581\",\"height\":\"510\",\"caption\":\"largometrajes seccion oficial low budget films 2018\"},{\"@type\":\"BreadcrumbList\",\"@id\":\"https:\\\/\\\/www.maresmefilmfestival.com\\\/es\\\/competicion-oficial-low-budget-films-2018\\\/#breadcrumb\",\"itemListElement\":[{\"@type\":\"ListItem\",\"position\":1,\"name\":\"Portada\",\"item\":\"https:\\\/\\\/www.maresmefilmfestival.com\\\/es\\\/\"},{\"@type\":\"ListItem\",\"position\":2,\"name\":\"Competici\u00f3n Oficial Low Budget Films 2018\"}]},{\"@type\":\"WebSite\",\"@id\":\"https:\\\/\\\/www.maresmefilmfestival.com\\\/es\\\/#website\",\"url\":\"https:\\\/\\\/www.maresmefilmfestival.com\\\/es\\\/\",\"name\":\"Calella Film Festival\",\"description\":\"Festival de Cinema\",\"potentialAction\":[{\"@type\":\"SearchAction\",\"target\":{\"@type\":\"EntryPoint\",\"urlTemplate\":\"https:\\\/\\\/www.maresmefilmfestival.com\\\/es\\\/?s={search_term_string}\"},\"query-input\":{\"@type\":\"PropertyValueSpecification\",\"valueRequired\":true,\"valueName\":\"search_term_string\"}}],\"inLanguage\":\"es\"}]}<\/script>\n<!-- \/ Yoast SEO plugin. -->","yoast_head_json":{"title":"Competici\u00f3n Oficial Low Budget Films 2018 - Calella Film Festival","robots":{"index":"index","follow":"follow","max-snippet":"max-snippet:-1","max-image-preview":"max-image-preview:large","max-video-preview":"max-video-preview:-1"},"canonical":"https:\/\/www.maresmefilmfestival.com\/es\/competicion-oficial-low-budget-films-2018\/","og_locale":"es_ES","og_type":"article","og_title":"Competici\u00f3n Oficial Low Budget Films 2018 - Calella Film Festival","og_description":"[vc_row][vc_column][vc_column_text] Las pel\u00edculas selecionadas para competir en la secci\u00f3n oficial LOW BUDGET FILMS son: [\/vc_column_text][\/vc_column][\/vc_row][vc_row][vc_column width=\u00bb1\/2&#8243;][vc_btn title=\u00bbVER TODOS LOS TR\u00c1ILERS\u00bb style=\u00bbgradient\u00bb gradient_color_1=\u00bbblack\u00bb gradient_color_2=\u00bbgrey\u00bb shape=\u00bbround\u00bb size=\u00bbsm\u00bb align=\u00bbleft\u00bb link=\u00bburl:https%3A%2F%2Fwww.youtube.com%2Fwatch%3Fv%3DOBJIsISGoog%26list%3DPLvbs9GXlGXnurfivErdwIeJ_lnyPUAsiv||target:%20_blank\u00bb][\/vc_column][\/vc_row][vc_row][vc_column][vc_separator][\/vc_column][\/vc_row][vc_row][vc_column width=\u00bb1\/3&#8243;][vc_single_image image=\u00bb4669&#8243; img_size=\u00bbfull\u00bb [&hellip;]","og_url":"https:\/\/www.maresmefilmfestival.com\/es\/competicion-oficial-low-budget-films-2018\/","og_site_name":"Calella Film Festival","article_publisher":"https:\/\/www.facebook.com\/Festival-de-Cinema-de-Calella-536425489872034\/?ref=hl","article_modified_time":"2019-01-24T11:07:27+00:00","og_image":[{"width":581,"height":510,"url":"https:\/\/www.maresmefilmfestival.com\/wp-content\/uploads\/2018\/03\/Caratula-Largometrajes-seccions-oficials_ESP2.jpg","type":"image\/jpeg"}],"twitter_card":"summary_large_image","twitter_site":"@CalellaFilmFest","twitter_misc":{"Tiempo de lectura":"1 minuto"},"schema":{"@context":"https:\/\/schema.org","@graph":[{"@type":"WebPage","@id":"https:\/\/www.maresmefilmfestival.com\/es\/competicion-oficial-low-budget-films-2018\/","url":"https:\/\/www.maresmefilmfestival.com\/es\/competicion-oficial-low-budget-films-2018\/","name":"Competici\u00f3n Oficial Low Budget Films 2018 - Calella Film Festival","isPartOf":{"@id":"https:\/\/www.maresmefilmfestival.com\/es\/#website"},"primaryImageOfPage":{"@id":"https:\/\/www.maresmefilmfestival.com\/es\/competicion-oficial-low-budget-films-2018\/#primaryimage"},"image":{"@id":"https:\/\/www.maresmefilmfestival.com\/es\/competicion-oficial-low-budget-films-2018\/#primaryimage"},"thumbnailUrl":"https:\/\/www.maresmefilmfestival.com\/wp-content\/uploads\/2018\/03\/Caratula-Largometrajes-seccions-oficials_ESP2.jpg","datePublished":"2018-03-20T10:34:39+00:00","dateModified":"2019-01-24T11:07:27+00:00","breadcrumb":{"@id":"https:\/\/www.maresmefilmfestival.com\/es\/competicion-oficial-low-budget-films-2018\/#breadcrumb"},"inLanguage":"es","potentialAction":[{"@type":"ReadAction","target":["https:\/\/www.maresmefilmfestival.com\/es\/competicion-oficial-low-budget-films-2018\/"]}]},{"@type":"ImageObject","inLanguage":"es","@id":"https:\/\/www.maresmefilmfestival.com\/es\/competicion-oficial-low-budget-films-2018\/#primaryimage","url":"https:\/\/www.maresmefilmfestival.com\/wp-content\/uploads\/2018\/03\/Caratula-Largometrajes-seccions-oficials_ESP2.jpg","contentUrl":"https:\/\/www.maresmefilmfestival.com\/wp-content\/uploads\/2018\/03\/Caratula-Largometrajes-seccions-oficials_ESP2.jpg","width":"581","height":"510","caption":"largometrajes seccion oficial low budget films 2018"},{"@type":"BreadcrumbList","@id":"https:\/\/www.maresmefilmfestival.com\/es\/competicion-oficial-low-budget-films-2018\/#breadcrumb","itemListElement":[{"@type":"ListItem","position":1,"name":"Portada","item":"https:\/\/www.maresmefilmfestival.com\/es\/"},{"@type":"ListItem","position":2,"name":"Competici\u00f3n Oficial Low Budget Films 2018"}]},{"@type":"WebSite","@id":"https:\/\/www.maresmefilmfestival.com\/es\/#website","url":"https:\/\/www.maresmefilmfestival.com\/es\/","name":"Calella Film Festival","description":"Festival de Cinema","potentialAction":[{"@type":"SearchAction","target":{"@type":"EntryPoint","urlTemplate":"https:\/\/www.maresmefilmfestival.com\/es\/?s={search_term_string}"},"query-input":{"@type":"PropertyValueSpecification","valueRequired":true,"valueName":"search_term_string"}}],"inLanguage":"es"}]}},"_links":{"self":[{"href":"https:\/\/www.maresmefilmfestival.com\/es\/wp-json\/wp\/v2\/pages\/4729","targetHints":{"allow":["GET"]}}],"collection":[{"href":"https:\/\/www.maresmefilmfestival.com\/es\/wp-json\/wp\/v2\/pages"}],"about":[{"href":"https:\/\/www.maresmefilmfestival.com\/es\/wp-json\/wp\/v2\/types\/page"}],"author":[{"embeddable":true,"href":"https:\/\/www.maresmefilmfestival.com\/es\/wp-json\/wp\/v2\/users\/1"}],"replies":[{"embeddable":true,"href":"https:\/\/www.maresmefilmfestival.com\/es\/wp-json\/wp\/v2\/comments?post=4729"}],"version-history":[{"count":0,"href":"https:\/\/www.maresmefilmfestival.com\/es\/wp-json\/wp\/v2\/pages\/4729\/revisions"}],"wp:featuredmedia":[{"embeddable":true,"href":"https:\/\/www.maresmefilmfestival.com\/es\/wp-json\/wp\/v2\/media\/4727"}],"wp:attachment":[{"href":"https:\/\/www.maresmefilmfestival.com\/es\/wp-json\/wp\/v2\/media?parent=4729"}],"curies":[{"name":"wp","href":"https:\/\/api.w.org\/{rel}","templated":true}]}}