{"id":4510,"date":"2018-02-09T12:06:51","date_gmt":"2018-02-09T11:06:51","guid":{"rendered":"http:\/\/www.maresmefilmfestival.com\/?page_id=4510"},"modified":"2018-02-09T12:06:51","modified_gmt":"2018-02-09T11:06:51","slug":"barbara-goenaga","status":"publish","type":"page","link":"https:\/\/www.maresmefilmfestival.com\/es\/el-festival\/jurado\/barbara-goenaga\/","title":{"rendered":"B\u00e1rbara Goenaga"},"content":{"rendered":"<div class=\"wpb-content-wrapper\"><p>[vc_row][vc_column][vc_column_text]<br \/>\n[\/vc_column_text][vc_single_image image=\u00bb4507&#8243; img_size=\u00bbfull\u00bb][vc_column_text]<\/p>\n<h3 style=\"text-align: justify;\"><strong><span style=\"color: #d3ab1d;\">B\u00e1rbara Goenaga<\/span><\/strong><\/h3>\n<p style=\"text-align: justify;\"><strong>Actriz<\/strong><\/p>\n<p>Sus primeros pasos en la interpretaci\u00f3n los dio a la edad de tres a\u00f1os. A los nueve a\u00f1os realiz\u00f3 su debut en el cine en la pel\u00edcula \u00abLos a\u00f1os oscuros\u00bb. Particip\u00f3 en varias series como \u00abBeni eta Marini\u00bb (1991), \u00abDuplex\u00bb (1993) y la exitosa \u00abGoenkale\u00bb (1994-2000). A los diecis\u00e9is a\u00f1os toma la decisi\u00f3n de irse a vivir a Madrid, donde apareci\u00f3 en series como \u00abEl grupo\u00bb producci\u00f3n de Telecinco.<\/p>\n<p>En la d\u00e9cada de los 2000 actu\u00f3 en pel\u00edculas como \u00abEl regalo de Silvia\u00bb (2002), \u00abLos cronocr\u00edmenes\u00bb (2007), de Nacho Vigalondo. En la <strong>XXII edici\u00f3n de los Premios Goya fue nominada a mejor actriz revelaci\u00f3n por \u00abOviedo Express\u00bb.<\/strong><\/p>\n<p>2016 protagoniz\u00f3 \u00abEskamak kentzen\u00bb, una serie en euskera en la que interpreta a Itsaso y que se emite en ETB 1. En abril estren\u00f3 \u00abLa punta del iceberg\u00bb, un thriller sobre los suicidios laborales junto a Maribel Verd\u00fa. En septiembre, durante el Festival de cine de San Sebasti\u00e1n, estren\u00f3 &#8216;Gernika&#8217;, una pel\u00edcula que narra el bombardeo a la ciudad vasca de Gernika.<\/p>\n<h4 style=\"text-align: justify;\"><strong><span style=\"color: #d3ab1d;\">Cine<\/span><\/strong><\/h4>\n<p>Operaci\u00f3n Concha (2017)<br \/>\nGernika (2016)<br \/>\nLa punta del iceberg (2016)<br \/>\nBypass (2012)<br \/>\nAgnosia (2010)<br \/>\nLa buena vida (2008)<br \/>\nOviedo Express (2007)<br \/>\nLos cronocr\u00edmenes (2007)<br \/>\nEl regalo de Silvia (2003)<\/p>\n<h4 style=\"text-align: justify;\"><strong><span style=\"color: #d3ab1d;\">Televisi\u00f3n<\/span><\/strong><\/h4>\n<p>iFamily (2017)<br \/>\nEskamak Kentzen (2016)<br \/>\nCu\u00e9ntame c\u00f3mo pas\u00f3 (2014)<br \/>\nAmar es para siempre (2013)<br \/>\nEl don de Alba (2013)<br \/>\n23-F: Historia de una traici\u00f3n (2009)<br \/>\nVientos de agua (2006)<br \/>\nEl grupo (2000-2001)<\/p>\n<h4 style=\"text-align: justify;\"><strong><span style=\"color: #d3ab1d;\">Teatro<\/span><\/strong><\/h4>\n<p>La enfermedad de la juventud (2003)<br \/>\nHistoria de una escalera (2004)<br \/>\nCara de plata (2005)[\/vc_column_text][\/vc_column][\/vc_row]<\/p>\n<\/div>","protected":false},"excerpt":{"rendered":"<p>[vc_row][vc_column][vc_column_text] [\/vc_column_text][vc_single_image image=\u00bb4507&#8243; img_size=\u00bbfull\u00bb][vc_column_text] B\u00e1rbara Goenaga Actriz Sus primeros pasos en la interpretaci\u00f3n los dio a la edad de tres a\u00f1os. A los nueve a\u00f1os realiz\u00f3 su debut en el [&hellip;]<\/p>\n","protected":false},"author":1,"featured_media":0,"parent":1044,"menu_order":0,"comment_status":"closed","ping_status":"closed","template":"","meta":{"footnotes":""},"class_list":["post-4510","page","type-page","status-publish","hentry"],"yoast_head":"<!-- This site is optimized with the Yoast SEO plugin v27.4 - https:\/\/yoast.com\/product\/yoast-seo-wordpress\/ -->\n<title>B\u00e1rbara Goenaga | Jurado tercera edici\u00f3n | Calella Film Festival<\/title>\n<meta name=\"description\" content=\"La actriz basca con un largo recorrido cinematogr\u00e1fico y televisivo, formar\u00e1 parte del jurado de la tercera edici\u00f3n del festival Calella Film Festival\" \/>\n<meta name=\"robots\" content=\"index, follow, max-snippet:-1, max-image-preview:large, max-video-preview:-1\" \/>\n<link rel=\"canonical\" href=\"https:\/\/www.maresmefilmfestival.com\/es\/el-festival\/jurado\/barbara-goenaga\/\" \/>\n<meta property=\"og:locale\" content=\"es_ES\" \/>\n<meta property=\"og:type\" content=\"article\" \/>\n<meta property=\"og:title\" content=\"B\u00e1rbara Goenaga | Jurado tercera edici\u00f3n | Calella Film Festival\" \/>\n<meta property=\"og:description\" content=\"La actriz basca con un largo recorrido cinematogr\u00e1fico y televisivo, formar\u00e1 parte del jurado de la tercera edici\u00f3n del festival Calella Film Festival\" \/>\n<meta property=\"og:url\" content=\"https:\/\/www.maresmefilmfestival.com\/es\/el-festival\/jurado\/barbara-goenaga\/\" \/>\n<meta property=\"og:site_name\" content=\"Calella Film Festival\" \/>\n<meta property=\"article:publisher\" content=\"https:\/\/www.facebook.com\/Festival-de-Cinema-de-Calella-536425489872034\/?ref=hl\" \/>\n<meta name=\"twitter:card\" content=\"summary_large_image\" \/>\n<meta name=\"twitter:site\" content=\"@CalellaFilmFest\" \/>\n<meta name=\"twitter:label1\" content=\"Tiempo de lectura\" \/>\n\t<meta name=\"twitter:data1\" content=\"1 minuto\" \/>\n<script type=\"application\/ld+json\" class=\"yoast-schema-graph\">{\"@context\":\"https:\\\/\\\/schema.org\",\"@graph\":[{\"@type\":\"WebPage\",\"@id\":\"https:\\\/\\\/www.maresmefilmfestival.com\\\/es\\\/el-festival\\\/jurado\\\/barbara-goenaga\\\/\",\"url\":\"https:\\\/\\\/www.maresmefilmfestival.com\\\/es\\\/el-festival\\\/jurado\\\/barbara-goenaga\\\/\",\"name\":\"B\u00e1rbara Goenaga | Jurado tercera edici\u00f3n | Calella Film Festival\",\"isPartOf\":{\"@id\":\"https:\\\/\\\/www.maresmefilmfestival.com\\\/es\\\/#website\"},\"datePublished\":\"2018-02-09T11:06:51+00:00\",\"description\":\"La actriz basca con un largo recorrido cinematogr\u00e1fico y televisivo, formar\u00e1 parte del jurado de la tercera edici\u00f3n del festival Calella Film Festival\",\"breadcrumb\":{\"@id\":\"https:\\\/\\\/www.maresmefilmfestival.com\\\/es\\\/el-festival\\\/jurado\\\/barbara-goenaga\\\/#breadcrumb\"},\"inLanguage\":\"es\",\"potentialAction\":[{\"@type\":\"ReadAction\",\"target\":[\"https:\\\/\\\/www.maresmefilmfestival.com\\\/es\\\/el-festival\\\/jurado\\\/barbara-goenaga\\\/\"]}]},{\"@type\":\"BreadcrumbList\",\"@id\":\"https:\\\/\\\/www.maresmefilmfestival.com\\\/es\\\/el-festival\\\/jurado\\\/barbara-goenaga\\\/#breadcrumb\",\"itemListElement\":[{\"@type\":\"ListItem\",\"position\":1,\"name\":\"Portada\",\"item\":\"https:\\\/\\\/www.maresmefilmfestival.com\\\/es\\\/\"},{\"@type\":\"ListItem\",\"position\":2,\"name\":\"EL FESTIVAL\",\"item\":\"https:\\\/\\\/www.maresmefilmfestival.com\\\/es\\\/el-festival\\\/\"},{\"@type\":\"ListItem\",\"position\":3,\"name\":\"JURADO\",\"item\":\"https:\\\/\\\/www.maresmefilmfestival.com\\\/es\\\/el-festival\\\/jurado\\\/\"},{\"@type\":\"ListItem\",\"position\":4,\"name\":\"B\u00e1rbara Goenaga\"}]},{\"@type\":\"WebSite\",\"@id\":\"https:\\\/\\\/www.maresmefilmfestival.com\\\/es\\\/#website\",\"url\":\"https:\\\/\\\/www.maresmefilmfestival.com\\\/es\\\/\",\"name\":\"Calella Film Festival\",\"description\":\"Festival de Cinema\",\"potentialAction\":[{\"@type\":\"SearchAction\",\"target\":{\"@type\":\"EntryPoint\",\"urlTemplate\":\"https:\\\/\\\/www.maresmefilmfestival.com\\\/es\\\/?s={search_term_string}\"},\"query-input\":{\"@type\":\"PropertyValueSpecification\",\"valueRequired\":true,\"valueName\":\"search_term_string\"}}],\"inLanguage\":\"es\"}]}<\/script>\n<!-- \/ Yoast SEO plugin. -->","yoast_head_json":{"title":"B\u00e1rbara Goenaga | Jurado tercera edici\u00f3n | Calella Film Festival","description":"La actriz basca con un largo recorrido cinematogr\u00e1fico y televisivo, formar\u00e1 parte del jurado de la tercera edici\u00f3n del festival Calella Film Festival","robots":{"index":"index","follow":"follow","max-snippet":"max-snippet:-1","max-image-preview":"max-image-preview:large","max-video-preview":"max-video-preview:-1"},"canonical":"https:\/\/www.maresmefilmfestival.com\/es\/el-festival\/jurado\/barbara-goenaga\/","og_locale":"es_ES","og_type":"article","og_title":"B\u00e1rbara Goenaga | Jurado tercera edici\u00f3n | Calella Film Festival","og_description":"La actriz basca con un largo recorrido cinematogr\u00e1fico y televisivo, formar\u00e1 parte del jurado de la tercera edici\u00f3n del festival Calella Film Festival","og_url":"https:\/\/www.maresmefilmfestival.com\/es\/el-festival\/jurado\/barbara-goenaga\/","og_site_name":"Calella Film Festival","article_publisher":"https:\/\/www.facebook.com\/Festival-de-Cinema-de-Calella-536425489872034\/?ref=hl","twitter_card":"summary_large_image","twitter_site":"@CalellaFilmFest","twitter_misc":{"Tiempo de lectura":"1 minuto"},"schema":{"@context":"https:\/\/schema.org","@graph":[{"@type":"WebPage","@id":"https:\/\/www.maresmefilmfestival.com\/es\/el-festival\/jurado\/barbara-goenaga\/","url":"https:\/\/www.maresmefilmfestival.com\/es\/el-festival\/jurado\/barbara-goenaga\/","name":"B\u00e1rbara Goenaga | Jurado tercera edici\u00f3n | Calella Film Festival","isPartOf":{"@id":"https:\/\/www.maresmefilmfestival.com\/es\/#website"},"datePublished":"2018-02-09T11:06:51+00:00","description":"La actriz basca con un largo recorrido cinematogr\u00e1fico y televisivo, formar\u00e1 parte del jurado de la tercera edici\u00f3n del festival Calella Film Festival","breadcrumb":{"@id":"https:\/\/www.maresmefilmfestival.com\/es\/el-festival\/jurado\/barbara-goenaga\/#breadcrumb"},"inLanguage":"es","potentialAction":[{"@type":"ReadAction","target":["https:\/\/www.maresmefilmfestival.com\/es\/el-festival\/jurado\/barbara-goenaga\/"]}]},{"@type":"BreadcrumbList","@id":"https:\/\/www.maresmefilmfestival.com\/es\/el-festival\/jurado\/barbara-goenaga\/#breadcrumb","itemListElement":[{"@type":"ListItem","position":1,"name":"Portada","item":"https:\/\/www.maresmefilmfestival.com\/es\/"},{"@type":"ListItem","position":2,"name":"EL FESTIVAL","item":"https:\/\/www.maresmefilmfestival.com\/es\/el-festival\/"},{"@type":"ListItem","position":3,"name":"JURADO","item":"https:\/\/www.maresmefilmfestival.com\/es\/el-festival\/jurado\/"},{"@type":"ListItem","position":4,"name":"B\u00e1rbara Goenaga"}]},{"@type":"WebSite","@id":"https:\/\/www.maresmefilmfestival.com\/es\/#website","url":"https:\/\/www.maresmefilmfestival.com\/es\/","name":"Calella Film Festival","description":"Festival de Cinema","potentialAction":[{"@type":"SearchAction","target":{"@type":"EntryPoint","urlTemplate":"https:\/\/www.maresmefilmfestival.com\/es\/?s={search_term_string}"},"query-input":{"@type":"PropertyValueSpecification","valueRequired":true,"valueName":"search_term_string"}}],"inLanguage":"es"}]}},"_links":{"self":[{"href":"https:\/\/www.maresmefilmfestival.com\/es\/wp-json\/wp\/v2\/pages\/4510","targetHints":{"allow":["GET"]}}],"collection":[{"href":"https:\/\/www.maresmefilmfestival.com\/es\/wp-json\/wp\/v2\/pages"}],"about":[{"href":"https:\/\/www.maresmefilmfestival.com\/es\/wp-json\/wp\/v2\/types\/page"}],"author":[{"embeddable":true,"href":"https:\/\/www.maresmefilmfestival.com\/es\/wp-json\/wp\/v2\/users\/1"}],"replies":[{"embeddable":true,"href":"https:\/\/www.maresmefilmfestival.com\/es\/wp-json\/wp\/v2\/comments?post=4510"}],"version-history":[{"count":0,"href":"https:\/\/www.maresmefilmfestival.com\/es\/wp-json\/wp\/v2\/pages\/4510\/revisions"}],"up":[{"embeddable":true,"href":"https:\/\/www.maresmefilmfestival.com\/es\/wp-json\/wp\/v2\/pages\/1044"}],"wp:attachment":[{"href":"https:\/\/www.maresmefilmfestival.com\/es\/wp-json\/wp\/v2\/media?parent=4510"}],"curies":[{"name":"wp","href":"https:\/\/api.w.org\/{rel}","templated":true}]}}