{"id":4417,"date":"2018-01-24T10:03:42","date_gmt":"2018-01-24T09:03:42","guid":{"rendered":"http:\/\/www.maresmefilmfestival.com\/?page_id=4417"},"modified":"2018-01-24T10:03:42","modified_gmt":"2018-01-24T09:03:42","slug":"octavi-pujades","status":"publish","type":"page","link":"https:\/\/www.maresmefilmfestival.com\/es\/el-festival\/jurado\/octavi-pujades\/","title":{"rendered":"Octavi Pujades"},"content":{"rendered":"<div class=\"wpb-content-wrapper\"><p>[vc_row][vc_column][vc_column_text]<br \/>\n[\/vc_column_text][vc_single_image image=\u00bb4384&#8243; img_size=\u00bbfull\u00bb][vc_column_text]<\/p>\n<h3 style=\"text-align: justify;\"><strong><span style=\"color: #d3ab1d;\">Octavi Pujades<\/span><\/strong><\/h3>\n<p style=\"text-align: justify;\"><strong>Actor<\/strong><\/p>\n<p style=\"text-align: justify;\">Actor con largo recorrido televisivo y cinematogr\u00e1fico. Su primer papel importante fue en la serie \u00abAl salir de clase\u00bb, a \u00e9sta le siguieron \u00abUn paso adelante\u00bb, \u00abHerederos\u00bb, \u00abLalola\u00bb, \u00abHay alguien ah\u00ed\u00bb, \u00abCentro m\u00e9dico\u00bb o la reci\u00e9n entrenada \u00abCuerpo de \u00e9lite\u00bb. Tambi\u00e9n ha participado en pel\u00edculas como \u00abEl Preg\u00f3n\u00bb, \u00abTres Bodas de m\u00e1s\u00bb, \u00abBarcelona nit d&#8217;estiu\u00bb entre otras.<\/p>\n<h4 style=\"text-align: justify;\"><strong><span style=\"color: #d3ab1d;\">Televisi\u00f3n<\/span><\/strong><\/h4>\n<p class=\"p1\">Cuerpo de \u00e9lite. (2018)<br \/>\nCentro m\u00e9dico. (2016-2017)<br \/>\nLa que se avecina. (2016)<br \/>\n13mil. (2015-2016)<br \/>\nAmar es para siempre. (2013-2014)<br \/>\nLa Riera. (2012-2013)<br \/>\nLalola. (2008-2009)<br \/>\nHerederos. (2007)<\/p>\n<h4 style=\"text-align: justify;\"><strong><span style=\"color: #d3ab1d;\">Cine<\/span><\/strong><\/h4>\n<p>Capa Negra. (2018)<br \/>\nCuerpo de \u00e9lite.(2016)<br \/>\nEl Preg\u00f3n. (2016)<br \/>\nTres Bodas de m\u00e1s. (2013)<br \/>\nBarcelona nit d&#8217;estiu. (2013)<br \/>\nMen\u00fa degustaci\u00f3. (2013)<\/p>\n<h4 style=\"text-align: justify;\"><strong><span style=\"color: #d3ab1d;\">Teatro<\/span><\/strong><\/h4>\n<p>Fashion Feeling Music. (2002-2003)<br \/>\nTres, como Jos\u00e9 Ram\u00f3n. (2009)<br \/>\nRopa interior. (2012)<br \/>\nTengo una cita con Carla Bruni. (2013)<br \/>\nPerdona bonita, pero Lucas me quer\u00eda a m\u00ed. (2013)<br \/>\nGisela y el libro m\u00e1gico. (2015)<br \/>\nOrgasmos. La comedia. (2015)[\/vc_column_text][\/vc_column][\/vc_row]<\/p>\n<\/div>","protected":false},"excerpt":{"rendered":"<p>[vc_row][vc_column][vc_column_text] [\/vc_column_text][vc_single_image image=\u00bb4384&#8243; img_size=\u00bbfull\u00bb][vc_column_text] Octavi Pujades Actor Actor con largo recorrido televisivo y cinematogr\u00e1fico. Su primer papel importante fue en la serie \u00abAl salir de clase\u00bb, a \u00e9sta le siguieron [&hellip;]<\/p>\n","protected":false},"author":1,"featured_media":0,"parent":1044,"menu_order":0,"comment_status":"closed","ping_status":"closed","template":"","meta":{"footnotes":""},"class_list":["post-4417","page","type-page","status-publish","hentry"],"yoast_head":"<!-- This site is optimized with the Yoast SEO plugin v27.4 - https:\/\/yoast.com\/product\/yoast-seo-wordpress\/ -->\n<title>Octavi Pujades | Jurado tercera edici\u00f3n | Calella Film Festival<\/title>\n<meta name=\"description\" content=\"El actor catal\u00e1n con un largo recorrido televisivo y cinematogr\u00e1fico, formar\u00e1 parte del jurado de la tercera edici\u00f3n del festival, Calella Film Festival\" \/>\n<meta name=\"robots\" content=\"index, follow, max-snippet:-1, max-image-preview:large, max-video-preview:-1\" \/>\n<link rel=\"canonical\" href=\"https:\/\/www.maresmefilmfestival.com\/es\/el-festival\/jurado\/octavi-pujades\/\" \/>\n<meta property=\"og:locale\" content=\"es_ES\" \/>\n<meta property=\"og:type\" content=\"article\" \/>\n<meta property=\"og:title\" content=\"Octavi Pujades | Jurado tercera edici\u00f3n | Calella Film Festival\" \/>\n<meta property=\"og:description\" content=\"El actor catal\u00e1n con un largo recorrido televisivo y cinematogr\u00e1fico, formar\u00e1 parte del jurado de la tercera edici\u00f3n del festival, Calella Film Festival\" \/>\n<meta property=\"og:url\" content=\"https:\/\/www.maresmefilmfestival.com\/es\/el-festival\/jurado\/octavi-pujades\/\" \/>\n<meta property=\"og:site_name\" content=\"Calella Film Festival\" \/>\n<meta property=\"article:publisher\" content=\"https:\/\/www.facebook.com\/Festival-de-Cinema-de-Calella-536425489872034\/?ref=hl\" \/>\n<meta name=\"twitter:card\" content=\"summary_large_image\" \/>\n<meta name=\"twitter:site\" content=\"@CalellaFilmFest\" \/>\n<meta name=\"twitter:label1\" content=\"Tiempo de lectura\" \/>\n\t<meta name=\"twitter:data1\" content=\"1 minuto\" \/>\n<script type=\"application\/ld+json\" class=\"yoast-schema-graph\">{\"@context\":\"https:\\\/\\\/schema.org\",\"@graph\":[{\"@type\":\"WebPage\",\"@id\":\"https:\\\/\\\/www.maresmefilmfestival.com\\\/es\\\/el-festival\\\/jurado\\\/octavi-pujades\\\/\",\"url\":\"https:\\\/\\\/www.maresmefilmfestival.com\\\/es\\\/el-festival\\\/jurado\\\/octavi-pujades\\\/\",\"name\":\"Octavi Pujades | Jurado tercera edici\u00f3n | Calella Film Festival\",\"isPartOf\":{\"@id\":\"https:\\\/\\\/www.maresmefilmfestival.com\\\/es\\\/#website\"},\"datePublished\":\"2018-01-24T09:03:42+00:00\",\"description\":\"El actor catal\u00e1n con un largo recorrido televisivo y cinematogr\u00e1fico, formar\u00e1 parte del jurado de la tercera edici\u00f3n del festival, Calella Film Festival\",\"breadcrumb\":{\"@id\":\"https:\\\/\\\/www.maresmefilmfestival.com\\\/es\\\/el-festival\\\/jurado\\\/octavi-pujades\\\/#breadcrumb\"},\"inLanguage\":\"es\",\"potentialAction\":[{\"@type\":\"ReadAction\",\"target\":[\"https:\\\/\\\/www.maresmefilmfestival.com\\\/es\\\/el-festival\\\/jurado\\\/octavi-pujades\\\/\"]}]},{\"@type\":\"BreadcrumbList\",\"@id\":\"https:\\\/\\\/www.maresmefilmfestival.com\\\/es\\\/el-festival\\\/jurado\\\/octavi-pujades\\\/#breadcrumb\",\"itemListElement\":[{\"@type\":\"ListItem\",\"position\":1,\"name\":\"Portada\",\"item\":\"https:\\\/\\\/www.maresmefilmfestival.com\\\/es\\\/\"},{\"@type\":\"ListItem\",\"position\":2,\"name\":\"EL FESTIVAL\",\"item\":\"https:\\\/\\\/www.maresmefilmfestival.com\\\/es\\\/el-festival\\\/\"},{\"@type\":\"ListItem\",\"position\":3,\"name\":\"JURADO\",\"item\":\"https:\\\/\\\/www.maresmefilmfestival.com\\\/es\\\/el-festival\\\/jurado\\\/\"},{\"@type\":\"ListItem\",\"position\":4,\"name\":\"Octavi Pujades\"}]},{\"@type\":\"WebSite\",\"@id\":\"https:\\\/\\\/www.maresmefilmfestival.com\\\/es\\\/#website\",\"url\":\"https:\\\/\\\/www.maresmefilmfestival.com\\\/es\\\/\",\"name\":\"Calella Film Festival\",\"description\":\"Festival de Cinema\",\"potentialAction\":[{\"@type\":\"SearchAction\",\"target\":{\"@type\":\"EntryPoint\",\"urlTemplate\":\"https:\\\/\\\/www.maresmefilmfestival.com\\\/es\\\/?s={search_term_string}\"},\"query-input\":{\"@type\":\"PropertyValueSpecification\",\"valueRequired\":true,\"valueName\":\"search_term_string\"}}],\"inLanguage\":\"es\"}]}<\/script>\n<!-- \/ Yoast SEO plugin. -->","yoast_head_json":{"title":"Octavi Pujades | Jurado tercera edici\u00f3n | Calella Film Festival","description":"El actor catal\u00e1n con un largo recorrido televisivo y cinematogr\u00e1fico, formar\u00e1 parte del jurado de la tercera edici\u00f3n del festival, Calella Film Festival","robots":{"index":"index","follow":"follow","max-snippet":"max-snippet:-1","max-image-preview":"max-image-preview:large","max-video-preview":"max-video-preview:-1"},"canonical":"https:\/\/www.maresmefilmfestival.com\/es\/el-festival\/jurado\/octavi-pujades\/","og_locale":"es_ES","og_type":"article","og_title":"Octavi Pujades | Jurado tercera edici\u00f3n | Calella Film Festival","og_description":"El actor catal\u00e1n con un largo recorrido televisivo y cinematogr\u00e1fico, formar\u00e1 parte del jurado de la tercera edici\u00f3n del festival, Calella Film Festival","og_url":"https:\/\/www.maresmefilmfestival.com\/es\/el-festival\/jurado\/octavi-pujades\/","og_site_name":"Calella Film Festival","article_publisher":"https:\/\/www.facebook.com\/Festival-de-Cinema-de-Calella-536425489872034\/?ref=hl","twitter_card":"summary_large_image","twitter_site":"@CalellaFilmFest","twitter_misc":{"Tiempo de lectura":"1 minuto"},"schema":{"@context":"https:\/\/schema.org","@graph":[{"@type":"WebPage","@id":"https:\/\/www.maresmefilmfestival.com\/es\/el-festival\/jurado\/octavi-pujades\/","url":"https:\/\/www.maresmefilmfestival.com\/es\/el-festival\/jurado\/octavi-pujades\/","name":"Octavi Pujades | Jurado tercera edici\u00f3n | Calella Film Festival","isPartOf":{"@id":"https:\/\/www.maresmefilmfestival.com\/es\/#website"},"datePublished":"2018-01-24T09:03:42+00:00","description":"El actor catal\u00e1n con un largo recorrido televisivo y cinematogr\u00e1fico, formar\u00e1 parte del jurado de la tercera edici\u00f3n del festival, Calella Film Festival","breadcrumb":{"@id":"https:\/\/www.maresmefilmfestival.com\/es\/el-festival\/jurado\/octavi-pujades\/#breadcrumb"},"inLanguage":"es","potentialAction":[{"@type":"ReadAction","target":["https:\/\/www.maresmefilmfestival.com\/es\/el-festival\/jurado\/octavi-pujades\/"]}]},{"@type":"BreadcrumbList","@id":"https:\/\/www.maresmefilmfestival.com\/es\/el-festival\/jurado\/octavi-pujades\/#breadcrumb","itemListElement":[{"@type":"ListItem","position":1,"name":"Portada","item":"https:\/\/www.maresmefilmfestival.com\/es\/"},{"@type":"ListItem","position":2,"name":"EL FESTIVAL","item":"https:\/\/www.maresmefilmfestival.com\/es\/el-festival\/"},{"@type":"ListItem","position":3,"name":"JURADO","item":"https:\/\/www.maresmefilmfestival.com\/es\/el-festival\/jurado\/"},{"@type":"ListItem","position":4,"name":"Octavi Pujades"}]},{"@type":"WebSite","@id":"https:\/\/www.maresmefilmfestival.com\/es\/#website","url":"https:\/\/www.maresmefilmfestival.com\/es\/","name":"Calella Film Festival","description":"Festival de Cinema","potentialAction":[{"@type":"SearchAction","target":{"@type":"EntryPoint","urlTemplate":"https:\/\/www.maresmefilmfestival.com\/es\/?s={search_term_string}"},"query-input":{"@type":"PropertyValueSpecification","valueRequired":true,"valueName":"search_term_string"}}],"inLanguage":"es"}]}},"_links":{"self":[{"href":"https:\/\/www.maresmefilmfestival.com\/es\/wp-json\/wp\/v2\/pages\/4417","targetHints":{"allow":["GET"]}}],"collection":[{"href":"https:\/\/www.maresmefilmfestival.com\/es\/wp-json\/wp\/v2\/pages"}],"about":[{"href":"https:\/\/www.maresmefilmfestival.com\/es\/wp-json\/wp\/v2\/types\/page"}],"author":[{"embeddable":true,"href":"https:\/\/www.maresmefilmfestival.com\/es\/wp-json\/wp\/v2\/users\/1"}],"replies":[{"embeddable":true,"href":"https:\/\/www.maresmefilmfestival.com\/es\/wp-json\/wp\/v2\/comments?post=4417"}],"version-history":[{"count":0,"href":"https:\/\/www.maresmefilmfestival.com\/es\/wp-json\/wp\/v2\/pages\/4417\/revisions"}],"up":[{"embeddable":true,"href":"https:\/\/www.maresmefilmfestival.com\/es\/wp-json\/wp\/v2\/pages\/1044"}],"wp:attachment":[{"href":"https:\/\/www.maresmefilmfestival.com\/es\/wp-json\/wp\/v2\/media?parent=4417"}],"curies":[{"name":"wp","href":"https:\/\/api.w.org\/{rel}","templated":true}]}}