{"id":4406,"date":"2018-01-24T09:13:45","date_gmt":"2018-01-24T08:13:45","guid":{"rendered":"http:\/\/www.maresmefilmfestival.com\/?page_id=4406"},"modified":"2018-01-24T09:13:45","modified_gmt":"2018-01-24T08:13:45","slug":"christian-galvez","status":"publish","type":"page","link":"https:\/\/www.maresmefilmfestival.com\/es\/el-festival\/jurado\/christian-galvez\/","title":{"rendered":"Christian G\u00e1lvez"},"content":{"rendered":"<div class=\"wpb-content-wrapper\"><p>[vc_row][vc_column][vc_column_text]<br \/>\n[\/vc_column_text][vc_single_image image=\u00bb4386&#8243; img_size=\u00bbfull\u00bb][vc_column_text]<\/p>\n<h3 style=\"text-align: justify;\"><strong><span style=\"color: #d3ab1d;\">Christian G\u00e1lvez<\/span><\/strong><\/h3>\n<p style=\"text-align: justify;\"><strong>Presentador, actor, escritor y productor<\/strong><\/p>\n<p style=\"text-align: justify;\">Inici\u00f3 estudios de Magisterio y Filolog\u00eda Inglesa, si bien ya con anterioridad hab\u00eda encaminado sus pasos hacia el mundo del espect\u00e1culo. Sus comienzos profesionales se situaron en la interpretaci\u00f3n, debutando en la peque\u00f1a pantalla con 15 a\u00f1os en un papel epis\u00f3dico de la serie M\u00e9dico de familia, al que seguir\u00edan igualmente roles sin continuidad en \u00abLa casa de los l\u00edos\u00bb (1996) o \u00abAl salir de clase\u00bb (1998).M\u00e1s tarde pas\u00f3 a labores de presentador de televisi\u00f3n y fue escogido por Telecinco para presentar, desde el 16 de julio de 2007 hasta la actualidad, el concurso <strong>Pasapalabra<\/strong>, con cifras record de espectadores.<\/p>\n<h4 style=\"text-align: justify;\"><strong><span style=\"color: #d3ab1d;\">Televisi\u00f3n<\/span><\/strong><\/h4>\n<p class=\"p1\"><strong>\u2022 La casa de los l\u00edos <\/strong>(1996) (actor)<strong> &#8211; <\/strong>Antena 3<strong><br \/>\n\u2022 M\u00e9dico de familia <\/strong>(1996) (actor)<strong> &#8211;<\/strong> Telecinco<strong><br \/>\n\u2022 Al salir de clase <\/strong>(1998) (actor)<strong> &#8211; <\/strong>Telecinco<strong><br \/>\n\u2022 Desesperado Club Social <\/strong>(1999 &#8211; 2002) (presentador)<strong> &#8211; <\/strong>Antena 3<strong><br \/>\n\u2022 Caiga quien caiga <\/strong>(2005 &#8211; 2007) (reportero)<strong> &#8211; <\/strong>Telecinco<strong><br \/>\n\u2022 Pasapalabra <\/strong>(2007 &#8211; presente) (presentador)<strong> &#8211; <\/strong>Telecinco<strong><br \/>\n\u2022 Yo soy Bea <\/strong>(2007 y 2009) (2 episodios &#8211; Episodios 103 y 600)<strong> &#8211; <\/strong>Telecinco<strong><br \/>\n\u2022 Little Big Planet <\/strong>(2008) (videojuego \/ doblaje)<strong><br \/>\n\u2022 Operaci\u00f3n Tony Manero <\/strong>(2009) (presentador)<strong> &#8211; <\/strong>Telecinco<strong><br \/>\n\u2022 \u00abA esto le llamas amor\u00bb <\/strong>de Mal\u00fa (2009) (videoclip \/ actor)<strong><br \/>\n\u2022 T\u00fa s\u00ed que vales <\/strong>(2008 &#8211; 2013) (presentador)<strong> &#8211; <\/strong>Telecinco<strong><br \/>\n\u2022 Supervivientes <\/strong>(2009) (presentador sustituto de las galas)<strong> &#8211; <\/strong>Telecinco<strong><br \/>\n\u2022 Jugando con la muerte <\/strong>(2010) (cortometraje \/ productor ejecutivo)<\/p>\n<h4 style=\"text-align: justify;\"><strong><span style=\"color: #d3ab1d;\">Libros<\/span><\/strong><\/h4>\n<p>\u2022 Leonardo Da Vinci -Cara a cara-<br \/>\n\u2022 Rezar por Miguel \u00c1ngel<br \/>\n\u2022 Matar a Leonardo Da Vinci<br \/>\n\u2022 Tienes Talento[\/vc_column_text][\/vc_column][\/vc_row]<\/p>\n<\/div>","protected":false},"excerpt":{"rendered":"<p>[vc_row][vc_column][vc_column_text] [\/vc_column_text][vc_single_image image=\u00bb4386&#8243; img_size=\u00bbfull\u00bb][vc_column_text] Christian G\u00e1lvez Presentador, actor, escritor y productor Inici\u00f3 estudios de Magisterio y Filolog\u00eda Inglesa, si bien ya con anterioridad hab\u00eda encaminado sus pasos hacia el mundo [&hellip;]<\/p>\n","protected":false},"author":1,"featured_media":0,"parent":1044,"menu_order":0,"comment_status":"closed","ping_status":"closed","template":"","meta":{"footnotes":""},"class_list":["post-4406","page","type-page","status-publish","hentry"],"yoast_head":"<!-- This site is optimized with the Yoast SEO plugin v27.3 - https:\/\/yoast.com\/product\/yoast-seo-wordpress\/ -->\n<title>Christian G\u00e1lvez | Jurado | Calella Film Festival<\/title>\n<meta name=\"description\" content=\"El presentador, actor, escritor y productor, Christian G\u00e1lvez formar\u00e1 parte del jurado de la tercera edici\u00f3n del festival de cine Calella Film Festival\" \/>\n<meta name=\"robots\" content=\"index, follow, max-snippet:-1, max-image-preview:large, max-video-preview:-1\" \/>\n<link rel=\"canonical\" href=\"https:\/\/www.maresmefilmfestival.com\/es\/el-festival\/jurado\/christian-galvez\/\" \/>\n<meta property=\"og:locale\" content=\"es_ES\" \/>\n<meta property=\"og:type\" content=\"article\" \/>\n<meta property=\"og:title\" content=\"Christian G\u00e1lvez | Jurado | Calella Film Festival\" \/>\n<meta property=\"og:description\" content=\"El presentador, actor, escritor y productor, Christian G\u00e1lvez formar\u00e1 parte del jurado de la tercera edici\u00f3n del festival de cine Calella Film Festival\" \/>\n<meta property=\"og:url\" content=\"https:\/\/www.maresmefilmfestival.com\/es\/el-festival\/jurado\/christian-galvez\/\" \/>\n<meta property=\"og:site_name\" content=\"Calella Film Festival\" \/>\n<meta property=\"article:publisher\" content=\"https:\/\/www.facebook.com\/Festival-de-Cinema-de-Calella-536425489872034\/?ref=hl\" \/>\n<meta name=\"twitter:card\" content=\"summary_large_image\" \/>\n<meta name=\"twitter:site\" content=\"@CalellaFilmFest\" \/>\n<meta name=\"twitter:label1\" content=\"Tiempo de lectura\" \/>\n\t<meta name=\"twitter:data1\" content=\"1 minuto\" \/>\n<script type=\"application\/ld+json\" class=\"yoast-schema-graph\">{\"@context\":\"https:\\\/\\\/schema.org\",\"@graph\":[{\"@type\":\"WebPage\",\"@id\":\"https:\\\/\\\/www.maresmefilmfestival.com\\\/es\\\/el-festival\\\/jurado\\\/christian-galvez\\\/\",\"url\":\"https:\\\/\\\/www.maresmefilmfestival.com\\\/es\\\/el-festival\\\/jurado\\\/christian-galvez\\\/\",\"name\":\"Christian G\u00e1lvez | Jurado | Calella Film Festival\",\"isPartOf\":{\"@id\":\"https:\\\/\\\/www.maresmefilmfestival.com\\\/es\\\/#website\"},\"datePublished\":\"2018-01-24T08:13:45+00:00\",\"description\":\"El presentador, actor, escritor y productor, Christian G\u00e1lvez formar\u00e1 parte del jurado de la tercera edici\u00f3n del festival de cine Calella Film Festival\",\"breadcrumb\":{\"@id\":\"https:\\\/\\\/www.maresmefilmfestival.com\\\/es\\\/el-festival\\\/jurado\\\/christian-galvez\\\/#breadcrumb\"},\"inLanguage\":\"es\",\"potentialAction\":[{\"@type\":\"ReadAction\",\"target\":[\"https:\\\/\\\/www.maresmefilmfestival.com\\\/es\\\/el-festival\\\/jurado\\\/christian-galvez\\\/\"]}]},{\"@type\":\"BreadcrumbList\",\"@id\":\"https:\\\/\\\/www.maresmefilmfestival.com\\\/es\\\/el-festival\\\/jurado\\\/christian-galvez\\\/#breadcrumb\",\"itemListElement\":[{\"@type\":\"ListItem\",\"position\":1,\"name\":\"Portada\",\"item\":\"https:\\\/\\\/www.maresmefilmfestival.com\\\/es\\\/\"},{\"@type\":\"ListItem\",\"position\":2,\"name\":\"EL FESTIVAL\",\"item\":\"https:\\\/\\\/www.maresmefilmfestival.com\\\/es\\\/el-festival\\\/\"},{\"@type\":\"ListItem\",\"position\":3,\"name\":\"JURADO\",\"item\":\"https:\\\/\\\/www.maresmefilmfestival.com\\\/es\\\/el-festival\\\/jurado\\\/\"},{\"@type\":\"ListItem\",\"position\":4,\"name\":\"Christian G\u00e1lvez\"}]},{\"@type\":\"WebSite\",\"@id\":\"https:\\\/\\\/www.maresmefilmfestival.com\\\/es\\\/#website\",\"url\":\"https:\\\/\\\/www.maresmefilmfestival.com\\\/es\\\/\",\"name\":\"Calella Film Festival\",\"description\":\"Festival de Cinema\",\"potentialAction\":[{\"@type\":\"SearchAction\",\"target\":{\"@type\":\"EntryPoint\",\"urlTemplate\":\"https:\\\/\\\/www.maresmefilmfestival.com\\\/es\\\/?s={search_term_string}\"},\"query-input\":{\"@type\":\"PropertyValueSpecification\",\"valueRequired\":true,\"valueName\":\"search_term_string\"}}],\"inLanguage\":\"es\"}]}<\/script>\n<!-- \/ Yoast SEO plugin. -->","yoast_head_json":{"title":"Christian G\u00e1lvez | Jurado | Calella Film Festival","description":"El presentador, actor, escritor y productor, Christian G\u00e1lvez formar\u00e1 parte del jurado de la tercera edici\u00f3n del festival de cine Calella Film Festival","robots":{"index":"index","follow":"follow","max-snippet":"max-snippet:-1","max-image-preview":"max-image-preview:large","max-video-preview":"max-video-preview:-1"},"canonical":"https:\/\/www.maresmefilmfestival.com\/es\/el-festival\/jurado\/christian-galvez\/","og_locale":"es_ES","og_type":"article","og_title":"Christian G\u00e1lvez | Jurado | Calella Film Festival","og_description":"El presentador, actor, escritor y productor, Christian G\u00e1lvez formar\u00e1 parte del jurado de la tercera edici\u00f3n del festival de cine Calella Film Festival","og_url":"https:\/\/www.maresmefilmfestival.com\/es\/el-festival\/jurado\/christian-galvez\/","og_site_name":"Calella Film Festival","article_publisher":"https:\/\/www.facebook.com\/Festival-de-Cinema-de-Calella-536425489872034\/?ref=hl","twitter_card":"summary_large_image","twitter_site":"@CalellaFilmFest","twitter_misc":{"Tiempo de lectura":"1 minuto"},"schema":{"@context":"https:\/\/schema.org","@graph":[{"@type":"WebPage","@id":"https:\/\/www.maresmefilmfestival.com\/es\/el-festival\/jurado\/christian-galvez\/","url":"https:\/\/www.maresmefilmfestival.com\/es\/el-festival\/jurado\/christian-galvez\/","name":"Christian G\u00e1lvez | Jurado | Calella Film Festival","isPartOf":{"@id":"https:\/\/www.maresmefilmfestival.com\/es\/#website"},"datePublished":"2018-01-24T08:13:45+00:00","description":"El presentador, actor, escritor y productor, Christian G\u00e1lvez formar\u00e1 parte del jurado de la tercera edici\u00f3n del festival de cine Calella Film Festival","breadcrumb":{"@id":"https:\/\/www.maresmefilmfestival.com\/es\/el-festival\/jurado\/christian-galvez\/#breadcrumb"},"inLanguage":"es","potentialAction":[{"@type":"ReadAction","target":["https:\/\/www.maresmefilmfestival.com\/es\/el-festival\/jurado\/christian-galvez\/"]}]},{"@type":"BreadcrumbList","@id":"https:\/\/www.maresmefilmfestival.com\/es\/el-festival\/jurado\/christian-galvez\/#breadcrumb","itemListElement":[{"@type":"ListItem","position":1,"name":"Portada","item":"https:\/\/www.maresmefilmfestival.com\/es\/"},{"@type":"ListItem","position":2,"name":"EL FESTIVAL","item":"https:\/\/www.maresmefilmfestival.com\/es\/el-festival\/"},{"@type":"ListItem","position":3,"name":"JURADO","item":"https:\/\/www.maresmefilmfestival.com\/es\/el-festival\/jurado\/"},{"@type":"ListItem","position":4,"name":"Christian G\u00e1lvez"}]},{"@type":"WebSite","@id":"https:\/\/www.maresmefilmfestival.com\/es\/#website","url":"https:\/\/www.maresmefilmfestival.com\/es\/","name":"Calella Film Festival","description":"Festival de Cinema","potentialAction":[{"@type":"SearchAction","target":{"@type":"EntryPoint","urlTemplate":"https:\/\/www.maresmefilmfestival.com\/es\/?s={search_term_string}"},"query-input":{"@type":"PropertyValueSpecification","valueRequired":true,"valueName":"search_term_string"}}],"inLanguage":"es"}]}},"_links":{"self":[{"href":"https:\/\/www.maresmefilmfestival.com\/es\/wp-json\/wp\/v2\/pages\/4406","targetHints":{"allow":["GET"]}}],"collection":[{"href":"https:\/\/www.maresmefilmfestival.com\/es\/wp-json\/wp\/v2\/pages"}],"about":[{"href":"https:\/\/www.maresmefilmfestival.com\/es\/wp-json\/wp\/v2\/types\/page"}],"author":[{"embeddable":true,"href":"https:\/\/www.maresmefilmfestival.com\/es\/wp-json\/wp\/v2\/users\/1"}],"replies":[{"embeddable":true,"href":"https:\/\/www.maresmefilmfestival.com\/es\/wp-json\/wp\/v2\/comments?post=4406"}],"version-history":[{"count":0,"href":"https:\/\/www.maresmefilmfestival.com\/es\/wp-json\/wp\/v2\/pages\/4406\/revisions"}],"up":[{"embeddable":true,"href":"https:\/\/www.maresmefilmfestival.com\/es\/wp-json\/wp\/v2\/pages\/1044"}],"wp:attachment":[{"href":"https:\/\/www.maresmefilmfestival.com\/es\/wp-json\/wp\/v2\/media?parent=4406"}],"curies":[{"name":"wp","href":"https:\/\/api.w.org\/{rel}","templated":true}]}}