{"id":4395,"date":"2018-01-24T08:38:16","date_gmt":"2018-01-24T07:38:16","guid":{"rendered":"http:\/\/www.maresmefilmfestival.com\/?page_id=4395"},"modified":"2018-01-24T08:38:16","modified_gmt":"2018-01-24T07:38:16","slug":"agusti-villaronga","status":"publish","type":"page","link":"https:\/\/www.maresmefilmfestival.com\/es\/el-festival\/jurado\/agusti-villaronga\/","title":{"rendered":"Agust\u00ed Villaronga"},"content":{"rendered":"<div class=\"wpb-content-wrapper\"><p>[vc_row][vc_column][vc_column_text]<br \/>\n[\/vc_column_text][vc_single_image image=\u00bb4385&#8243; img_size=\u00bbfull\u00bb][vc_column_text]<\/p>\n<h3 style=\"text-align: justify;\"><strong><span style=\"color: #d3ab1d;\">Agust\u00ed Villaronga<\/span><\/strong><\/h3>\n<p style=\"text-align: justify;\"><strong>Director de cine, guionista y actor<\/strong><\/p>\n<p style=\"text-align: justify;\">Cuando Agust\u00ed era s\u00f3lo un ni\u00f1o, jugaba a hacer proyecciones con dibujos, cajas de cerillas y linternas. A los 14 a\u00f1os decidi\u00f3 ser director.<br \/>\nHa ejercido de profesor de Imagen as\u00ed como de director art\u00edstico, decorador, estilista y realizador de videos de moda, siendo todo esto un paso previo para su incursi\u00f3n en el contexto cinematogr\u00e1fico con sus primeros cortos: \u00abAnta mujer\u00bb (1976), \u00abLaberint\u00bb (1980) y \u00abAl Mayurka\u00bb (1980).<\/p>\n<p style=\"text-align: justify;\">En 1987 y con menos de 30 millones de pesetas, re\u00fane al equipo y las condiciones id\u00f3neas para llevar a cabo su anhelada ilusi\u00f3n de rodar un largometraje, su \u00f3pera prima \u00abTras el cristal\u00bb, siendo seleccionada para el Festival de Berl\u00edn.<\/p>\n<p style=\"text-align: justify;\">En 2001 recibi\u00f3 el Premio Nacional de Cine de Catalu\u00f1a.<\/p>\n<p style=\"text-align: justify;\">En 2010 estrena \u00abPa negre\u00bb (basada en la novel\u00b7la \u00abPa negre\u00bb y \u00abRetrat d&#8217;un assass\u00ed d&#8217;ocells\u00bb, del escritor Emili Teixidor) ganando 9 Premios Goya (entre ellos el de Mejor Direcci\u00f3n) de un total de 14 nominaciones.<\/p>\n<p style=\"text-align: justify;\">En 2011 fue premiado con el Premio Nacional de Cinematograf\u00eda y su pel\u00edcula, \u00abPa negre\u00bb, seleccionada para competir por el Oscar a la mejor pel\u00edcula de habla no inglesa.<\/p>\n<p style=\"text-align: justify;\">En 2017 dirige \u00ab\u200b\u200bIncerta gl\u00f2ria\u00bb nominada al mejor gui\u00f3n en los Premios Goya 2018.<\/p>\n<h4 style=\"text-align: justify;\"><strong><span style=\"color: #d3ab1d;\">Director y guionista para cine<\/span><\/strong><\/h4>\n<p class=\"p1\"><strong>INCERTA GL\u00d2RIA- <\/strong>2017<strong><br \/>\nEL REY DE LA HABANA- <\/strong>2015<strong><br \/>\nPA NEGRE- <\/strong>2010<strong><br \/>\nARO TOLBUKHIN. EN LA MENTE DEL ASESINO- <\/strong>2002<strong><br \/>\nEL MAR-<\/strong>2000<br \/>\n<strong>99.9-<\/strong>1997<br \/>\n<strong>EL NI\u00d1O DE LA LUNA-<\/strong>1989<br \/>\n<strong>TRAS EL CRISTAL-<\/strong>1986<\/p>\n<h4 style=\"text-align: justify;\"><strong><span style=\"color: #d3ab1d;\">Actor<\/span><\/strong><\/h4>\n<p><strong>TRUISMES (short)<\/strong>&#8211; 2009<br \/>\n<b>PETIT INDI<\/b>&#8211; 2008<br \/>\n<strong>M\u00c0 MORTA TRUCA A AL PORTA<\/strong>&#8211; 2007<br \/>\n<strong>ATLAS DE GEOGRAFIA HUMANA<\/strong>&#8211;\u00a02004<br \/>\n<strong>EL HABITANTE INCIERTO<\/strong>, 1999<br \/>\n<strong>SOUVENIR<\/strong>&#8211; 1979<br \/>\n<strong>PERROS CALLEJEROS II: BUSCA Y CAPTURA<\/strong>,\u00a01978<br \/>\n<strong>EL \u00daLTIMO GUATEQUE<\/strong>,\u00a01977<br \/>\n<strong>EL FIN DE LA INOCENCIA<\/strong>,\u00a01977<br \/>\n<strong>ANTA MUJER (short)<\/strong>,\u00a01975<br \/>\n<strong>ROBIN HOOD NUNCA MUERE<\/strong>,\u00a01975[\/vc_column_text][\/vc_column][\/vc_row]<\/p>\n<\/div>","protected":false},"excerpt":{"rendered":"<p>[vc_row][vc_column][vc_column_text] [\/vc_column_text][vc_single_image image=\u00bb4385&#8243; img_size=\u00bbfull\u00bb][vc_column_text] Agust\u00ed Villaronga Director de cine, guionista y actor Cuando Agust\u00ed era s\u00f3lo un ni\u00f1o, jugaba a hacer proyecciones con dibujos, cajas de cerillas y linternas. A [&hellip;]<\/p>\n","protected":false},"author":1,"featured_media":0,"parent":1044,"menu_order":0,"comment_status":"closed","ping_status":"closed","template":"","meta":{"footnotes":""},"class_list":["post-4395","page","type-page","status-publish","hentry"],"yoast_head":"<!-- This site is optimized with the Yoast SEO plugin v27.4 - https:\/\/yoast.com\/product\/yoast-seo-wordpress\/ -->\n<title>Agust\u00ed Villaronga - Calella Film Festival<\/title>\n<meta name=\"robots\" content=\"index, follow, max-snippet:-1, max-image-preview:large, max-video-preview:-1\" \/>\n<link rel=\"canonical\" href=\"https:\/\/www.maresmefilmfestival.com\/es\/el-festival\/jurado\/agusti-villaronga\/\" \/>\n<meta property=\"og:locale\" content=\"es_ES\" \/>\n<meta property=\"og:type\" content=\"article\" \/>\n<meta property=\"og:title\" content=\"Agust\u00ed Villaronga - Calella Film Festival\" \/>\n<meta property=\"og:description\" content=\"[vc_row][vc_column][vc_column_text] [\/vc_column_text][vc_single_image image=\u00bb4385&#8243; img_size=\u00bbfull\u00bb][vc_column_text] Agust\u00ed Villaronga Director de cine, guionista y actor Cuando Agust\u00ed era s\u00f3lo un ni\u00f1o, jugaba a hacer proyecciones con dibujos, cajas de cerillas y linternas. A [&hellip;]\" \/>\n<meta property=\"og:url\" content=\"https:\/\/www.maresmefilmfestival.com\/es\/el-festival\/jurado\/agusti-villaronga\/\" \/>\n<meta property=\"og:site_name\" content=\"Calella Film Festival\" \/>\n<meta property=\"article:publisher\" content=\"https:\/\/www.facebook.com\/Festival-de-Cinema-de-Calella-536425489872034\/?ref=hl\" \/>\n<meta name=\"twitter:card\" content=\"summary_large_image\" \/>\n<meta name=\"twitter:site\" content=\"@CalellaFilmFest\" \/>\n<meta name=\"twitter:label1\" content=\"Tiempo de lectura\" \/>\n\t<meta name=\"twitter:data1\" content=\"2 minutos\" \/>\n<script type=\"application\/ld+json\" class=\"yoast-schema-graph\">{\"@context\":\"https:\\\/\\\/schema.org\",\"@graph\":[{\"@type\":\"WebPage\",\"@id\":\"https:\\\/\\\/www.maresmefilmfestival.com\\\/es\\\/el-festival\\\/jurado\\\/agusti-villaronga\\\/\",\"url\":\"https:\\\/\\\/www.maresmefilmfestival.com\\\/es\\\/el-festival\\\/jurado\\\/agusti-villaronga\\\/\",\"name\":\"Agust\u00ed Villaronga - Calella Film Festival\",\"isPartOf\":{\"@id\":\"https:\\\/\\\/www.maresmefilmfestival.com\\\/es\\\/#website\"},\"datePublished\":\"2018-01-24T07:38:16+00:00\",\"breadcrumb\":{\"@id\":\"https:\\\/\\\/www.maresmefilmfestival.com\\\/es\\\/el-festival\\\/jurado\\\/agusti-villaronga\\\/#breadcrumb\"},\"inLanguage\":\"es\",\"potentialAction\":[{\"@type\":\"ReadAction\",\"target\":[\"https:\\\/\\\/www.maresmefilmfestival.com\\\/es\\\/el-festival\\\/jurado\\\/agusti-villaronga\\\/\"]}]},{\"@type\":\"BreadcrumbList\",\"@id\":\"https:\\\/\\\/www.maresmefilmfestival.com\\\/es\\\/el-festival\\\/jurado\\\/agusti-villaronga\\\/#breadcrumb\",\"itemListElement\":[{\"@type\":\"ListItem\",\"position\":1,\"name\":\"Portada\",\"item\":\"https:\\\/\\\/www.maresmefilmfestival.com\\\/es\\\/\"},{\"@type\":\"ListItem\",\"position\":2,\"name\":\"EL FESTIVAL\",\"item\":\"https:\\\/\\\/www.maresmefilmfestival.com\\\/es\\\/el-festival\\\/\"},{\"@type\":\"ListItem\",\"position\":3,\"name\":\"JURADO\",\"item\":\"https:\\\/\\\/www.maresmefilmfestival.com\\\/es\\\/el-festival\\\/jurado\\\/\"},{\"@type\":\"ListItem\",\"position\":4,\"name\":\"Agust\u00ed Villaronga\"}]},{\"@type\":\"WebSite\",\"@id\":\"https:\\\/\\\/www.maresmefilmfestival.com\\\/es\\\/#website\",\"url\":\"https:\\\/\\\/www.maresmefilmfestival.com\\\/es\\\/\",\"name\":\"Calella Film Festival\",\"description\":\"Festival de Cinema\",\"potentialAction\":[{\"@type\":\"SearchAction\",\"target\":{\"@type\":\"EntryPoint\",\"urlTemplate\":\"https:\\\/\\\/www.maresmefilmfestival.com\\\/es\\\/?s={search_term_string}\"},\"query-input\":{\"@type\":\"PropertyValueSpecification\",\"valueRequired\":true,\"valueName\":\"search_term_string\"}}],\"inLanguage\":\"es\"}]}<\/script>\n<!-- \/ Yoast SEO plugin. -->","yoast_head_json":{"title":"Agust\u00ed Villaronga - Calella Film Festival","robots":{"index":"index","follow":"follow","max-snippet":"max-snippet:-1","max-image-preview":"max-image-preview:large","max-video-preview":"max-video-preview:-1"},"canonical":"https:\/\/www.maresmefilmfestival.com\/es\/el-festival\/jurado\/agusti-villaronga\/","og_locale":"es_ES","og_type":"article","og_title":"Agust\u00ed Villaronga - Calella Film Festival","og_description":"[vc_row][vc_column][vc_column_text] [\/vc_column_text][vc_single_image image=\u00bb4385&#8243; img_size=\u00bbfull\u00bb][vc_column_text] Agust\u00ed Villaronga Director de cine, guionista y actor Cuando Agust\u00ed era s\u00f3lo un ni\u00f1o, jugaba a hacer proyecciones con dibujos, cajas de cerillas y linternas. A [&hellip;]","og_url":"https:\/\/www.maresmefilmfestival.com\/es\/el-festival\/jurado\/agusti-villaronga\/","og_site_name":"Calella Film Festival","article_publisher":"https:\/\/www.facebook.com\/Festival-de-Cinema-de-Calella-536425489872034\/?ref=hl","twitter_card":"summary_large_image","twitter_site":"@CalellaFilmFest","twitter_misc":{"Tiempo de lectura":"2 minutos"},"schema":{"@context":"https:\/\/schema.org","@graph":[{"@type":"WebPage","@id":"https:\/\/www.maresmefilmfestival.com\/es\/el-festival\/jurado\/agusti-villaronga\/","url":"https:\/\/www.maresmefilmfestival.com\/es\/el-festival\/jurado\/agusti-villaronga\/","name":"Agust\u00ed Villaronga - Calella Film Festival","isPartOf":{"@id":"https:\/\/www.maresmefilmfestival.com\/es\/#website"},"datePublished":"2018-01-24T07:38:16+00:00","breadcrumb":{"@id":"https:\/\/www.maresmefilmfestival.com\/es\/el-festival\/jurado\/agusti-villaronga\/#breadcrumb"},"inLanguage":"es","potentialAction":[{"@type":"ReadAction","target":["https:\/\/www.maresmefilmfestival.com\/es\/el-festival\/jurado\/agusti-villaronga\/"]}]},{"@type":"BreadcrumbList","@id":"https:\/\/www.maresmefilmfestival.com\/es\/el-festival\/jurado\/agusti-villaronga\/#breadcrumb","itemListElement":[{"@type":"ListItem","position":1,"name":"Portada","item":"https:\/\/www.maresmefilmfestival.com\/es\/"},{"@type":"ListItem","position":2,"name":"EL FESTIVAL","item":"https:\/\/www.maresmefilmfestival.com\/es\/el-festival\/"},{"@type":"ListItem","position":3,"name":"JURADO","item":"https:\/\/www.maresmefilmfestival.com\/es\/el-festival\/jurado\/"},{"@type":"ListItem","position":4,"name":"Agust\u00ed Villaronga"}]},{"@type":"WebSite","@id":"https:\/\/www.maresmefilmfestival.com\/es\/#website","url":"https:\/\/www.maresmefilmfestival.com\/es\/","name":"Calella Film Festival","description":"Festival de Cinema","potentialAction":[{"@type":"SearchAction","target":{"@type":"EntryPoint","urlTemplate":"https:\/\/www.maresmefilmfestival.com\/es\/?s={search_term_string}"},"query-input":{"@type":"PropertyValueSpecification","valueRequired":true,"valueName":"search_term_string"}}],"inLanguage":"es"}]}},"_links":{"self":[{"href":"https:\/\/www.maresmefilmfestival.com\/es\/wp-json\/wp\/v2\/pages\/4395","targetHints":{"allow":["GET"]}}],"collection":[{"href":"https:\/\/www.maresmefilmfestival.com\/es\/wp-json\/wp\/v2\/pages"}],"about":[{"href":"https:\/\/www.maresmefilmfestival.com\/es\/wp-json\/wp\/v2\/types\/page"}],"author":[{"embeddable":true,"href":"https:\/\/www.maresmefilmfestival.com\/es\/wp-json\/wp\/v2\/users\/1"}],"replies":[{"embeddable":true,"href":"https:\/\/www.maresmefilmfestival.com\/es\/wp-json\/wp\/v2\/comments?post=4395"}],"version-history":[{"count":0,"href":"https:\/\/www.maresmefilmfestival.com\/es\/wp-json\/wp\/v2\/pages\/4395\/revisions"}],"up":[{"embeddable":true,"href":"https:\/\/www.maresmefilmfestival.com\/es\/wp-json\/wp\/v2\/pages\/1044"}],"wp:attachment":[{"href":"https:\/\/www.maresmefilmfestival.com\/es\/wp-json\/wp\/v2\/media?parent=4395"}],"curies":[{"name":"wp","href":"https:\/\/api.w.org\/{rel}","templated":true}]}}