{"id":3100,"date":"2017-06-01T12:16:29","date_gmt":"2017-06-01T11:16:29","guid":{"rendered":"http:\/\/www.maresmefilmfestival.com\/?page_id=3100\/"},"modified":"2017-06-01T12:16:29","modified_gmt":"2017-06-01T11:16:29","slug":"quatretondeta","status":"publish","type":"page","link":"https:\/\/www.maresmefilmfestival.com\/es\/quatretondeta\/","title":{"rendered":"Quatretondeta"},"content":{"rendered":"<div class=\"wpb-content-wrapper\"><p>[vc_row][vc_column width=\u00bb1\/4&#8243;][vc_single_image image=\u00bb3023&#8243; img_size=\u00bbmedium\u00bb][\/vc_column][vc_column width=\u00bb3\/4&#8243;][vc_column_text]<\/p>\n<p class=\"p1\"><b>Quatretondeta<\/b><\/p>\n<p>La mujer del viejo Tom\u00e1s ha muerto, pero a \u00e9l no le dejan enterrarla porque la familia de la difunta reclama el cuerpo en Par\u00eds. Tom\u00e1s decide entonces robar el cuerpo para enterrarlo en Quatretondeta, un peque\u00f1o pueblo del interior de Alicante, como le hab\u00eda prometido a su esposa. Sin embargo, el anciano no recuerda el camino y se pierde. Tom\u00e1s y unos extra\u00f1os personajes a los que acaba de conocer son objeto de una disparatada persecuci\u00f3n.\u00a0<strong>\u00a0<\/strong>[\/vc_column_text][\/vc_column][\/vc_row][vc_row][vc_column][vc_column_text]<\/p>\n<h3 style=\"text-align: justify;\"><strong><span style=\"color: #d3ab1d;\">Datos Generales<\/span><\/strong><\/h3>\n<p class=\"p1\"><strong>T\u00edtulo original\u00a0<\/strong>Quatretondeta<\/p>\n<p class=\"p1\"><b>A\u00f1o de producci\u00f3n\u00a0<\/b>2016<\/p>\n<p class=\"p1\"><strong>Duraci\u00f3n<\/strong>\u00a092 minutos<\/p>\n<p class=\"p1\"><b>Pa\u00eds de producci\u00f3n\u00a0<\/b>Espa\u00f1a<\/p>\n<p class=\"p1\"><strong>Director\u00a0<\/strong>Pol Rodr\u00edguez<\/p>\n<p class=\"p1\"><strong>Gui\u00f3n\u00a0<\/strong>Pol Rodr\u00edguez, Celia Rico, Eduard Sola<\/p>\n<p class=\"p1\"><strong>Fotograf\u00eda\u00a0<\/strong>Carles Gusi<\/p>\n<p class=\"p1\"><strong>Reparto\u00a0<\/strong>Jos\u00e9 Sacrist\u00e1n, Laia Marull, Sergi L\u00f3pez, Juli\u00e1n Villagr\u00e1n<\/p>\n<p class=\"p1\"><strong>Idioma <\/strong>\u00a0Castellano<\/p>\n<p class=\"p1\"><strong>Productora <\/strong>Coproducci\u00f3n Espa\u00f1a-Francia; Arcadia Motion Pictures \/ Noodles Production<\/p>\n<h3 style=\"text-align: justify;\"><strong><span style=\"color: #d3ab1d;\">G\u00e9nero<\/span><\/strong><\/h3>\n<p class=\"p1\"><b>G\u00e9nero\u00a0<\/b>Comedia-Drama<\/p>\n<p class=\"p1\"><b>Trailer\u00a0<\/b><a href=\"https:\/\/youtu.be\/CNQ4Z4XEaEI\" target=\"_blank\" rel=\"noopener noreferrer\">https:\/\/youtu.be\/CNQ4Z4XEaEI<\/a><\/p>\n<p>[\/vc_column_text][\/vc_column][\/vc_row]<\/p>\n<\/div>","protected":false},"excerpt":{"rendered":"<p>[vc_row][vc_column width=\u00bb1\/4&#8243;][vc_single_image image=\u00bb3023&#8243; img_size=\u00bbmedium\u00bb][\/vc_column][vc_column width=\u00bb3\/4&#8243;][vc_column_text] Quatretondeta La mujer del viejo Tom\u00e1s ha muerto, pero a \u00e9l no le dejan enterrarla porque la familia de la difunta reclama el cuerpo en [&hellip;]<\/p>\n","protected":false},"author":1,"featured_media":0,"parent":0,"menu_order":0,"comment_status":"closed","ping_status":"closed","template":"","meta":{"footnotes":""},"class_list":["post-3100","page","type-page","status-publish","hentry"],"yoast_head":"<!-- This site is optimized with the Yoast SEO plugin v27.4 - https:\/\/yoast.com\/product\/yoast-seo-wordpress\/ -->\n<title>Quatretondeta - Calella Film Festival<\/title>\n<meta name=\"robots\" content=\"index, follow, max-snippet:-1, max-image-preview:large, max-video-preview:-1\" \/>\n<link rel=\"canonical\" href=\"https:\/\/www.maresmefilmfestival.com\/es\/quatretondeta\/\" \/>\n<meta property=\"og:locale\" content=\"es_ES\" \/>\n<meta property=\"og:type\" content=\"article\" \/>\n<meta property=\"og:title\" content=\"Quatretondeta - Calella Film Festival\" \/>\n<meta property=\"og:description\" content=\"[vc_row][vc_column width=\u00bb1\/4&#8243;][vc_single_image image=\u00bb3023&#8243; img_size=\u00bbmedium\u00bb][\/vc_column][vc_column width=\u00bb3\/4&#8243;][vc_column_text] Quatretondeta La mujer del viejo Tom\u00e1s ha muerto, pero a \u00e9l no le dejan enterrarla porque la familia de la difunta reclama el cuerpo en [&hellip;]\" \/>\n<meta property=\"og:url\" content=\"https:\/\/www.maresmefilmfestival.com\/es\/quatretondeta\/\" \/>\n<meta property=\"og:site_name\" content=\"Calella Film Festival\" \/>\n<meta property=\"article:publisher\" content=\"https:\/\/www.facebook.com\/Festival-de-Cinema-de-Calella-536425489872034\/?ref=hl\" \/>\n<meta name=\"twitter:card\" content=\"summary_large_image\" \/>\n<meta name=\"twitter:site\" content=\"@CalellaFilmFest\" \/>\n<meta name=\"twitter:label1\" content=\"Tiempo de lectura\" \/>\n\t<meta name=\"twitter:data1\" content=\"1 minuto\" \/>\n<script type=\"application\/ld+json\" class=\"yoast-schema-graph\">{\"@context\":\"https:\\\/\\\/schema.org\",\"@graph\":[{\"@type\":\"WebPage\",\"@id\":\"https:\\\/\\\/www.maresmefilmfestival.com\\\/es\\\/quatretondeta\\\/\",\"url\":\"https:\\\/\\\/www.maresmefilmfestival.com\\\/es\\\/quatretondeta\\\/\",\"name\":\"Quatretondeta - Calella Film Festival\",\"isPartOf\":{\"@id\":\"https:\\\/\\\/www.maresmefilmfestival.com\\\/es\\\/#website\"},\"datePublished\":\"2017-06-01T11:16:29+00:00\",\"breadcrumb\":{\"@id\":\"https:\\\/\\\/www.maresmefilmfestival.com\\\/es\\\/quatretondeta\\\/#breadcrumb\"},\"inLanguage\":\"es\",\"potentialAction\":[{\"@type\":\"ReadAction\",\"target\":[\"https:\\\/\\\/www.maresmefilmfestival.com\\\/es\\\/quatretondeta\\\/\"]}]},{\"@type\":\"BreadcrumbList\",\"@id\":\"https:\\\/\\\/www.maresmefilmfestival.com\\\/es\\\/quatretondeta\\\/#breadcrumb\",\"itemListElement\":[{\"@type\":\"ListItem\",\"position\":1,\"name\":\"Portada\",\"item\":\"https:\\\/\\\/www.maresmefilmfestival.com\\\/es\\\/\"},{\"@type\":\"ListItem\",\"position\":2,\"name\":\"Quatretondeta\"}]},{\"@type\":\"WebSite\",\"@id\":\"https:\\\/\\\/www.maresmefilmfestival.com\\\/es\\\/#website\",\"url\":\"https:\\\/\\\/www.maresmefilmfestival.com\\\/es\\\/\",\"name\":\"Calella Film Festival\",\"description\":\"Festival de Cinema\",\"potentialAction\":[{\"@type\":\"SearchAction\",\"target\":{\"@type\":\"EntryPoint\",\"urlTemplate\":\"https:\\\/\\\/www.maresmefilmfestival.com\\\/es\\\/?s={search_term_string}\"},\"query-input\":{\"@type\":\"PropertyValueSpecification\",\"valueRequired\":true,\"valueName\":\"search_term_string\"}}],\"inLanguage\":\"es\"}]}<\/script>\n<!-- \/ Yoast SEO plugin. -->","yoast_head_json":{"title":"Quatretondeta - Calella Film Festival","robots":{"index":"index","follow":"follow","max-snippet":"max-snippet:-1","max-image-preview":"max-image-preview:large","max-video-preview":"max-video-preview:-1"},"canonical":"https:\/\/www.maresmefilmfestival.com\/es\/quatretondeta\/","og_locale":"es_ES","og_type":"article","og_title":"Quatretondeta - Calella Film Festival","og_description":"[vc_row][vc_column width=\u00bb1\/4&#8243;][vc_single_image image=\u00bb3023&#8243; img_size=\u00bbmedium\u00bb][\/vc_column][vc_column width=\u00bb3\/4&#8243;][vc_column_text] Quatretondeta La mujer del viejo Tom\u00e1s ha muerto, pero a \u00e9l no le dejan enterrarla porque la familia de la difunta reclama el cuerpo en [&hellip;]","og_url":"https:\/\/www.maresmefilmfestival.com\/es\/quatretondeta\/","og_site_name":"Calella Film Festival","article_publisher":"https:\/\/www.facebook.com\/Festival-de-Cinema-de-Calella-536425489872034\/?ref=hl","twitter_card":"summary_large_image","twitter_site":"@CalellaFilmFest","twitter_misc":{"Tiempo de lectura":"1 minuto"},"schema":{"@context":"https:\/\/schema.org","@graph":[{"@type":"WebPage","@id":"https:\/\/www.maresmefilmfestival.com\/es\/quatretondeta\/","url":"https:\/\/www.maresmefilmfestival.com\/es\/quatretondeta\/","name":"Quatretondeta - Calella Film Festival","isPartOf":{"@id":"https:\/\/www.maresmefilmfestival.com\/es\/#website"},"datePublished":"2017-06-01T11:16:29+00:00","breadcrumb":{"@id":"https:\/\/www.maresmefilmfestival.com\/es\/quatretondeta\/#breadcrumb"},"inLanguage":"es","potentialAction":[{"@type":"ReadAction","target":["https:\/\/www.maresmefilmfestival.com\/es\/quatretondeta\/"]}]},{"@type":"BreadcrumbList","@id":"https:\/\/www.maresmefilmfestival.com\/es\/quatretondeta\/#breadcrumb","itemListElement":[{"@type":"ListItem","position":1,"name":"Portada","item":"https:\/\/www.maresmefilmfestival.com\/es\/"},{"@type":"ListItem","position":2,"name":"Quatretondeta"}]},{"@type":"WebSite","@id":"https:\/\/www.maresmefilmfestival.com\/es\/#website","url":"https:\/\/www.maresmefilmfestival.com\/es\/","name":"Calella Film Festival","description":"Festival de Cinema","potentialAction":[{"@type":"SearchAction","target":{"@type":"EntryPoint","urlTemplate":"https:\/\/www.maresmefilmfestival.com\/es\/?s={search_term_string}"},"query-input":{"@type":"PropertyValueSpecification","valueRequired":true,"valueName":"search_term_string"}}],"inLanguage":"es"}]}},"_links":{"self":[{"href":"https:\/\/www.maresmefilmfestival.com\/es\/wp-json\/wp\/v2\/pages\/3100","targetHints":{"allow":["GET"]}}],"collection":[{"href":"https:\/\/www.maresmefilmfestival.com\/es\/wp-json\/wp\/v2\/pages"}],"about":[{"href":"https:\/\/www.maresmefilmfestival.com\/es\/wp-json\/wp\/v2\/types\/page"}],"author":[{"embeddable":true,"href":"https:\/\/www.maresmefilmfestival.com\/es\/wp-json\/wp\/v2\/users\/1"}],"replies":[{"embeddable":true,"href":"https:\/\/www.maresmefilmfestival.com\/es\/wp-json\/wp\/v2\/comments?post=3100"}],"version-history":[{"count":0,"href":"https:\/\/www.maresmefilmfestival.com\/es\/wp-json\/wp\/v2\/pages\/3100\/revisions"}],"wp:attachment":[{"href":"https:\/\/www.maresmefilmfestival.com\/es\/wp-json\/wp\/v2\/media?parent=3100"}],"curies":[{"name":"wp","href":"https:\/\/api.w.org\/{rel}","templated":true}]}}