{"id":3094,"date":"2017-06-01T12:01:51","date_gmt":"2017-06-01T11:01:51","guid":{"rendered":"http:\/\/www.maresmefilmfestival.com\/?page_id=3094\/"},"modified":"2017-06-01T12:01:51","modified_gmt":"2017-06-01T11:01:51","slug":"we-are-never-alone","status":"publish","type":"page","link":"https:\/\/www.maresmefilmfestival.com\/es\/we-are-never-alone\/","title":{"rendered":"We are never alone"},"content":{"rendered":"<div class=\"wpb-content-wrapper\"><p>[vc_row][vc_column width=\u00bb1\/4&#8243;][vc_single_image image=\u00bb3063&#8243; img_size=\u00bbmedium\u00bb][\/vc_column][vc_column width=\u00bb3\/4&#8243;][vc_column_text]<\/p>\n<p class=\"p1\"><b>We are never alone<\/b><\/p>\n<p>Personajes entrecruzados al l\u00edmite en un film memorable ambientado en alg\u00fan lugar de la Rep\u00fablica Checa actual. La pel\u00edcula nos sumerge en las razones del resurgimiento de un nuevo fascismo de la Europa del Este que nace de las cenizas de las viejas ideolog\u00edas y c\u00f3mo se transmite a los ni\u00f1os cuya respuesta emocional conllevar\u00e1 tr\u00e1gicas consecuencias.<\/p>\n<p>Karel Roden, el actor checo m\u00e1s internacional, visto en superproducciones hollywoodienses como \u201cHellboy\u201d, \u201cEl mito de Bourne\u201d o \u201cRocknrolla\u201d, interpreta a un hipocondr\u00edaco en crisis cuya mujer es una dependienta de una tienda de alimentaci\u00f3n enamorada de un macarra. Su mejor amigo es un guardia de prisiones que ha convertido su propia casa en una guarida llena de puertas con cerrojos. Ambos quieren \u201climpiar\u201d las calles de \u201cin\u00fatiles\u201d y \u201cgitanos\u201d, y fantasean con la idea de crear un nuevo partido que traer\u00e1 la \u201cnueva justicia\u201d. Sus miedos, paranoias, \u201cenfermedades inventadas\u201d, desamores, violencia intr\u00ednseca y f\u00edsica se ir\u00e1n desarrollando a lo largo del metraje en unas im\u00e1genes que sacudir\u00e1n al espectador con una fuerza pocas veces vista en la pantalla. Y mientras tanto sus hijos se divierten por los parques con cuchillos y armas de fuego\u2026\u00a0<strong>\u00a0<\/strong>[\/vc_column_text][\/vc_column][\/vc_row][vc_row][vc_column][vc_column_text]<\/p>\n<h3 style=\"text-align: justify;\"><strong><span style=\"color: #d3ab1d;\">Datos Generales<\/span><\/strong><\/h3>\n<p class=\"p1\"><strong>T\u00edtulo original\u00a0<\/strong>Nikdy nejsme sami<\/p>\n<p class=\"p1\"><b>A\u00f1o de producci\u00f3n\u00a0<\/b>2016<\/p>\n<p class=\"p1\"><strong>Duraci\u00f3n<\/strong>\u00a0105 minutos<\/p>\n<p class=\"p1\"><b>Pa\u00eds de producci\u00f3n\u00a0<\/b>Rep\u00fablica Checa<\/p>\n<p class=\"p1\"><strong>Director\u00a0<\/strong>Petr Vaclav<\/p>\n<p class=\"p1\"><strong>Gui\u00f3n\u00a0<\/strong>Petr Vaclav<\/p>\n<p class=\"p1\"><strong>Fotograf\u00eda\u00a0<\/strong>Step\u00e1n Kucera<\/p>\n<p class=\"p1\"><strong>Reparto\u00a0<\/strong>Karel Roden, Lenka Vlas\u00e1kov\u00e1, Miroslav Hanus, Zdenek Godla, Klaudia Dudova<\/p>\n<p class=\"p1\"><strong>Idioma <\/strong>\u00a0Checo<\/p>\n<p class=\"p1\"><strong>Productora <\/strong>Mimesis Film<\/p>\n<h3 style=\"text-align: justify;\"><strong><span style=\"color: #d3ab1d;\">G\u00e9nero<\/span><\/strong><\/h3>\n<p class=\"p1\"><b>G\u00e9nero\u00a0<\/b>Drama<\/p>\n<p class=\"p1\"><b>Categor\u00eda\u00a0<\/b>Ficci\u00f3n<\/p>\n<p class=\"p1\"><b>Trailer\u00a0<\/b><a href=\"https:\/\/youtu.be\/Z6ZFh_BcgJw\" target=\"_blank\" rel=\"noopener noreferrer\">https:\/\/youtu.be\/Z6ZFh_BcgJw<\/a><\/p>\n<p>[\/vc_column_text][\/vc_column][\/vc_row]<\/p>\n<\/div>","protected":false},"excerpt":{"rendered":"<p>[vc_row][vc_column width=\u00bb1\/4&#8243;][vc_single_image image=\u00bb3063&#8243; img_size=\u00bbmedium\u00bb][\/vc_column][vc_column width=\u00bb3\/4&#8243;][vc_column_text] We are never alone Personajes entrecruzados al l\u00edmite en un film memorable ambientado en alg\u00fan lugar de la Rep\u00fablica Checa actual. La pel\u00edcula nos sumerge [&hellip;]<\/p>\n","protected":false},"author":1,"featured_media":0,"parent":0,"menu_order":0,"comment_status":"closed","ping_status":"closed","template":"","meta":{"footnotes":""},"class_list":["post-3094","page","type-page","status-publish","hentry"],"yoast_head":"<!-- This site is optimized with the Yoast SEO plugin v27.4 - https:\/\/yoast.com\/product\/yoast-seo-wordpress\/ -->\n<title>We are never alone - Calella Film Festival<\/title>\n<meta name=\"robots\" content=\"index, follow, max-snippet:-1, max-image-preview:large, max-video-preview:-1\" \/>\n<link rel=\"canonical\" href=\"https:\/\/www.maresmefilmfestival.com\/es\/we-are-never-alone\/\" \/>\n<meta property=\"og:locale\" content=\"es_ES\" \/>\n<meta property=\"og:type\" content=\"article\" \/>\n<meta property=\"og:title\" content=\"We are never alone - Calella Film Festival\" \/>\n<meta property=\"og:description\" content=\"[vc_row][vc_column width=\u00bb1\/4&#8243;][vc_single_image image=\u00bb3063&#8243; img_size=\u00bbmedium\u00bb][\/vc_column][vc_column width=\u00bb3\/4&#8243;][vc_column_text] We are never alone Personajes entrecruzados al l\u00edmite en un film memorable ambientado en alg\u00fan lugar de la Rep\u00fablica Checa actual. La pel\u00edcula nos sumerge [&hellip;]\" \/>\n<meta property=\"og:url\" content=\"https:\/\/www.maresmefilmfestival.com\/es\/we-are-never-alone\/\" \/>\n<meta property=\"og:site_name\" content=\"Calella Film Festival\" \/>\n<meta property=\"article:publisher\" content=\"https:\/\/www.facebook.com\/Festival-de-Cinema-de-Calella-536425489872034\/?ref=hl\" \/>\n<meta name=\"twitter:card\" content=\"summary_large_image\" \/>\n<meta name=\"twitter:site\" content=\"@CalellaFilmFest\" \/>\n<meta name=\"twitter:label1\" content=\"Tiempo de lectura\" \/>\n\t<meta name=\"twitter:data1\" content=\"2 minutos\" \/>\n<script type=\"application\/ld+json\" class=\"yoast-schema-graph\">{\"@context\":\"https:\\\/\\\/schema.org\",\"@graph\":[{\"@type\":\"WebPage\",\"@id\":\"https:\\\/\\\/www.maresmefilmfestival.com\\\/es\\\/we-are-never-alone\\\/\",\"url\":\"https:\\\/\\\/www.maresmefilmfestival.com\\\/es\\\/we-are-never-alone\\\/\",\"name\":\"We are never alone - Calella Film Festival\",\"isPartOf\":{\"@id\":\"https:\\\/\\\/www.maresmefilmfestival.com\\\/es\\\/#website\"},\"datePublished\":\"2017-06-01T11:01:51+00:00\",\"breadcrumb\":{\"@id\":\"https:\\\/\\\/www.maresmefilmfestival.com\\\/es\\\/we-are-never-alone\\\/#breadcrumb\"},\"inLanguage\":\"es\",\"potentialAction\":[{\"@type\":\"ReadAction\",\"target\":[\"https:\\\/\\\/www.maresmefilmfestival.com\\\/es\\\/we-are-never-alone\\\/\"]}]},{\"@type\":\"BreadcrumbList\",\"@id\":\"https:\\\/\\\/www.maresmefilmfestival.com\\\/es\\\/we-are-never-alone\\\/#breadcrumb\",\"itemListElement\":[{\"@type\":\"ListItem\",\"position\":1,\"name\":\"Portada\",\"item\":\"https:\\\/\\\/www.maresmefilmfestival.com\\\/es\\\/\"},{\"@type\":\"ListItem\",\"position\":2,\"name\":\"We are never alone\"}]},{\"@type\":\"WebSite\",\"@id\":\"https:\\\/\\\/www.maresmefilmfestival.com\\\/es\\\/#website\",\"url\":\"https:\\\/\\\/www.maresmefilmfestival.com\\\/es\\\/\",\"name\":\"Calella Film Festival\",\"description\":\"Festival de Cinema\",\"potentialAction\":[{\"@type\":\"SearchAction\",\"target\":{\"@type\":\"EntryPoint\",\"urlTemplate\":\"https:\\\/\\\/www.maresmefilmfestival.com\\\/es\\\/?s={search_term_string}\"},\"query-input\":{\"@type\":\"PropertyValueSpecification\",\"valueRequired\":true,\"valueName\":\"search_term_string\"}}],\"inLanguage\":\"es\"}]}<\/script>\n<!-- \/ Yoast SEO plugin. -->","yoast_head_json":{"title":"We are never alone - Calella Film Festival","robots":{"index":"index","follow":"follow","max-snippet":"max-snippet:-1","max-image-preview":"max-image-preview:large","max-video-preview":"max-video-preview:-1"},"canonical":"https:\/\/www.maresmefilmfestival.com\/es\/we-are-never-alone\/","og_locale":"es_ES","og_type":"article","og_title":"We are never alone - Calella Film Festival","og_description":"[vc_row][vc_column width=\u00bb1\/4&#8243;][vc_single_image image=\u00bb3063&#8243; img_size=\u00bbmedium\u00bb][\/vc_column][vc_column width=\u00bb3\/4&#8243;][vc_column_text] We are never alone Personajes entrecruzados al l\u00edmite en un film memorable ambientado en alg\u00fan lugar de la Rep\u00fablica Checa actual. La pel\u00edcula nos sumerge [&hellip;]","og_url":"https:\/\/www.maresmefilmfestival.com\/es\/we-are-never-alone\/","og_site_name":"Calella Film Festival","article_publisher":"https:\/\/www.facebook.com\/Festival-de-Cinema-de-Calella-536425489872034\/?ref=hl","twitter_card":"summary_large_image","twitter_site":"@CalellaFilmFest","twitter_misc":{"Tiempo de lectura":"2 minutos"},"schema":{"@context":"https:\/\/schema.org","@graph":[{"@type":"WebPage","@id":"https:\/\/www.maresmefilmfestival.com\/es\/we-are-never-alone\/","url":"https:\/\/www.maresmefilmfestival.com\/es\/we-are-never-alone\/","name":"We are never alone - Calella Film Festival","isPartOf":{"@id":"https:\/\/www.maresmefilmfestival.com\/es\/#website"},"datePublished":"2017-06-01T11:01:51+00:00","breadcrumb":{"@id":"https:\/\/www.maresmefilmfestival.com\/es\/we-are-never-alone\/#breadcrumb"},"inLanguage":"es","potentialAction":[{"@type":"ReadAction","target":["https:\/\/www.maresmefilmfestival.com\/es\/we-are-never-alone\/"]}]},{"@type":"BreadcrumbList","@id":"https:\/\/www.maresmefilmfestival.com\/es\/we-are-never-alone\/#breadcrumb","itemListElement":[{"@type":"ListItem","position":1,"name":"Portada","item":"https:\/\/www.maresmefilmfestival.com\/es\/"},{"@type":"ListItem","position":2,"name":"We are never alone"}]},{"@type":"WebSite","@id":"https:\/\/www.maresmefilmfestival.com\/es\/#website","url":"https:\/\/www.maresmefilmfestival.com\/es\/","name":"Calella Film Festival","description":"Festival de Cinema","potentialAction":[{"@type":"SearchAction","target":{"@type":"EntryPoint","urlTemplate":"https:\/\/www.maresmefilmfestival.com\/es\/?s={search_term_string}"},"query-input":{"@type":"PropertyValueSpecification","valueRequired":true,"valueName":"search_term_string"}}],"inLanguage":"es"}]}},"_links":{"self":[{"href":"https:\/\/www.maresmefilmfestival.com\/es\/wp-json\/wp\/v2\/pages\/3094","targetHints":{"allow":["GET"]}}],"collection":[{"href":"https:\/\/www.maresmefilmfestival.com\/es\/wp-json\/wp\/v2\/pages"}],"about":[{"href":"https:\/\/www.maresmefilmfestival.com\/es\/wp-json\/wp\/v2\/types\/page"}],"author":[{"embeddable":true,"href":"https:\/\/www.maresmefilmfestival.com\/es\/wp-json\/wp\/v2\/users\/1"}],"replies":[{"embeddable":true,"href":"https:\/\/www.maresmefilmfestival.com\/es\/wp-json\/wp\/v2\/comments?post=3094"}],"version-history":[{"count":0,"href":"https:\/\/www.maresmefilmfestival.com\/es\/wp-json\/wp\/v2\/pages\/3094\/revisions"}],"wp:attachment":[{"href":"https:\/\/www.maresmefilmfestival.com\/es\/wp-json\/wp\/v2\/media?parent=3094"}],"curies":[{"name":"wp","href":"https:\/\/api.w.org\/{rel}","templated":true}]}}