{"id":3088,"date":"2017-06-01T10:32:50","date_gmt":"2017-06-01T09:32:50","guid":{"rendered":"http:\/\/www.maresmefilmfestival.com\/?page_id=3088\/"},"modified":"2017-06-02T08:18:50","modified_gmt":"2017-06-02T07:18:50","slug":"ebre-del-bressol-la-batalla","status":"publish","type":"page","link":"https:\/\/www.maresmefilmfestival.com\/es\/ebre-del-bressol-la-batalla\/","title":{"rendered":"Ebre, del bressol a la batalla"},"content":{"rendered":"<div class=\"wpb-content-wrapper\"><p>[vc_row][vc_column width=\u00bb1\/4&#8243;][vc_single_image image=\u00bb3022&#8243; img_size=\u00bbmedium\u00bb][\/vc_column][vc_column width=\u00bb3\/4&#8243;][vc_column_text]<\/p>\n<p class=\"p1\"><b>Ebre, del bressol a la batalla (TV)<\/b><\/p>\n<p>En 1938 la Guerra Civil espa\u00f1ola ya ha desgastado a ambos ej\u00e9rcitos y arrasado los \u00e1nimos de la poblaci\u00f3n. A pesar de todo, las diferencias entre republicanos y nacionales son reveladoras: El bando fascista dispone de la ayuda incondicional del armamento y los hombres facilitados por Hitler y Mussolini mientras el ej\u00e9rcito republicano se ve ignorado por una Europa m\u00e1s preocupada por una posible Gran Guerra que por el destino de Espa\u00f1a. En este ambiente el cruce del Ebro parece la mejor t\u00e1ctica republicana para invocar las alianzas internacionales indispensables y demostrar, a la vez, la resistencia frente a los fascistas, que llevan impulso hacia la victoria.\u00a0<strong>\u00a0<\/strong>[\/vc_column_text][\/vc_column][\/vc_row][vc_row][vc_column][vc_column_text]<\/p>\n<h3 style=\"text-align: justify;\"><strong><span style=\"color: #d3ab1d;\">Datos Generales<\/span><\/strong><\/h3>\n<p class=\"p1\"><strong>T\u00edtulo original\u00a0<\/strong>Ebre, del bressol a la batalla (TV)<\/p>\n<p class=\"p1\"><b>A\u00f1o de producci\u00f3n\u00a0<\/b>2016<\/p>\n<p class=\"p1\"><strong>Duraci\u00f3n<\/strong>\u00a080 minutos<\/p>\n<p class=\"p1\"><b>Pa\u00eds de producci\u00f3n\u00a0<\/b>Espa\u00f1a<\/p>\n<p class=\"p1\"><strong>Director\u00a0<\/strong>Rom\u00e1n Parrado<\/p>\n<p class=\"p1\"><strong>Gui\u00f3n\u00a0<\/strong>Eduard Sola<\/p>\n<p class=\"p1\"><strong>Fotograf\u00eda\u00a0<\/strong>Xavier Cam\u00ed<\/p>\n<p class=\"p1\"><strong>Reparto\u00a0<\/strong>Oriol Pla, Enric Auquer, \u00c0lex Monner, Emilio Palacios, Roser Tapias, Artur Busquets, Manuel Mor\u00f3n, Adolfo Fern\u00e1ndez, Alfonso S\u00e1nchez, Kimberley Tell<\/p>\n<p class=\"p1\"><strong>Idioma <\/strong>\u00a0Catal\u00e1n-Castellano<\/p>\n<p class=\"p1\"><strong>Productora <\/strong>Setm\u00e0gic Audiovisual \/ Enc\u00e9n TV \/ Televisi\u00f3 de Catalunya (TV3) \/ Canal Sud Televisi\u00f3 \/ Dis Productions<\/p>\n<h3 style=\"text-align: justify;\"><strong><span style=\"color: #d3ab1d;\">G\u00e9nero<\/span><\/strong><\/h3>\n<p class=\"p1\"><b>G\u00e9nero\u00a0<\/b>B\u00e9lico<\/p>\n<p class=\"p1\"><b>Categor\u00eda\u00a0<\/b>Drama<\/p>\n<p class=\"p1\"><b>Trailer\u00a0<\/b><a href=\"https:\/\/youtu.be\/9_NRyi88s3E\" target=\"_blank\" rel=\"noopener noreferrer\">https:\/\/youtu.be\/9_NRyi88s3E<\/a><\/p>\n<p>[\/vc_column_text][\/vc_column][\/vc_row]<\/p>\n<\/div>","protected":false},"excerpt":{"rendered":"<p>[vc_row][vc_column width=\u00bb1\/4&#8243;][vc_single_image image=\u00bb3022&#8243; img_size=\u00bbmedium\u00bb][\/vc_column][vc_column width=\u00bb3\/4&#8243;][vc_column_text] Ebre, del bressol a la batalla (TV) En 1938 la Guerra Civil espa\u00f1ola ya ha desgastado a ambos ej\u00e9rcitos y arrasado los \u00e1nimos de la [&hellip;]<\/p>\n","protected":false},"author":1,"featured_media":0,"parent":0,"menu_order":0,"comment_status":"closed","ping_status":"closed","template":"","meta":{"footnotes":""},"class_list":["post-3088","page","type-page","status-publish","hentry"],"yoast_head":"<!-- This site is optimized with the Yoast SEO plugin v27.4 - https:\/\/yoast.com\/product\/yoast-seo-wordpress\/ -->\n<title>Ebre, del bressol a la batalla - Calella Film Festival<\/title>\n<meta name=\"robots\" content=\"index, follow, max-snippet:-1, max-image-preview:large, max-video-preview:-1\" \/>\n<link rel=\"canonical\" href=\"https:\/\/www.maresmefilmfestival.com\/es\/ebre-del-bressol-la-batalla\/\" \/>\n<meta property=\"og:locale\" content=\"es_ES\" \/>\n<meta property=\"og:type\" content=\"article\" \/>\n<meta property=\"og:title\" content=\"Ebre, del bressol a la batalla - Calella Film Festival\" \/>\n<meta property=\"og:description\" content=\"[vc_row][vc_column width=\u00bb1\/4&#8243;][vc_single_image image=\u00bb3022&#8243; img_size=\u00bbmedium\u00bb][\/vc_column][vc_column width=\u00bb3\/4&#8243;][vc_column_text] Ebre, del bressol a la batalla (TV) En 1938 la Guerra Civil espa\u00f1ola ya ha desgastado a ambos ej\u00e9rcitos y arrasado los \u00e1nimos de la [&hellip;]\" \/>\n<meta property=\"og:url\" content=\"https:\/\/www.maresmefilmfestival.com\/es\/ebre-del-bressol-la-batalla\/\" \/>\n<meta property=\"og:site_name\" content=\"Calella Film Festival\" \/>\n<meta property=\"article:publisher\" content=\"https:\/\/www.facebook.com\/Festival-de-Cinema-de-Calella-536425489872034\/?ref=hl\" \/>\n<meta property=\"article:modified_time\" content=\"2017-06-02T07:18:50+00:00\" \/>\n<meta name=\"twitter:card\" content=\"summary_large_image\" \/>\n<meta name=\"twitter:site\" content=\"@CalellaFilmFest\" \/>\n<meta name=\"twitter:label1\" content=\"Tiempo de lectura\" \/>\n\t<meta name=\"twitter:data1\" content=\"1 minuto\" \/>\n<script type=\"application\/ld+json\" class=\"yoast-schema-graph\">{\"@context\":\"https:\\\/\\\/schema.org\",\"@graph\":[{\"@type\":\"WebPage\",\"@id\":\"https:\\\/\\\/www.maresmefilmfestival.com\\\/es\\\/ebre-del-bressol-la-batalla\\\/\",\"url\":\"https:\\\/\\\/www.maresmefilmfestival.com\\\/es\\\/ebre-del-bressol-la-batalla\\\/\",\"name\":\"Ebre, del bressol a la batalla - Calella Film Festival\",\"isPartOf\":{\"@id\":\"https:\\\/\\\/www.maresmefilmfestival.com\\\/es\\\/#website\"},\"datePublished\":\"2017-06-01T09:32:50+00:00\",\"dateModified\":\"2017-06-02T07:18:50+00:00\",\"breadcrumb\":{\"@id\":\"https:\\\/\\\/www.maresmefilmfestival.com\\\/es\\\/ebre-del-bressol-la-batalla\\\/#breadcrumb\"},\"inLanguage\":\"es\",\"potentialAction\":[{\"@type\":\"ReadAction\",\"target\":[\"https:\\\/\\\/www.maresmefilmfestival.com\\\/es\\\/ebre-del-bressol-la-batalla\\\/\"]}]},{\"@type\":\"BreadcrumbList\",\"@id\":\"https:\\\/\\\/www.maresmefilmfestival.com\\\/es\\\/ebre-del-bressol-la-batalla\\\/#breadcrumb\",\"itemListElement\":[{\"@type\":\"ListItem\",\"position\":1,\"name\":\"Portada\",\"item\":\"https:\\\/\\\/www.maresmefilmfestival.com\\\/es\\\/\"},{\"@type\":\"ListItem\",\"position\":2,\"name\":\"Ebre, del bressol a la batalla\"}]},{\"@type\":\"WebSite\",\"@id\":\"https:\\\/\\\/www.maresmefilmfestival.com\\\/es\\\/#website\",\"url\":\"https:\\\/\\\/www.maresmefilmfestival.com\\\/es\\\/\",\"name\":\"Calella Film Festival\",\"description\":\"Festival de Cinema\",\"potentialAction\":[{\"@type\":\"SearchAction\",\"target\":{\"@type\":\"EntryPoint\",\"urlTemplate\":\"https:\\\/\\\/www.maresmefilmfestival.com\\\/es\\\/?s={search_term_string}\"},\"query-input\":{\"@type\":\"PropertyValueSpecification\",\"valueRequired\":true,\"valueName\":\"search_term_string\"}}],\"inLanguage\":\"es\"}]}<\/script>\n<!-- \/ Yoast SEO plugin. -->","yoast_head_json":{"title":"Ebre, del bressol a la batalla - Calella Film Festival","robots":{"index":"index","follow":"follow","max-snippet":"max-snippet:-1","max-image-preview":"max-image-preview:large","max-video-preview":"max-video-preview:-1"},"canonical":"https:\/\/www.maresmefilmfestival.com\/es\/ebre-del-bressol-la-batalla\/","og_locale":"es_ES","og_type":"article","og_title":"Ebre, del bressol a la batalla - Calella Film Festival","og_description":"[vc_row][vc_column width=\u00bb1\/4&#8243;][vc_single_image image=\u00bb3022&#8243; img_size=\u00bbmedium\u00bb][\/vc_column][vc_column width=\u00bb3\/4&#8243;][vc_column_text] Ebre, del bressol a la batalla (TV) En 1938 la Guerra Civil espa\u00f1ola ya ha desgastado a ambos ej\u00e9rcitos y arrasado los \u00e1nimos de la [&hellip;]","og_url":"https:\/\/www.maresmefilmfestival.com\/es\/ebre-del-bressol-la-batalla\/","og_site_name":"Calella Film Festival","article_publisher":"https:\/\/www.facebook.com\/Festival-de-Cinema-de-Calella-536425489872034\/?ref=hl","article_modified_time":"2017-06-02T07:18:50+00:00","twitter_card":"summary_large_image","twitter_site":"@CalellaFilmFest","twitter_misc":{"Tiempo de lectura":"1 minuto"},"schema":{"@context":"https:\/\/schema.org","@graph":[{"@type":"WebPage","@id":"https:\/\/www.maresmefilmfestival.com\/es\/ebre-del-bressol-la-batalla\/","url":"https:\/\/www.maresmefilmfestival.com\/es\/ebre-del-bressol-la-batalla\/","name":"Ebre, del bressol a la batalla - Calella Film Festival","isPartOf":{"@id":"https:\/\/www.maresmefilmfestival.com\/es\/#website"},"datePublished":"2017-06-01T09:32:50+00:00","dateModified":"2017-06-02T07:18:50+00:00","breadcrumb":{"@id":"https:\/\/www.maresmefilmfestival.com\/es\/ebre-del-bressol-la-batalla\/#breadcrumb"},"inLanguage":"es","potentialAction":[{"@type":"ReadAction","target":["https:\/\/www.maresmefilmfestival.com\/es\/ebre-del-bressol-la-batalla\/"]}]},{"@type":"BreadcrumbList","@id":"https:\/\/www.maresmefilmfestival.com\/es\/ebre-del-bressol-la-batalla\/#breadcrumb","itemListElement":[{"@type":"ListItem","position":1,"name":"Portada","item":"https:\/\/www.maresmefilmfestival.com\/es\/"},{"@type":"ListItem","position":2,"name":"Ebre, del bressol a la batalla"}]},{"@type":"WebSite","@id":"https:\/\/www.maresmefilmfestival.com\/es\/#website","url":"https:\/\/www.maresmefilmfestival.com\/es\/","name":"Calella Film Festival","description":"Festival de Cinema","potentialAction":[{"@type":"SearchAction","target":{"@type":"EntryPoint","urlTemplate":"https:\/\/www.maresmefilmfestival.com\/es\/?s={search_term_string}"},"query-input":{"@type":"PropertyValueSpecification","valueRequired":true,"valueName":"search_term_string"}}],"inLanguage":"es"}]}},"_links":{"self":[{"href":"https:\/\/www.maresmefilmfestival.com\/es\/wp-json\/wp\/v2\/pages\/3088","targetHints":{"allow":["GET"]}}],"collection":[{"href":"https:\/\/www.maresmefilmfestival.com\/es\/wp-json\/wp\/v2\/pages"}],"about":[{"href":"https:\/\/www.maresmefilmfestival.com\/es\/wp-json\/wp\/v2\/types\/page"}],"author":[{"embeddable":true,"href":"https:\/\/www.maresmefilmfestival.com\/es\/wp-json\/wp\/v2\/users\/1"}],"replies":[{"embeddable":true,"href":"https:\/\/www.maresmefilmfestival.com\/es\/wp-json\/wp\/v2\/comments?post=3088"}],"version-history":[{"count":0,"href":"https:\/\/www.maresmefilmfestival.com\/es\/wp-json\/wp\/v2\/pages\/3088\/revisions"}],"wp:attachment":[{"href":"https:\/\/www.maresmefilmfestival.com\/es\/wp-json\/wp\/v2\/media?parent=3088"}],"curies":[{"name":"wp","href":"https:\/\/api.w.org\/{rel}","templated":true}]}}