{"id":2657,"date":"2017-04-07T08:56:38","date_gmt":"2017-04-07T07:56:38","guid":{"rendered":"http:\/\/www.maresmefilmfestival.com\/?page_id=2657\/"},"modified":"2017-04-07T08:56:38","modified_gmt":"2017-04-07T07:56:38","slug":"sandra-sanchez","status":"publish","type":"page","link":"https:\/\/www.maresmefilmfestival.com\/es\/sandra-sanchez\/","title":{"rendered":"Sandra S\u00e1nchez"},"content":{"rendered":"<div class=\"wpb-content-wrapper\"><p>[vc_row][vc_column][vc_column_text]<\/p>\n<p style=\"text-align: left;\">[\/vc_column_text][\/vc_column][\/vc_row][vc_row][\/vc_row][vc_column][\/vc_column][vc_column_text]<\/p>\n<p>[\/vc_column_text][vc_single_image image=\u00bb2587&#8243; img_size=\u00bbfull\u00bb][vc_column_text]<\/p>\n<h3 style=\"text-align: justify;\"><strong><span style=\"color: #d3ab1d;\">Sandra S\u00e1nchez<\/span><\/strong><\/h3>\n<p style=\"text-align: JUSTIFY;\"><strong>Directora de casting<\/strong><\/p>\n<p style=\"text-align: justify;\">Trabaja en el mundo del casting, para cine y televisi\u00f3n, desde mediados de los a\u00f1os 70, en que comenz\u00f3 como ayudante de casting en la conocida <em>\u00abAgencia Marta Flores\u00bb<\/em> y posteriormente por su propia cuenta como <em>\u00abfreelance\u00bb<\/em>, creando en 1990, <em>\u00abRol, agencia de actores y casting \u00ab<\/em>que estuvo activa hasta 2006 en que, con Internet ya muy desarrollado, todo hab\u00eda cambiado mucho y eso inclu\u00eda nuevos m\u00e9todos de trabajo \u00abon line\u00bb.<\/p>\n<p>Ha participado en un centenar de producciones catalanas y espa\u00f1olas y tambi\u00e9n de internacionales.<\/p>\n<h4 style=\"text-align: justify;\"><strong><span style=\"color: #d3ab1d;\">Cine<\/span><\/strong><\/h4>\n<p><strong>LAS LEYES DE LA TERMODIN\u00c1MICA<\/strong>, de Mateo Gil.2017<br \/>\n<strong>INCERTA GL\u00d2RIA<\/strong>, de Agust\u00ed Villaronga. 2017<br \/>\n<strong>BARCELONA, NIT D\u2019HIVERN<\/strong>, de Dani de la Orden.2015<br \/>\n<strong>ANACLETO, AGENTE SECRETO<\/strong>, de Javier Ruiz Caldera. 2015<br \/>\n<strong>LOS \u00daLTIMOS D\u00cdAS<\/strong>, de \u00c1lex y David Pastor. 2013<br \/>\n<strong>THE PELAYOS<\/strong>, de Eduard Cort\u00e9s.2012<br \/>\n<strong>PA NEGRE<\/strong>, de Agust\u00ed Villaronga. 2010<br \/>\n<strong>BRUC<\/strong>, de Daniel Benmayor. 2010<br \/>\n<strong>XTREMS<\/strong>, de Abel Folk y Joan Riedweg.2009<br \/>\n<strong>MANUALE D\u2019AMORE 2<\/strong>, de Giovanni Veronese.<br \/>\n<strong>VICKI CRISTINA BARCELONA<\/strong>, de Woody Allen.2008<br \/>\n<strong>CHUECATOWN<\/strong>.2007 <\/p>\n<p>[\/vc_column_text]<\/p>\n<\/div>","protected":false},"excerpt":{"rendered":"<p>[vc_row][vc_column][vc_column_text] [\/vc_column_text][\/vc_column][\/vc_row][vc_row][\/vc_row][vc_column][\/vc_column][vc_column_text] [\/vc_column_text][vc_single_image image=\u00bb2587&#8243; img_size=\u00bbfull\u00bb][vc_column_text] Sandra S\u00e1nchez Directora de casting Trabaja en el mundo del casting, para cine y televisi\u00f3n, desde mediados de los a\u00f1os 70, en que comenz\u00f3 como [&hellip;]<\/p>\n","protected":false},"author":1,"featured_media":0,"parent":0,"menu_order":0,"comment_status":"closed","ping_status":"closed","template":"","meta":{"footnotes":""},"class_list":["post-2657","page","type-page","status-publish","hentry"],"yoast_head":"<!-- This site is optimized with the Yoast SEO plugin v27.4 - https:\/\/yoast.com\/product\/yoast-seo-wordpress\/ -->\n<title>Sandra S\u00e1nchez - Calella Film Festival<\/title>\n<meta name=\"robots\" content=\"index, follow, max-snippet:-1, max-image-preview:large, max-video-preview:-1\" \/>\n<link rel=\"canonical\" href=\"https:\/\/www.maresmefilmfestival.com\/es\/sandra-sanchez\/\" \/>\n<meta property=\"og:locale\" content=\"es_ES\" \/>\n<meta property=\"og:type\" content=\"article\" \/>\n<meta property=\"og:title\" content=\"Sandra S\u00e1nchez - Calella Film Festival\" \/>\n<meta property=\"og:description\" content=\"[vc_row][vc_column][vc_column_text] [\/vc_column_text][\/vc_column][\/vc_row][vc_row][\/vc_row][vc_column][\/vc_column][vc_column_text] [\/vc_column_text][vc_single_image image=\u00bb2587&#8243; img_size=\u00bbfull\u00bb][vc_column_text] Sandra S\u00e1nchez Directora de casting Trabaja en el mundo del casting, para cine y televisi\u00f3n, desde mediados de los a\u00f1os 70, en que comenz\u00f3 como [&hellip;]\" \/>\n<meta property=\"og:url\" content=\"https:\/\/www.maresmefilmfestival.com\/es\/sandra-sanchez\/\" \/>\n<meta property=\"og:site_name\" content=\"Calella Film Festival\" \/>\n<meta property=\"article:publisher\" content=\"https:\/\/www.facebook.com\/Festival-de-Cinema-de-Calella-536425489872034\/?ref=hl\" \/>\n<meta name=\"twitter:card\" content=\"summary_large_image\" \/>\n<meta name=\"twitter:site\" content=\"@CalellaFilmFest\" \/>\n<meta name=\"twitter:label1\" content=\"Tiempo de lectura\" \/>\n\t<meta name=\"twitter:data1\" content=\"1 minuto\" \/>\n<script type=\"application\/ld+json\" class=\"yoast-schema-graph\">{\"@context\":\"https:\\\/\\\/schema.org\",\"@graph\":[{\"@type\":\"WebPage\",\"@id\":\"https:\\\/\\\/www.maresmefilmfestival.com\\\/es\\\/sandra-sanchez\\\/\",\"url\":\"https:\\\/\\\/www.maresmefilmfestival.com\\\/es\\\/sandra-sanchez\\\/\",\"name\":\"Sandra S\u00e1nchez - Calella Film Festival\",\"isPartOf\":{\"@id\":\"https:\\\/\\\/www.maresmefilmfestival.com\\\/es\\\/#website\"},\"datePublished\":\"2017-04-07T07:56:38+00:00\",\"breadcrumb\":{\"@id\":\"https:\\\/\\\/www.maresmefilmfestival.com\\\/es\\\/sandra-sanchez\\\/#breadcrumb\"},\"inLanguage\":\"es\",\"potentialAction\":[{\"@type\":\"ReadAction\",\"target\":[\"https:\\\/\\\/www.maresmefilmfestival.com\\\/es\\\/sandra-sanchez\\\/\"]}]},{\"@type\":\"BreadcrumbList\",\"@id\":\"https:\\\/\\\/www.maresmefilmfestival.com\\\/es\\\/sandra-sanchez\\\/#breadcrumb\",\"itemListElement\":[{\"@type\":\"ListItem\",\"position\":1,\"name\":\"Portada\",\"item\":\"https:\\\/\\\/www.maresmefilmfestival.com\\\/es\\\/\"},{\"@type\":\"ListItem\",\"position\":2,\"name\":\"Sandra S\u00e1nchez\"}]},{\"@type\":\"WebSite\",\"@id\":\"https:\\\/\\\/www.maresmefilmfestival.com\\\/es\\\/#website\",\"url\":\"https:\\\/\\\/www.maresmefilmfestival.com\\\/es\\\/\",\"name\":\"Calella Film Festival\",\"description\":\"Festival de Cinema\",\"potentialAction\":[{\"@type\":\"SearchAction\",\"target\":{\"@type\":\"EntryPoint\",\"urlTemplate\":\"https:\\\/\\\/www.maresmefilmfestival.com\\\/es\\\/?s={search_term_string}\"},\"query-input\":{\"@type\":\"PropertyValueSpecification\",\"valueRequired\":true,\"valueName\":\"search_term_string\"}}],\"inLanguage\":\"es\"}]}<\/script>\n<!-- \/ Yoast SEO plugin. -->","yoast_head_json":{"title":"Sandra S\u00e1nchez - Calella Film Festival","robots":{"index":"index","follow":"follow","max-snippet":"max-snippet:-1","max-image-preview":"max-image-preview:large","max-video-preview":"max-video-preview:-1"},"canonical":"https:\/\/www.maresmefilmfestival.com\/es\/sandra-sanchez\/","og_locale":"es_ES","og_type":"article","og_title":"Sandra S\u00e1nchez - Calella Film Festival","og_description":"[vc_row][vc_column][vc_column_text] [\/vc_column_text][\/vc_column][\/vc_row][vc_row][\/vc_row][vc_column][\/vc_column][vc_column_text] [\/vc_column_text][vc_single_image image=\u00bb2587&#8243; img_size=\u00bbfull\u00bb][vc_column_text] Sandra S\u00e1nchez Directora de casting Trabaja en el mundo del casting, para cine y televisi\u00f3n, desde mediados de los a\u00f1os 70, en que comenz\u00f3 como [&hellip;]","og_url":"https:\/\/www.maresmefilmfestival.com\/es\/sandra-sanchez\/","og_site_name":"Calella Film Festival","article_publisher":"https:\/\/www.facebook.com\/Festival-de-Cinema-de-Calella-536425489872034\/?ref=hl","twitter_card":"summary_large_image","twitter_site":"@CalellaFilmFest","twitter_misc":{"Tiempo de lectura":"1 minuto"},"schema":{"@context":"https:\/\/schema.org","@graph":[{"@type":"WebPage","@id":"https:\/\/www.maresmefilmfestival.com\/es\/sandra-sanchez\/","url":"https:\/\/www.maresmefilmfestival.com\/es\/sandra-sanchez\/","name":"Sandra S\u00e1nchez - Calella Film Festival","isPartOf":{"@id":"https:\/\/www.maresmefilmfestival.com\/es\/#website"},"datePublished":"2017-04-07T07:56:38+00:00","breadcrumb":{"@id":"https:\/\/www.maresmefilmfestival.com\/es\/sandra-sanchez\/#breadcrumb"},"inLanguage":"es","potentialAction":[{"@type":"ReadAction","target":["https:\/\/www.maresmefilmfestival.com\/es\/sandra-sanchez\/"]}]},{"@type":"BreadcrumbList","@id":"https:\/\/www.maresmefilmfestival.com\/es\/sandra-sanchez\/#breadcrumb","itemListElement":[{"@type":"ListItem","position":1,"name":"Portada","item":"https:\/\/www.maresmefilmfestival.com\/es\/"},{"@type":"ListItem","position":2,"name":"Sandra S\u00e1nchez"}]},{"@type":"WebSite","@id":"https:\/\/www.maresmefilmfestival.com\/es\/#website","url":"https:\/\/www.maresmefilmfestival.com\/es\/","name":"Calella Film Festival","description":"Festival de Cinema","potentialAction":[{"@type":"SearchAction","target":{"@type":"EntryPoint","urlTemplate":"https:\/\/www.maresmefilmfestival.com\/es\/?s={search_term_string}"},"query-input":{"@type":"PropertyValueSpecification","valueRequired":true,"valueName":"search_term_string"}}],"inLanguage":"es"}]}},"_links":{"self":[{"href":"https:\/\/www.maresmefilmfestival.com\/es\/wp-json\/wp\/v2\/pages\/2657","targetHints":{"allow":["GET"]}}],"collection":[{"href":"https:\/\/www.maresmefilmfestival.com\/es\/wp-json\/wp\/v2\/pages"}],"about":[{"href":"https:\/\/www.maresmefilmfestival.com\/es\/wp-json\/wp\/v2\/types\/page"}],"author":[{"embeddable":true,"href":"https:\/\/www.maresmefilmfestival.com\/es\/wp-json\/wp\/v2\/users\/1"}],"replies":[{"embeddable":true,"href":"https:\/\/www.maresmefilmfestival.com\/es\/wp-json\/wp\/v2\/comments?post=2657"}],"version-history":[{"count":0,"href":"https:\/\/www.maresmefilmfestival.com\/es\/wp-json\/wp\/v2\/pages\/2657\/revisions"}],"wp:attachment":[{"href":"https:\/\/www.maresmefilmfestival.com\/es\/wp-json\/wp\/v2\/media?parent=2657"}],"curies":[{"name":"wp","href":"https:\/\/api.w.org\/{rel}","templated":true}]}}