{"id":2651,"date":"2017-04-06T12:06:58","date_gmt":"2017-04-06T11:06:58","guid":{"rendered":"http:\/\/www.maresmefilmfestival.com\/?page_id=2651\/"},"modified":"2017-04-06T12:46:13","modified_gmt":"2017-04-06T11:46:13","slug":"rosa-estevez","status":"publish","type":"page","link":"https:\/\/www.maresmefilmfestival.com\/es\/rosa-estevez\/","title":{"rendered":"Rosa Est\u00e9vez"},"content":{"rendered":"<div class=\"wpb-content-wrapper\"><p>[vc_row][vc_column][vc_column_text]<\/p>\n<p style=\"text-align: left;\">[\/vc_column_text][\/vc_column][\/vc_row][vc_row][\/vc_row][vc_column][\/vc_column][vc_column_text]<\/p>\n<p>[\/vc_column_text][vc_single_image image=\u00bb2585&#8243; img_size=\u00bbfull\u00bb][vc_column_text]<\/p>\n<h3 style=\"text-align: justify;\"><strong><span style=\"color: #d3ab1d;\">Rosa Est\u00e9vez<\/span><\/strong><\/h3>\n<p style=\"text-align: JUSTIFY;\"><strong>Directora de casting<\/strong><\/p>\n<p style=\"text-align: justify;\">Rosa Est\u00e9vez lleva mas de 17 a\u00f1os como directora de castings en cine y televisi\u00f3n responsable del reparto de pel\u00edculas como la gran ganadora de los Goya <em>\u201cBlancanieves\u201d<\/em>, <em>\u201c23 F, la pel\u00edcula\u201d<\/em>, <em>\u201cInvasor\u201c<\/em>, <em>\u00abLa voz dormida\u00bb<\/em> o <em>\u201cMortadelo y Filem\u00f3n\u201d<\/em>. De series de televisi\u00f3n como <em>\u00abManos a la obra\u00bb<\/em>, <em>\u201cLos misterios de Laura\u201d<\/em>, <em>\u201cF\u00edsica y Qu\u00edmica\u201d<\/em>, <em>\u201cAcusados\u201d<\/em> y miniseries como <em>\u201cMi gitana\u201d<\/em>, <em>\u201cLa duquesa\u00bb<\/em>, <em>\u201cAdolfo Suarez\u201d<\/em> y <em>\u201cPaquirri\u00bb<\/em> entre otras.<\/p>\n<h4 style=\"text-align: justify;\"><strong><span style=\"color: #d3ab1d;\">Cine<\/span><\/strong><\/h4>\n<p>Como directora de casting:<br \/>\n<strong>ES POR TU BIEN<\/strong>.2017<br \/>\n<strong>CIEN A\u00d1OS DE PERD\u00d3N<\/strong>.2016<br \/>\n<strong>LAS OVEJAS NO PIERDEN EL TREN<\/strong>.2014<br \/>\n<strong>ALACR\u00c1N ENAMORADO<\/strong>.2013<br \/>\n<strong>LOS \u00daLTIMOS D\u00cdAS<\/strong>. 2013<br \/>\n<strong>INVASOR<\/strong>. 2012<br \/>\n<strong>BLANCANIEVES<\/strong>. 2012<\/p>\n<h4 style=\"text-align: justify;\"><strong><span style=\"color: #d3ab1d;\">Televisi\u00f3n<\/span><\/strong><\/h4>\n<p><strong>EL PR\u00cdNCIPE<\/strong> (TV Series) (31 episodios).2014-2016<br \/>\n<strong>AQU\u00cd PAZ Y DESPU\u00c9S GLORIAS<\/strong> (8 episodios). 2015<br \/>\n<strong>LOS MISTERIOS DE LAURA<\/strong> (32 episodios).2009-2014<br \/>\n<strong>LAS AVENTURAS DEL CAPIT\u00c1N ALATRISTE<\/strong> (13 episodios).2013<br \/>\n<strong>F\u00cdSICA O QU\u00cdMICA<\/strong> (76 episodios).2008-2011<br \/>\n<strong>ACUSADOS<\/strong> (26 episodios).2009-2010<\/p>\n<h4 style=\"text-align: justify;\"><strong><span style=\"color: #d3ab1d;\">Teatro<\/span><\/strong><\/h4>\n<p><strong>BAJO TERAPIA<\/strong><\/p>\n<p>[\/vc_column_text]<\/p>\n<\/div>","protected":false},"excerpt":{"rendered":"<p>[vc_row][vc_column][vc_column_text] [\/vc_column_text][\/vc_column][\/vc_row][vc_row][\/vc_row][vc_column][\/vc_column][vc_column_text] [\/vc_column_text][vc_single_image image=\u00bb2585&#8243; img_size=\u00bbfull\u00bb][vc_column_text] Rosa Est\u00e9vez Directora de casting Rosa Est\u00e9vez lleva mas de 17 a\u00f1os como directora de castings en cine y televisi\u00f3n responsable del reparto de pel\u00edculas [&hellip;]<\/p>\n","protected":false},"author":1,"featured_media":0,"parent":0,"menu_order":0,"comment_status":"closed","ping_status":"closed","template":"","meta":{"footnotes":""},"class_list":["post-2651","page","type-page","status-publish","hentry"],"yoast_head":"<!-- This site is optimized with the Yoast SEO plugin v27.4 - https:\/\/yoast.com\/product\/yoast-seo-wordpress\/ -->\n<title>Rosa Est\u00e9vez - Calella Film Festival<\/title>\n<meta name=\"robots\" content=\"index, follow, max-snippet:-1, max-image-preview:large, max-video-preview:-1\" \/>\n<link rel=\"canonical\" href=\"https:\/\/www.maresmefilmfestival.com\/es\/rosa-estevez\/\" \/>\n<meta property=\"og:locale\" content=\"es_ES\" \/>\n<meta property=\"og:type\" content=\"article\" \/>\n<meta property=\"og:title\" content=\"Rosa Est\u00e9vez - Calella Film Festival\" \/>\n<meta property=\"og:description\" content=\"[vc_row][vc_column][vc_column_text] [\/vc_column_text][\/vc_column][\/vc_row][vc_row][\/vc_row][vc_column][\/vc_column][vc_column_text] [\/vc_column_text][vc_single_image image=\u00bb2585&#8243; img_size=\u00bbfull\u00bb][vc_column_text] Rosa Est\u00e9vez Directora de casting Rosa Est\u00e9vez lleva mas de 17 a\u00f1os como directora de castings en cine y televisi\u00f3n responsable del reparto de pel\u00edculas [&hellip;]\" \/>\n<meta property=\"og:url\" content=\"https:\/\/www.maresmefilmfestival.com\/es\/rosa-estevez\/\" \/>\n<meta property=\"og:site_name\" content=\"Calella Film Festival\" \/>\n<meta property=\"article:publisher\" content=\"https:\/\/www.facebook.com\/Festival-de-Cinema-de-Calella-536425489872034\/?ref=hl\" \/>\n<meta property=\"article:modified_time\" content=\"2017-04-06T11:46:13+00:00\" \/>\n<meta name=\"twitter:card\" content=\"summary_large_image\" \/>\n<meta name=\"twitter:site\" content=\"@CalellaFilmFest\" \/>\n<meta name=\"twitter:label1\" content=\"Tiempo de lectura\" \/>\n\t<meta name=\"twitter:data1\" content=\"1 minuto\" \/>\n<script type=\"application\/ld+json\" class=\"yoast-schema-graph\">{\"@context\":\"https:\\\/\\\/schema.org\",\"@graph\":[{\"@type\":\"WebPage\",\"@id\":\"https:\\\/\\\/www.maresmefilmfestival.com\\\/es\\\/rosa-estevez\\\/\",\"url\":\"https:\\\/\\\/www.maresmefilmfestival.com\\\/es\\\/rosa-estevez\\\/\",\"name\":\"Rosa Est\u00e9vez - Calella Film Festival\",\"isPartOf\":{\"@id\":\"https:\\\/\\\/www.maresmefilmfestival.com\\\/es\\\/#website\"},\"datePublished\":\"2017-04-06T11:06:58+00:00\",\"dateModified\":\"2017-04-06T11:46:13+00:00\",\"breadcrumb\":{\"@id\":\"https:\\\/\\\/www.maresmefilmfestival.com\\\/es\\\/rosa-estevez\\\/#breadcrumb\"},\"inLanguage\":\"es\",\"potentialAction\":[{\"@type\":\"ReadAction\",\"target\":[\"https:\\\/\\\/www.maresmefilmfestival.com\\\/es\\\/rosa-estevez\\\/\"]}]},{\"@type\":\"BreadcrumbList\",\"@id\":\"https:\\\/\\\/www.maresmefilmfestival.com\\\/es\\\/rosa-estevez\\\/#breadcrumb\",\"itemListElement\":[{\"@type\":\"ListItem\",\"position\":1,\"name\":\"Portada\",\"item\":\"https:\\\/\\\/www.maresmefilmfestival.com\\\/es\\\/\"},{\"@type\":\"ListItem\",\"position\":2,\"name\":\"Rosa Est\u00e9vez\"}]},{\"@type\":\"WebSite\",\"@id\":\"https:\\\/\\\/www.maresmefilmfestival.com\\\/es\\\/#website\",\"url\":\"https:\\\/\\\/www.maresmefilmfestival.com\\\/es\\\/\",\"name\":\"Calella Film Festival\",\"description\":\"Festival de Cinema\",\"potentialAction\":[{\"@type\":\"SearchAction\",\"target\":{\"@type\":\"EntryPoint\",\"urlTemplate\":\"https:\\\/\\\/www.maresmefilmfestival.com\\\/es\\\/?s={search_term_string}\"},\"query-input\":{\"@type\":\"PropertyValueSpecification\",\"valueRequired\":true,\"valueName\":\"search_term_string\"}}],\"inLanguage\":\"es\"}]}<\/script>\n<!-- \/ Yoast SEO plugin. -->","yoast_head_json":{"title":"Rosa Est\u00e9vez - Calella Film Festival","robots":{"index":"index","follow":"follow","max-snippet":"max-snippet:-1","max-image-preview":"max-image-preview:large","max-video-preview":"max-video-preview:-1"},"canonical":"https:\/\/www.maresmefilmfestival.com\/es\/rosa-estevez\/","og_locale":"es_ES","og_type":"article","og_title":"Rosa Est\u00e9vez - Calella Film Festival","og_description":"[vc_row][vc_column][vc_column_text] [\/vc_column_text][\/vc_column][\/vc_row][vc_row][\/vc_row][vc_column][\/vc_column][vc_column_text] [\/vc_column_text][vc_single_image image=\u00bb2585&#8243; img_size=\u00bbfull\u00bb][vc_column_text] Rosa Est\u00e9vez Directora de casting Rosa Est\u00e9vez lleva mas de 17 a\u00f1os como directora de castings en cine y televisi\u00f3n responsable del reparto de pel\u00edculas [&hellip;]","og_url":"https:\/\/www.maresmefilmfestival.com\/es\/rosa-estevez\/","og_site_name":"Calella Film Festival","article_publisher":"https:\/\/www.facebook.com\/Festival-de-Cinema-de-Calella-536425489872034\/?ref=hl","article_modified_time":"2017-04-06T11:46:13+00:00","twitter_card":"summary_large_image","twitter_site":"@CalellaFilmFest","twitter_misc":{"Tiempo de lectura":"1 minuto"},"schema":{"@context":"https:\/\/schema.org","@graph":[{"@type":"WebPage","@id":"https:\/\/www.maresmefilmfestival.com\/es\/rosa-estevez\/","url":"https:\/\/www.maresmefilmfestival.com\/es\/rosa-estevez\/","name":"Rosa Est\u00e9vez - Calella Film Festival","isPartOf":{"@id":"https:\/\/www.maresmefilmfestival.com\/es\/#website"},"datePublished":"2017-04-06T11:06:58+00:00","dateModified":"2017-04-06T11:46:13+00:00","breadcrumb":{"@id":"https:\/\/www.maresmefilmfestival.com\/es\/rosa-estevez\/#breadcrumb"},"inLanguage":"es","potentialAction":[{"@type":"ReadAction","target":["https:\/\/www.maresmefilmfestival.com\/es\/rosa-estevez\/"]}]},{"@type":"BreadcrumbList","@id":"https:\/\/www.maresmefilmfestival.com\/es\/rosa-estevez\/#breadcrumb","itemListElement":[{"@type":"ListItem","position":1,"name":"Portada","item":"https:\/\/www.maresmefilmfestival.com\/es\/"},{"@type":"ListItem","position":2,"name":"Rosa Est\u00e9vez"}]},{"@type":"WebSite","@id":"https:\/\/www.maresmefilmfestival.com\/es\/#website","url":"https:\/\/www.maresmefilmfestival.com\/es\/","name":"Calella Film Festival","description":"Festival de Cinema","potentialAction":[{"@type":"SearchAction","target":{"@type":"EntryPoint","urlTemplate":"https:\/\/www.maresmefilmfestival.com\/es\/?s={search_term_string}"},"query-input":{"@type":"PropertyValueSpecification","valueRequired":true,"valueName":"search_term_string"}}],"inLanguage":"es"}]}},"_links":{"self":[{"href":"https:\/\/www.maresmefilmfestival.com\/es\/wp-json\/wp\/v2\/pages\/2651","targetHints":{"allow":["GET"]}}],"collection":[{"href":"https:\/\/www.maresmefilmfestival.com\/es\/wp-json\/wp\/v2\/pages"}],"about":[{"href":"https:\/\/www.maresmefilmfestival.com\/es\/wp-json\/wp\/v2\/types\/page"}],"author":[{"embeddable":true,"href":"https:\/\/www.maresmefilmfestival.com\/es\/wp-json\/wp\/v2\/users\/1"}],"replies":[{"embeddable":true,"href":"https:\/\/www.maresmefilmfestival.com\/es\/wp-json\/wp\/v2\/comments?post=2651"}],"version-history":[{"count":0,"href":"https:\/\/www.maresmefilmfestival.com\/es\/wp-json\/wp\/v2\/pages\/2651\/revisions"}],"wp:attachment":[{"href":"https:\/\/www.maresmefilmfestival.com\/es\/wp-json\/wp\/v2\/media?parent=2651"}],"curies":[{"name":"wp","href":"https:\/\/api.w.org\/{rel}","templated":true}]}}