{"id":2619,"date":"2017-04-06T10:30:35","date_gmt":"2017-04-06T09:30:35","guid":{"rendered":"http:\/\/www.maresmefilmfestival.com\/?page_id=2619\/"},"modified":"2017-04-06T11:41:11","modified_gmt":"2017-04-06T10:41:11","slug":"josep-amoros","status":"publish","type":"page","link":"https:\/\/www.maresmefilmfestival.com\/es\/el-festival\/jurado\/josep-amoros\/","title":{"rendered":"Josep Amor\u00f3s"},"content":{"rendered":"<div class=\"wpb-content-wrapper\"><p style=\"text-align: left;\">[vc_row][\/vc_row][vc_column][\/vc_column][vc_column_text]<\/p>\n<p>[\/vc_column_text][vc_single_image image=\u00bb2583&#8243; img_size=\u00bbfull\u00bb][vc_column_text]<\/p>\n<h3 style=\"text-align: justify;\"><strong><span style=\"color: #d3ab1d;\">Josep Amor\u00f3s<\/span><\/strong><\/h3>\n<p style=\"text-align: JUSTIFY;\"><strong>PRODUCTOR \/ PRODUCTION MANAGER<\/strong><br \/>\nInicia su actividad en el campo del audiovisual en el a\u00f1o 1991 en diferentes empresas del sector, crean la productora A&#038;A. En el a\u00f1o 1995 inicia su carrera como Director de Producci\u00f3n que lo llevar\u00e1 a colaborar en m\u00e1s de 30 largometrajes para cine, y diferentes producciones de documentales, spots de publicidad, v\u00eddeo clips, programas y series de televisi\u00f3n. En el 2003 crea la productora Beat Producci\u00f3 y inicia su carrera de Productor, coproduciendo las pel\u00edculas <em>\u00abCosta Brava\u00bb<\/em> y <em>\u00abS\u00e9vign\u00e9\u00bb<\/em> y produciendo el Documental <em>\u00abCherif\u00bb<\/em>. <\/p>\n<p>Es miembro de la Asociaci\u00f3n de Directores de Producci\u00f3n Espa\u00f1ola, de la Academia de la Artes Cinematogr\u00e1ficas Espa\u00f1olas y del Colegio del Audiovisual Catal\u00e0.<\/p>\n<h4 style=\"text-align: justify;\"><strong><span style=\"color: #d3ab1d;\">Cine<\/span><\/strong><\/h4>\n<p><strong>LAS LEYES DE LA TERMODIN\u00c1MICA<\/strong> (production manager).2017<br \/>\n<strong>EL AVISO<\/strong> (unitproduction manager).2016<br \/>\n<strong>NO CULPES AL KARMA DE LO QUE TE PASA POR GILIPOLLAS<\/strong>.2016<br \/>\n<strong>NERUDA<\/strong> (production manager: Spain).2015<br \/>\n<strong>EL REY DE LA HABANA<\/strong> (production manager).2015<br \/>\n<strong>ANACLETO: AGENTE SECRETO<\/strong> (production manager). 2015<br \/>\n<strong>RASTROS DE S\u00c1NDALO<\/strong> (production manager).2014\/I<br \/>\n<strong>ISMAEL<\/strong> (production manager). 2013<br \/>\n<strong>COMBUSTI\u00d3N<\/strong> (production manager). 2013<br \/>\n<strong>LOS \u00daLTIMOS D\u00cdAS<\/strong> (production manager).2012<br \/>\n<strong>BLANCANIEVES<\/strong> (production manager).2012<br \/>\n<strong>DICTADO<\/strong> (production manager).2011<br \/>\n<strong>TRES METROS SOBRE EL CIELO<\/strong> (production manager).2010<br \/>\n<strong>LA MOSQUITERA<\/strong> (production manager).2009<br \/>\n<strong>TAPAS<\/strong> (production manager).2004<br \/>\n<strong>EL MAQUINISTA<\/strong> (production manager).2003<\/p>\n<\/div>","protected":false},"excerpt":{"rendered":"<p>[vc_row][\/vc_row][vc_column][\/vc_column][vc_column_text] [\/vc_column_text][vc_single_image image=\u00bb2583&#8243; img_size=\u00bbfull\u00bb][vc_column_text] Josep Amor\u00f3s PRODUCTOR \/ PRODUCTION MANAGER Inicia su actividad en el campo del audiovisual en el a\u00f1o 1991 en diferentes empresas del sector, crean la productora [&hellip;]<\/p>\n","protected":false},"author":1,"featured_media":0,"parent":1044,"menu_order":0,"comment_status":"closed","ping_status":"closed","template":"","meta":{"footnotes":""},"class_list":["post-2619","page","type-page","status-publish","hentry"],"yoast_head":"<!-- This site is optimized with the Yoast SEO plugin v27.4 - https:\/\/yoast.com\/product\/yoast-seo-wordpress\/ -->\n<title>Josep Amor\u00f3s - Calella Film Festival<\/title>\n<meta name=\"robots\" content=\"index, follow, max-snippet:-1, max-image-preview:large, max-video-preview:-1\" \/>\n<link rel=\"canonical\" href=\"https:\/\/www.maresmefilmfestival.com\/es\/el-festival\/jurado\/josep-amoros\/\" \/>\n<meta property=\"og:locale\" content=\"es_ES\" \/>\n<meta property=\"og:type\" content=\"article\" \/>\n<meta property=\"og:title\" content=\"Josep Amor\u00f3s - Calella Film Festival\" \/>\n<meta property=\"og:description\" content=\"[vc_row][\/vc_row][vc_column][\/vc_column][vc_column_text] [\/vc_column_text][vc_single_image image=\u00bb2583&#8243; img_size=\u00bbfull\u00bb][vc_column_text] Josep Amor\u00f3s PRODUCTOR \/ PRODUCTION MANAGER Inicia su actividad en el campo del audiovisual en el a\u00f1o 1991 en diferentes empresas del sector, crean la productora [&hellip;]\" \/>\n<meta property=\"og:url\" content=\"https:\/\/www.maresmefilmfestival.com\/es\/el-festival\/jurado\/josep-amoros\/\" \/>\n<meta property=\"og:site_name\" content=\"Calella Film Festival\" \/>\n<meta property=\"article:publisher\" content=\"https:\/\/www.facebook.com\/Festival-de-Cinema-de-Calella-536425489872034\/?ref=hl\" \/>\n<meta property=\"article:modified_time\" content=\"2017-04-06T10:41:11+00:00\" \/>\n<meta name=\"twitter:card\" content=\"summary_large_image\" \/>\n<meta name=\"twitter:site\" content=\"@CalellaFilmFest\" \/>\n<meta name=\"twitter:label1\" content=\"Tiempo de lectura\" \/>\n\t<meta name=\"twitter:data1\" content=\"1 minuto\" \/>\n<script type=\"application\/ld+json\" class=\"yoast-schema-graph\">{\"@context\":\"https:\\\/\\\/schema.org\",\"@graph\":[{\"@type\":\"WebPage\",\"@id\":\"https:\\\/\\\/www.maresmefilmfestival.com\\\/es\\\/el-festival\\\/jurado\\\/josep-amoros\\\/\",\"url\":\"https:\\\/\\\/www.maresmefilmfestival.com\\\/es\\\/el-festival\\\/jurado\\\/josep-amoros\\\/\",\"name\":\"Josep Amor\u00f3s - Calella Film Festival\",\"isPartOf\":{\"@id\":\"https:\\\/\\\/www.maresmefilmfestival.com\\\/es\\\/#website\"},\"datePublished\":\"2017-04-06T09:30:35+00:00\",\"dateModified\":\"2017-04-06T10:41:11+00:00\",\"breadcrumb\":{\"@id\":\"https:\\\/\\\/www.maresmefilmfestival.com\\\/es\\\/el-festival\\\/jurado\\\/josep-amoros\\\/#breadcrumb\"},\"inLanguage\":\"es\",\"potentialAction\":[{\"@type\":\"ReadAction\",\"target\":[\"https:\\\/\\\/www.maresmefilmfestival.com\\\/es\\\/el-festival\\\/jurado\\\/josep-amoros\\\/\"]}]},{\"@type\":\"BreadcrumbList\",\"@id\":\"https:\\\/\\\/www.maresmefilmfestival.com\\\/es\\\/el-festival\\\/jurado\\\/josep-amoros\\\/#breadcrumb\",\"itemListElement\":[{\"@type\":\"ListItem\",\"position\":1,\"name\":\"Portada\",\"item\":\"https:\\\/\\\/www.maresmefilmfestival.com\\\/es\\\/\"},{\"@type\":\"ListItem\",\"position\":2,\"name\":\"EL FESTIVAL\",\"item\":\"https:\\\/\\\/www.maresmefilmfestival.com\\\/es\\\/el-festival\\\/\"},{\"@type\":\"ListItem\",\"position\":3,\"name\":\"JURADO\",\"item\":\"https:\\\/\\\/www.maresmefilmfestival.com\\\/es\\\/el-festival\\\/jurado\\\/\"},{\"@type\":\"ListItem\",\"position\":4,\"name\":\"Josep Amor\u00f3s\"}]},{\"@type\":\"WebSite\",\"@id\":\"https:\\\/\\\/www.maresmefilmfestival.com\\\/es\\\/#website\",\"url\":\"https:\\\/\\\/www.maresmefilmfestival.com\\\/es\\\/\",\"name\":\"Calella Film Festival\",\"description\":\"Festival de Cinema\",\"potentialAction\":[{\"@type\":\"SearchAction\",\"target\":{\"@type\":\"EntryPoint\",\"urlTemplate\":\"https:\\\/\\\/www.maresmefilmfestival.com\\\/es\\\/?s={search_term_string}\"},\"query-input\":{\"@type\":\"PropertyValueSpecification\",\"valueRequired\":true,\"valueName\":\"search_term_string\"}}],\"inLanguage\":\"es\"}]}<\/script>\n<!-- \/ Yoast SEO plugin. -->","yoast_head_json":{"title":"Josep Amor\u00f3s - Calella Film Festival","robots":{"index":"index","follow":"follow","max-snippet":"max-snippet:-1","max-image-preview":"max-image-preview:large","max-video-preview":"max-video-preview:-1"},"canonical":"https:\/\/www.maresmefilmfestival.com\/es\/el-festival\/jurado\/josep-amoros\/","og_locale":"es_ES","og_type":"article","og_title":"Josep Amor\u00f3s - Calella Film Festival","og_description":"[vc_row][\/vc_row][vc_column][\/vc_column][vc_column_text] [\/vc_column_text][vc_single_image image=\u00bb2583&#8243; img_size=\u00bbfull\u00bb][vc_column_text] Josep Amor\u00f3s PRODUCTOR \/ PRODUCTION MANAGER Inicia su actividad en el campo del audiovisual en el a\u00f1o 1991 en diferentes empresas del sector, crean la productora [&hellip;]","og_url":"https:\/\/www.maresmefilmfestival.com\/es\/el-festival\/jurado\/josep-amoros\/","og_site_name":"Calella Film Festival","article_publisher":"https:\/\/www.facebook.com\/Festival-de-Cinema-de-Calella-536425489872034\/?ref=hl","article_modified_time":"2017-04-06T10:41:11+00:00","twitter_card":"summary_large_image","twitter_site":"@CalellaFilmFest","twitter_misc":{"Tiempo de lectura":"1 minuto"},"schema":{"@context":"https:\/\/schema.org","@graph":[{"@type":"WebPage","@id":"https:\/\/www.maresmefilmfestival.com\/es\/el-festival\/jurado\/josep-amoros\/","url":"https:\/\/www.maresmefilmfestival.com\/es\/el-festival\/jurado\/josep-amoros\/","name":"Josep Amor\u00f3s - Calella Film Festival","isPartOf":{"@id":"https:\/\/www.maresmefilmfestival.com\/es\/#website"},"datePublished":"2017-04-06T09:30:35+00:00","dateModified":"2017-04-06T10:41:11+00:00","breadcrumb":{"@id":"https:\/\/www.maresmefilmfestival.com\/es\/el-festival\/jurado\/josep-amoros\/#breadcrumb"},"inLanguage":"es","potentialAction":[{"@type":"ReadAction","target":["https:\/\/www.maresmefilmfestival.com\/es\/el-festival\/jurado\/josep-amoros\/"]}]},{"@type":"BreadcrumbList","@id":"https:\/\/www.maresmefilmfestival.com\/es\/el-festival\/jurado\/josep-amoros\/#breadcrumb","itemListElement":[{"@type":"ListItem","position":1,"name":"Portada","item":"https:\/\/www.maresmefilmfestival.com\/es\/"},{"@type":"ListItem","position":2,"name":"EL FESTIVAL","item":"https:\/\/www.maresmefilmfestival.com\/es\/el-festival\/"},{"@type":"ListItem","position":3,"name":"JURADO","item":"https:\/\/www.maresmefilmfestival.com\/es\/el-festival\/jurado\/"},{"@type":"ListItem","position":4,"name":"Josep Amor\u00f3s"}]},{"@type":"WebSite","@id":"https:\/\/www.maresmefilmfestival.com\/es\/#website","url":"https:\/\/www.maresmefilmfestival.com\/es\/","name":"Calella Film Festival","description":"Festival de Cinema","potentialAction":[{"@type":"SearchAction","target":{"@type":"EntryPoint","urlTemplate":"https:\/\/www.maresmefilmfestival.com\/es\/?s={search_term_string}"},"query-input":{"@type":"PropertyValueSpecification","valueRequired":true,"valueName":"search_term_string"}}],"inLanguage":"es"}]}},"_links":{"self":[{"href":"https:\/\/www.maresmefilmfestival.com\/es\/wp-json\/wp\/v2\/pages\/2619","targetHints":{"allow":["GET"]}}],"collection":[{"href":"https:\/\/www.maresmefilmfestival.com\/es\/wp-json\/wp\/v2\/pages"}],"about":[{"href":"https:\/\/www.maresmefilmfestival.com\/es\/wp-json\/wp\/v2\/types\/page"}],"author":[{"embeddable":true,"href":"https:\/\/www.maresmefilmfestival.com\/es\/wp-json\/wp\/v2\/users\/1"}],"replies":[{"embeddable":true,"href":"https:\/\/www.maresmefilmfestival.com\/es\/wp-json\/wp\/v2\/comments?post=2619"}],"version-history":[{"count":0,"href":"https:\/\/www.maresmefilmfestival.com\/es\/wp-json\/wp\/v2\/pages\/2619\/revisions"}],"up":[{"embeddable":true,"href":"https:\/\/www.maresmefilmfestival.com\/es\/wp-json\/wp\/v2\/pages\/1044"}],"wp:attachment":[{"href":"https:\/\/www.maresmefilmfestival.com\/es\/wp-json\/wp\/v2\/media?parent=2619"}],"curies":[{"name":"wp","href":"https:\/\/api.w.org\/{rel}","templated":true}]}}