{"id":2607,"date":"2017-04-06T08:53:30","date_gmt":"2017-04-06T07:53:30","guid":{"rendered":"http:\/\/www.maresmefilmfestival.com\/?page_id=2607\/"},"modified":"2017-04-06T11:34:52","modified_gmt":"2017-04-06T10:34:52","slug":"antonio-molero","status":"publish","type":"page","link":"https:\/\/www.maresmefilmfestival.com\/es\/el-festival\/jurado\/antonio-molero\/","title":{"rendered":"Antonio Molero"},"content":{"rendered":"<div class=\"wpb-content-wrapper\"><p>[vc_row][vc_column][vc_column_text]<br \/>\n[\/vc_column_text][vc_single_image image=\u00bb2575&#8243; img_size=\u00bbfull\u00bb][vc_column_text]<\/p>\n<h3 style=\"text-align: justify;\"><strong><span style=\"color: #d3ab1d;\">Antonio Molero<\/span><\/strong><\/h3>\n<p style=\"text-align: justify;\"><strong>Actor polifac\u00e9tico<\/strong> que ha trabajado en todas las ramas de la interpretaci\u00f3n: cine, teatro y televisi\u00f3n.<\/p>\n<p style=\"text-align: justify;\">Su primer trabajo en la televisi\u00f3n fue en el a\u00f1o 1995, al ser contratado para formar parte del elenco de actores de la serie \u201cM\u00e9dico de familia\u201d. La serie fue todo un \u00e9xito, en el a\u00f1o 2003 empieza a trabajar otra serie con un alto \u00edndice de audiencia. \u201cLos Serrano\u201d, en el papel de Fructuoso Mart\u00ednez, el Fiti.<\/p>\n<p style=\"text-align: justify;\">Tambi\u00e9n ha trabajado a las \u00f3rdenes de Ver\u00f3nica Forqu\u00e9 en \u201cLa tentaci\u00f3n vive arriba\u201d, \u201cDon Juan Tenorio\u201d y \u201cExtra\u00f1os\u201d de Josep Mar\u00eda Pou. En su filmograf\u00eda constan t\u00edtulos como \u201cEl conductor\u201d, \u201cSe buscan fulmontis\u201d, \u201cEl mundo alrededor\u201d, \u201cUn buen d\u00eda lo tiene cualquiera\u201d, \u201cGente de mala calidad\u201d o \u201c\u00c1guila Roja: la Pel\u00edcula\u201d.<\/p>\n<h4 style=\"text-align: justify;\"><strong><span style=\"color: #d3ab1d;\">Cine<\/span><\/strong><\/h4>\n<p class=\"p1\"><strong>AKEMARROPA- <\/strong>2016<strong><br \/>\n\u00c1GUILA ROJA, LA PEL\u00cdCULA- <\/strong>2011<strong><br \/>\nLA DAGA DE RASPUT\u00cdN- <\/strong>2011<strong><br \/>\nGENTE DE MALA CALIDAD- <\/strong>2008<strong><br \/>\nSE BUSCAN FULMONTIS-<\/strong>1999<\/p>\n<h4 style=\"text-align: justify;\"><strong><span style=\"color: #d3ab1d;\">Televisi\u00f3n<\/span><\/strong><\/h4>\n<p><strong>AQU\u00cd PAZ Y DESPU\u00c9S GLORIA<\/strong>&#8211; 2015<br \/>\n<strong>FR\u00c1GINLES<\/strong>&#8211; 2013<br \/>\n<strong>BUENAGENTE<\/strong>&#8211; 2011<br \/>\n<strong>\u00c1GUILA ROJA<\/strong>&#8211;\u00a02011<br \/>\n<strong>LOS SERRANO<\/strong>, 2003-2008<br \/>\n<strong>HOSPITAL CENTRAL<\/strong>&#8211; 2003<br \/>\n<strong>M\u00c9DICO DE FAMILIA<\/strong>,\u00a01995-1999<\/p>\n<h4 style=\"text-align: justify;\"><strong><span style=\"color: #d3ab1d;\">Teatro<\/span><\/strong><\/h4>\n<p><strong>EL TEST<\/strong>. Dir:Jordi Vallejo. 2016<br \/>\n<strong>EL NOMBRE<\/strong>. Dir: Gabriel Olivares. 2014<br \/>\n<strong>EL CHICO DE LA TUMBA DE AL LADO<\/strong>. Dir: Josep Mar\u00eda Pou. 2012<br \/>\n<strong>EXTRA\u00d1OS<\/strong>. Dir: Francisco Ortu\u00f1o<br \/>\n<strong>DON JUAN TENORIO<\/strong>. Dir: Francisco Ortu\u00f1o<br \/>\n<strong>CARICIAS<\/strong>. Dir: Emilio Hern\u00e1ndez<br \/>\n<strong>CORRE<\/strong>. Dir: Francisco Ortu\u00f1o<br \/>\n<strong>DAR TIEMPO AL TIEMPO<\/strong>. Dir: Eduardo Vasco<br \/>\n<strong>CERVANTES<\/strong>. Dir: Josef Sajna<br \/>\n<strong>TIERRA DE NADIE<\/strong>. Dir: Eduardo Vasco<br \/>\n<strong>LA BELLA AURORA<\/strong>. Dir: Eduardo Vasco<br \/>\n<strong>CAMINO DE WOLOKOLAMSK<\/strong>. Dir: Eduardo Vasco<br \/>\n<strong>CORAZ\u00d3N DE CINE<\/strong>. Dir: Ignacio Garc\u00eda May<br \/>\n<strong>LA ISLA<\/strong>. Dir: Natalia Men\u00e9ndez<br \/>\n<strong>EL RETABLILLO DE DON CRIST\u00d3BAL<\/strong>. Dir: Luis Olmo y Amelia Ochandiano<br \/>\n<strong>NO SON TODOS RUISE\u00d1ORES<\/strong>. Dir: Eduardo Vasco<br \/>\n<strong>LA TENTACI\u00d3N VIVE ARRIBA<\/strong>. Dir: Ver\u00f3nica Forqu\u00e9<br \/>\n<strong>UN DIOS SALVAJE<\/strong>. 2008[\/vc_column_text][\/vc_column][\/vc_row]<\/p>\n<\/div>","protected":false},"excerpt":{"rendered":"<p>[vc_row][vc_column][vc_column_text] [\/vc_column_text][vc_single_image image=\u00bb2575&#8243; img_size=\u00bbfull\u00bb][vc_column_text] Antonio Molero Actor polifac\u00e9tico que ha trabajado en todas las ramas de la interpretaci\u00f3n: cine, teatro y televisi\u00f3n. Su primer trabajo en la televisi\u00f3n fue en [&hellip;]<\/p>\n","protected":false},"author":1,"featured_media":0,"parent":1044,"menu_order":0,"comment_status":"closed","ping_status":"closed","template":"","meta":{"footnotes":""},"class_list":["post-2607","page","type-page","status-publish","hentry"],"yoast_head":"<!-- This site is optimized with the Yoast SEO plugin v27.3 - https:\/\/yoast.com\/product\/yoast-seo-wordpress\/ -->\n<title>Antonio Molero - Calella Film Festival<\/title>\n<meta name=\"robots\" content=\"index, follow, max-snippet:-1, max-image-preview:large, max-video-preview:-1\" \/>\n<link rel=\"canonical\" href=\"https:\/\/www.maresmefilmfestival.com\/es\/el-festival\/jurado\/antonio-molero\/\" \/>\n<meta property=\"og:locale\" content=\"es_ES\" \/>\n<meta property=\"og:type\" content=\"article\" \/>\n<meta property=\"og:title\" content=\"Antonio Molero - Calella Film Festival\" \/>\n<meta property=\"og:description\" content=\"[vc_row][vc_column][vc_column_text] [\/vc_column_text][vc_single_image image=\u00bb2575&#8243; img_size=\u00bbfull\u00bb][vc_column_text] Antonio Molero Actor polifac\u00e9tico que ha trabajado en todas las ramas de la interpretaci\u00f3n: cine, teatro y televisi\u00f3n. Su primer trabajo en la televisi\u00f3n fue en [&hellip;]\" \/>\n<meta property=\"og:url\" content=\"https:\/\/www.maresmefilmfestival.com\/es\/el-festival\/jurado\/antonio-molero\/\" \/>\n<meta property=\"og:site_name\" content=\"Calella Film Festival\" \/>\n<meta property=\"article:publisher\" content=\"https:\/\/www.facebook.com\/Festival-de-Cinema-de-Calella-536425489872034\/?ref=hl\" \/>\n<meta property=\"article:modified_time\" content=\"2017-04-06T10:34:52+00:00\" \/>\n<meta name=\"twitter:card\" content=\"summary_large_image\" \/>\n<meta name=\"twitter:site\" content=\"@CalellaFilmFest\" \/>\n<meta name=\"twitter:label1\" content=\"Tiempo de lectura\" \/>\n\t<meta name=\"twitter:data1\" content=\"2 minutos\" \/>\n<script type=\"application\/ld+json\" class=\"yoast-schema-graph\">{\"@context\":\"https:\\\/\\\/schema.org\",\"@graph\":[{\"@type\":\"WebPage\",\"@id\":\"https:\\\/\\\/www.maresmefilmfestival.com\\\/es\\\/el-festival\\\/jurado\\\/antonio-molero\\\/\",\"url\":\"https:\\\/\\\/www.maresmefilmfestival.com\\\/es\\\/el-festival\\\/jurado\\\/antonio-molero\\\/\",\"name\":\"Antonio Molero - Calella Film Festival\",\"isPartOf\":{\"@id\":\"https:\\\/\\\/www.maresmefilmfestival.com\\\/es\\\/#website\"},\"datePublished\":\"2017-04-06T07:53:30+00:00\",\"dateModified\":\"2017-04-06T10:34:52+00:00\",\"breadcrumb\":{\"@id\":\"https:\\\/\\\/www.maresmefilmfestival.com\\\/es\\\/el-festival\\\/jurado\\\/antonio-molero\\\/#breadcrumb\"},\"inLanguage\":\"es\",\"potentialAction\":[{\"@type\":\"ReadAction\",\"target\":[\"https:\\\/\\\/www.maresmefilmfestival.com\\\/es\\\/el-festival\\\/jurado\\\/antonio-molero\\\/\"]}]},{\"@type\":\"BreadcrumbList\",\"@id\":\"https:\\\/\\\/www.maresmefilmfestival.com\\\/es\\\/el-festival\\\/jurado\\\/antonio-molero\\\/#breadcrumb\",\"itemListElement\":[{\"@type\":\"ListItem\",\"position\":1,\"name\":\"Portada\",\"item\":\"https:\\\/\\\/www.maresmefilmfestival.com\\\/es\\\/\"},{\"@type\":\"ListItem\",\"position\":2,\"name\":\"EL FESTIVAL\",\"item\":\"https:\\\/\\\/www.maresmefilmfestival.com\\\/es\\\/el-festival\\\/\"},{\"@type\":\"ListItem\",\"position\":3,\"name\":\"JURADO\",\"item\":\"https:\\\/\\\/www.maresmefilmfestival.com\\\/es\\\/el-festival\\\/jurado\\\/\"},{\"@type\":\"ListItem\",\"position\":4,\"name\":\"Antonio Molero\"}]},{\"@type\":\"WebSite\",\"@id\":\"https:\\\/\\\/www.maresmefilmfestival.com\\\/es\\\/#website\",\"url\":\"https:\\\/\\\/www.maresmefilmfestival.com\\\/es\\\/\",\"name\":\"Calella Film Festival\",\"description\":\"Festival de Cinema\",\"potentialAction\":[{\"@type\":\"SearchAction\",\"target\":{\"@type\":\"EntryPoint\",\"urlTemplate\":\"https:\\\/\\\/www.maresmefilmfestival.com\\\/es\\\/?s={search_term_string}\"},\"query-input\":{\"@type\":\"PropertyValueSpecification\",\"valueRequired\":true,\"valueName\":\"search_term_string\"}}],\"inLanguage\":\"es\"}]}<\/script>\n<!-- \/ Yoast SEO plugin. -->","yoast_head_json":{"title":"Antonio Molero - Calella Film Festival","robots":{"index":"index","follow":"follow","max-snippet":"max-snippet:-1","max-image-preview":"max-image-preview:large","max-video-preview":"max-video-preview:-1"},"canonical":"https:\/\/www.maresmefilmfestival.com\/es\/el-festival\/jurado\/antonio-molero\/","og_locale":"es_ES","og_type":"article","og_title":"Antonio Molero - Calella Film Festival","og_description":"[vc_row][vc_column][vc_column_text] [\/vc_column_text][vc_single_image image=\u00bb2575&#8243; img_size=\u00bbfull\u00bb][vc_column_text] Antonio Molero Actor polifac\u00e9tico que ha trabajado en todas las ramas de la interpretaci\u00f3n: cine, teatro y televisi\u00f3n. Su primer trabajo en la televisi\u00f3n fue en [&hellip;]","og_url":"https:\/\/www.maresmefilmfestival.com\/es\/el-festival\/jurado\/antonio-molero\/","og_site_name":"Calella Film Festival","article_publisher":"https:\/\/www.facebook.com\/Festival-de-Cinema-de-Calella-536425489872034\/?ref=hl","article_modified_time":"2017-04-06T10:34:52+00:00","twitter_card":"summary_large_image","twitter_site":"@CalellaFilmFest","twitter_misc":{"Tiempo de lectura":"2 minutos"},"schema":{"@context":"https:\/\/schema.org","@graph":[{"@type":"WebPage","@id":"https:\/\/www.maresmefilmfestival.com\/es\/el-festival\/jurado\/antonio-molero\/","url":"https:\/\/www.maresmefilmfestival.com\/es\/el-festival\/jurado\/antonio-molero\/","name":"Antonio Molero - Calella Film Festival","isPartOf":{"@id":"https:\/\/www.maresmefilmfestival.com\/es\/#website"},"datePublished":"2017-04-06T07:53:30+00:00","dateModified":"2017-04-06T10:34:52+00:00","breadcrumb":{"@id":"https:\/\/www.maresmefilmfestival.com\/es\/el-festival\/jurado\/antonio-molero\/#breadcrumb"},"inLanguage":"es","potentialAction":[{"@type":"ReadAction","target":["https:\/\/www.maresmefilmfestival.com\/es\/el-festival\/jurado\/antonio-molero\/"]}]},{"@type":"BreadcrumbList","@id":"https:\/\/www.maresmefilmfestival.com\/es\/el-festival\/jurado\/antonio-molero\/#breadcrumb","itemListElement":[{"@type":"ListItem","position":1,"name":"Portada","item":"https:\/\/www.maresmefilmfestival.com\/es\/"},{"@type":"ListItem","position":2,"name":"EL FESTIVAL","item":"https:\/\/www.maresmefilmfestival.com\/es\/el-festival\/"},{"@type":"ListItem","position":3,"name":"JURADO","item":"https:\/\/www.maresmefilmfestival.com\/es\/el-festival\/jurado\/"},{"@type":"ListItem","position":4,"name":"Antonio Molero"}]},{"@type":"WebSite","@id":"https:\/\/www.maresmefilmfestival.com\/es\/#website","url":"https:\/\/www.maresmefilmfestival.com\/es\/","name":"Calella Film Festival","description":"Festival de Cinema","potentialAction":[{"@type":"SearchAction","target":{"@type":"EntryPoint","urlTemplate":"https:\/\/www.maresmefilmfestival.com\/es\/?s={search_term_string}"},"query-input":{"@type":"PropertyValueSpecification","valueRequired":true,"valueName":"search_term_string"}}],"inLanguage":"es"}]}},"_links":{"self":[{"href":"https:\/\/www.maresmefilmfestival.com\/es\/wp-json\/wp\/v2\/pages\/2607","targetHints":{"allow":["GET"]}}],"collection":[{"href":"https:\/\/www.maresmefilmfestival.com\/es\/wp-json\/wp\/v2\/pages"}],"about":[{"href":"https:\/\/www.maresmefilmfestival.com\/es\/wp-json\/wp\/v2\/types\/page"}],"author":[{"embeddable":true,"href":"https:\/\/www.maresmefilmfestival.com\/es\/wp-json\/wp\/v2\/users\/1"}],"replies":[{"embeddable":true,"href":"https:\/\/www.maresmefilmfestival.com\/es\/wp-json\/wp\/v2\/comments?post=2607"}],"version-history":[{"count":0,"href":"https:\/\/www.maresmefilmfestival.com\/es\/wp-json\/wp\/v2\/pages\/2607\/revisions"}],"up":[{"embeddable":true,"href":"https:\/\/www.maresmefilmfestival.com\/es\/wp-json\/wp\/v2\/pages\/1044"}],"wp:attachment":[{"href":"https:\/\/www.maresmefilmfestival.com\/es\/wp-json\/wp\/v2\/media?parent=2607"}],"curies":[{"name":"wp","href":"https:\/\/api.w.org\/{rel}","templated":true}]}}