{"id":2596,"date":"2017-04-04T11:49:14","date_gmt":"2017-04-04T10:49:14","guid":{"rendered":"http:\/\/www.maresmefilmfestival.com\/?page_id=2596\/"},"modified":"2017-04-06T11:38:26","modified_gmt":"2017-04-06T10:38:26","slug":"antonio-verdaguer","status":"publish","type":"page","link":"https:\/\/www.maresmefilmfestival.com\/es\/el-festival\/jurado\/antonio-verdaguer\/","title":{"rendered":"Antonio Verdaguer"},"content":{"rendered":"<div class=\"wpb-content-wrapper\"><p>[vc_row][vc_column][vc_column_text]<br \/>\n[\/vc_column_text][vc_single_image image=\u00bb2579&#8243; img_size=\u00bbfull\u00bb][vc_column_text]<\/p>\n<h3 style=\"text-align: justify;\"><strong><span style=\"color: #d3ab1d;\">Antonio Verdaguer<\/span><\/strong><\/h3>\n<p style=\"text-align: justify;\"><strong>Guionista y Director de cine<\/strong>, entre sus largometrajes destacan dos obras de ficci\u00f3n-hist\u00f3rica: <em>\u00abLa teranyina\u00bb<\/em> (1990) y <em>\u00abHavanera 1820\u00bb <\/em>(1993), y los documentales <em>\u00abRaval, Raval &#8230;\u00bb<\/em> (2006) y <em>\u00abJordi Dauder , la revoluci\u00f3n pendiente \u00ab<\/em>(2012). Premio Gaud\u00ed a la mejor pel\u00edcula documental.<\/p>\n<p style=\"text-align: justify;\">Nacido en Terrassa (Barcelona) en 1954, se forma en los ambientes del cine-club local y del cine amateur e independiente, de gran tradici\u00f3n en su ciudad natal. En 1972 obtiene una beca que le permite cursar estudios en Par\u00eds, licenci\u00e1ndose en direcci\u00f3n cinematogr\u00e1fica en 1976.<\/p>\n<p style=\"text-align: justify;\">Se incorpora al mundo profesional como ayudante de direcci\u00f3n. Posteriormente trabaja como director de producci\u00f3n y responsable de casting de numerosas por pel\u00edculas y series para televisi\u00f3n, trabajando con Eloy de la Iglesia, Antonio Drove, Ventura Pons, Francesc Bellmunt, Jos\u00e9 Maria Forn, Luc B\u00e9raud o Francesco Rosi, entre otros.<\/p>\n<p style=\"text-align: justify;\">Es guionista y coguionista de la mayor\u00eda de sus trabajos en cine y audiovisuales y ha sido coguionista de por pel\u00edculas de otros directores como <em>\u00abRateta, rateta &#8230;\u00bb<\/em> de Francesc Bellmunt o series de animaci\u00f3n para <em>\u00abNeptuno films\u00bb<\/em> de Josep Llu\u00eds Viciana<\/p>\n<\/div>","protected":false},"excerpt":{"rendered":"<p>[vc_row][vc_column][vc_column_text] [\/vc_column_text][vc_single_image image=\u00bb2579&#8243; img_size=\u00bbfull\u00bb][vc_column_text] Antonio Verdaguer Guionista y Director de cine, entre sus largometrajes destacan dos obras de ficci\u00f3n-hist\u00f3rica: \u00abLa teranyina\u00bb (1990) y \u00abHavanera 1820\u00bb (1993), y los documentales \u00abRaval, [&hellip;]<\/p>\n","protected":false},"author":1,"featured_media":0,"parent":1044,"menu_order":0,"comment_status":"closed","ping_status":"closed","template":"","meta":{"footnotes":""},"class_list":["post-2596","page","type-page","status-publish","hentry"],"yoast_head":"<!-- This site is optimized with the Yoast SEO plugin v27.4 - https:\/\/yoast.com\/product\/yoast-seo-wordpress\/ -->\n<title>Antonio Verdaguer - Calella Film Festival<\/title>\n<meta name=\"robots\" content=\"index, follow, max-snippet:-1, max-image-preview:large, max-video-preview:-1\" \/>\n<link rel=\"canonical\" href=\"https:\/\/www.maresmefilmfestival.com\/es\/el-festival\/jurado\/antonio-verdaguer\/\" \/>\n<meta property=\"og:locale\" content=\"es_ES\" \/>\n<meta property=\"og:type\" content=\"article\" \/>\n<meta property=\"og:title\" content=\"Antonio Verdaguer - Calella Film Festival\" \/>\n<meta property=\"og:description\" content=\"[vc_row][vc_column][vc_column_text] [\/vc_column_text][vc_single_image image=\u00bb2579&#8243; img_size=\u00bbfull\u00bb][vc_column_text] Antonio Verdaguer Guionista y Director de cine, entre sus largometrajes destacan dos obras de ficci\u00f3n-hist\u00f3rica: \u00abLa teranyina\u00bb (1990) y \u00abHavanera 1820\u00bb (1993), y los documentales \u00abRaval, [&hellip;]\" \/>\n<meta property=\"og:url\" content=\"https:\/\/www.maresmefilmfestival.com\/es\/el-festival\/jurado\/antonio-verdaguer\/\" \/>\n<meta property=\"og:site_name\" content=\"Calella Film Festival\" \/>\n<meta property=\"article:publisher\" content=\"https:\/\/www.facebook.com\/Festival-de-Cinema-de-Calella-536425489872034\/?ref=hl\" \/>\n<meta property=\"article:modified_time\" content=\"2017-04-06T10:38:26+00:00\" \/>\n<meta name=\"twitter:card\" content=\"summary_large_image\" \/>\n<meta name=\"twitter:site\" content=\"@CalellaFilmFest\" \/>\n<meta name=\"twitter:label1\" content=\"Tiempo de lectura\" \/>\n\t<meta name=\"twitter:data1\" content=\"1 minuto\" \/>\n<script type=\"application\/ld+json\" class=\"yoast-schema-graph\">{\"@context\":\"https:\\\/\\\/schema.org\",\"@graph\":[{\"@type\":\"WebPage\",\"@id\":\"https:\\\/\\\/www.maresmefilmfestival.com\\\/es\\\/el-festival\\\/jurado\\\/antonio-verdaguer\\\/\",\"url\":\"https:\\\/\\\/www.maresmefilmfestival.com\\\/es\\\/el-festival\\\/jurado\\\/antonio-verdaguer\\\/\",\"name\":\"Antonio Verdaguer - Calella Film Festival\",\"isPartOf\":{\"@id\":\"https:\\\/\\\/www.maresmefilmfestival.com\\\/es\\\/#website\"},\"datePublished\":\"2017-04-04T10:49:14+00:00\",\"dateModified\":\"2017-04-06T10:38:26+00:00\",\"breadcrumb\":{\"@id\":\"https:\\\/\\\/www.maresmefilmfestival.com\\\/es\\\/el-festival\\\/jurado\\\/antonio-verdaguer\\\/#breadcrumb\"},\"inLanguage\":\"es\",\"potentialAction\":[{\"@type\":\"ReadAction\",\"target\":[\"https:\\\/\\\/www.maresmefilmfestival.com\\\/es\\\/el-festival\\\/jurado\\\/antonio-verdaguer\\\/\"]}]},{\"@type\":\"BreadcrumbList\",\"@id\":\"https:\\\/\\\/www.maresmefilmfestival.com\\\/es\\\/el-festival\\\/jurado\\\/antonio-verdaguer\\\/#breadcrumb\",\"itemListElement\":[{\"@type\":\"ListItem\",\"position\":1,\"name\":\"Portada\",\"item\":\"https:\\\/\\\/www.maresmefilmfestival.com\\\/es\\\/\"},{\"@type\":\"ListItem\",\"position\":2,\"name\":\"EL FESTIVAL\",\"item\":\"https:\\\/\\\/www.maresmefilmfestival.com\\\/es\\\/el-festival\\\/\"},{\"@type\":\"ListItem\",\"position\":3,\"name\":\"JURADO\",\"item\":\"https:\\\/\\\/www.maresmefilmfestival.com\\\/es\\\/el-festival\\\/jurado\\\/\"},{\"@type\":\"ListItem\",\"position\":4,\"name\":\"Antonio Verdaguer\"}]},{\"@type\":\"WebSite\",\"@id\":\"https:\\\/\\\/www.maresmefilmfestival.com\\\/es\\\/#website\",\"url\":\"https:\\\/\\\/www.maresmefilmfestival.com\\\/es\\\/\",\"name\":\"Calella Film Festival\",\"description\":\"Festival de Cinema\",\"potentialAction\":[{\"@type\":\"SearchAction\",\"target\":{\"@type\":\"EntryPoint\",\"urlTemplate\":\"https:\\\/\\\/www.maresmefilmfestival.com\\\/es\\\/?s={search_term_string}\"},\"query-input\":{\"@type\":\"PropertyValueSpecification\",\"valueRequired\":true,\"valueName\":\"search_term_string\"}}],\"inLanguage\":\"es\"}]}<\/script>\n<!-- \/ Yoast SEO plugin. -->","yoast_head_json":{"title":"Antonio Verdaguer - Calella Film Festival","robots":{"index":"index","follow":"follow","max-snippet":"max-snippet:-1","max-image-preview":"max-image-preview:large","max-video-preview":"max-video-preview:-1"},"canonical":"https:\/\/www.maresmefilmfestival.com\/es\/el-festival\/jurado\/antonio-verdaguer\/","og_locale":"es_ES","og_type":"article","og_title":"Antonio Verdaguer - Calella Film Festival","og_description":"[vc_row][vc_column][vc_column_text] [\/vc_column_text][vc_single_image image=\u00bb2579&#8243; img_size=\u00bbfull\u00bb][vc_column_text] Antonio Verdaguer Guionista y Director de cine, entre sus largometrajes destacan dos obras de ficci\u00f3n-hist\u00f3rica: \u00abLa teranyina\u00bb (1990) y \u00abHavanera 1820\u00bb (1993), y los documentales \u00abRaval, [&hellip;]","og_url":"https:\/\/www.maresmefilmfestival.com\/es\/el-festival\/jurado\/antonio-verdaguer\/","og_site_name":"Calella Film Festival","article_publisher":"https:\/\/www.facebook.com\/Festival-de-Cinema-de-Calella-536425489872034\/?ref=hl","article_modified_time":"2017-04-06T10:38:26+00:00","twitter_card":"summary_large_image","twitter_site":"@CalellaFilmFest","twitter_misc":{"Tiempo de lectura":"1 minuto"},"schema":{"@context":"https:\/\/schema.org","@graph":[{"@type":"WebPage","@id":"https:\/\/www.maresmefilmfestival.com\/es\/el-festival\/jurado\/antonio-verdaguer\/","url":"https:\/\/www.maresmefilmfestival.com\/es\/el-festival\/jurado\/antonio-verdaguer\/","name":"Antonio Verdaguer - Calella Film Festival","isPartOf":{"@id":"https:\/\/www.maresmefilmfestival.com\/es\/#website"},"datePublished":"2017-04-04T10:49:14+00:00","dateModified":"2017-04-06T10:38:26+00:00","breadcrumb":{"@id":"https:\/\/www.maresmefilmfestival.com\/es\/el-festival\/jurado\/antonio-verdaguer\/#breadcrumb"},"inLanguage":"es","potentialAction":[{"@type":"ReadAction","target":["https:\/\/www.maresmefilmfestival.com\/es\/el-festival\/jurado\/antonio-verdaguer\/"]}]},{"@type":"BreadcrumbList","@id":"https:\/\/www.maresmefilmfestival.com\/es\/el-festival\/jurado\/antonio-verdaguer\/#breadcrumb","itemListElement":[{"@type":"ListItem","position":1,"name":"Portada","item":"https:\/\/www.maresmefilmfestival.com\/es\/"},{"@type":"ListItem","position":2,"name":"EL FESTIVAL","item":"https:\/\/www.maresmefilmfestival.com\/es\/el-festival\/"},{"@type":"ListItem","position":3,"name":"JURADO","item":"https:\/\/www.maresmefilmfestival.com\/es\/el-festival\/jurado\/"},{"@type":"ListItem","position":4,"name":"Antonio Verdaguer"}]},{"@type":"WebSite","@id":"https:\/\/www.maresmefilmfestival.com\/es\/#website","url":"https:\/\/www.maresmefilmfestival.com\/es\/","name":"Calella Film Festival","description":"Festival de Cinema","potentialAction":[{"@type":"SearchAction","target":{"@type":"EntryPoint","urlTemplate":"https:\/\/www.maresmefilmfestival.com\/es\/?s={search_term_string}"},"query-input":{"@type":"PropertyValueSpecification","valueRequired":true,"valueName":"search_term_string"}}],"inLanguage":"es"}]}},"_links":{"self":[{"href":"https:\/\/www.maresmefilmfestival.com\/es\/wp-json\/wp\/v2\/pages\/2596","targetHints":{"allow":["GET"]}}],"collection":[{"href":"https:\/\/www.maresmefilmfestival.com\/es\/wp-json\/wp\/v2\/pages"}],"about":[{"href":"https:\/\/www.maresmefilmfestival.com\/es\/wp-json\/wp\/v2\/types\/page"}],"author":[{"embeddable":true,"href":"https:\/\/www.maresmefilmfestival.com\/es\/wp-json\/wp\/v2\/users\/1"}],"replies":[{"embeddable":true,"href":"https:\/\/www.maresmefilmfestival.com\/es\/wp-json\/wp\/v2\/comments?post=2596"}],"version-history":[{"count":0,"href":"https:\/\/www.maresmefilmfestival.com\/es\/wp-json\/wp\/v2\/pages\/2596\/revisions"}],"up":[{"embeddable":true,"href":"https:\/\/www.maresmefilmfestival.com\/es\/wp-json\/wp\/v2\/pages\/1044"}],"wp:attachment":[{"href":"https:\/\/www.maresmefilmfestival.com\/es\/wp-json\/wp\/v2\/media?parent=2596"}],"curies":[{"name":"wp","href":"https:\/\/api.w.org\/{rel}","templated":true}]}}