{"id":2501,"date":"2017-02-28T09:50:16","date_gmt":"2017-02-28T09:50:16","guid":{"rendered":"http:\/\/www.maresmefilmfestival.com\/noticies-2\/"},"modified":"2019-05-31T09:06:13","modified_gmt":"2019-05-31T08:06:13","slug":"noticias","status":"publish","type":"page","link":"https:\/\/www.maresmefilmfestival.com\/es\/noticias\/","title":{"rendered":"Noticias"},"content":{"rendered":"<div class=\"wpb-content-wrapper\"><p>[vc_row][vc_column width=\u00bb1\/2&#8243;]<div class=\"td_block_wrap td_block_11 td_uid_1_69e608d192cd9_rand td-pb-border-top td_block_template_1 td-column-1\"  data-td-block-uid=\"td_uid_1_69e608d192cd9\" ><script>var block_td_uid_1_69e608d192cd9 = new tdBlock();\nblock_td_uid_1_69e608d192cd9.id = \"td_uid_1_69e608d192cd9\";\nblock_td_uid_1_69e608d192cd9.atts = '{\"limit\":\"3\",\"sort\":\"\",\"post_ids\":\"\",\"tag_slug\":\"\",\"autors_id\":\"\",\"installed_post_types\":\"\",\"category_id\":\"39\",\"category_ids\":\"\",\"custom_title\":\"\",\"custom_url\":\"\",\"show_child_cat\":\"\",\"sub_cat_ajax\":\"\",\"ajax_pagination\":\"\",\"header_color\":\"\",\"header_text_color\":\"\",\"ajax_pagination_infinite_stop\":\"\",\"td_column_number\":1,\"td_ajax_preloading\":\"\",\"td_ajax_filter_type\":\"\",\"td_ajax_filter_ids\":\"\",\"td_filter_default_txt\":\"Todo\",\"color_preset\":\"\",\"border_top\":\"\",\"class\":\"td_uid_1_69e608d192cd9_rand\",\"el_class\":\"\",\"offset\":\"\",\"css\":\"\",\"tdc_css\":\"\",\"tdc_css_class\":\"td_uid_1_69e608d192cd9_rand\",\"live_filter\":\"\",\"live_filter_cur_post_id\":\"\",\"live_filter_cur_post_author\":\"\",\"block_template_id\":\"\"}';\nblock_td_uid_1_69e608d192cd9.td_column_number = \"1\";\nblock_td_uid_1_69e608d192cd9.block_type = \"td_block_11\";\nblock_td_uid_1_69e608d192cd9.post_count = \"3\";\nblock_td_uid_1_69e608d192cd9.found_posts = \"34\";\nblock_td_uid_1_69e608d192cd9.header_color = \"\";\nblock_td_uid_1_69e608d192cd9.ajax_pagination_infinite_stop = \"\";\nblock_td_uid_1_69e608d192cd9.max_num_pages = \"12\";\ntdBlocksArray.push(block_td_uid_1_69e608d192cd9);\n<\/script><div class=\"td-block-title-wrap\"><\/div><div id=td_uid_1_69e608d192cd9 class=\"td_block_inner\">\n\n\t<div class=\"td-block-span12\">\n\r\n        <div class=\"td_module_10 td_module_wrap td-animation-stack\">\r\n            <div class=\"td-module-thumb\"><a href=\"https:\/\/www.maresmefilmfestival.com\/es\/gulizar-diamanti-y-no-dogs-allowed-las-triunfadoras-del-maresme-film-festival\/\" rel=\"bookmark\" title=\"\u2018G\u00fclizar\u2019, \u2018Diamanti\u2019 y \u2018No dogs allowed\u2019, las triunfadoras del Maresme Film Festival.\"><img loading=\"lazy\" decoding=\"async\" width=\"218\" height=\"150\" class=\"entry-thumb\" src=\"https:\/\/www.maresmefilmfestival.com\/wp-content\/uploads\/2025\/11\/Guanyadors-MIFF25-218x150.png\" srcset=\"https:\/\/www.maresmefilmfestival.com\/wp-content\/uploads\/2025\/11\/Guanyadors-MIFF25-218x150.png 218w, https:\/\/www.maresmefilmfestival.com\/wp-content\/uploads\/2025\/11\/Guanyadors-MIFF25-100x70.png 100w\" sizes=\"auto, (max-width: 218px) 100vw, 218px\" alt=\"\" title=\"\u2018G\u00fclizar\u2019, \u2018Diamanti\u2019 y \u2018No dogs allowed\u2019, las triunfadoras del Maresme Film Festival.\"\/><\/a><\/div>\r\n            <div class=\"item-details\">\r\n            <h3 class=\"entry-title td-module-title\"><a href=\"https:\/\/www.maresmefilmfestival.com\/es\/gulizar-diamanti-y-no-dogs-allowed-las-triunfadoras-del-maresme-film-festival\/\" rel=\"bookmark\" title=\"\u2018G\u00fclizar\u2019, \u2018Diamanti\u2019 y \u2018No dogs allowed\u2019, las triunfadoras del Maresme Film Festival.\">\u2018G\u00fclizar\u2019, \u2018Diamanti\u2019 y \u2018No dogs allowed\u2019, las triunfadoras del Maresme Film Festival.<\/a><\/h3>\r\n                <div class=\"td-module-meta-info\">\r\n                                            <span class=\"td-post-author-name\"><a href=\"https:\/\/www.maresmefilmfestival.com\/es\/author\/nuria\/\">Maresme Film Festival<\/a> <span>-<\/span> <\/span>                        <span class=\"td-post-date\"><time class=\"entry-date updated td-module-date\" datetime=\"2025-11-03T13:40:31+00:00\" >3 de noviembre de 2025<\/time><\/span>                        <div class=\"td-module-comments\"><a href=\"https:\/\/www.maresmefilmfestival.com\/es\/gulizar-diamanti-y-no-dogs-allowed-las-triunfadoras-del-maresme-film-festival\/#respond\">0<\/a><\/div>                <\/div>\r\n\r\n                <div class=\"td-excerpt\">\r\n                    \r\nLa turca \u2018G\u00fclizar\u2019 se ha llevado tres premios en la secci\u00f3n Low Budget, y \u2018Diamanti\u2019 y \u2018No dogs allowed\u2019, algunos de los galardones m\u00e1s...                <\/div>\r\n            <\/div>\r\n\r\n        <\/div>\r\n\r\n        \n\t<\/div> <!-- .\/td-block-span12 -->\n\n\t<div class=\"td-block-span12\">\n\r\n        <div class=\"td_module_10 td_module_wrap td-animation-stack\">\r\n            <div class=\"td-module-thumb\"><a href=\"https:\/\/www.maresmefilmfestival.com\/es\/gallo-rojo-y-una-mujer-italiana-son-las-grandes-ganadoras-de-la-novena-edicion-del-calella-film-festival\/\" rel=\"bookmark\" title=\"\u00abGallo Rojo\u00bb y \u00abUna mujer italiana\u00bb son las grandes ganadoras de la novena edici\u00f3n del Calella Film Festival\"><img loading=\"lazy\" decoding=\"async\" width=\"218\" height=\"150\" class=\"entry-thumb\" src=\"https:\/\/www.maresmefilmfestival.com\/wp-content\/uploads\/2024\/11\/Foto_guanyadors_web_CFF24-218x150.jpg\" srcset=\"https:\/\/www.maresmefilmfestival.com\/wp-content\/uploads\/2024\/11\/Foto_guanyadors_web_CFF24-218x150.jpg 218w, https:\/\/www.maresmefilmfestival.com\/wp-content\/uploads\/2024\/11\/Foto_guanyadors_web_CFF24-100x70.jpg 100w\" sizes=\"auto, (max-width: 218px) 100vw, 218px\" alt=\"\" title=\"\u00abGallo Rojo\u00bb y \u00abUna mujer italiana\u00bb son las grandes ganadoras de la novena edici\u00f3n del Calella Film Festival\"\/><\/a><\/div>\r\n            <div class=\"item-details\">\r\n            <h3 class=\"entry-title td-module-title\"><a href=\"https:\/\/www.maresmefilmfestival.com\/es\/gallo-rojo-y-una-mujer-italiana-son-las-grandes-ganadoras-de-la-novena-edicion-del-calella-film-festival\/\" rel=\"bookmark\" title=\"\u00abGallo Rojo\u00bb y \u00abUna mujer italiana\u00bb son las grandes ganadoras de la novena edici\u00f3n del Calella Film Festival\">\u00abGallo Rojo\u00bb y \u00abUna mujer italiana\u00bb son las grandes ganadoras de la novena edici\u00f3n...<\/a><\/h3>\r\n                <div class=\"td-module-meta-info\">\r\n                                            <span class=\"td-post-author-name\"><a href=\"https:\/\/www.maresmefilmfestival.com\/es\/author\/calellafilmfestival\/\">calellafilmfestival<\/a> <span>-<\/span> <\/span>                        <span class=\"td-post-date\"><time class=\"entry-date updated td-module-date\" datetime=\"2024-11-14T13:07:18+00:00\" >14 de noviembre de 2024<\/time><\/span>                        <div class=\"td-module-comments\"><a href=\"https:\/\/www.maresmefilmfestival.com\/es\/gallo-rojo-y-una-mujer-italiana-son-las-grandes-ganadoras-de-la-novena-edicion-del-calella-film-festival\/#respond\">0<\/a><\/div>                <\/div>\r\n\r\n                <div class=\"td-excerpt\">\r\n                    .&quot;Gallo Rojo&quot; ha sido premiada como la mejor pel\u00edcula del Calella Film Festival en la secci\u00f3n Low Budget -de menos de medio mill\u00f3n de...                <\/div>\r\n            <\/div>\r\n\r\n        <\/div>\r\n\r\n        \n\t<\/div> <!-- .\/td-block-span12 -->\n\n\t<div class=\"td-block-span12\">\n\r\n        <div class=\"td_module_10 td_module_wrap td-animation-stack\">\r\n            <div class=\"td-module-thumb\"><a href=\"https:\/\/www.maresmefilmfestival.com\/es\/creatura-y-la-funcion-triunfan-en-la-octava-edicion-del-calella-film-festival\/\" rel=\"bookmark\" title=\"\u00abCreatura\u00bb y \u00abLa Funci\u00f3n\u00bb triunfan en la octava edici\u00f3n del Calella Film Festival\"><img loading=\"lazy\" decoding=\"async\" width=\"218\" height=\"150\" class=\"entry-thumb\" src=\"https:\/\/www.maresmefilmfestival.com\/wp-content\/uploads\/2023\/11\/Premiats_CFF23_web-218x150.jpg\" srcset=\"https:\/\/www.maresmefilmfestival.com\/wp-content\/uploads\/2023\/11\/Premiats_CFF23_web-218x150.jpg 218w, https:\/\/www.maresmefilmfestival.com\/wp-content\/uploads\/2023\/11\/Premiats_CFF23_web-100x70.jpg 100w\" sizes=\"auto, (max-width: 218px) 100vw, 218px\" alt=\"\" title=\"\u00abCreatura\u00bb y \u00abLa Funci\u00f3n\u00bb triunfan en la octava edici\u00f3n del Calella Film Festival\"\/><\/a><\/div>\r\n            <div class=\"item-details\">\r\n            <h3 class=\"entry-title td-module-title\"><a href=\"https:\/\/www.maresmefilmfestival.com\/es\/creatura-y-la-funcion-triunfan-en-la-octava-edicion-del-calella-film-festival\/\" rel=\"bookmark\" title=\"\u00abCreatura\u00bb y \u00abLa Funci\u00f3n\u00bb triunfan en la octava edici\u00f3n del Calella Film Festival\">\u00abCreatura\u00bb y \u00abLa Funci\u00f3n\u00bb triunfan en la octava edici\u00f3n del Calella Film Festival<\/a><\/h3>\r\n                <div class=\"td-module-meta-info\">\r\n                                            <span class=\"td-post-author-name\"><a href=\"https:\/\/www.maresmefilmfestival.com\/es\/author\/calellafilmfestival\/\">calellafilmfestival<\/a> <span>-<\/span> <\/span>                        <span class=\"td-post-date\"><time class=\"entry-date updated td-module-date\" datetime=\"2023-11-15T14:03:01+00:00\" >15 de noviembre de 2023<\/time><\/span>                        <div class=\"td-module-comments\"><a href=\"https:\/\/www.maresmefilmfestival.com\/es\/creatura-y-la-funcion-triunfan-en-la-octava-edicion-del-calella-film-festival\/#respond\">0<\/a><\/div>                <\/div>\r\n\r\n                <div class=\"td-excerpt\">\r\n                    .&quot;La funci\u00f3n&quot; se ha llevado a la lopa a mejor pel\u00edcula Low Budget y &quot;Vadio&quot; ha triunfado con los premios a mejor actriz, mejor...                <\/div>\r\n            <\/div>\r\n\r\n        <\/div>\r\n\r\n        \n\t<\/div> <!-- .\/td-block-span12 --><\/div><\/div> <!-- .\/block -->[\/vc_column][vc_column width=\u00bb1\/2&#8243;]<div class=\"td_block_wrap td_block_11 td_uid_2_69e608d19bb5f_rand td-pb-border-top td_block_template_1 td-column-1\"  data-td-block-uid=\"td_uid_2_69e608d19bb5f\" ><script>var block_td_uid_2_69e608d19bb5f = new tdBlock();\nblock_td_uid_2_69e608d19bb5f.id = \"td_uid_2_69e608d19bb5f\";\nblock_td_uid_2_69e608d19bb5f.atts = '{\"limit\":\"3\",\"sort\":\"\",\"post_ids\":\"\",\"tag_slug\":\"\",\"autors_id\":\"\",\"installed_post_types\":\"\",\"category_id\":\"39\",\"category_ids\":\"\",\"custom_title\":\"\",\"custom_url\":\"\",\"show_child_cat\":\"\",\"sub_cat_ajax\":\"\",\"ajax_pagination\":\"\",\"header_color\":\"\",\"header_text_color\":\"\",\"ajax_pagination_infinite_stop\":\"\",\"td_column_number\":1,\"td_ajax_preloading\":\"\",\"td_ajax_filter_type\":\"\",\"td_ajax_filter_ids\":\"\",\"td_filter_default_txt\":\"Todo\",\"color_preset\":\"\",\"border_top\":\"\",\"class\":\"td_uid_2_69e608d19bb5f_rand\",\"el_class\":\"\",\"offset\":\"3\",\"css\":\"\",\"tdc_css\":\"\",\"tdc_css_class\":\"td_uid_2_69e608d19bb5f_rand\",\"live_filter\":\"\",\"live_filter_cur_post_id\":\"\",\"live_filter_cur_post_author\":\"\",\"block_template_id\":\"\"}';\nblock_td_uid_2_69e608d19bb5f.td_column_number = \"1\";\nblock_td_uid_2_69e608d19bb5f.block_type = \"td_block_11\";\nblock_td_uid_2_69e608d19bb5f.post_count = \"3\";\nblock_td_uid_2_69e608d19bb5f.found_posts = \"34\";\nblock_td_uid_2_69e608d19bb5f.header_color = \"\";\nblock_td_uid_2_69e608d19bb5f.ajax_pagination_infinite_stop = \"\";\nblock_td_uid_2_69e608d19bb5f.max_num_pages = \"11\";\ntdBlocksArray.push(block_td_uid_2_69e608d19bb5f);\n<\/script><div class=\"td-block-title-wrap\"><\/div><div id=td_uid_2_69e608d19bb5f class=\"td_block_inner\">\n\n\t<div class=\"td-block-span12\">\n\r\n        <div class=\"td_module_10 td_module_wrap td-animation-stack\">\r\n            <div class=\"td-module-thumb\"><a href=\"https:\/\/www.maresmefilmfestival.com\/es\/presentacion-de-la-octava-edicion-del-calella-film-festival\/\" rel=\"bookmark\" title=\"Presentaci\u00f3n de la octava edici\u00f3n del Calella Film Festival\"><img loading=\"lazy\" decoding=\"async\" width=\"218\" height=\"150\" class=\"entry-thumb\" src=\"https:\/\/www.maresmefilmfestival.com\/wp-content\/uploads\/2023\/10\/CFF-samarretes-218x150.jpg\" srcset=\"https:\/\/www.maresmefilmfestival.com\/wp-content\/uploads\/2023\/10\/CFF-samarretes-218x150.jpg 218w, https:\/\/www.maresmefilmfestival.com\/wp-content\/uploads\/2023\/10\/CFF-samarretes-100x70.jpg 100w\" sizes=\"auto, (max-width: 218px) 100vw, 218px\" alt=\"\" title=\"Presentaci\u00f3n de la octava edici\u00f3n del Calella Film Festival\"\/><\/a><\/div>\r\n            <div class=\"item-details\">\r\n            <h3 class=\"entry-title td-module-title\"><a href=\"https:\/\/www.maresmefilmfestival.com\/es\/presentacion-de-la-octava-edicion-del-calella-film-festival\/\" rel=\"bookmark\" title=\"Presentaci\u00f3n de la octava edici\u00f3n del Calella Film Festival\">Presentaci\u00f3n de la octava edici\u00f3n del Calella Film Festival<\/a><\/h3>\r\n                <div class=\"td-module-meta-info\">\r\n                                            <span class=\"td-post-author-name\"><a href=\"https:\/\/www.maresmefilmfestival.com\/es\/author\/calellafilmfestival\/\">calellafilmfestival<\/a> <span>-<\/span> <\/span>                        <span class=\"td-post-date\"><time class=\"entry-date updated td-module-date\" datetime=\"2023-10-23T14:17:50+00:00\" >23 de octubre de 2023<\/time><\/span>                        <div class=\"td-module-comments\"><a href=\"https:\/\/www.maresmefilmfestival.com\/es\/presentacion-de-la-octava-edicion-del-calella-film-festival\/#respond\">0<\/a><\/div>                <\/div>\r\n\r\n                <div class=\"td-excerpt\">\r\n                    \r\n\r\n\r\nEl viernes se present\u00f3 en Can Saleta y ante los medios la octava edici\u00f3n del Calella Film Festival. El acto estuvo presidido por el...                <\/div>\r\n            <\/div>\r\n\r\n        <\/div>\r\n\r\n        \n\t<\/div> <!-- .\/td-block-span12 -->\n\n\t<div class=\"td-block-span12\">\n\r\n        <div class=\"td_module_10 td_module_wrap td-animation-stack\">\r\n            <div class=\"td-module-thumb\"><a href=\"https:\/\/www.maresmefilmfestival.com\/es\/dedicamos-la-octava-edicion-a-un-gran-clasico-del-cine-musical-fantastico\/\" rel=\"bookmark\" title=\"Dedicamos la octava edici\u00f3n a un gran cl\u00e1sico del cine musical fant\u00e1stico\"><img loading=\"lazy\" decoding=\"async\" width=\"218\" height=\"150\" class=\"entry-thumb\" src=\"https:\/\/www.maresmefilmfestival.com\/wp-content\/uploads\/2023\/07\/Foto-Mago-de-Oz-218x150.jpg\" srcset=\"https:\/\/www.maresmefilmfestival.com\/wp-content\/uploads\/2023\/07\/Foto-Mago-de-Oz-218x150.jpg 218w, https:\/\/www.maresmefilmfestival.com\/wp-content\/uploads\/2023\/07\/Foto-Mago-de-Oz-100x70.jpg 100w\" sizes=\"auto, (max-width: 218px) 100vw, 218px\" alt=\"\" title=\"Dedicamos la octava edici\u00f3n a un gran cl\u00e1sico del cine musical fant\u00e1stico\"\/><\/a><\/div>\r\n            <div class=\"item-details\">\r\n            <h3 class=\"entry-title td-module-title\"><a href=\"https:\/\/www.maresmefilmfestival.com\/es\/dedicamos-la-octava-edicion-a-un-gran-clasico-del-cine-musical-fantastico\/\" rel=\"bookmark\" title=\"Dedicamos la octava edici\u00f3n a un gran cl\u00e1sico del cine musical fant\u00e1stico\">Dedicamos la octava edici\u00f3n a un gran cl\u00e1sico del cine musical fant\u00e1stico<\/a><\/h3>\r\n                <div class=\"td-module-meta-info\">\r\n                                            <span class=\"td-post-author-name\"><a href=\"https:\/\/www.maresmefilmfestival.com\/es\/author\/calellafilmfestival\/\">calellafilmfestival<\/a> <span>-<\/span> <\/span>                        <span class=\"td-post-date\"><time class=\"entry-date updated td-module-date\" datetime=\"2023-07-18T14:09:26+00:00\" >18 de julio de 2023<\/time><\/span>                        <div class=\"td-module-comments\"><a href=\"https:\/\/www.maresmefilmfestival.com\/es\/dedicamos-la-octava-edicion-a-un-gran-clasico-del-cine-musical-fantastico\/#respond\">0<\/a><\/div>                <\/div>\r\n\r\n                <div class=\"td-excerpt\">\r\n                    \r\n\r\n\r\nLas aventuras de la peque\u00f1a Dorothy y su perro Tot\u00f3 por las tierras m\u00e1gicas de Oz, acompa\u00f1ada de un espantap\u00e1jaros sin cerebro, un robot...                <\/div>\r\n            <\/div>\r\n\r\n        <\/div>\r\n\r\n        \n\t<\/div> <!-- .\/td-block-span12 -->\n\n\t<div class=\"td-block-span12\">\n\r\n        <div class=\"td_module_10 td_module_wrap td-animation-stack\">\r\n            <div class=\"td-module-thumb\"><a href=\"https:\/\/www.maresmefilmfestival.com\/es\/la-pelicula-alemana-qazi-triunfa-en-el-calella-film-festival\/\" rel=\"bookmark\" title=\"La pel\u00edcula alemana \u201cQazi\u201d triunfa en el Calella Film Festival\"><img loading=\"lazy\" decoding=\"async\" width=\"218\" height=\"150\" class=\"entry-thumb\" src=\"https:\/\/www.maresmefilmfestival.com\/wp-content\/uploads\/2022\/10\/FotoGuanyadors_2022_web_final-218x150.png\" srcset=\"https:\/\/www.maresmefilmfestival.com\/wp-content\/uploads\/2022\/10\/FotoGuanyadors_2022_web_final-218x150.png 218w, https:\/\/www.maresmefilmfestival.com\/wp-content\/uploads\/2022\/10\/FotoGuanyadors_2022_web_final-100x70.png 100w\" sizes=\"auto, (max-width: 218px) 100vw, 218px\" alt=\"\" title=\"La pel\u00edcula alemana \u201cQazi\u201d triunfa en el Calella Film Festival\"\/><\/a><\/div>\r\n            <div class=\"item-details\">\r\n            <h3 class=\"entry-title td-module-title\"><a href=\"https:\/\/www.maresmefilmfestival.com\/es\/la-pelicula-alemana-qazi-triunfa-en-el-calella-film-festival\/\" rel=\"bookmark\" title=\"La pel\u00edcula alemana \u201cQazi\u201d triunfa en el Calella Film Festival\">La pel\u00edcula alemana \u201cQazi\u201d triunfa en el Calella Film Festival<\/a><\/h3>\r\n                <div class=\"td-module-meta-info\">\r\n                                            <span class=\"td-post-author-name\"><a href=\"https:\/\/www.maresmefilmfestival.com\/es\/author\/calellafilmfestival\/\">calellafilmfestival<\/a> <span>-<\/span> <\/span>                        <span class=\"td-post-date\"><time class=\"entry-date updated td-module-date\" datetime=\"2022-10-10T11:54:01+00:00\" >10 de octubre de 2022<\/time><\/span>                        <div class=\"td-module-comments\"><a href=\"https:\/\/www.maresmefilmfestival.com\/es\/la-pelicula-alemana-qazi-triunfa-en-el-calella-film-festival\/#respond\">0<\/a><\/div>                <\/div>\r\n\r\n                <div class=\"td-excerpt\">\r\n                    \r\n\r\n\r\nLa primera pel\u00edcula del director alem\u00e1n Jakob Gerhmann fue la triunfadora de la noche en la ceremonia de clausura del Calella Film Festival, el...                <\/div>\r\n            <\/div>\r\n\r\n        <\/div>\r\n\r\n        \n\t<\/div> <!-- .\/td-block-span12 --><\/div><\/div> <!-- .\/block -->[\/vc_column][\/vc_row]<\/p>\n<\/div>","protected":false},"excerpt":{"rendered":"<p>[vc_row][vc_column width=\u00bb1\/2&#8243;][\/vc_column][vc_column width=\u00bb1\/2&#8243;][\/vc_column][\/vc_row]<\/p>\n","protected":false},"author":1,"featured_media":151,"parent":0,"menu_order":0,"comment_status":"closed","ping_status":"closed","template":"","meta":{"footnotes":""},"class_list":["post-2501","page","type-page","status-publish","has-post-thumbnail","hentry"],"yoast_head":"<!-- This site is optimized with the Yoast SEO plugin v27.4 - https:\/\/yoast.com\/product\/yoast-seo-wordpress\/ -->\n<title>Noticias - Calella Film Festival<\/title>\n<meta name=\"robots\" content=\"index, follow, max-snippet:-1, max-image-preview:large, max-video-preview:-1\" \/>\n<link rel=\"canonical\" href=\"https:\/\/www.maresmefilmfestival.com\/es\/noticias\/\" \/>\n<meta property=\"og:locale\" content=\"es_ES\" \/>\n<meta property=\"og:type\" content=\"article\" \/>\n<meta property=\"og:title\" content=\"Noticias - Calella Film Festival\" \/>\n<meta property=\"og:description\" content=\"[vc_row][vc_column width=\u00bb1\/2&#8243;][\/vc_column][vc_column width=\u00bb1\/2&#8243;][\/vc_column][\/vc_row]\" \/>\n<meta property=\"og:url\" content=\"https:\/\/www.maresmefilmfestival.com\/es\/noticias\/\" \/>\n<meta property=\"og:site_name\" content=\"Calella Film Festival\" \/>\n<meta property=\"article:publisher\" content=\"https:\/\/www.facebook.com\/Festival-de-Cinema-de-Calella-536425489872034\/?ref=hl\" \/>\n<meta property=\"article:modified_time\" content=\"2019-05-31T08:06:13+00:00\" \/>\n<meta property=\"og:image\" content=\"https:\/\/www.maresmefilmfestival.com\/wp-content\/uploads\/2016\/02\/Fotolia_73378386_L.jpg\" \/>\n\t<meta property=\"og:image:width\" content=\"2356\" \/>\n\t<meta property=\"og:image:height\" content=\"1571\" \/>\n\t<meta property=\"og:image:type\" content=\"image\/jpeg\" \/>\n<meta name=\"twitter:card\" content=\"summary_large_image\" \/>\n<meta name=\"twitter:site\" content=\"@CalellaFilmFest\" \/>\n<script type=\"application\/ld+json\" class=\"yoast-schema-graph\">{\"@context\":\"https:\\\/\\\/schema.org\",\"@graph\":[{\"@type\":\"WebPage\",\"@id\":\"https:\\\/\\\/www.maresmefilmfestival.com\\\/es\\\/noticias\\\/\",\"url\":\"https:\\\/\\\/www.maresmefilmfestival.com\\\/es\\\/noticias\\\/\",\"name\":\"Noticias - Calella Film Festival\",\"isPartOf\":{\"@id\":\"https:\\\/\\\/www.maresmefilmfestival.com\\\/es\\\/#website\"},\"primaryImageOfPage\":{\"@id\":\"https:\\\/\\\/www.maresmefilmfestival.com\\\/es\\\/noticias\\\/#primaryimage\"},\"image\":{\"@id\":\"https:\\\/\\\/www.maresmefilmfestival.com\\\/es\\\/noticias\\\/#primaryimage\"},\"thumbnailUrl\":\"https:\\\/\\\/www.maresmefilmfestival.com\\\/wp-content\\\/uploads\\\/2016\\\/02\\\/Fotolia_73378386_L.jpg\",\"datePublished\":\"2017-02-28T09:50:16+00:00\",\"dateModified\":\"2019-05-31T08:06:13+00:00\",\"breadcrumb\":{\"@id\":\"https:\\\/\\\/www.maresmefilmfestival.com\\\/es\\\/noticias\\\/#breadcrumb\"},\"inLanguage\":\"es\",\"potentialAction\":[{\"@type\":\"ReadAction\",\"target\":[\"https:\\\/\\\/www.maresmefilmfestival.com\\\/es\\\/noticias\\\/\"]}]},{\"@type\":\"ImageObject\",\"inLanguage\":\"es\",\"@id\":\"https:\\\/\\\/www.maresmefilmfestival.com\\\/es\\\/noticias\\\/#primaryimage\",\"url\":\"https:\\\/\\\/www.maresmefilmfestival.com\\\/wp-content\\\/uploads\\\/2016\\\/02\\\/Fotolia_73378386_L.jpg\",\"contentUrl\":\"https:\\\/\\\/www.maresmefilmfestival.com\\\/wp-content\\\/uploads\\\/2016\\\/02\\\/Fotolia_73378386_L.jpg\",\"width\":2356,\"height\":1571},{\"@type\":\"BreadcrumbList\",\"@id\":\"https:\\\/\\\/www.maresmefilmfestival.com\\\/es\\\/noticias\\\/#breadcrumb\",\"itemListElement\":[{\"@type\":\"ListItem\",\"position\":1,\"name\":\"Portada\",\"item\":\"https:\\\/\\\/www.maresmefilmfestival.com\\\/es\\\/\"},{\"@type\":\"ListItem\",\"position\":2,\"name\":\"Noticias\"}]},{\"@type\":\"WebSite\",\"@id\":\"https:\\\/\\\/www.maresmefilmfestival.com\\\/es\\\/#website\",\"url\":\"https:\\\/\\\/www.maresmefilmfestival.com\\\/es\\\/\",\"name\":\"Calella Film Festival\",\"description\":\"Festival de Cinema\",\"potentialAction\":[{\"@type\":\"SearchAction\",\"target\":{\"@type\":\"EntryPoint\",\"urlTemplate\":\"https:\\\/\\\/www.maresmefilmfestival.com\\\/es\\\/?s={search_term_string}\"},\"query-input\":{\"@type\":\"PropertyValueSpecification\",\"valueRequired\":true,\"valueName\":\"search_term_string\"}}],\"inLanguage\":\"es\"}]}<\/script>\n<!-- \/ Yoast SEO plugin. -->","yoast_head_json":{"title":"Noticias - Calella Film Festival","robots":{"index":"index","follow":"follow","max-snippet":"max-snippet:-1","max-image-preview":"max-image-preview:large","max-video-preview":"max-video-preview:-1"},"canonical":"https:\/\/www.maresmefilmfestival.com\/es\/noticias\/","og_locale":"es_ES","og_type":"article","og_title":"Noticias - Calella Film Festival","og_description":"[vc_row][vc_column width=\u00bb1\/2&#8243;][\/vc_column][vc_column width=\u00bb1\/2&#8243;][\/vc_column][\/vc_row]","og_url":"https:\/\/www.maresmefilmfestival.com\/es\/noticias\/","og_site_name":"Calella Film Festival","article_publisher":"https:\/\/www.facebook.com\/Festival-de-Cinema-de-Calella-536425489872034\/?ref=hl","article_modified_time":"2019-05-31T08:06:13+00:00","og_image":[{"width":2356,"height":1571,"url":"https:\/\/www.maresmefilmfestival.com\/wp-content\/uploads\/2016\/02\/Fotolia_73378386_L.jpg","type":"image\/jpeg"}],"twitter_card":"summary_large_image","twitter_site":"@CalellaFilmFest","schema":{"@context":"https:\/\/schema.org","@graph":[{"@type":"WebPage","@id":"https:\/\/www.maresmefilmfestival.com\/es\/noticias\/","url":"https:\/\/www.maresmefilmfestival.com\/es\/noticias\/","name":"Noticias - Calella Film Festival","isPartOf":{"@id":"https:\/\/www.maresmefilmfestival.com\/es\/#website"},"primaryImageOfPage":{"@id":"https:\/\/www.maresmefilmfestival.com\/es\/noticias\/#primaryimage"},"image":{"@id":"https:\/\/www.maresmefilmfestival.com\/es\/noticias\/#primaryimage"},"thumbnailUrl":"https:\/\/www.maresmefilmfestival.com\/wp-content\/uploads\/2016\/02\/Fotolia_73378386_L.jpg","datePublished":"2017-02-28T09:50:16+00:00","dateModified":"2019-05-31T08:06:13+00:00","breadcrumb":{"@id":"https:\/\/www.maresmefilmfestival.com\/es\/noticias\/#breadcrumb"},"inLanguage":"es","potentialAction":[{"@type":"ReadAction","target":["https:\/\/www.maresmefilmfestival.com\/es\/noticias\/"]}]},{"@type":"ImageObject","inLanguage":"es","@id":"https:\/\/www.maresmefilmfestival.com\/es\/noticias\/#primaryimage","url":"https:\/\/www.maresmefilmfestival.com\/wp-content\/uploads\/2016\/02\/Fotolia_73378386_L.jpg","contentUrl":"https:\/\/www.maresmefilmfestival.com\/wp-content\/uploads\/2016\/02\/Fotolia_73378386_L.jpg","width":2356,"height":1571},{"@type":"BreadcrumbList","@id":"https:\/\/www.maresmefilmfestival.com\/es\/noticias\/#breadcrumb","itemListElement":[{"@type":"ListItem","position":1,"name":"Portada","item":"https:\/\/www.maresmefilmfestival.com\/es\/"},{"@type":"ListItem","position":2,"name":"Noticias"}]},{"@type":"WebSite","@id":"https:\/\/www.maresmefilmfestival.com\/es\/#website","url":"https:\/\/www.maresmefilmfestival.com\/es\/","name":"Calella Film Festival","description":"Festival de Cinema","potentialAction":[{"@type":"SearchAction","target":{"@type":"EntryPoint","urlTemplate":"https:\/\/www.maresmefilmfestival.com\/es\/?s={search_term_string}"},"query-input":{"@type":"PropertyValueSpecification","valueRequired":true,"valueName":"search_term_string"}}],"inLanguage":"es"}]}},"_links":{"self":[{"href":"https:\/\/www.maresmefilmfestival.com\/es\/wp-json\/wp\/v2\/pages\/2501","targetHints":{"allow":["GET"]}}],"collection":[{"href":"https:\/\/www.maresmefilmfestival.com\/es\/wp-json\/wp\/v2\/pages"}],"about":[{"href":"https:\/\/www.maresmefilmfestival.com\/es\/wp-json\/wp\/v2\/types\/page"}],"author":[{"embeddable":true,"href":"https:\/\/www.maresmefilmfestival.com\/es\/wp-json\/wp\/v2\/users\/1"}],"replies":[{"embeddable":true,"href":"https:\/\/www.maresmefilmfestival.com\/es\/wp-json\/wp\/v2\/comments?post=2501"}],"version-history":[{"count":0,"href":"https:\/\/www.maresmefilmfestival.com\/es\/wp-json\/wp\/v2\/pages\/2501\/revisions"}],"wp:featuredmedia":[{"embeddable":true,"href":"https:\/\/www.maresmefilmfestival.com\/es\/wp-json\/wp\/v2\/media\/151"}],"wp:attachment":[{"href":"https:\/\/www.maresmefilmfestival.com\/es\/wp-json\/wp\/v2\/media?parent=2501"}],"curies":[{"name":"wp","href":"https:\/\/api.w.org\/{rel}","templated":true}]}}