{"id":2381,"date":"2016-01-30T14:50:07","date_gmt":"2016-01-30T14:50:07","guid":{"rendered":"http:\/\/www.maresmefilmfestival.com\/concursos\/"},"modified":"2017-02-03T11:54:15","modified_gmt":"2017-02-03T11:54:15","slug":"concursos","status":"publish","type":"page","link":"https:\/\/www.maresmefilmfestival.com\/es\/concursos\/","title":{"rendered":"CONCURSOS"},"content":{"rendered":"<div class=\"wpb-content-wrapper\"><p>[vc_row][vc_column width=\u00bb2\/3&#8243;]<div class=\"td_block_wrap td_block_12 td_uid_1_69e607b65adca_rand td-pb-border-top td_block_template_1 td-column-1\"  data-td-block-uid=\"td_uid_1_69e607b65adca\" ><script>var block_td_uid_1_69e607b65adca = new tdBlock();\nblock_td_uid_1_69e607b65adca.id = \"td_uid_1_69e607b65adca\";\nblock_td_uid_1_69e607b65adca.atts = '{\"limit\":\"3\",\"sort\":\"\",\"post_ids\":\"\",\"tag_slug\":\"\",\"autors_id\":\"\",\"installed_post_types\":\"page\",\"category_id\":\"\",\"category_ids\":\"\",\"custom_title\":\"\",\"custom_url\":\"\",\"show_child_cat\":\"\",\"sub_cat_ajax\":\"\",\"ajax_pagination\":\"\",\"header_color\":\"\",\"header_text_color\":\"\",\"ajax_pagination_infinite_stop\":\"\",\"td_column_number\":1,\"td_ajax_preloading\":\"\",\"td_ajax_filter_type\":\"\",\"td_ajax_filter_ids\":\"\",\"td_filter_default_txt\":\"Todo\",\"color_preset\":\"\",\"border_top\":\"\",\"class\":\"td_uid_1_69e607b65adca_rand\",\"el_class\":\"\",\"offset\":\"\",\"css\":\"\",\"tdc_css\":\"\",\"tdc_css_class\":\"td_uid_1_69e607b65adca_rand\",\"live_filter\":\"\",\"live_filter_cur_post_id\":\"\",\"live_filter_cur_post_author\":\"\",\"block_template_id\":\"\"}';\nblock_td_uid_1_69e607b65adca.td_column_number = \"1\";\nblock_td_uid_1_69e607b65adca.block_type = \"td_block_12\";\nblock_td_uid_1_69e607b65adca.post_count = \"3\";\nblock_td_uid_1_69e607b65adca.found_posts = \"327\";\nblock_td_uid_1_69e607b65adca.header_color = \"\";\nblock_td_uid_1_69e607b65adca.ajax_pagination_infinite_stop = \"\";\nblock_td_uid_1_69e607b65adca.max_num_pages = \"109\";\ntdBlocksArray.push(block_td_uid_1_69e607b65adca);\n<\/script><div class=\"td-block-title-wrap\"><\/div><div id=td_uid_1_69e607b65adca class=\"td_block_inner\">\n\n\t<div class=\"td-block-span12\">\n\r\n        <div class=\"td_module_11 td_module_wrap td-animation-stack\">\r\n            <div class=\"td-module-thumb\"><a href=\"https:\/\/www.maresmefilmfestival.com\/es\/categorias-archivo-2025\/\" rel=\"bookmark\" title=\"Categorias Archivo 2025\"><img loading=\"lazy\" decoding=\"async\" width=\"324\" height=\"235\" class=\"entry-thumb\" src=\"https:\/\/www.maresmefilmfestival.com\/wp-content\/themes\/Newspaper\/images\/no-thumb\/td_324x235.png\" alt=\"\"\/><\/a><\/div>\r\n            <div class=\"item-details\">\r\n                <h3 class=\"entry-title td-module-title\"><a href=\"https:\/\/www.maresmefilmfestival.com\/es\/categorias-archivo-2025\/\" rel=\"bookmark\" title=\"Categorias Archivo 2025\">Categorias Archivo 2025<\/a><\/h3>\r\n                <div class=\"td-module-meta-info\">\r\n                                        <span class=\"td-post-author-name\"><a href=\"https:\/\/www.maresmefilmfestival.com\/es\/author\/nuria\/\">Maresme Film Festival<\/a> <span>-<\/span> <\/span>                    <span class=\"td-post-date\"><time class=\"entry-date updated td-module-date\" datetime=\"2025-12-11T13:05:02+00:00\" >11 de diciembre de 2025<\/time><\/span>                    <div class=\"td-module-comments\"><a href=\"https:\/\/www.maresmefilmfestival.com\/es\/categorias-archivo-2025\/#respond\">0<\/a><\/div>                <\/div>\r\n\r\n                <div class=\"td-excerpt\">\r\n                    \r\n\r\n                <\/div>\r\n\r\n                <div class=\"td-read-more\">\r\n                    <a href=\"https:\/\/www.maresmefilmfestival.com\/es\/categorias-archivo-2025\/\">Leer m\u00e1s<\/a>\r\n                <\/div>\r\n            <\/div>\r\n\r\n        <\/div>\r\n\r\n        \n\t<\/div> <!-- .\/td-block-span12 -->\n\n\t<div class=\"td-block-span12\">\n\r\n        <div class=\"td_module_11 td_module_wrap td-animation-stack\">\r\n            <div class=\"td-module-thumb\"><a href=\"https:\/\/www.maresmefilmfestival.com\/es\/secciones-oficiales-2025\/\" rel=\"bookmark\" title=\"Secciones Oficiales 2025\"><img loading=\"lazy\" decoding=\"async\" width=\"324\" height=\"235\" class=\"entry-thumb\" src=\"https:\/\/www.maresmefilmfestival.com\/wp-content\/themes\/Newspaper\/images\/no-thumb\/td_324x235.png\" alt=\"\"\/><\/a><\/div>\r\n            <div class=\"item-details\">\r\n                <h3 class=\"entry-title td-module-title\"><a href=\"https:\/\/www.maresmefilmfestival.com\/es\/secciones-oficiales-2025\/\" rel=\"bookmark\" title=\"Secciones Oficiales 2025\">Secciones Oficiales 2025<\/a><\/h3>\r\n                <div class=\"td-module-meta-info\">\r\n                                        <span class=\"td-post-author-name\"><a href=\"https:\/\/www.maresmefilmfestival.com\/es\/author\/nuria\/\">Maresme Film Festival<\/a> <span>-<\/span> <\/span>                    <span class=\"td-post-date\"><time class=\"entry-date updated td-module-date\" datetime=\"2025-12-11T11:08:36+00:00\" >11 de diciembre de 2025<\/time><\/span>                    <div class=\"td-module-comments\"><a href=\"https:\/\/www.maresmefilmfestival.com\/es\/secciones-oficiales-2025\/#respond\">0<\/a><\/div>                <\/div>\r\n\r\n                <div class=\"td-excerpt\">\r\n                    \r\n                <\/div>\r\n\r\n                <div class=\"td-read-more\">\r\n                    <a href=\"https:\/\/www.maresmefilmfestival.com\/es\/secciones-oficiales-2025\/\">Leer m\u00e1s<\/a>\r\n                <\/div>\r\n            <\/div>\r\n\r\n        <\/div>\r\n\r\n        \n\t<\/div> <!-- .\/td-block-span12 -->\n\n\t<div class=\"td-block-span12\">\n\r\n        <div class=\"td_module_11 td_module_wrap td-animation-stack\">\r\n            <div class=\"td-module-thumb\"><a href=\"https:\/\/www.maresmefilmfestival.com\/es\/palmares-2025\/\" rel=\"bookmark\" title=\"Palmar\u00e9s 2025\"><img loading=\"lazy\" decoding=\"async\" width=\"324\" height=\"235\" class=\"entry-thumb\" src=\"https:\/\/www.maresmefilmfestival.com\/wp-content\/themes\/Newspaper\/images\/no-thumb\/td_324x235.png\" alt=\"\"\/><\/a><\/div>\r\n            <div class=\"item-details\">\r\n                <h3 class=\"entry-title td-module-title\"><a href=\"https:\/\/www.maresmefilmfestival.com\/es\/palmares-2025\/\" rel=\"bookmark\" title=\"Palmar\u00e9s 2025\">Palmar\u00e9s 2025<\/a><\/h3>\r\n                <div class=\"td-module-meta-info\">\r\n                                        <span class=\"td-post-author-name\"><a href=\"https:\/\/www.maresmefilmfestival.com\/es\/author\/nuria\/\">Maresme Film Festival<\/a> <span>-<\/span> <\/span>                    <span class=\"td-post-date\"><time class=\"entry-date updated td-module-date\" datetime=\"2025-11-04T13:42:33+00:00\" >4 de noviembre de 2025<\/time><\/span>                    <div class=\"td-module-comments\"><a href=\"https:\/\/www.maresmefilmfestival.com\/es\/palmares-2025\/#respond\">0<\/a><\/div>                <\/div>\r\n\r\n                <div class=\"td-excerpt\">\r\n                    \r\nSecci\u00f3n oficial Largometrajes Low Budget Films\r\nMejor pel\u00edcula\r\n&quot;G\u00dcLIZAR&quot; de Belk\u0131s BayrakMejor Direcci\u00f3n\r\nBelkis Bayrak por &quot;G\u00dcLIZAR&quot;Mejor gui\u00f3n\r\nBelkis Bayrak por &quot;G\u00dcLIZAR&quot;Mejor actriz\r\nBeatriz Arjona &quot;SOLOS EN LA NOCHE&quot;\u00a0Mejor actor\r\nIbrahima Kone &quot;TE PROTEGER\u00c1N MIS ALAS&quot;\u00a0\r\nSecci\u00f3n oficial Largometrajes Creative Rosebud...                <\/div>\r\n\r\n                <div class=\"td-read-more\">\r\n                    <a href=\"https:\/\/www.maresmefilmfestival.com\/es\/palmares-2025\/\">Leer m\u00e1s<\/a>\r\n                <\/div>\r\n            <\/div>\r\n\r\n        <\/div>\r\n\r\n        \n\t<\/div> <!-- .\/td-block-span12 --><\/div><\/div> <!-- .\/block -->[\/vc_column][vc_column width=\u00bb1\/3&#8243;][vc_separator color=\u00bbwhite\u00bb][vc_single_image image=\u00bb690&#8243; img_size=\u00bbfull\u00bb alignment=\u00bbcenter\u00bb onclick=\u00bbcustom_link\u00bb css=\u00bb.vc_custom_1486122847123{margin-top: -30px !important;}\u00bb link=\u00bbhttps:\/\/www.maresmefilmfestival.com\/wp-content\/uploads\/2017\/02\/BASES-LEGALES_CAST_3_CS5.pdf\u00bb][\/vc_column][\/vc_row][vc_row][vc_column][vc_text_separator title=\u00bbACTIVIDADES\u00bb color=\u00bbchino\u00bb]<div class=\"td_block_wrap td_block_big_grid_5 td_uid_2_69e607b66157f_rand td-grid-style-1 td-hover-1 td-big-grids td-pb-border-top td_block_template_1\"  data-td-block-uid=\"td_uid_2_69e607b66157f\" ><div id=td_uid_2_69e607b66157f class=\"td_block_inner\"><div class=\"clearfix\"><\/div><\/div><\/div> <!-- .\/block -->[\/vc_column][\/vc_row]<\/p>\n<\/div>","protected":false},"excerpt":{"rendered":"<p>[vc_row][vc_column width=\u00bb2\/3&#8243;][\/vc_column][vc_column width=\u00bb1\/3&#8243;][vc_separator color=\u00bbwhite\u00bb][vc_single_image image=\u00bb690&#8243; img_size=\u00bbfull\u00bb alignment=\u00bbcenter\u00bb onclick=\u00bbcustom_link\u00bb css=\u00bb.vc_custom_1486122847123{margin-top: -30px !important;}\u00bb link=\u00bbhttps:\/\/www.maresmefilmfestival.com\/wp-content\/uploads\/2017\/02\/BASES-LEGALES_CAST_3_CS5.pdf\u00bb][\/vc_column][\/vc_row][vc_row][vc_column][vc_text_separator title=\u00bbACTIVIDADES\u00bb color=\u00bbchino\u00bb][\/vc_column][\/vc_row]<\/p>\n","protected":false},"author":1,"featured_media":0,"parent":0,"menu_order":0,"comment_status":"closed","ping_status":"closed","template":"","meta":{"footnotes":""},"class_list":["post-2381","page","type-page","status-publish","hentry"],"yoast_head":"<!-- This site is optimized with the Yoast SEO plugin v27.4 - https:\/\/yoast.com\/product\/yoast-seo-wordpress\/ -->\n<title>CONCURSOS - Calella Film Festival<\/title>\n<meta name=\"robots\" content=\"index, follow, max-snippet:-1, max-image-preview:large, max-video-preview:-1\" \/>\n<link rel=\"canonical\" href=\"https:\/\/www.maresmefilmfestival.com\/es\/concursos\/\" \/>\n<meta property=\"og:locale\" content=\"es_ES\" \/>\n<meta property=\"og:type\" content=\"article\" \/>\n<meta property=\"og:title\" content=\"CONCURSOS - Calella Film Festival\" \/>\n<meta property=\"og:description\" content=\"[vc_row][vc_column width=\u00bb2\/3&#8243;][\/vc_column][vc_column width=\u00bb1\/3&#8243;][vc_separator color=\u00bbwhite\u00bb][vc_single_image image=\u00bb690&#8243; img_size=\u00bbfull\u00bb alignment=\u00bbcenter\u00bb onclick=\u00bbcustom_link\u00bb css=\u00bb.vc_custom_1486122847123{margin-top: -30px !important;}\u00bb link=\u00bbhttps:\/\/www.maresmefilmfestival.com\/wp-content\/uploads\/2017\/02\/BASES-LEGALES_CAST_3_CS5.pdf\u00bb][\/vc_column][\/vc_row][vc_row][vc_column][vc_text_separator title=\u00bbACTIVIDADES\u00bb color=\u00bbchino\u00bb][\/vc_column][\/vc_row]\" \/>\n<meta property=\"og:url\" content=\"https:\/\/www.maresmefilmfestival.com\/es\/concursos\/\" \/>\n<meta property=\"og:site_name\" content=\"Calella Film Festival\" \/>\n<meta property=\"article:publisher\" content=\"https:\/\/www.facebook.com\/Festival-de-Cinema-de-Calella-536425489872034\/?ref=hl\" \/>\n<meta property=\"article:modified_time\" content=\"2017-02-03T11:54:15+00:00\" \/>\n<meta name=\"twitter:card\" content=\"summary_large_image\" \/>\n<meta name=\"twitter:site\" content=\"@CalellaFilmFest\" \/>\n<script type=\"application\/ld+json\" class=\"yoast-schema-graph\">{\"@context\":\"https:\\\/\\\/schema.org\",\"@graph\":[{\"@type\":\"WebPage\",\"@id\":\"https:\\\/\\\/www.maresmefilmfestival.com\\\/es\\\/concursos\\\/\",\"url\":\"https:\\\/\\\/www.maresmefilmfestival.com\\\/es\\\/concursos\\\/\",\"name\":\"CONCURSOS - Calella Film Festival\",\"isPartOf\":{\"@id\":\"https:\\\/\\\/www.maresmefilmfestival.com\\\/es\\\/#website\"},\"datePublished\":\"2016-01-30T14:50:07+00:00\",\"dateModified\":\"2017-02-03T11:54:15+00:00\",\"breadcrumb\":{\"@id\":\"https:\\\/\\\/www.maresmefilmfestival.com\\\/es\\\/concursos\\\/#breadcrumb\"},\"inLanguage\":\"es\",\"potentialAction\":[{\"@type\":\"ReadAction\",\"target\":[\"https:\\\/\\\/www.maresmefilmfestival.com\\\/es\\\/concursos\\\/\"]}]},{\"@type\":\"BreadcrumbList\",\"@id\":\"https:\\\/\\\/www.maresmefilmfestival.com\\\/es\\\/concursos\\\/#breadcrumb\",\"itemListElement\":[{\"@type\":\"ListItem\",\"position\":1,\"name\":\"Portada\",\"item\":\"https:\\\/\\\/www.maresmefilmfestival.com\\\/es\\\/\"},{\"@type\":\"ListItem\",\"position\":2,\"name\":\"CONCURSOS\"}]},{\"@type\":\"WebSite\",\"@id\":\"https:\\\/\\\/www.maresmefilmfestival.com\\\/es\\\/#website\",\"url\":\"https:\\\/\\\/www.maresmefilmfestival.com\\\/es\\\/\",\"name\":\"Calella Film Festival\",\"description\":\"Festival de Cinema\",\"potentialAction\":[{\"@type\":\"SearchAction\",\"target\":{\"@type\":\"EntryPoint\",\"urlTemplate\":\"https:\\\/\\\/www.maresmefilmfestival.com\\\/es\\\/?s={search_term_string}\"},\"query-input\":{\"@type\":\"PropertyValueSpecification\",\"valueRequired\":true,\"valueName\":\"search_term_string\"}}],\"inLanguage\":\"es\"}]}<\/script>\n<!-- \/ Yoast SEO plugin. -->","yoast_head_json":{"title":"CONCURSOS - Calella Film Festival","robots":{"index":"index","follow":"follow","max-snippet":"max-snippet:-1","max-image-preview":"max-image-preview:large","max-video-preview":"max-video-preview:-1"},"canonical":"https:\/\/www.maresmefilmfestival.com\/es\/concursos\/","og_locale":"es_ES","og_type":"article","og_title":"CONCURSOS - Calella Film Festival","og_description":"[vc_row][vc_column width=\u00bb2\/3&#8243;][\/vc_column][vc_column width=\u00bb1\/3&#8243;][vc_separator color=\u00bbwhite\u00bb][vc_single_image image=\u00bb690&#8243; img_size=\u00bbfull\u00bb alignment=\u00bbcenter\u00bb onclick=\u00bbcustom_link\u00bb css=\u00bb.vc_custom_1486122847123{margin-top: -30px !important;}\u00bb link=\u00bbhttps:\/\/www.maresmefilmfestival.com\/wp-content\/uploads\/2017\/02\/BASES-LEGALES_CAST_3_CS5.pdf\u00bb][\/vc_column][\/vc_row][vc_row][vc_column][vc_text_separator title=\u00bbACTIVIDADES\u00bb color=\u00bbchino\u00bb][\/vc_column][\/vc_row]","og_url":"https:\/\/www.maresmefilmfestival.com\/es\/concursos\/","og_site_name":"Calella Film Festival","article_publisher":"https:\/\/www.facebook.com\/Festival-de-Cinema-de-Calella-536425489872034\/?ref=hl","article_modified_time":"2017-02-03T11:54:15+00:00","twitter_card":"summary_large_image","twitter_site":"@CalellaFilmFest","schema":{"@context":"https:\/\/schema.org","@graph":[{"@type":"WebPage","@id":"https:\/\/www.maresmefilmfestival.com\/es\/concursos\/","url":"https:\/\/www.maresmefilmfestival.com\/es\/concursos\/","name":"CONCURSOS - Calella Film Festival","isPartOf":{"@id":"https:\/\/www.maresmefilmfestival.com\/es\/#website"},"datePublished":"2016-01-30T14:50:07+00:00","dateModified":"2017-02-03T11:54:15+00:00","breadcrumb":{"@id":"https:\/\/www.maresmefilmfestival.com\/es\/concursos\/#breadcrumb"},"inLanguage":"es","potentialAction":[{"@type":"ReadAction","target":["https:\/\/www.maresmefilmfestival.com\/es\/concursos\/"]}]},{"@type":"BreadcrumbList","@id":"https:\/\/www.maresmefilmfestival.com\/es\/concursos\/#breadcrumb","itemListElement":[{"@type":"ListItem","position":1,"name":"Portada","item":"https:\/\/www.maresmefilmfestival.com\/es\/"},{"@type":"ListItem","position":2,"name":"CONCURSOS"}]},{"@type":"WebSite","@id":"https:\/\/www.maresmefilmfestival.com\/es\/#website","url":"https:\/\/www.maresmefilmfestival.com\/es\/","name":"Calella Film Festival","description":"Festival de Cinema","potentialAction":[{"@type":"SearchAction","target":{"@type":"EntryPoint","urlTemplate":"https:\/\/www.maresmefilmfestival.com\/es\/?s={search_term_string}"},"query-input":{"@type":"PropertyValueSpecification","valueRequired":true,"valueName":"search_term_string"}}],"inLanguage":"es"}]}},"_links":{"self":[{"href":"https:\/\/www.maresmefilmfestival.com\/es\/wp-json\/wp\/v2\/pages\/2381","targetHints":{"allow":["GET"]}}],"collection":[{"href":"https:\/\/www.maresmefilmfestival.com\/es\/wp-json\/wp\/v2\/pages"}],"about":[{"href":"https:\/\/www.maresmefilmfestival.com\/es\/wp-json\/wp\/v2\/types\/page"}],"author":[{"embeddable":true,"href":"https:\/\/www.maresmefilmfestival.com\/es\/wp-json\/wp\/v2\/users\/1"}],"replies":[{"embeddable":true,"href":"https:\/\/www.maresmefilmfestival.com\/es\/wp-json\/wp\/v2\/comments?post=2381"}],"version-history":[{"count":0,"href":"https:\/\/www.maresmefilmfestival.com\/es\/wp-json\/wp\/v2\/pages\/2381\/revisions"}],"wp:attachment":[{"href":"https:\/\/www.maresmefilmfestival.com\/es\/wp-json\/wp\/v2\/media?parent=2381"}],"curies":[{"name":"wp","href":"https:\/\/api.w.org\/{rel}","templated":true}]}}