{"id":2186,"date":"2020-06-09T10:11:32","date_gmt":"2020-06-09T09:11:32","guid":{"rendered":"http:\/\/www.maresmefilmfestival.com\/es\/rosebud\/"},"modified":"2026-02-27T11:14:52","modified_gmt":"2026-02-27T10:14:52","slug":"creative-rosebud-awards","status":"publish","type":"page","link":"https:\/\/www.maresmefilmfestival.com\/es\/concursos\/creative-rosebud-awards\/","title":{"rendered":"Creative Rosebud Awards"},"content":{"rendered":"<div class=\"wpb-content-wrapper\"><p>[vc_row][vc_column width=\u00bb1\/2&#8243;][vc_text_separator title=\u00bbCreative Rosebud Awards\u00bb color=\u00bbcustom\u00bb accent_color=\u00bb#d3ab1d\u00bb][vc_column_text]La secci\u00f3n especial Creative Rosebud Awards, busca crear un sello de calidad mediante la selecci\u00f3n de pel\u00edculas del a\u00f1o que m\u00e1s han destacado por su originalidad, valorando prioritariamente la creatividad de las producciones de los concursantes.<\/p>\n<p>Competir\u00e1n todas aquellas producciones que a lo largo del a\u00f1o hayan destacado por su creatividad y originalidad, tanto en el \u00e1mbito de producci\u00f3n nacional como en el internacional, con inversi\u00f3n superior a los 500.000 euros.[\/vc_column_text][\/vc_column][vc_column width=\u00bb1\/2&#8243;][vc_single_image image=\u00bb10239&#8243; img_size=\u00bbfull\u00bb onclick=\u00bbcustom_link\u00bb css=\u00bb\u00bb link=\u00bbhttps:\/\/www.maresmefilmfestival.com\/wp-content\/uploads\/2026\/02\/BasesLegals_CREATIVEROSEBUD_ES_2026.pdf\u00bb][vc_separator][\/vc_column][\/vc_row][vc_row][vc_column width=\u00bb1\/2&#8243;][vc_column_text][\/vc_column_text][\/vc_column][vc_column width=\u00bb1\/2&#8243;][\/vc_column][\/vc_row]<\/p>\n<\/div>","protected":false},"excerpt":{"rendered":"<p>[vc_row][vc_column width=\u00bb1\/2&#8243;][vc_text_separator title=\u00bbCreative Rosebud Awards\u00bb color=\u00bbcustom\u00bb accent_color=\u00bb#d3ab1d\u00bb][vc_column_text]La secci\u00f3n especial Creative Rosebud Awards, busca crear un sello de calidad mediante la selecci\u00f3n de pel\u00edculas del a\u00f1o que m\u00e1s han destacado por [&hellip;]<\/p>\n","protected":false},"author":1,"featured_media":0,"parent":2381,"menu_order":0,"comment_status":"closed","ping_status":"closed","template":"","meta":{"footnotes":""},"class_list":["post-2186","page","type-page","status-publish","hentry"],"yoast_head":"<!-- This site is optimized with the Yoast SEO plugin v27.3 - https:\/\/yoast.com\/product\/yoast-seo-wordpress\/ -->\n<title>Creative Rosebud Awards - Calella Film Festival<\/title>\n<meta name=\"robots\" content=\"index, follow, max-snippet:-1, max-image-preview:large, max-video-preview:-1\" \/>\n<link rel=\"canonical\" href=\"https:\/\/www.maresmefilmfestival.com\/es\/concursos\/creative-rosebud-awards\/\" \/>\n<meta property=\"og:locale\" content=\"es_ES\" \/>\n<meta property=\"og:type\" content=\"article\" \/>\n<meta property=\"og:title\" content=\"Creative Rosebud Awards - Calella Film Festival\" \/>\n<meta property=\"og:description\" content=\"[vc_row][vc_column width=\u00bb1\/2&#8243;][vc_text_separator title=\u00bbCreative Rosebud Awards\u00bb color=\u00bbcustom\u00bb accent_color=\u00bb#d3ab1d\u00bb][vc_column_text]La secci\u00f3n especial Creative Rosebud Awards, busca crear un sello de calidad mediante la selecci\u00f3n de pel\u00edculas del a\u00f1o que m\u00e1s han destacado por [&hellip;]\" \/>\n<meta property=\"og:url\" content=\"https:\/\/www.maresmefilmfestival.com\/es\/concursos\/creative-rosebud-awards\/\" \/>\n<meta property=\"og:site_name\" content=\"Calella Film Festival\" \/>\n<meta property=\"article:publisher\" content=\"https:\/\/www.facebook.com\/Festival-de-Cinema-de-Calella-536425489872034\/?ref=hl\" \/>\n<meta property=\"article:modified_time\" content=\"2026-02-27T10:14:52+00:00\" \/>\n<meta name=\"twitter:card\" content=\"summary_large_image\" \/>\n<meta name=\"twitter:site\" content=\"@CalellaFilmFest\" \/>\n<meta name=\"twitter:label1\" content=\"Tiempo de lectura\" \/>\n\t<meta name=\"twitter:data1\" content=\"1 minuto\" \/>\n<script type=\"application\/ld+json\" class=\"yoast-schema-graph\">{\"@context\":\"https:\\\/\\\/schema.org\",\"@graph\":[{\"@type\":\"WebPage\",\"@id\":\"https:\\\/\\\/www.maresmefilmfestival.com\\\/es\\\/concursos\\\/creative-rosebud-awards\\\/\",\"url\":\"https:\\\/\\\/www.maresmefilmfestival.com\\\/es\\\/concursos\\\/creative-rosebud-awards\\\/\",\"name\":\"Creative Rosebud Awards - Calella Film Festival\",\"isPartOf\":{\"@id\":\"https:\\\/\\\/www.maresmefilmfestival.com\\\/es\\\/#website\"},\"datePublished\":\"2020-06-09T09:11:32+00:00\",\"dateModified\":\"2026-02-27T10:14:52+00:00\",\"breadcrumb\":{\"@id\":\"https:\\\/\\\/www.maresmefilmfestival.com\\\/es\\\/concursos\\\/creative-rosebud-awards\\\/#breadcrumb\"},\"inLanguage\":\"es\",\"potentialAction\":[{\"@type\":\"ReadAction\",\"target\":[\"https:\\\/\\\/www.maresmefilmfestival.com\\\/es\\\/concursos\\\/creative-rosebud-awards\\\/\"]}]},{\"@type\":\"BreadcrumbList\",\"@id\":\"https:\\\/\\\/www.maresmefilmfestival.com\\\/es\\\/concursos\\\/creative-rosebud-awards\\\/#breadcrumb\",\"itemListElement\":[{\"@type\":\"ListItem\",\"position\":1,\"name\":\"Portada\",\"item\":\"https:\\\/\\\/www.maresmefilmfestival.com\\\/es\\\/\"},{\"@type\":\"ListItem\",\"position\":2,\"name\":\"CONCURSOS\",\"item\":\"https:\\\/\\\/www.maresmefilmfestival.com\\\/es\\\/concursos\\\/\"},{\"@type\":\"ListItem\",\"position\":3,\"name\":\"Creative Rosebud Awards\"}]},{\"@type\":\"WebSite\",\"@id\":\"https:\\\/\\\/www.maresmefilmfestival.com\\\/es\\\/#website\",\"url\":\"https:\\\/\\\/www.maresmefilmfestival.com\\\/es\\\/\",\"name\":\"Calella Film Festival\",\"description\":\"Festival de Cinema\",\"potentialAction\":[{\"@type\":\"SearchAction\",\"target\":{\"@type\":\"EntryPoint\",\"urlTemplate\":\"https:\\\/\\\/www.maresmefilmfestival.com\\\/es\\\/?s={search_term_string}\"},\"query-input\":{\"@type\":\"PropertyValueSpecification\",\"valueRequired\":true,\"valueName\":\"search_term_string\"}}],\"inLanguage\":\"es\"}]}<\/script>\n<!-- \/ Yoast SEO plugin. -->","yoast_head_json":{"title":"Creative Rosebud Awards - Calella Film Festival","robots":{"index":"index","follow":"follow","max-snippet":"max-snippet:-1","max-image-preview":"max-image-preview:large","max-video-preview":"max-video-preview:-1"},"canonical":"https:\/\/www.maresmefilmfestival.com\/es\/concursos\/creative-rosebud-awards\/","og_locale":"es_ES","og_type":"article","og_title":"Creative Rosebud Awards - Calella Film Festival","og_description":"[vc_row][vc_column width=\u00bb1\/2&#8243;][vc_text_separator title=\u00bbCreative Rosebud Awards\u00bb color=\u00bbcustom\u00bb accent_color=\u00bb#d3ab1d\u00bb][vc_column_text]La secci\u00f3n especial Creative Rosebud Awards, busca crear un sello de calidad mediante la selecci\u00f3n de pel\u00edculas del a\u00f1o que m\u00e1s han destacado por [&hellip;]","og_url":"https:\/\/www.maresmefilmfestival.com\/es\/concursos\/creative-rosebud-awards\/","og_site_name":"Calella Film Festival","article_publisher":"https:\/\/www.facebook.com\/Festival-de-Cinema-de-Calella-536425489872034\/?ref=hl","article_modified_time":"2026-02-27T10:14:52+00:00","twitter_card":"summary_large_image","twitter_site":"@CalellaFilmFest","twitter_misc":{"Tiempo de lectura":"1 minuto"},"schema":{"@context":"https:\/\/schema.org","@graph":[{"@type":"WebPage","@id":"https:\/\/www.maresmefilmfestival.com\/es\/concursos\/creative-rosebud-awards\/","url":"https:\/\/www.maresmefilmfestival.com\/es\/concursos\/creative-rosebud-awards\/","name":"Creative Rosebud Awards - Calella Film Festival","isPartOf":{"@id":"https:\/\/www.maresmefilmfestival.com\/es\/#website"},"datePublished":"2020-06-09T09:11:32+00:00","dateModified":"2026-02-27T10:14:52+00:00","breadcrumb":{"@id":"https:\/\/www.maresmefilmfestival.com\/es\/concursos\/creative-rosebud-awards\/#breadcrumb"},"inLanguage":"es","potentialAction":[{"@type":"ReadAction","target":["https:\/\/www.maresmefilmfestival.com\/es\/concursos\/creative-rosebud-awards\/"]}]},{"@type":"BreadcrumbList","@id":"https:\/\/www.maresmefilmfestival.com\/es\/concursos\/creative-rosebud-awards\/#breadcrumb","itemListElement":[{"@type":"ListItem","position":1,"name":"Portada","item":"https:\/\/www.maresmefilmfestival.com\/es\/"},{"@type":"ListItem","position":2,"name":"CONCURSOS","item":"https:\/\/www.maresmefilmfestival.com\/es\/concursos\/"},{"@type":"ListItem","position":3,"name":"Creative Rosebud Awards"}]},{"@type":"WebSite","@id":"https:\/\/www.maresmefilmfestival.com\/es\/#website","url":"https:\/\/www.maresmefilmfestival.com\/es\/","name":"Calella Film Festival","description":"Festival de Cinema","potentialAction":[{"@type":"SearchAction","target":{"@type":"EntryPoint","urlTemplate":"https:\/\/www.maresmefilmfestival.com\/es\/?s={search_term_string}"},"query-input":{"@type":"PropertyValueSpecification","valueRequired":true,"valueName":"search_term_string"}}],"inLanguage":"es"}]}},"_links":{"self":[{"href":"https:\/\/www.maresmefilmfestival.com\/es\/wp-json\/wp\/v2\/pages\/2186","targetHints":{"allow":["GET"]}}],"collection":[{"href":"https:\/\/www.maresmefilmfestival.com\/es\/wp-json\/wp\/v2\/pages"}],"about":[{"href":"https:\/\/www.maresmefilmfestival.com\/es\/wp-json\/wp\/v2\/types\/page"}],"author":[{"embeddable":true,"href":"https:\/\/www.maresmefilmfestival.com\/es\/wp-json\/wp\/v2\/users\/1"}],"replies":[{"embeddable":true,"href":"https:\/\/www.maresmefilmfestival.com\/es\/wp-json\/wp\/v2\/comments?post=2186"}],"version-history":[{"count":0,"href":"https:\/\/www.maresmefilmfestival.com\/es\/wp-json\/wp\/v2\/pages\/2186\/revisions"}],"up":[{"embeddable":true,"href":"https:\/\/www.maresmefilmfestival.com\/es\/wp-json\/wp\/v2\/pages\/2381"}],"wp:attachment":[{"href":"https:\/\/www.maresmefilmfestival.com\/es\/wp-json\/wp\/v2\/media?parent=2186"}],"curies":[{"name":"wp","href":"https:\/\/api.w.org\/{rel}","templated":true}]}}