{"id":2178,"date":"2019-01-09T11:11:20","date_gmt":"2019-01-09T10:11:20","guid":{"rendered":"http:\/\/www.maresmefilmfestival.com\/es\/low-cost\/"},"modified":"2026-02-27T11:10:07","modified_gmt":"2026-02-27T10:10:07","slug":"low-cost","status":"publish","type":"page","link":"https:\/\/www.maresmefilmfestival.com\/es\/concursos\/low-cost\/","title":{"rendered":"Low Budget"},"content":{"rendered":"<div class=\"wpb-content-wrapper\"><p>[vc_row][vc_column width=\u00bb1\/2&#8243;][vc_text_separator title=\u00bbLow Budget\u00bb color=\u00bbcustom\u00bb accent_color=\u00bb#d3ab1d\u00bb][vc_column_text]<\/p>\n<p style=\"text-align: justify;\">Low Budget Films, competir\u00e1n los largometrajes seleccionados como mejores producciones del a\u00f1o en el \u00e1mbito internacional, con inversi\u00f3n inferior a los 500.000 euros.<\/p>\n<p>La manera tanto de producir como de difundir los contenidos est\u00e1n cambiando, la distribuci\u00f3n y los medios de consumo tambi\u00e9n est\u00e1n cambiando radicalmente.<\/p>\n<p>Las grandes producciones est\u00e1n al alcance de muy pocos profesionales y las nuevas generaciones se tienen que adaptar y conseguir finalizar largometrajes con presupuestos irrisorios, financiados en gran medida por peque\u00f1as productoras, amigos, familiares y campa\u00f1as de crowfunding.<\/p>\n<p>El festival quiere valorar estas producciones y premiar el enorme m\u00e9rito que representa salir adelante proyectos tan ambiciosos e ilusionantes.<\/p>\n<p>Desde el festival de Calella tenemos el prop\u00f3sito de dar difusi\u00f3n a estas pel\u00edculas que no han contado ni con los recursos de una gran productora ni con los de subvenciones p\u00fablicas que a\u00f1o tras a\u00f1o han ido menguando. Pero que si que han contado con el empuj\u00f3n de un director, para el que lo m\u00e1s importante es sacar adelante su historia y con este objetivo ha convencido a multitud de personas del sector, productores, directores de fotograf\u00eda y arte, actores, montadores y otros profesionales y amigos porque lo ayuden en esta tarea fara\u00f3nica, en la que todo el mundo aporta su talento, muchas veces sin remuneraci\u00f3n.<\/p>\n<p>El objetivo de esta secci\u00f3n competitiva ser\u00e1 dar voz y premiar a estos j\u00f3venes profesionales que nos hacen posible disfrutar de estas fant\u00e1sticas historias donde el talento y la creatividad, acaban rompiendo las barreras de las restricciones econ\u00f3micas.<\/p>\n<p>Lo m\u00e1s importante no es como lo explicas, sino el fondo del que explicas.[\/vc_column_text][\/vc_column][vc_column width=\u00bb1\/2&#8243;][vc_empty_space height=\u00bb50px\u00bb][vc_single_image image=\u00bb10230&#8243; img_size=\u00bbfull\u00bb alignment=\u00bbcenter\u00bb onclick=\u00bbcustom_link\u00bb css=\u00bb\u00bb link=\u00bbhttps:\/\/www.maresmefilmfestival.com\/wp-content\/uploads\/2026\/02\/BasesLegals_LOWBUDGET_ES_2026.pdf\u00bb][vc_empty_space height=\u00bb50px\u00bb][\/vc_column][\/vc_row]<\/p>\n<\/div>","protected":false},"excerpt":{"rendered":"<p>[vc_row][vc_column width=\u00bb1\/2&#8243;][vc_text_separator title=\u00bbLow Budget\u00bb color=\u00bbcustom\u00bb accent_color=\u00bb#d3ab1d\u00bb][vc_column_text] Low Budget Films, competir\u00e1n los largometrajes seleccionados como mejores producciones del a\u00f1o en el \u00e1mbito internacional, con inversi\u00f3n inferior a los 500.000 euros. La [&hellip;]<\/p>\n","protected":false},"author":1,"featured_media":0,"parent":2381,"menu_order":0,"comment_status":"closed","ping_status":"closed","template":"","meta":{"footnotes":""},"class_list":["post-2178","page","type-page","status-publish","hentry"],"yoast_head":"<!-- This site is optimized with the Yoast SEO plugin v27.4 - https:\/\/yoast.com\/product\/yoast-seo-wordpress\/ -->\n<title>Low Budget - Calella Film Festival<\/title>\n<meta name=\"robots\" content=\"index, follow, max-snippet:-1, max-image-preview:large, max-video-preview:-1\" \/>\n<link rel=\"canonical\" href=\"https:\/\/www.maresmefilmfestival.com\/es\/concursos\/low-cost\/\" \/>\n<meta property=\"og:locale\" content=\"es_ES\" \/>\n<meta property=\"og:type\" content=\"article\" \/>\n<meta property=\"og:title\" content=\"Low Budget - Calella Film Festival\" \/>\n<meta property=\"og:description\" content=\"[vc_row][vc_column width=\u00bb1\/2&#8243;][vc_text_separator title=\u00bbLow Budget\u00bb color=\u00bbcustom\u00bb accent_color=\u00bb#d3ab1d\u00bb][vc_column_text] Low Budget Films, competir\u00e1n los largometrajes seleccionados como mejores producciones del a\u00f1o en el \u00e1mbito internacional, con inversi\u00f3n inferior a los 500.000 euros. La [&hellip;]\" \/>\n<meta property=\"og:url\" content=\"https:\/\/www.maresmefilmfestival.com\/es\/concursos\/low-cost\/\" \/>\n<meta property=\"og:site_name\" content=\"Calella Film Festival\" \/>\n<meta property=\"article:publisher\" content=\"https:\/\/www.facebook.com\/Festival-de-Cinema-de-Calella-536425489872034\/?ref=hl\" \/>\n<meta property=\"article:modified_time\" content=\"2026-02-27T10:10:07+00:00\" \/>\n<meta name=\"twitter:card\" content=\"summary_large_image\" \/>\n<meta name=\"twitter:site\" content=\"@CalellaFilmFest\" \/>\n<meta name=\"twitter:label1\" content=\"Tiempo de lectura\" \/>\n\t<meta name=\"twitter:data1\" content=\"2 minutos\" \/>\n<script type=\"application\/ld+json\" class=\"yoast-schema-graph\">{\"@context\":\"https:\\\/\\\/schema.org\",\"@graph\":[{\"@type\":\"WebPage\",\"@id\":\"https:\\\/\\\/www.maresmefilmfestival.com\\\/es\\\/concursos\\\/low-cost\\\/\",\"url\":\"https:\\\/\\\/www.maresmefilmfestival.com\\\/es\\\/concursos\\\/low-cost\\\/\",\"name\":\"Low Budget - Calella Film Festival\",\"isPartOf\":{\"@id\":\"https:\\\/\\\/www.maresmefilmfestival.com\\\/es\\\/#website\"},\"datePublished\":\"2019-01-09T10:11:20+00:00\",\"dateModified\":\"2026-02-27T10:10:07+00:00\",\"breadcrumb\":{\"@id\":\"https:\\\/\\\/www.maresmefilmfestival.com\\\/es\\\/concursos\\\/low-cost\\\/#breadcrumb\"},\"inLanguage\":\"es\",\"potentialAction\":[{\"@type\":\"ReadAction\",\"target\":[\"https:\\\/\\\/www.maresmefilmfestival.com\\\/es\\\/concursos\\\/low-cost\\\/\"]}]},{\"@type\":\"BreadcrumbList\",\"@id\":\"https:\\\/\\\/www.maresmefilmfestival.com\\\/es\\\/concursos\\\/low-cost\\\/#breadcrumb\",\"itemListElement\":[{\"@type\":\"ListItem\",\"position\":1,\"name\":\"Portada\",\"item\":\"https:\\\/\\\/www.maresmefilmfestival.com\\\/es\\\/\"},{\"@type\":\"ListItem\",\"position\":2,\"name\":\"CONCURSOS\",\"item\":\"https:\\\/\\\/www.maresmefilmfestival.com\\\/es\\\/concursos\\\/\"},{\"@type\":\"ListItem\",\"position\":3,\"name\":\"Low Budget\"}]},{\"@type\":\"WebSite\",\"@id\":\"https:\\\/\\\/www.maresmefilmfestival.com\\\/es\\\/#website\",\"url\":\"https:\\\/\\\/www.maresmefilmfestival.com\\\/es\\\/\",\"name\":\"Calella Film Festival\",\"description\":\"Festival de Cinema\",\"potentialAction\":[{\"@type\":\"SearchAction\",\"target\":{\"@type\":\"EntryPoint\",\"urlTemplate\":\"https:\\\/\\\/www.maresmefilmfestival.com\\\/es\\\/?s={search_term_string}\"},\"query-input\":{\"@type\":\"PropertyValueSpecification\",\"valueRequired\":true,\"valueName\":\"search_term_string\"}}],\"inLanguage\":\"es\"}]}<\/script>\n<!-- \/ Yoast SEO plugin. -->","yoast_head_json":{"title":"Low Budget - Calella Film Festival","robots":{"index":"index","follow":"follow","max-snippet":"max-snippet:-1","max-image-preview":"max-image-preview:large","max-video-preview":"max-video-preview:-1"},"canonical":"https:\/\/www.maresmefilmfestival.com\/es\/concursos\/low-cost\/","og_locale":"es_ES","og_type":"article","og_title":"Low Budget - Calella Film Festival","og_description":"[vc_row][vc_column width=\u00bb1\/2&#8243;][vc_text_separator title=\u00bbLow Budget\u00bb color=\u00bbcustom\u00bb accent_color=\u00bb#d3ab1d\u00bb][vc_column_text] Low Budget Films, competir\u00e1n los largometrajes seleccionados como mejores producciones del a\u00f1o en el \u00e1mbito internacional, con inversi\u00f3n inferior a los 500.000 euros. La [&hellip;]","og_url":"https:\/\/www.maresmefilmfestival.com\/es\/concursos\/low-cost\/","og_site_name":"Calella Film Festival","article_publisher":"https:\/\/www.facebook.com\/Festival-de-Cinema-de-Calella-536425489872034\/?ref=hl","article_modified_time":"2026-02-27T10:10:07+00:00","twitter_card":"summary_large_image","twitter_site":"@CalellaFilmFest","twitter_misc":{"Tiempo de lectura":"2 minutos"},"schema":{"@context":"https:\/\/schema.org","@graph":[{"@type":"WebPage","@id":"https:\/\/www.maresmefilmfestival.com\/es\/concursos\/low-cost\/","url":"https:\/\/www.maresmefilmfestival.com\/es\/concursos\/low-cost\/","name":"Low Budget - Calella Film Festival","isPartOf":{"@id":"https:\/\/www.maresmefilmfestival.com\/es\/#website"},"datePublished":"2019-01-09T10:11:20+00:00","dateModified":"2026-02-27T10:10:07+00:00","breadcrumb":{"@id":"https:\/\/www.maresmefilmfestival.com\/es\/concursos\/low-cost\/#breadcrumb"},"inLanguage":"es","potentialAction":[{"@type":"ReadAction","target":["https:\/\/www.maresmefilmfestival.com\/es\/concursos\/low-cost\/"]}]},{"@type":"BreadcrumbList","@id":"https:\/\/www.maresmefilmfestival.com\/es\/concursos\/low-cost\/#breadcrumb","itemListElement":[{"@type":"ListItem","position":1,"name":"Portada","item":"https:\/\/www.maresmefilmfestival.com\/es\/"},{"@type":"ListItem","position":2,"name":"CONCURSOS","item":"https:\/\/www.maresmefilmfestival.com\/es\/concursos\/"},{"@type":"ListItem","position":3,"name":"Low Budget"}]},{"@type":"WebSite","@id":"https:\/\/www.maresmefilmfestival.com\/es\/#website","url":"https:\/\/www.maresmefilmfestival.com\/es\/","name":"Calella Film Festival","description":"Festival de Cinema","potentialAction":[{"@type":"SearchAction","target":{"@type":"EntryPoint","urlTemplate":"https:\/\/www.maresmefilmfestival.com\/es\/?s={search_term_string}"},"query-input":{"@type":"PropertyValueSpecification","valueRequired":true,"valueName":"search_term_string"}}],"inLanguage":"es"}]}},"_links":{"self":[{"href":"https:\/\/www.maresmefilmfestival.com\/es\/wp-json\/wp\/v2\/pages\/2178","targetHints":{"allow":["GET"]}}],"collection":[{"href":"https:\/\/www.maresmefilmfestival.com\/es\/wp-json\/wp\/v2\/pages"}],"about":[{"href":"https:\/\/www.maresmefilmfestival.com\/es\/wp-json\/wp\/v2\/types\/page"}],"author":[{"embeddable":true,"href":"https:\/\/www.maresmefilmfestival.com\/es\/wp-json\/wp\/v2\/users\/1"}],"replies":[{"embeddable":true,"href":"https:\/\/www.maresmefilmfestival.com\/es\/wp-json\/wp\/v2\/comments?post=2178"}],"version-history":[{"count":0,"href":"https:\/\/www.maresmefilmfestival.com\/es\/wp-json\/wp\/v2\/pages\/2178\/revisions"}],"up":[{"embeddable":true,"href":"https:\/\/www.maresmefilmfestival.com\/es\/wp-json\/wp\/v2\/pages\/2381"}],"wp:attachment":[{"href":"https:\/\/www.maresmefilmfestival.com\/es\/wp-json\/wp\/v2\/media?parent=2178"}],"curies":[{"name":"wp","href":"https:\/\/api.w.org\/{rel}","templated":true}]}}