{"id":1762,"date":"2016-04-14T15:40:57","date_gmt":"2016-04-14T15:40:57","guid":{"rendered":"http:\/\/www.maresmefilmfestival.com\/es\/el-festival\/cicles-especials\/"},"modified":"2017-06-07T09:17:26","modified_gmt":"2017-06-07T08:17:26","slug":"ciclos-rosebud","status":"publish","type":"page","link":"https:\/\/www.maresmefilmfestival.com\/es\/el-festival\/ciclos-rosebud\/","title":{"rendered":"Ciclos Rosebud"},"content":{"rendered":"<div class=\"wpb-content-wrapper\"><p>[vc_row][vc_column width=\u00bb1\/4&#8243;][vc_single_image image=\u00bb3124&#8243; img_size=\u00bbfull\u00bb][\/vc_column][vc_column width=\u00bb3\/4&#8243;][vc_column_text]<\/p>\n<p style=\"text-align: justify;\"><strong>junio 25<\/strong> | 17:00h<\/p>\n<h2 style=\"text-align: justify;\"><strong><span style=\"color: #d3ab1d;\">Rogue One <\/span><\/strong><\/h2>\n<p>2016: Premios Oscar: Nominada a mejor sonido y efectos visuales<br \/>\n2016: Premios BAFTA: 2 nominaciones, inc. Mejores efectos especiales visuales<\/p>\n<p><strong>Sinopsis<\/strong><\/p>\n<p>El Imperio Gal\u00e1ctico ha terminado de construir el arma m\u00e1s poderosa de todas, la Estrella de la muerte, pero un grupo de rebeldes decide realizar una misi\u00f3n de muy alto riesgo: robar los planos de dicha estaci\u00f3n antes de que entre en operaciones, mientras se enfrentan tambi\u00e9n al poderoso Lord Sith conocido como Darth Vader, disc\u00edpulo del despiadado Emperador Palpatine. Film ambientado entre los episodios III y IV de Star Wars.[\/vc_column_text][vc_btn title=\u00bbVER TRAILER\u00bb style=\u00bbgradient\u00bb gradient_color_1=\u00bbblack\u00bb gradient_color_2=\u00bbgrey\u00bb shape=\u00bbround\u00bb size=\u00bbsm\u00bb link=\u00bburl:https%3A%2F%2Fyoutu.be%2FpIK5Mf9tjsw||target:%20_blank\u00bb][vc_btn title=\u00bbCOMPRA\u00bb style=\u00bbgradient\u00bb gradient_color_1=\u00bbjuicy-pink\u00bb gradient_color_2=\u00bborange\u00bb shape=\u00bbround\u00bb size=\u00bbsm\u00bb link=\u00bburl:https%3A%2F%2Fwww.4tickets.es%2Fcalellafilmfestival%2Fpublic%2Fjanto%2F%3FNivel%3DEvento%26idEvento%3DCFF14||target:%20_blank\u00bb][\/vc_column][\/vc_row][vc_row][vc_column][vc_separator][\/vc_column][\/vc_row][vc_row][vc_column width=\u00bb1\/4&#8243;][vc_single_image image=\u00bb3040&#8243; img_size=\u00bbfull\u00bb][\/vc_column][vc_column width=\u00bb3\/4&#8243;][vc_column_text]<\/p>\n<p style=\"text-align: justify;\"><strong>junio 25<\/strong> | 22:15h<\/p>\n<h2 style=\"text-align: justify;\"><strong><span style=\"color: #d3ab1d;\">Nocturnal Animals <\/span><\/strong><\/h2>\n<p>2016: Globos de Oro: Mejor actor sec. (Taylor-Johnson).<br \/>\n2016: Festival de Venecia: Gran Premio del Jurado<\/p>\n<p><strong>Sinopsis<\/strong><\/p>\n<p>Narra la historia de Susan Morrow, una mujer que tras abandonar a su primer marido, un escritor in\u00e9dito, vive ahora con un m\u00e9dico. De repente recibe un paquete en el que descubre la primera novela de su ex, quien en una nota le pide que por favor la lea, pues ella siempre fue su mejor cr\u00edtica. Susan lo hace y a medida que se sumerge en la narraci\u00f3n, la propia novela acaba olvidando la historia principal para acabar hechizada por este relato dentro del relato, s\u00edntoma evidente de que a la nueva vida de Susan le falta algo y deber\u00e1 explorar en su pasado para saber qu\u00e9 es lo que le impide seguir adelante.[\/vc_column_text][vc_btn title=\u00bbVER TRAILER\u00bb style=\u00bbgradient\u00bb gradient_color_1=\u00bbblack\u00bb gradient_color_2=\u00bbgrey\u00bb shape=\u00bbround\u00bb size=\u00bbsm\u00bb link=\u00bburl:https%3A%2F%2Fyoutu.be%2FlWaME_IjQNU%3Flist%3DPLvbs9GXlGXnv5sWMBHFJvY5BTrefhsLID||target:%20_blank\u00bb][vc_btn title=\u00bbCOMPRA\u00bb style=\u00bbgradient\u00bb gradient_color_1=\u00bbjuicy-pink\u00bb gradient_color_2=\u00bborange\u00bb shape=\u00bbround\u00bb size=\u00bbsm\u00bb link=\u00bburl:https%3A%2F%2Fwww.4tickets.es%2Fcalellafilmfestival%2Fpublic%2Fjanto%2F%3FNivel%3DEvento%26idEvento%3DCFF15||target:%20_blank\u00bb][\/vc_column][\/vc_row][vc_row][vc_column][vc_separator][\/vc_column][\/vc_row][vc_row][vc_column width=\u00bb1\/4&#8243;][vc_single_image image=\u00bb3035&#8243; img_size=\u00bbfull\u00bb][\/vc_column][vc_column width=\u00bb3\/4&#8243;][vc_column_text]<\/p>\n<p style=\"text-align: justify;\"><strong>junio 26<\/strong>\u00a0| 18:00h<\/p>\n<h2 style=\"text-align: justify;\"><strong><span style=\"color: #d3ab1d;\">Comancheria (Hell or high water)<\/span><\/strong><\/h2>\n<p><strong>Sinopsis<\/strong><\/p>\n<p>Toby (Chris Pine), un joven padre divorciado, y su impulsivo hermano Tanner (Ben Foster), un ex presidiario reci\u00e9n salido de la c\u00e1rcel, se dirigen al Oeste de Texas para realizar una serie de robos en unas pocas sucursales bancarias. El objetivo de Toby es intentar poder conseguir el dinero suficiente como para poder salvar la granja familiar, que est\u00e1 en peligro. Nada m\u00e1s cometer el primer robo, un veterano Ranger de Texas (Jeff Bridges) y su compa\u00f1ero ir\u00e1n tras la pista de los hermanos.<br \/>\n[\/vc_column_text][vc_btn title=\u00bbVER TRAILER\u00bb style=\u00bbgradient\u00bb gradient_color_1=\u00bbblack\u00bb gradient_color_2=\u00bbgrey\u00bb shape=\u00bbround\u00bb size=\u00bbsm\u00bb link=\u00bburl:https%3A%2F%2Fwww.youtube.com%2Fwatch%3Fv%3DBf02sfBnzJ8%26list%3DPLvbs9GXlGXnv5sWMBHFJvY5BTrefhsLID%26index%3D4||target:%20_blank\u00bb][vc_btn title=\u00bbCOMPRA\u00bb style=\u00bbgradient\u00bb gradient_color_1=\u00bbjuicy-pink\u00bb gradient_color_2=\u00bborange\u00bb shape=\u00bbround\u00bb size=\u00bbsm\u00bb link=\u00bburl:https%3A%2F%2Fwww.4tickets.es%2Fcalellafilmfestival%2Fpublic%2Fjanto%2F%3FNivel%3DEvento%26idEvento%3DCFF16||target:%20_blank\u00bb][\/vc_column][\/vc_row][vc_row][vc_column][vc_separator][\/vc_column][\/vc_row][vc_row][vc_column width=\u00bb1\/4&#8243;][vc_single_image image=\u00bb3038&#8243; img_size=\u00bbfull\u00bb][\/vc_column][vc_column width=\u00bb3\/4&#8243;][vc_column_text]<\/p>\n<p style=\"text-align: justify;\"><strong>junio 26<\/strong>\u00a0| 22:00h<\/p>\n<h2 style=\"text-align: justify;\"><strong><span style=\"color: #d3ab1d;\">I, Daniel Blake<\/span><\/strong><\/h2>\n<p>2016: Festival de Cannes: Palma de Oro<br \/>\n2016: Premios C\u00e9sar: Mejor pel\u00edcula extranjera<\/p>\n<p><strong>Sinopsis<\/strong><\/p>\n<p>Por primera vez en su vida, v\u00edctima de problemas cardiacos, Daniel Blake, carpintero ingl\u00e9s de 59 a\u00f1os, se ve obligado a acudir a la asistencia social. Sin embargo, a pesar de que el m\u00e9dico le ha prohibido trabajar, la administraci\u00f3n le obliga a buscar un empleo si no desea recibir una sanci\u00f3n. En la oficina de empleo, Daniel se cruza con Katie, una madre soltera con dos ni\u00f1os. Prisioneros de la mara\u00f1a de administrativa actual de Gran Breta\u00f1a, Daniel y Katie intentar\u00e1n ayudarse mutuamente.[\/vc_column_text][vc_btn title=\u00bbVER TRAILER\u00bb style=\u00bbgradient\u00bb gradient_color_1=\u00bbblack\u00bb gradient_color_2=\u00bbgrey\u00bb shape=\u00bbround\u00bb size=\u00bbsm\u00bb link=\u00bburl:https%3A%2F%2Fyoutu.be%2FXYeVA_PvPjs%3Flist%3DPLvbs9GXlGXnv5sWMBHFJvY5BTrefhsLID||target:%20_blank\u00bb][vc_btn title=\u00bbCOMPRA\u00bb style=\u00bbgradient\u00bb gradient_color_1=\u00bbjuicy-pink\u00bb gradient_color_2=\u00bborange\u00bb shape=\u00bbround\u00bb size=\u00bbsm\u00bb link=\u00bburl:https%3A%2F%2Fwww.4tickets.es%2Fcalellafilmfestival%2Fpublic%2Fjanto%2F%3FNivel%3DEvento%26idEvento%3DCFF17||target:%20_blank\u00bb][\/vc_column][\/vc_row][vc_row][vc_column][vc_separator][\/vc_column][\/vc_row][vc_row][vc_column width=\u00bb1\/4&#8243;][vc_single_image image=\u00bb3042&#8243; img_size=\u00bbfull\u00bb][\/vc_column][vc_column width=\u00bb3\/4&#8243;][vc_column_text]<\/p>\n<p style=\"text-align: justify;\"><strong>junio 27<\/strong>\u00a0| 22:00h<\/p>\n<h2 style=\"text-align: justify;\"><strong><span style=\"color: #d3ab1d;\">Melanie. The girl with all the gifts<\/span><\/strong><\/h2>\n<p>2016: Festival de Sitges: Mejor actriz (Sennia Nanua)<\/p>\n<p><strong>Sinopsis<\/strong><\/p>\n<p>En un futuro dist\u00f3pico, la sociedad est\u00e1 asediada por una enfermedad contagiosa que convierte a las v\u00edctimas en insaciables zombis. La \u00fanica oportunidad de la humanidad reside en un grupo de ni\u00f1os que son inmunes a los efectos de la pandemia. Los ni\u00f1os est\u00e1n refugiados en una base militar situada en un pueblo perdido de Inglaterra. All\u00ed, los peque\u00f1os son estudiados, ya que son capaces de pensar y sentir a pesar de haber sido infectados, mientras los cient\u00edficos buscan una cura. Una de esas ni\u00f1as, Melanie, destacar\u00e1 por encima del resto, provocando que el futuro de la raza humana dependa de ella.[\/vc_column_text][vc_btn title=\u00bbVER TRAILER\u00bb style=\u00bbgradient\u00bb gradient_color_1=\u00bbblack\u00bb gradient_color_2=\u00bbgrey\u00bb shape=\u00bbround\u00bb size=\u00bbsm\u00bb link=\u00bburl:https%3A%2F%2Fyoutu.be%2FokoLXbsNORw%3Flist%3DPLvbs9GXlGXnv5sWMBHFJvY5BTrefhsLID||target:%20_blank\u00bb][vc_btn title=\u00bbCOMPRA\u00bb style=\u00bbgradient\u00bb gradient_color_1=\u00bbjuicy-pink\u00bb gradient_color_2=\u00bborange\u00bb shape=\u00bbround\u00bb size=\u00bbsm\u00bb link=\u00bburl:https%3A%2F%2Fwww.4tickets.es%2Fcalellafilmfestival%2Fpublic%2Fjanto%2F%3FNivel%3DEvento%26idEvento%3DCFF18||target:%20_blank\u00bb][\/vc_column][\/vc_row][vc_row][vc_column][vc_separator][\/vc_column][\/vc_row][vc_row][vc_column width=\u00bb1\/4&#8243;][vc_single_image image=\u00bb3037&#8243; img_size=\u00bbfull\u00bb][\/vc_column][vc_column width=\u00bb3\/4&#8243;][vc_column_text]<\/p>\n<p style=\"text-align: justify;\"><strong>junio 28<\/strong>\u00a0| 22:00h<\/p>\n<h2 style=\"text-align: justify;\"><strong><span style=\"color: #d3ab1d;\">Figuras Ocultas<\/span><\/strong><\/h2>\n<p>2016: Premios Oscar: 3 nominaciones incl. mejor pel\u00edcula y actriz sec. (Spencer)<br \/>\n2016: Premios BAFTA: Nominada a Mejor gui\u00f3n adaptado<\/p>\n<p><strong>Sinopsis<\/strong><\/p>\n<p>Narra la historia nunca contada de tres brillantes mujeres cient\u00edficas afroamericanas que trabajaron en la NASA a comienzos de los a\u00f1os sesenta (en plena carrera espacial, y asimismo en mitad de la lucha por los derechos civiles de los negros estadounidenses) en el ambicioso proyecto de poner en \u00f3rbita al astronauta John Glenn.[\/vc_column_text][vc_btn title=\u00bbVER TRAILER\u00bb style=\u00bbgradient\u00bb gradient_color_1=\u00bbblack\u00bb gradient_color_2=\u00bbgrey\u00bb shape=\u00bbround\u00bb size=\u00bbsm\u00bb link=\u00bburl:https%3A%2F%2Fyoutu.be%2FycUwnJIK8vE%3Flist%3DPLvbs9GXlGXnv5sWMBHFJvY5BTrefhsLID||target:%20_blank\u00bb][vc_btn title=\u00bbCOMPRA\u00bb style=\u00bbgradient\u00bb gradient_color_1=\u00bbjuicy-pink\u00bb gradient_color_2=\u00bborange\u00bb shape=\u00bbround\u00bb size=\u00bbsm\u00bb link=\u00bburl:https%3A%2F%2Fwww.4tickets.es%2Fcalellafilmfestival%2Fpublic%2Fjanto%2F%3FNivel%3DEvento%26idEvento%3DCFF19||target:%20_blank\u00bb][\/vc_column][\/vc_row][vc_row][vc_column][vc_separator][\/vc_column][\/vc_row][vc_row][vc_column width=\u00bb1\/4&#8243;][vc_single_image image=\u00bb3039&#8243; img_size=\u00bbfull\u00bb][\/vc_column][vc_column width=\u00bb3\/4&#8243;][vc_column_text]<\/p>\n<p style=\"text-align: justify;\"><strong>junio 29<\/strong>\u00a0| 22:00h<\/p>\n<h2 style=\"text-align: justify;\"><strong><span style=\"color: #d3ab1d;\">Lion<\/span><\/strong><\/h2>\n<p>2016: Premios Oscar: 6 nominaciones incluyendo mejor pel\u00edcula y actor sec. (Patel)<br \/>\n2016: Globos de Oro: 4 nominaciones, incluyendo Mejor pel\u00edcula drama<br \/>\n2016: Premios BAFTA: Mejor guion adaptado y actor secundario (Patel)<\/p>\n<p><strong>Sinopsis<\/strong><\/p>\n<p>Saroo Brierley es un ni\u00f1o que con tan s\u00f3lo cinco a\u00f1os se perdi\u00f3 en las calles de Calcuta, a miles de kil\u00f3metros de casa. Tras un largo viaje acab\u00f3 siendo adoptado por una pareja australiana. Veinticinco a\u00f1os despu\u00e9s, con la \u00fanica ayuda de Google Earth, Saroo intentar\u00e1 encontrar a su familia biol\u00f3gica.[\/vc_column_text][vc_btn title=\u00bbVER TRAILER\u00bb style=\u00bbgradient\u00bb gradient_color_1=\u00bbblack\u00bb gradient_color_2=\u00bbgrey\u00bb shape=\u00bbround\u00bb size=\u00bbsm\u00bb link=\u00bburl:https%3A%2F%2Fyoutu.be%2F5z-_m2ykGrw%3Flist%3DPLvbs9GXlGXnv5sWMBHFJvY5BTrefhsLID||target:%20_blank\u00bb][vc_btn title=\u00bbCOMPRA\u00bb style=\u00bbgradient\u00bb gradient_color_1=\u00bbjuicy-pink\u00bb gradient_color_2=\u00bborange\u00bb shape=\u00bbround\u00bb size=\u00bbsm\u00bb link=\u00bburl:https%3A%2F%2Fwww.4tickets.es%2Fcalellafilmfestival%2Fpublic%2Fjanto%2F%3FNivel%3DEvento%26idEvento%3DCFF20||target:%20_blank\u00bb][\/vc_column][\/vc_row][vc_row][vc_column][vc_separator][\/vc_column][\/vc_row][vc_row][vc_column width=\u00bb1\/4&#8243;][vc_single_image image=\u00bb3036&#8243; img_size=\u00bbfull\u00bb][\/vc_column][vc_column width=\u00bb3\/4&#8243;][vc_column_text]<\/p>\n<p style=\"text-align: justify;\"><strong>junio 30<\/strong>\u00a0| 17:30h<\/p>\n<h2 style=\"text-align: justify;\"><strong><span style=\"color: #d3ab1d;\">El ciudadano ilustre<\/span><\/strong><\/h2>\n<p>2016: Festival de Venecia: Mejor actor (Oscar Mart\u00ednez); nominado a Mejor film<br \/>\n2016: Premios Goya: Mejor pel\u00edcula hispanoamericana<\/p>\n<p><strong>Sinopsis<\/strong><\/p>\n<p>Es la historia de un escritor argentino, Premio Nobel de Literatura, que hace cuarenta a\u00f1os abandon\u00f3 su pueblo y parti\u00f3 hacia Europa, donde triunf\u00f3 escribiendo sobre su localidad natal y sus personajes. En el pico de su carrera, el alcalde de ese pueblo donde naci\u00f3 le invita para nombrarle \u00abCiudadano Ilustre\u00bb del mismo, y \u00e9l decide cancelar su apretada agenda y aceptar la invitaci\u00f3n. [\/vc_column_text][vc_btn title=\u00bbVER TRAILER\u00bb style=\u00bbgradient\u00bb gradient_color_1=\u00bbblack\u00bb gradient_color_2=\u00bbgrey\u00bb shape=\u00bbround\u00bb size=\u00bbsm\u00bb link=\u00bburl:https%3A%2F%2Fyoutu.be%2F-T25dPTQ_Vc%3Flist%3DPLvbs9GXlGXnv5sWMBHFJvY5BTrefhsLID||target:%20_blank\u00bb][vc_btn title=\u00bbCOMPRA\u00bb style=\u00bbgradient\u00bb gradient_color_1=\u00bbjuicy-pink\u00bb gradient_color_2=\u00bborange\u00bb shape=\u00bbround\u00bb size=\u00bbsm\u00bb link=\u00bburl:https%3A%2F%2Fwww.4tickets.es%2Fcalellafilmfestival%2Fpublic%2Fjanto%2F%3FNivel%3DEvento%26idEvento%3DCFF21||target:%20_blank\u00bb][\/vc_column][\/vc_row][vc_row][vc_column][vc_separator][\/vc_column][\/vc_row][vc_row][vc_column width=\u00bb1\/4&#8243;][vc_single_image image=\u00bb3043&#8243; img_size=\u00bbfull\u00bb][\/vc_column][vc_column width=\u00bb3\/4&#8243;][vc_column_text]<\/p>\n<p style=\"text-align: justify;\"><strong>junio 30<\/strong>\u00a0| 22:00h<\/p>\n<h2 style=\"text-align: justify;\"><strong><span style=\"color: #d3ab1d;\">La Donzella (The Handmaiden)<\/span><\/strong><\/h2>\n<p>Festival Sitges: premio del p\u00fablico<\/p>\n<p><strong>Sinopsis<\/strong><\/p>\n<p>Corea, d\u00e9cada de 1930, durante la colonizaci\u00f3n japonesa. Una joven, Sookee, es contratada como criada de una rica mujer japonesa, Hideko, que vive recluida en una gran mansi\u00f3n bajo la influencia de un tirano. Sookee guarda un secreto, y con la ayuda de un estafador que se hace pasar por un conde japon\u00e9s, planea algo para Hideko.[\/vc_column_text][vc_btn title=\u00bbVER TRAILER\u00bb style=\u00bbgradient\u00bb gradient_color_1=\u00bbblack\u00bb gradient_color_2=\u00bbgrey\u00bb shape=\u00bbround\u00bb size=\u00bbsm\u00bb link=\u00bburl:https%3A%2F%2Fyoutu.be%2FOPwpEqoNtbU%3Flist%3DPLvbs9GXlGXnv5sWMBHFJvY5BTrefhsLID||target:%20_blank\u00bb][vc_btn title=\u00bbCOMPRA\u00bb style=\u00bbgradient\u00bb gradient_color_1=\u00bbjuicy-pink\u00bb gradient_color_2=\u00bborange\u00bb shape=\u00bbround\u00bb size=\u00bbsm\u00bb link=\u00bburl:https%3A%2F%2Fwww.4tickets.es%2Fcalellafilmfestival%2Fpublic%2Fjanto%2F%3FNivel%3DEvento%26idEvento%3DCFF22||target:%20_blank\u00bb][\/vc_column][\/vc_row][vc_row][vc_column][vc_separator][\/vc_column][\/vc_row]<\/p>\n<\/div>","protected":false},"excerpt":{"rendered":"<p>[vc_row][vc_column width=\u00bb1\/4&#8243;][vc_single_image image=\u00bb3124&#8243; img_size=\u00bbfull\u00bb][\/vc_column][vc_column width=\u00bb3\/4&#8243;][vc_column_text] junio 25 | 17:00h Rogue One 2016: Premios Oscar: Nominada a mejor sonido y efectos visuales 2016: Premios BAFTA: 2 nominaciones, inc. Mejores efectos especiales [&hellip;]<\/p>\n","protected":false},"author":1,"featured_media":3125,"parent":1758,"menu_order":0,"comment_status":"closed","ping_status":"closed","template":"","meta":{"footnotes":""},"class_list":["post-1762","page","type-page","status-publish","has-post-thumbnail","hentry"],"yoast_head":"<!-- This site is optimized with the Yoast SEO plugin v27.4 - https:\/\/yoast.com\/product\/yoast-seo-wordpress\/ -->\n<title>Ciclos Rosebud - Calella Film Festival<\/title>\n<meta name=\"robots\" content=\"index, follow, max-snippet:-1, max-image-preview:large, max-video-preview:-1\" \/>\n<link rel=\"canonical\" href=\"https:\/\/www.maresmefilmfestival.com\/es\/el-festival\/ciclos-rosebud\/\" \/>\n<meta property=\"og:locale\" content=\"es_ES\" \/>\n<meta property=\"og:type\" content=\"article\" \/>\n<meta property=\"og:title\" content=\"Ciclos Rosebud - Calella Film Festival\" \/>\n<meta property=\"og:description\" content=\"[vc_row][vc_column width=\u00bb1\/4&#8243;][vc_single_image image=\u00bb3124&#8243; img_size=\u00bbfull\u00bb][\/vc_column][vc_column width=\u00bb3\/4&#8243;][vc_column_text] junio 25 | 17:00h Rogue One 2016: Premios Oscar: Nominada a mejor sonido y efectos visuales 2016: Premios BAFTA: 2 nominaciones, inc. Mejores efectos especiales [&hellip;]\" \/>\n<meta property=\"og:url\" content=\"https:\/\/www.maresmefilmfestival.com\/es\/el-festival\/ciclos-rosebud\/\" \/>\n<meta property=\"og:site_name\" content=\"Calella Film Festival\" \/>\n<meta property=\"article:publisher\" content=\"https:\/\/www.facebook.com\/Festival-de-Cinema-de-Calella-536425489872034\/?ref=hl\" \/>\n<meta property=\"article:modified_time\" content=\"2017-06-07T08:17:26+00:00\" \/>\n<meta property=\"og:image\" content=\"https:\/\/www.maresmefilmfestival.com\/wp-content\/uploads\/2017\/06\/CicleRosebud.jpg\" \/>\n\t<meta property=\"og:image:width\" content=\"567\" \/>\n\t<meta property=\"og:image:height\" content=\"499\" \/>\n\t<meta property=\"og:image:type\" content=\"image\/jpeg\" \/>\n<meta name=\"twitter:card\" content=\"summary_large_image\" \/>\n<meta name=\"twitter:site\" content=\"@CalellaFilmFest\" \/>\n<meta name=\"twitter:label1\" content=\"Tiempo de lectura\" \/>\n\t<meta name=\"twitter:data1\" content=\"9 minutos\" \/>\n<script type=\"application\/ld+json\" class=\"yoast-schema-graph\">{\"@context\":\"https:\\\/\\\/schema.org\",\"@graph\":[{\"@type\":\"WebPage\",\"@id\":\"https:\\\/\\\/www.maresmefilmfestival.com\\\/es\\\/el-festival\\\/ciclos-rosebud\\\/\",\"url\":\"https:\\\/\\\/www.maresmefilmfestival.com\\\/es\\\/el-festival\\\/ciclos-rosebud\\\/\",\"name\":\"Ciclos Rosebud - Calella Film Festival\",\"isPartOf\":{\"@id\":\"https:\\\/\\\/www.maresmefilmfestival.com\\\/es\\\/#website\"},\"primaryImageOfPage\":{\"@id\":\"https:\\\/\\\/www.maresmefilmfestival.com\\\/es\\\/el-festival\\\/ciclos-rosebud\\\/#primaryimage\"},\"image\":{\"@id\":\"https:\\\/\\\/www.maresmefilmfestival.com\\\/es\\\/el-festival\\\/ciclos-rosebud\\\/#primaryimage\"},\"thumbnailUrl\":\"https:\\\/\\\/www.maresmefilmfestival.com\\\/wp-content\\\/uploads\\\/2017\\\/06\\\/CicleRosebud.jpg\",\"datePublished\":\"2016-04-14T15:40:57+00:00\",\"dateModified\":\"2017-06-07T08:17:26+00:00\",\"breadcrumb\":{\"@id\":\"https:\\\/\\\/www.maresmefilmfestival.com\\\/es\\\/el-festival\\\/ciclos-rosebud\\\/#breadcrumb\"},\"inLanguage\":\"es\",\"potentialAction\":[{\"@type\":\"ReadAction\",\"target\":[\"https:\\\/\\\/www.maresmefilmfestival.com\\\/es\\\/el-festival\\\/ciclos-rosebud\\\/\"]}]},{\"@type\":\"ImageObject\",\"inLanguage\":\"es\",\"@id\":\"https:\\\/\\\/www.maresmefilmfestival.com\\\/es\\\/el-festival\\\/ciclos-rosebud\\\/#primaryimage\",\"url\":\"https:\\\/\\\/www.maresmefilmfestival.com\\\/wp-content\\\/uploads\\\/2017\\\/06\\\/CicleRosebud.jpg\",\"contentUrl\":\"https:\\\/\\\/www.maresmefilmfestival.com\\\/wp-content\\\/uploads\\\/2017\\\/06\\\/CicleRosebud.jpg\",\"width\":\"567\",\"height\":\"499\"},{\"@type\":\"BreadcrumbList\",\"@id\":\"https:\\\/\\\/www.maresmefilmfestival.com\\\/es\\\/el-festival\\\/ciclos-rosebud\\\/#breadcrumb\",\"itemListElement\":[{\"@type\":\"ListItem\",\"position\":1,\"name\":\"Portada\",\"item\":\"https:\\\/\\\/www.maresmefilmfestival.com\\\/es\\\/\"},{\"@type\":\"ListItem\",\"position\":2,\"name\":\"EL FESTIVAL\",\"item\":\"https:\\\/\\\/www.maresmefilmfestival.com\\\/es\\\/el-festival\\\/\"},{\"@type\":\"ListItem\",\"position\":3,\"name\":\"Ciclos Rosebud\"}]},{\"@type\":\"WebSite\",\"@id\":\"https:\\\/\\\/www.maresmefilmfestival.com\\\/es\\\/#website\",\"url\":\"https:\\\/\\\/www.maresmefilmfestival.com\\\/es\\\/\",\"name\":\"Calella Film Festival\",\"description\":\"Festival de Cinema\",\"potentialAction\":[{\"@type\":\"SearchAction\",\"target\":{\"@type\":\"EntryPoint\",\"urlTemplate\":\"https:\\\/\\\/www.maresmefilmfestival.com\\\/es\\\/?s={search_term_string}\"},\"query-input\":{\"@type\":\"PropertyValueSpecification\",\"valueRequired\":true,\"valueName\":\"search_term_string\"}}],\"inLanguage\":\"es\"}]}<\/script>\n<!-- \/ Yoast SEO plugin. -->","yoast_head_json":{"title":"Ciclos Rosebud - Calella Film Festival","robots":{"index":"index","follow":"follow","max-snippet":"max-snippet:-1","max-image-preview":"max-image-preview:large","max-video-preview":"max-video-preview:-1"},"canonical":"https:\/\/www.maresmefilmfestival.com\/es\/el-festival\/ciclos-rosebud\/","og_locale":"es_ES","og_type":"article","og_title":"Ciclos Rosebud - Calella Film Festival","og_description":"[vc_row][vc_column width=\u00bb1\/4&#8243;][vc_single_image image=\u00bb3124&#8243; img_size=\u00bbfull\u00bb][\/vc_column][vc_column width=\u00bb3\/4&#8243;][vc_column_text] junio 25 | 17:00h Rogue One 2016: Premios Oscar: Nominada a mejor sonido y efectos visuales 2016: Premios BAFTA: 2 nominaciones, inc. Mejores efectos especiales [&hellip;]","og_url":"https:\/\/www.maresmefilmfestival.com\/es\/el-festival\/ciclos-rosebud\/","og_site_name":"Calella Film Festival","article_publisher":"https:\/\/www.facebook.com\/Festival-de-Cinema-de-Calella-536425489872034\/?ref=hl","article_modified_time":"2017-06-07T08:17:26+00:00","og_image":[{"width":567,"height":499,"url":"https:\/\/www.maresmefilmfestival.com\/wp-content\/uploads\/2017\/06\/CicleRosebud.jpg","type":"image\/jpeg"}],"twitter_card":"summary_large_image","twitter_site":"@CalellaFilmFest","twitter_misc":{"Tiempo de lectura":"9 minutos"},"schema":{"@context":"https:\/\/schema.org","@graph":[{"@type":"WebPage","@id":"https:\/\/www.maresmefilmfestival.com\/es\/el-festival\/ciclos-rosebud\/","url":"https:\/\/www.maresmefilmfestival.com\/es\/el-festival\/ciclos-rosebud\/","name":"Ciclos Rosebud - Calella Film Festival","isPartOf":{"@id":"https:\/\/www.maresmefilmfestival.com\/es\/#website"},"primaryImageOfPage":{"@id":"https:\/\/www.maresmefilmfestival.com\/es\/el-festival\/ciclos-rosebud\/#primaryimage"},"image":{"@id":"https:\/\/www.maresmefilmfestival.com\/es\/el-festival\/ciclos-rosebud\/#primaryimage"},"thumbnailUrl":"https:\/\/www.maresmefilmfestival.com\/wp-content\/uploads\/2017\/06\/CicleRosebud.jpg","datePublished":"2016-04-14T15:40:57+00:00","dateModified":"2017-06-07T08:17:26+00:00","breadcrumb":{"@id":"https:\/\/www.maresmefilmfestival.com\/es\/el-festival\/ciclos-rosebud\/#breadcrumb"},"inLanguage":"es","potentialAction":[{"@type":"ReadAction","target":["https:\/\/www.maresmefilmfestival.com\/es\/el-festival\/ciclos-rosebud\/"]}]},{"@type":"ImageObject","inLanguage":"es","@id":"https:\/\/www.maresmefilmfestival.com\/es\/el-festival\/ciclos-rosebud\/#primaryimage","url":"https:\/\/www.maresmefilmfestival.com\/wp-content\/uploads\/2017\/06\/CicleRosebud.jpg","contentUrl":"https:\/\/www.maresmefilmfestival.com\/wp-content\/uploads\/2017\/06\/CicleRosebud.jpg","width":"567","height":"499"},{"@type":"BreadcrumbList","@id":"https:\/\/www.maresmefilmfestival.com\/es\/el-festival\/ciclos-rosebud\/#breadcrumb","itemListElement":[{"@type":"ListItem","position":1,"name":"Portada","item":"https:\/\/www.maresmefilmfestival.com\/es\/"},{"@type":"ListItem","position":2,"name":"EL FESTIVAL","item":"https:\/\/www.maresmefilmfestival.com\/es\/el-festival\/"},{"@type":"ListItem","position":3,"name":"Ciclos Rosebud"}]},{"@type":"WebSite","@id":"https:\/\/www.maresmefilmfestival.com\/es\/#website","url":"https:\/\/www.maresmefilmfestival.com\/es\/","name":"Calella Film Festival","description":"Festival de Cinema","potentialAction":[{"@type":"SearchAction","target":{"@type":"EntryPoint","urlTemplate":"https:\/\/www.maresmefilmfestival.com\/es\/?s={search_term_string}"},"query-input":{"@type":"PropertyValueSpecification","valueRequired":true,"valueName":"search_term_string"}}],"inLanguage":"es"}]}},"_links":{"self":[{"href":"https:\/\/www.maresmefilmfestival.com\/es\/wp-json\/wp\/v2\/pages\/1762","targetHints":{"allow":["GET"]}}],"collection":[{"href":"https:\/\/www.maresmefilmfestival.com\/es\/wp-json\/wp\/v2\/pages"}],"about":[{"href":"https:\/\/www.maresmefilmfestival.com\/es\/wp-json\/wp\/v2\/types\/page"}],"author":[{"embeddable":true,"href":"https:\/\/www.maresmefilmfestival.com\/es\/wp-json\/wp\/v2\/users\/1"}],"replies":[{"embeddable":true,"href":"https:\/\/www.maresmefilmfestival.com\/es\/wp-json\/wp\/v2\/comments?post=1762"}],"version-history":[{"count":0,"href":"https:\/\/www.maresmefilmfestival.com\/es\/wp-json\/wp\/v2\/pages\/1762\/revisions"}],"up":[{"embeddable":true,"href":"https:\/\/www.maresmefilmfestival.com\/es\/wp-json\/wp\/v2\/pages\/1758"}],"wp:featuredmedia":[{"embeddable":true,"href":"https:\/\/www.maresmefilmfestival.com\/es\/wp-json\/wp\/v2\/media\/3125"}],"wp:attachment":[{"href":"https:\/\/www.maresmefilmfestival.com\/es\/wp-json\/wp\/v2\/media?parent=1762"}],"curies":[{"name":"wp","href":"https:\/\/api.w.org\/{rel}","templated":true}]}}