{"id":1538,"date":"2016-01-09T13:02:45","date_gmt":"2016-01-09T13:02:45","guid":{"rendered":"http:\/\/www.maresmefilmfestival.com\/es\/?page_id=1538"},"modified":"2016-06-09T13:03:56","modified_gmt":"2016-06-09T13:03:56","slug":"mariola-fuentes","status":"publish","type":"page","link":"https:\/\/www.maresmefilmfestival.com\/es\/el-festival\/jurado\/mariola-fuentes\/","title":{"rendered":"Mariola Fuentes"},"content":{"rendered":"<div class=\"wpb-content-wrapper\"><p>[vc_row][vc_column][vc_column_text]<\/p>\n<h3 style=\"text-align: justify;\"><strong><span style=\"color: #d3ab1d;\">Mariola Fuentes<\/span><\/strong><\/h3>\n<p>[\/vc_column_text][vc_single_image image=\u00bb1539&#8243; img_size=\u00bbfull\u00bb][vc_column_text]Mariola Fuentes es una actriz espa\u00f1ola, conocida internacionalmente por haber participado en numerosas pel\u00edculas de Pedro Almod\u00f3var y otros directores de reconocimiento internacional, su ultima intervenci\u00f3n en la gran pantalla nos llega en 2016 de la mano del actor y director Paco Le\u00f3n en \u201cKiki, el amor se hace\u201d.<\/p>\n<h4 style=\"text-align: justify;\"><strong><span style=\"color: #d3ab1d;\">Films Destacados<\/span><\/strong><\/h4>\n<p><strong>Kiki, el amor se hace <\/strong><\/p>\n<p>Director: Paco Le\u00f3n<\/p>\n<p><strong>Los abrazos rotos\u00a0<\/strong><\/p>\n<p>Director: Pedro Almod\u00f3var<\/p>\n<p><strong>Chuecatown\u00a0\u00a0\u00a0<\/strong><\/p>\n<p>Director: Juan Flahn<\/p>\n<p><strong>Volando voy\u00a0<\/strong><\/p>\n<p>Director: Miguel Albadalejo<\/p>\n<p><strong>Torrente, el brazo tonto de la ley\u00a0\u00a0\u00a0\u00a0<\/strong><\/p>\n<p>Director: Santiago Segura<\/p>\n<p><strong>Carne Tremula\u00a0\u00a0\u00a0\u00a0\u00a0<\/strong><\/p>\n<p>Director: Pedro Almod\u00f3var<\/p>\n<p><strong>Perdona bonita, pero Lucas me quer\u00eda a mi\u00a0\u00a0<\/strong><\/p>\n<p>Director: Dunia Ayaso&amp;F\u00e9lix Ayaso<\/p>\n<h4 style=\"text-align: justify;\"><strong><span style=\"color: #d3ab1d;\">Teatro<\/span><\/strong><\/h4>\n<p><strong>\u00a1Manos quietas\u00a1<\/strong><\/p>\n<p><strong>El manual de buena esposa<\/strong><\/p>\n<h4 style=\"text-align: justify;\"><strong><span style=\"color: #d3ab1d;\">Televisi\u00f3n<\/span><\/strong><\/h4>\n<p><strong>Villarriba y Villabajo<\/strong><\/p>\n<p><strong>M\u00e9dico de Familia<\/strong><\/p>\n<p><strong>A las once en casa<\/strong><\/p>\n<p><strong>Vive cantando<\/strong>[\/vc_column_text][\/vc_column][\/vc_row]<\/p>\n<\/div>","protected":false},"excerpt":{"rendered":"<p>[vc_row][vc_column][vc_column_text] Mariola Fuentes [\/vc_column_text][vc_single_image image=\u00bb1539&#8243; img_size=\u00bbfull\u00bb][vc_column_text]Mariola Fuentes es una actriz espa\u00f1ola, conocida internacionalmente por haber participado en numerosas pel\u00edculas de Pedro Almod\u00f3var y otros directores de reconocimiento internacional, su ultima [&hellip;]<\/p>\n","protected":false},"author":1,"featured_media":0,"parent":1044,"menu_order":0,"comment_status":"closed","ping_status":"closed","template":"","meta":{"footnotes":""},"class_list":["post-1538","page","type-page","status-publish","hentry"],"yoast_head":"<!-- This site is optimized with the Yoast SEO plugin v27.3 - https:\/\/yoast.com\/product\/yoast-seo-wordpress\/ -->\n<title>Mariola Fuentes - Calella Film Festival<\/title>\n<meta name=\"robots\" content=\"index, follow, max-snippet:-1, max-image-preview:large, max-video-preview:-1\" \/>\n<link rel=\"canonical\" href=\"https:\/\/www.maresmefilmfestival.com\/es\/el-festival\/jurado\/mariola-fuentes\/\" \/>\n<meta property=\"og:locale\" content=\"es_ES\" \/>\n<meta property=\"og:type\" content=\"article\" \/>\n<meta property=\"og:title\" content=\"Mariola Fuentes - Calella Film Festival\" \/>\n<meta property=\"og:description\" content=\"[vc_row][vc_column][vc_column_text] Mariola Fuentes [\/vc_column_text][vc_single_image image=\u00bb1539&#8243; img_size=\u00bbfull\u00bb][vc_column_text]Mariola Fuentes es una actriz espa\u00f1ola, conocida internacionalmente por haber participado en numerosas pel\u00edculas de Pedro Almod\u00f3var y otros directores de reconocimiento internacional, su ultima [&hellip;]\" \/>\n<meta property=\"og:url\" content=\"https:\/\/www.maresmefilmfestival.com\/es\/el-festival\/jurado\/mariola-fuentes\/\" \/>\n<meta property=\"og:site_name\" content=\"Calella Film Festival\" \/>\n<meta property=\"article:publisher\" content=\"https:\/\/www.facebook.com\/Festival-de-Cinema-de-Calella-536425489872034\/?ref=hl\" \/>\n<meta property=\"article:modified_time\" content=\"2016-06-09T13:03:56+00:00\" \/>\n<meta name=\"twitter:card\" content=\"summary_large_image\" \/>\n<meta name=\"twitter:site\" content=\"@CalellaFilmFest\" \/>\n<meta name=\"twitter:label1\" content=\"Tiempo de lectura\" \/>\n\t<meta name=\"twitter:data1\" content=\"1 minuto\" \/>\n<script type=\"application\/ld+json\" class=\"yoast-schema-graph\">{\"@context\":\"https:\\\/\\\/schema.org\",\"@graph\":[{\"@type\":\"WebPage\",\"@id\":\"https:\\\/\\\/www.maresmefilmfestival.com\\\/es\\\/el-festival\\\/jurado\\\/mariola-fuentes\\\/\",\"url\":\"https:\\\/\\\/www.maresmefilmfestival.com\\\/es\\\/el-festival\\\/jurado\\\/mariola-fuentes\\\/\",\"name\":\"Mariola Fuentes - Calella Film Festival\",\"isPartOf\":{\"@id\":\"https:\\\/\\\/www.maresmefilmfestival.com\\\/es\\\/#website\"},\"datePublished\":\"2016-01-09T13:02:45+00:00\",\"dateModified\":\"2016-06-09T13:03:56+00:00\",\"breadcrumb\":{\"@id\":\"https:\\\/\\\/www.maresmefilmfestival.com\\\/es\\\/el-festival\\\/jurado\\\/mariola-fuentes\\\/#breadcrumb\"},\"inLanguage\":\"es\",\"potentialAction\":[{\"@type\":\"ReadAction\",\"target\":[\"https:\\\/\\\/www.maresmefilmfestival.com\\\/es\\\/el-festival\\\/jurado\\\/mariola-fuentes\\\/\"]}]},{\"@type\":\"BreadcrumbList\",\"@id\":\"https:\\\/\\\/www.maresmefilmfestival.com\\\/es\\\/el-festival\\\/jurado\\\/mariola-fuentes\\\/#breadcrumb\",\"itemListElement\":[{\"@type\":\"ListItem\",\"position\":1,\"name\":\"Portada\",\"item\":\"https:\\\/\\\/www.maresmefilmfestival.com\\\/es\\\/\"},{\"@type\":\"ListItem\",\"position\":2,\"name\":\"EL FESTIVAL\",\"item\":\"https:\\\/\\\/www.maresmefilmfestival.com\\\/es\\\/el-festival\\\/\"},{\"@type\":\"ListItem\",\"position\":3,\"name\":\"JURADO\",\"item\":\"https:\\\/\\\/www.maresmefilmfestival.com\\\/es\\\/el-festival\\\/jurado\\\/\"},{\"@type\":\"ListItem\",\"position\":4,\"name\":\"Mariola Fuentes\"}]},{\"@type\":\"WebSite\",\"@id\":\"https:\\\/\\\/www.maresmefilmfestival.com\\\/es\\\/#website\",\"url\":\"https:\\\/\\\/www.maresmefilmfestival.com\\\/es\\\/\",\"name\":\"Calella Film Festival\",\"description\":\"Festival de Cinema\",\"potentialAction\":[{\"@type\":\"SearchAction\",\"target\":{\"@type\":\"EntryPoint\",\"urlTemplate\":\"https:\\\/\\\/www.maresmefilmfestival.com\\\/es\\\/?s={search_term_string}\"},\"query-input\":{\"@type\":\"PropertyValueSpecification\",\"valueRequired\":true,\"valueName\":\"search_term_string\"}}],\"inLanguage\":\"es\"}]}<\/script>\n<!-- \/ Yoast SEO plugin. -->","yoast_head_json":{"title":"Mariola Fuentes - Calella Film Festival","robots":{"index":"index","follow":"follow","max-snippet":"max-snippet:-1","max-image-preview":"max-image-preview:large","max-video-preview":"max-video-preview:-1"},"canonical":"https:\/\/www.maresmefilmfestival.com\/es\/el-festival\/jurado\/mariola-fuentes\/","og_locale":"es_ES","og_type":"article","og_title":"Mariola Fuentes - Calella Film Festival","og_description":"[vc_row][vc_column][vc_column_text] Mariola Fuentes [\/vc_column_text][vc_single_image image=\u00bb1539&#8243; img_size=\u00bbfull\u00bb][vc_column_text]Mariola Fuentes es una actriz espa\u00f1ola, conocida internacionalmente por haber participado en numerosas pel\u00edculas de Pedro Almod\u00f3var y otros directores de reconocimiento internacional, su ultima [&hellip;]","og_url":"https:\/\/www.maresmefilmfestival.com\/es\/el-festival\/jurado\/mariola-fuentes\/","og_site_name":"Calella Film Festival","article_publisher":"https:\/\/www.facebook.com\/Festival-de-Cinema-de-Calella-536425489872034\/?ref=hl","article_modified_time":"2016-06-09T13:03:56+00:00","twitter_card":"summary_large_image","twitter_site":"@CalellaFilmFest","twitter_misc":{"Tiempo de lectura":"1 minuto"},"schema":{"@context":"https:\/\/schema.org","@graph":[{"@type":"WebPage","@id":"https:\/\/www.maresmefilmfestival.com\/es\/el-festival\/jurado\/mariola-fuentes\/","url":"https:\/\/www.maresmefilmfestival.com\/es\/el-festival\/jurado\/mariola-fuentes\/","name":"Mariola Fuentes - Calella Film Festival","isPartOf":{"@id":"https:\/\/www.maresmefilmfestival.com\/es\/#website"},"datePublished":"2016-01-09T13:02:45+00:00","dateModified":"2016-06-09T13:03:56+00:00","breadcrumb":{"@id":"https:\/\/www.maresmefilmfestival.com\/es\/el-festival\/jurado\/mariola-fuentes\/#breadcrumb"},"inLanguage":"es","potentialAction":[{"@type":"ReadAction","target":["https:\/\/www.maresmefilmfestival.com\/es\/el-festival\/jurado\/mariola-fuentes\/"]}]},{"@type":"BreadcrumbList","@id":"https:\/\/www.maresmefilmfestival.com\/es\/el-festival\/jurado\/mariola-fuentes\/#breadcrumb","itemListElement":[{"@type":"ListItem","position":1,"name":"Portada","item":"https:\/\/www.maresmefilmfestival.com\/es\/"},{"@type":"ListItem","position":2,"name":"EL FESTIVAL","item":"https:\/\/www.maresmefilmfestival.com\/es\/el-festival\/"},{"@type":"ListItem","position":3,"name":"JURADO","item":"https:\/\/www.maresmefilmfestival.com\/es\/el-festival\/jurado\/"},{"@type":"ListItem","position":4,"name":"Mariola Fuentes"}]},{"@type":"WebSite","@id":"https:\/\/www.maresmefilmfestival.com\/es\/#website","url":"https:\/\/www.maresmefilmfestival.com\/es\/","name":"Calella Film Festival","description":"Festival de Cinema","potentialAction":[{"@type":"SearchAction","target":{"@type":"EntryPoint","urlTemplate":"https:\/\/www.maresmefilmfestival.com\/es\/?s={search_term_string}"},"query-input":{"@type":"PropertyValueSpecification","valueRequired":true,"valueName":"search_term_string"}}],"inLanguage":"es"}]}},"_links":{"self":[{"href":"https:\/\/www.maresmefilmfestival.com\/es\/wp-json\/wp\/v2\/pages\/1538","targetHints":{"allow":["GET"]}}],"collection":[{"href":"https:\/\/www.maresmefilmfestival.com\/es\/wp-json\/wp\/v2\/pages"}],"about":[{"href":"https:\/\/www.maresmefilmfestival.com\/es\/wp-json\/wp\/v2\/types\/page"}],"author":[{"embeddable":true,"href":"https:\/\/www.maresmefilmfestival.com\/es\/wp-json\/wp\/v2\/users\/1"}],"replies":[{"embeddable":true,"href":"https:\/\/www.maresmefilmfestival.com\/es\/wp-json\/wp\/v2\/comments?post=1538"}],"version-history":[{"count":0,"href":"https:\/\/www.maresmefilmfestival.com\/es\/wp-json\/wp\/v2\/pages\/1538\/revisions"}],"up":[{"embeddable":true,"href":"https:\/\/www.maresmefilmfestival.com\/es\/wp-json\/wp\/v2\/pages\/1044"}],"wp:attachment":[{"href":"https:\/\/www.maresmefilmfestival.com\/es\/wp-json\/wp\/v2\/media?parent=1538"}],"curies":[{"name":"wp","href":"https:\/\/api.w.org\/{rel}","templated":true}]}}