{"id":1375,"date":"2016-01-31T14:17:13","date_gmt":"2016-01-31T14:17:13","guid":{"rendered":"http:\/\/www.maresmefilmfestival.com\/es\/?page_id=1375"},"modified":"2016-08-05T11:52:15","modified_gmt":"2016-08-05T11:52:15","slug":"calella","status":"publish","type":"page","link":"https:\/\/www.maresmefilmfestival.com\/es\/calella\/","title":{"rendered":"Calella"},"content":{"rendered":"<div class=\"wpb-content-wrapper\"><p>[vc_row][vc_column width=\u00bb1\/4&#8243;][vc_single_image image=\u00bb377&#8243; img_size=\u00bbfull\u00bb alignment=\u00bbright\u00bb style=\u00bbvc_box_circle_2&#8243;][\/vc_column][vc_column width=\u00bb3\/4&#8243;][vc_column_text]A no m\u00e1s de 50 km de Barcelona y cercana al Parque Natural del Montnegre, Calella es hoy en d\u00eda un destino tur\u00edstico de primer orden. Tres playas galardonadas con la <strong>Bandera Azul<\/strong> \u2013adem\u00e1s de la <strong>Q de calidad<\/strong> en la playa de Garb\u00ed-, y una importante oferta de alojamiento con 13.958 plazas en hoteles, campings y apartamentos hacen de <strong>Calella una de los destinos tur\u00edsticos m\u00e1s importantes del pa\u00eds.<\/strong><\/p>\n<p>No hay duda, <strong>si ven\u00eds en familia, Calella es vuestro destino. <\/strong>Una ciudad que pone un especial \u00e9nfasis en el ocio y la cultura con un amplio programa de actividades para toda la familia.<\/p>\n<p>\u00a1Calella es una ciudad viva con una agenda cultural llena e intensa! Si os gusta el cine, no os pod\u00e9is perder el <strong>Festival de Cine de Calella.<\/strong>[\/vc_column_text][vc_column_text]<\/p>\n<p class=\"p1\"><strong>Informaci\u00f3n general<\/strong><\/p>\n<p class=\"p1\"><a href=\"http:\/\/www.calellabarcelona.com\/\" target=\"_blank\"><span class=\"s1\">http:\/\/www.calellabarcelona.com\/<\/span><\/a><\/p>\n<p class=\"p1\"><strong>Alojamiento<\/strong><\/p>\n<p class=\"p2\"><span class=\"s1\"><a href=\"http:\/\/www.calellabarcelona.com\/allotjament\" target=\"_blank\">http:\/\/www.calellabarcelona.com\/allotjament<\/a><\/span><\/p>\n<p class=\"p1\">\u00a0<strong>Gastronom\u00eda<\/strong><\/p>\n<p class=\"p2\"><span class=\"s1\"><a href=\"http:\/\/www.calellabarcelona.com\/default.asp?tipus=s&amp;codi=196\" target=\"_blank\">http:\/\/www.calellabarcelona.com\/default.asp?tipus=s&amp;codi=196<\/a><\/span><\/p>\n<p>[\/vc_column_text][\/vc_column][\/vc_row]<\/p>\n<\/div>","protected":false},"excerpt":{"rendered":"<p>[vc_row][vc_column width=\u00bb1\/4&#8243;][vc_single_image image=\u00bb377&#8243; img_size=\u00bbfull\u00bb alignment=\u00bbright\u00bb style=\u00bbvc_box_circle_2&#8243;][\/vc_column][vc_column width=\u00bb3\/4&#8243;][vc_column_text]A no m\u00e1s de 50 km de Barcelona y cercana al Parque Natural del Montnegre, Calella es hoy en d\u00eda un destino tur\u00edstico de [&hellip;]<\/p>\n","protected":false},"author":1,"featured_media":377,"parent":0,"menu_order":0,"comment_status":"closed","ping_status":"closed","template":"","meta":{"footnotes":""},"class_list":["post-1375","page","type-page","status-publish","has-post-thumbnail","hentry"],"yoast_head":"<!-- This site is optimized with the Yoast SEO plugin v27.4 - https:\/\/yoast.com\/product\/yoast-seo-wordpress\/ -->\n<title>Calella - Calella Film Festival<\/title>\n<meta name=\"robots\" content=\"index, follow, max-snippet:-1, max-image-preview:large, max-video-preview:-1\" \/>\n<link rel=\"canonical\" href=\"https:\/\/www.maresmefilmfestival.com\/es\/calella\/\" \/>\n<meta property=\"og:locale\" content=\"es_ES\" \/>\n<meta property=\"og:type\" content=\"article\" \/>\n<meta property=\"og:title\" content=\"Calella - Calella Film Festival\" \/>\n<meta property=\"og:description\" content=\"[vc_row][vc_column width=\u00bb1\/4&#8243;][vc_single_image image=\u00bb377&#8243; img_size=\u00bbfull\u00bb alignment=\u00bbright\u00bb style=\u00bbvc_box_circle_2&#8243;][\/vc_column][vc_column width=\u00bb3\/4&#8243;][vc_column_text]A no m\u00e1s de 50 km de Barcelona y cercana al Parque Natural del Montnegre, Calella es hoy en d\u00eda un destino tur\u00edstico de [&hellip;]\" \/>\n<meta property=\"og:url\" content=\"https:\/\/www.maresmefilmfestival.com\/es\/calella\/\" \/>\n<meta property=\"og:site_name\" content=\"Calella Film Festival\" \/>\n<meta property=\"article:publisher\" content=\"https:\/\/www.facebook.com\/Festival-de-Cinema-de-Calella-536425489872034\/?ref=hl\" \/>\n<meta property=\"article:modified_time\" content=\"2016-08-05T11:52:15+00:00\" \/>\n<meta property=\"og:image\" content=\"https:\/\/www.maresmefilmfestival.com\/wp-content\/uploads\/2016\/02\/spain-547801.jpg\" \/>\n\t<meta property=\"og:image:width\" content=\"2560\" \/>\n\t<meta property=\"og:image:height\" content=\"1707\" \/>\n\t<meta property=\"og:image:type\" content=\"image\/jpeg\" \/>\n<meta name=\"twitter:card\" content=\"summary_large_image\" \/>\n<meta name=\"twitter:site\" content=\"@CalellaFilmFest\" \/>\n<meta name=\"twitter:label1\" content=\"Tiempo de lectura\" \/>\n\t<meta name=\"twitter:data1\" content=\"1 minuto\" \/>\n<script type=\"application\/ld+json\" class=\"yoast-schema-graph\">{\"@context\":\"https:\\\/\\\/schema.org\",\"@graph\":[{\"@type\":\"WebPage\",\"@id\":\"https:\\\/\\\/www.maresmefilmfestival.com\\\/es\\\/calella\\\/\",\"url\":\"https:\\\/\\\/www.maresmefilmfestival.com\\\/es\\\/calella\\\/\",\"name\":\"Calella - Calella Film Festival\",\"isPartOf\":{\"@id\":\"https:\\\/\\\/www.maresmefilmfestival.com\\\/es\\\/#website\"},\"primaryImageOfPage\":{\"@id\":\"https:\\\/\\\/www.maresmefilmfestival.com\\\/es\\\/calella\\\/#primaryimage\"},\"image\":{\"@id\":\"https:\\\/\\\/www.maresmefilmfestival.com\\\/es\\\/calella\\\/#primaryimage\"},\"thumbnailUrl\":\"https:\\\/\\\/www.maresmefilmfestival.com\\\/wp-content\\\/uploads\\\/2016\\\/02\\\/spain-547801.jpg\",\"datePublished\":\"2016-01-31T14:17:13+00:00\",\"dateModified\":\"2016-08-05T11:52:15+00:00\",\"breadcrumb\":{\"@id\":\"https:\\\/\\\/www.maresmefilmfestival.com\\\/es\\\/calella\\\/#breadcrumb\"},\"inLanguage\":\"es\",\"potentialAction\":[{\"@type\":\"ReadAction\",\"target\":[\"https:\\\/\\\/www.maresmefilmfestival.com\\\/es\\\/calella\\\/\"]}]},{\"@type\":\"ImageObject\",\"inLanguage\":\"es\",\"@id\":\"https:\\\/\\\/www.maresmefilmfestival.com\\\/es\\\/calella\\\/#primaryimage\",\"url\":\"https:\\\/\\\/www.maresmefilmfestival.com\\\/wp-content\\\/uploads\\\/2016\\\/02\\\/spain-547801.jpg\",\"contentUrl\":\"https:\\\/\\\/www.maresmefilmfestival.com\\\/wp-content\\\/uploads\\\/2016\\\/02\\\/spain-547801.jpg\",\"width\":2560,\"height\":1707},{\"@type\":\"BreadcrumbList\",\"@id\":\"https:\\\/\\\/www.maresmefilmfestival.com\\\/es\\\/calella\\\/#breadcrumb\",\"itemListElement\":[{\"@type\":\"ListItem\",\"position\":1,\"name\":\"Portada\",\"item\":\"https:\\\/\\\/www.maresmefilmfestival.com\\\/es\\\/\"},{\"@type\":\"ListItem\",\"position\":2,\"name\":\"Calella\"}]},{\"@type\":\"WebSite\",\"@id\":\"https:\\\/\\\/www.maresmefilmfestival.com\\\/es\\\/#website\",\"url\":\"https:\\\/\\\/www.maresmefilmfestival.com\\\/es\\\/\",\"name\":\"Calella Film Festival\",\"description\":\"Festival de Cinema\",\"potentialAction\":[{\"@type\":\"SearchAction\",\"target\":{\"@type\":\"EntryPoint\",\"urlTemplate\":\"https:\\\/\\\/www.maresmefilmfestival.com\\\/es\\\/?s={search_term_string}\"},\"query-input\":{\"@type\":\"PropertyValueSpecification\",\"valueRequired\":true,\"valueName\":\"search_term_string\"}}],\"inLanguage\":\"es\"}]}<\/script>\n<!-- \/ Yoast SEO plugin. -->","yoast_head_json":{"title":"Calella - Calella Film Festival","robots":{"index":"index","follow":"follow","max-snippet":"max-snippet:-1","max-image-preview":"max-image-preview:large","max-video-preview":"max-video-preview:-1"},"canonical":"https:\/\/www.maresmefilmfestival.com\/es\/calella\/","og_locale":"es_ES","og_type":"article","og_title":"Calella - Calella Film Festival","og_description":"[vc_row][vc_column width=\u00bb1\/4&#8243;][vc_single_image image=\u00bb377&#8243; img_size=\u00bbfull\u00bb alignment=\u00bbright\u00bb style=\u00bbvc_box_circle_2&#8243;][\/vc_column][vc_column width=\u00bb3\/4&#8243;][vc_column_text]A no m\u00e1s de 50 km de Barcelona y cercana al Parque Natural del Montnegre, Calella es hoy en d\u00eda un destino tur\u00edstico de [&hellip;]","og_url":"https:\/\/www.maresmefilmfestival.com\/es\/calella\/","og_site_name":"Calella Film Festival","article_publisher":"https:\/\/www.facebook.com\/Festival-de-Cinema-de-Calella-536425489872034\/?ref=hl","article_modified_time":"2016-08-05T11:52:15+00:00","og_image":[{"width":2560,"height":1707,"url":"https:\/\/www.maresmefilmfestival.com\/wp-content\/uploads\/2016\/02\/spain-547801.jpg","type":"image\/jpeg"}],"twitter_card":"summary_large_image","twitter_site":"@CalellaFilmFest","twitter_misc":{"Tiempo de lectura":"1 minuto"},"schema":{"@context":"https:\/\/schema.org","@graph":[{"@type":"WebPage","@id":"https:\/\/www.maresmefilmfestival.com\/es\/calella\/","url":"https:\/\/www.maresmefilmfestival.com\/es\/calella\/","name":"Calella - Calella Film Festival","isPartOf":{"@id":"https:\/\/www.maresmefilmfestival.com\/es\/#website"},"primaryImageOfPage":{"@id":"https:\/\/www.maresmefilmfestival.com\/es\/calella\/#primaryimage"},"image":{"@id":"https:\/\/www.maresmefilmfestival.com\/es\/calella\/#primaryimage"},"thumbnailUrl":"https:\/\/www.maresmefilmfestival.com\/wp-content\/uploads\/2016\/02\/spain-547801.jpg","datePublished":"2016-01-31T14:17:13+00:00","dateModified":"2016-08-05T11:52:15+00:00","breadcrumb":{"@id":"https:\/\/www.maresmefilmfestival.com\/es\/calella\/#breadcrumb"},"inLanguage":"es","potentialAction":[{"@type":"ReadAction","target":["https:\/\/www.maresmefilmfestival.com\/es\/calella\/"]}]},{"@type":"ImageObject","inLanguage":"es","@id":"https:\/\/www.maresmefilmfestival.com\/es\/calella\/#primaryimage","url":"https:\/\/www.maresmefilmfestival.com\/wp-content\/uploads\/2016\/02\/spain-547801.jpg","contentUrl":"https:\/\/www.maresmefilmfestival.com\/wp-content\/uploads\/2016\/02\/spain-547801.jpg","width":2560,"height":1707},{"@type":"BreadcrumbList","@id":"https:\/\/www.maresmefilmfestival.com\/es\/calella\/#breadcrumb","itemListElement":[{"@type":"ListItem","position":1,"name":"Portada","item":"https:\/\/www.maresmefilmfestival.com\/es\/"},{"@type":"ListItem","position":2,"name":"Calella"}]},{"@type":"WebSite","@id":"https:\/\/www.maresmefilmfestival.com\/es\/#website","url":"https:\/\/www.maresmefilmfestival.com\/es\/","name":"Calella Film Festival","description":"Festival de Cinema","potentialAction":[{"@type":"SearchAction","target":{"@type":"EntryPoint","urlTemplate":"https:\/\/www.maresmefilmfestival.com\/es\/?s={search_term_string}"},"query-input":{"@type":"PropertyValueSpecification","valueRequired":true,"valueName":"search_term_string"}}],"inLanguage":"es"}]}},"_links":{"self":[{"href":"https:\/\/www.maresmefilmfestival.com\/es\/wp-json\/wp\/v2\/pages\/1375","targetHints":{"allow":["GET"]}}],"collection":[{"href":"https:\/\/www.maresmefilmfestival.com\/es\/wp-json\/wp\/v2\/pages"}],"about":[{"href":"https:\/\/www.maresmefilmfestival.com\/es\/wp-json\/wp\/v2\/types\/page"}],"author":[{"embeddable":true,"href":"https:\/\/www.maresmefilmfestival.com\/es\/wp-json\/wp\/v2\/users\/1"}],"replies":[{"embeddable":true,"href":"https:\/\/www.maresmefilmfestival.com\/es\/wp-json\/wp\/v2\/comments?post=1375"}],"version-history":[{"count":0,"href":"https:\/\/www.maresmefilmfestival.com\/es\/wp-json\/wp\/v2\/pages\/1375\/revisions"}],"wp:featuredmedia":[{"embeddable":true,"href":"https:\/\/www.maresmefilmfestival.com\/es\/wp-json\/wp\/v2\/media\/377"}],"wp:attachment":[{"href":"https:\/\/www.maresmefilmfestival.com\/es\/wp-json\/wp\/v2\/media?parent=1375"}],"curies":[{"name":"wp","href":"https:\/\/api.w.org\/{rel}","templated":true}]}}