{"id":1180,"date":"2016-01-24T13:54:20","date_gmt":"2016-01-24T13:54:20","guid":{"rendered":"http:\/\/www.maresmefilmfestival.com\/es\/?page_id=1180"},"modified":"2017-05-18T10:14:29","modified_gmt":"2017-05-18T09:14:29","slug":"la-mano-invisible","status":"publish","type":"page","link":"https:\/\/www.maresmefilmfestival.com\/es\/la-mano-invisible\/","title":{"rendered":"La Mano Invisible"},"content":{"rendered":"<div class=\"wpb-content-wrapper\"><p>[vc_row][vc_column width=\u00bb1\/4&#8243;][vc_single_image image=\u00bb2904&#8243; img_size=\u00bbmedium\u00bb][\/vc_column][vc_column width=\u00bb3\/4&#8243;][vc_column_text]<\/p>\n<p class=\"p1\"><b>La Mano Invisible<\/b><\/p>\n<p class=\"p1\">En una nave industrial, once personas son contratadas para hacer su trabajo frente a un p\u00fablico: un alba\u00f1il, un carnicero, una costurera, una teleoperadora, un camarero, un mozo, un mec\u00e1nico, un inform\u00e1tico y una limpiadora. Obra de arte, reality show, experimento macabro: no saben ante lo que se hallan, ni quien es la mano que mueve los hilos en ese perverso teatrillo. Adaptaci\u00f3n de la novela de Isaac Rosa, mordiente par\u00e1bola sobre la precariedad laboral.<\/p>\n<p>[\/vc_column_text][\/vc_column][\/vc_row][vc_row][vc_column][vc_column_text]<\/p>\n<h3 style=\"text-align: justify;\"><strong><span style=\"color: #d3ab1d;\">Datos Generales<\/span><\/strong><\/h3>\n<p class=\"p1\"><strong>T\u00edtulo original<\/strong>\u00a0La mano invisible<\/p>\n<p class=\"p1\"><strong>T\u00edtulo ingl\u00e9s<\/strong> La mano invisible<\/p>\n<p class=\"p1\"><strong>T\u00edtulo espa\u00f1ol<\/strong> La mano invisible<\/p>\n<p class=\"p1\"><b>A\u00f1o y mes de producci\u00f3n <\/b>2016<\/p>\n<p class=\"p1\"><strong>Duraci\u00f3n<\/strong> 80 minutos<\/p>\n<p class=\"p1\"><b>Pa\u00eds de producci\u00f3n <\/b>Espa\u00f1a<\/p>\n<p class=\"p1\"><strong>Director\u00a0<\/strong>David Maci\u00e1n<\/p>\n<p class=\"p1\"><strong>Gui\u00f3n <\/strong>David Maci\u00e1n, Daniel Cort\u00e1zar (Novela: Isaac Rosa)<\/p>\n<p class=\"p1\"><strong>Fotograf\u00eda\u00a0<\/strong>Paco Alc\u00e1zar<\/p>\n<p class=\"p1\"><strong>Reparto\u00a0<\/strong>Marta Larralde, Marina Salas, Josean Bengoetxea, Jos\u00e9 Luis Torrijo, Edu Ferr\u00e9s, B\u00e1rbara Santa-Cruz, Daniel P\u00e9rez Prada, Esther Ortega, Christen Joulin, Bruto Pomeroy, Elisabet Gelabert, Alberto Velasco, Anah\u00ed Beholi<\/p>\n<p class=\"p1\"><b>Pa\u00eds de producci\u00f3n<\/b> Espa\u00f1a<\/p>\n<p class=\"p1\"><strong>Idioma<\/strong> Espa\u00f1ol<\/p>\n<p class=\"p1\"><strong>Productora\u00a0<\/strong>La mano invisible<\/p>\n<h3 style=\"text-align: justify;\"><strong><span style=\"color: #d3ab1d;\">G\u00e9nero<\/span><\/strong><\/h3>\n<p class=\"p1\"><b>G\u00e9nero\u00a0<\/b>Drama<\/p>\n<p class=\"p1\"><b>Categor\u00eda\u00a0<\/b>Ficci\u00f3n<\/p>\n<p class=\"p1\"><b>Trailer <\/b><a href=\"https:\/\/www.youtube.com\/watch?v=Tt8jFEFW8JU\" target=\"_blank\" rel=\"noopener noreferrer\">https:\/\/www.youtube.com\/watch?v=Tt8jFEFW8JU<\/a><\/p>\n<p>[\/vc_column_text][\/vc_column][\/vc_row]<\/p>\n<\/div>","protected":false},"excerpt":{"rendered":"<p>[vc_row][vc_column width=\u00bb1\/4&#8243;][vc_single_image image=\u00bb2904&#8243; img_size=\u00bbmedium\u00bb][\/vc_column][vc_column width=\u00bb3\/4&#8243;][vc_column_text] La Mano Invisible En una nave industrial, once personas son contratadas para hacer su trabajo frente a un p\u00fablico: un alba\u00f1il, un carnicero, una costurera, [&hellip;]<\/p>\n","protected":false},"author":1,"featured_media":0,"parent":0,"menu_order":0,"comment_status":"closed","ping_status":"closed","template":"","meta":{"footnotes":""},"class_list":["post-1180","page","type-page","status-publish","hentry"],"yoast_head":"<!-- This site is optimized with the Yoast SEO plugin v27.4 - https:\/\/yoast.com\/product\/yoast-seo-wordpress\/ -->\n<title>La Mano Invisible - Calella Film Festival<\/title>\n<meta name=\"robots\" content=\"index, follow, max-snippet:-1, max-image-preview:large, max-video-preview:-1\" \/>\n<link rel=\"canonical\" href=\"https:\/\/www.maresmefilmfestival.com\/es\/la-mano-invisible\/\" \/>\n<meta property=\"og:locale\" content=\"es_ES\" \/>\n<meta property=\"og:type\" content=\"article\" \/>\n<meta property=\"og:title\" content=\"La Mano Invisible - Calella Film Festival\" \/>\n<meta property=\"og:description\" content=\"[vc_row][vc_column width=\u00bb1\/4&#8243;][vc_single_image image=\u00bb2904&#8243; img_size=\u00bbmedium\u00bb][\/vc_column][vc_column width=\u00bb3\/4&#8243;][vc_column_text] La Mano Invisible En una nave industrial, once personas son contratadas para hacer su trabajo frente a un p\u00fablico: un alba\u00f1il, un carnicero, una costurera, [&hellip;]\" \/>\n<meta property=\"og:url\" content=\"https:\/\/www.maresmefilmfestival.com\/es\/la-mano-invisible\/\" \/>\n<meta property=\"og:site_name\" content=\"Calella Film Festival\" \/>\n<meta property=\"article:publisher\" content=\"https:\/\/www.facebook.com\/Festival-de-Cinema-de-Calella-536425489872034\/?ref=hl\" \/>\n<meta property=\"article:modified_time\" content=\"2017-05-18T09:14:29+00:00\" \/>\n<meta name=\"twitter:card\" content=\"summary_large_image\" \/>\n<meta name=\"twitter:site\" content=\"@CalellaFilmFest\" \/>\n<meta name=\"twitter:label1\" content=\"Tiempo de lectura\" \/>\n\t<meta name=\"twitter:data1\" content=\"1 minuto\" \/>\n<script type=\"application\/ld+json\" class=\"yoast-schema-graph\">{\"@context\":\"https:\\\/\\\/schema.org\",\"@graph\":[{\"@type\":\"WebPage\",\"@id\":\"https:\\\/\\\/www.maresmefilmfestival.com\\\/es\\\/la-mano-invisible\\\/\",\"url\":\"https:\\\/\\\/www.maresmefilmfestival.com\\\/es\\\/la-mano-invisible\\\/\",\"name\":\"La Mano Invisible - Calella Film Festival\",\"isPartOf\":{\"@id\":\"https:\\\/\\\/www.maresmefilmfestival.com\\\/es\\\/#website\"},\"datePublished\":\"2016-01-24T13:54:20+00:00\",\"dateModified\":\"2017-05-18T09:14:29+00:00\",\"breadcrumb\":{\"@id\":\"https:\\\/\\\/www.maresmefilmfestival.com\\\/es\\\/la-mano-invisible\\\/#breadcrumb\"},\"inLanguage\":\"es\",\"potentialAction\":[{\"@type\":\"ReadAction\",\"target\":[\"https:\\\/\\\/www.maresmefilmfestival.com\\\/es\\\/la-mano-invisible\\\/\"]}]},{\"@type\":\"BreadcrumbList\",\"@id\":\"https:\\\/\\\/www.maresmefilmfestival.com\\\/es\\\/la-mano-invisible\\\/#breadcrumb\",\"itemListElement\":[{\"@type\":\"ListItem\",\"position\":1,\"name\":\"Portada\",\"item\":\"https:\\\/\\\/www.maresmefilmfestival.com\\\/es\\\/\"},{\"@type\":\"ListItem\",\"position\":2,\"name\":\"La Mano Invisible\"}]},{\"@type\":\"WebSite\",\"@id\":\"https:\\\/\\\/www.maresmefilmfestival.com\\\/es\\\/#website\",\"url\":\"https:\\\/\\\/www.maresmefilmfestival.com\\\/es\\\/\",\"name\":\"Calella Film Festival\",\"description\":\"Festival de Cinema\",\"potentialAction\":[{\"@type\":\"SearchAction\",\"target\":{\"@type\":\"EntryPoint\",\"urlTemplate\":\"https:\\\/\\\/www.maresmefilmfestival.com\\\/es\\\/?s={search_term_string}\"},\"query-input\":{\"@type\":\"PropertyValueSpecification\",\"valueRequired\":true,\"valueName\":\"search_term_string\"}}],\"inLanguage\":\"es\"}]}<\/script>\n<!-- \/ Yoast SEO plugin. -->","yoast_head_json":{"title":"La Mano Invisible - Calella Film Festival","robots":{"index":"index","follow":"follow","max-snippet":"max-snippet:-1","max-image-preview":"max-image-preview:large","max-video-preview":"max-video-preview:-1"},"canonical":"https:\/\/www.maresmefilmfestival.com\/es\/la-mano-invisible\/","og_locale":"es_ES","og_type":"article","og_title":"La Mano Invisible - Calella Film Festival","og_description":"[vc_row][vc_column width=\u00bb1\/4&#8243;][vc_single_image image=\u00bb2904&#8243; img_size=\u00bbmedium\u00bb][\/vc_column][vc_column width=\u00bb3\/4&#8243;][vc_column_text] La Mano Invisible En una nave industrial, once personas son contratadas para hacer su trabajo frente a un p\u00fablico: un alba\u00f1il, un carnicero, una costurera, [&hellip;]","og_url":"https:\/\/www.maresmefilmfestival.com\/es\/la-mano-invisible\/","og_site_name":"Calella Film Festival","article_publisher":"https:\/\/www.facebook.com\/Festival-de-Cinema-de-Calella-536425489872034\/?ref=hl","article_modified_time":"2017-05-18T09:14:29+00:00","twitter_card":"summary_large_image","twitter_site":"@CalellaFilmFest","twitter_misc":{"Tiempo de lectura":"1 minuto"},"schema":{"@context":"https:\/\/schema.org","@graph":[{"@type":"WebPage","@id":"https:\/\/www.maresmefilmfestival.com\/es\/la-mano-invisible\/","url":"https:\/\/www.maresmefilmfestival.com\/es\/la-mano-invisible\/","name":"La Mano Invisible - Calella Film Festival","isPartOf":{"@id":"https:\/\/www.maresmefilmfestival.com\/es\/#website"},"datePublished":"2016-01-24T13:54:20+00:00","dateModified":"2017-05-18T09:14:29+00:00","breadcrumb":{"@id":"https:\/\/www.maresmefilmfestival.com\/es\/la-mano-invisible\/#breadcrumb"},"inLanguage":"es","potentialAction":[{"@type":"ReadAction","target":["https:\/\/www.maresmefilmfestival.com\/es\/la-mano-invisible\/"]}]},{"@type":"BreadcrumbList","@id":"https:\/\/www.maresmefilmfestival.com\/es\/la-mano-invisible\/#breadcrumb","itemListElement":[{"@type":"ListItem","position":1,"name":"Portada","item":"https:\/\/www.maresmefilmfestival.com\/es\/"},{"@type":"ListItem","position":2,"name":"La Mano Invisible"}]},{"@type":"WebSite","@id":"https:\/\/www.maresmefilmfestival.com\/es\/#website","url":"https:\/\/www.maresmefilmfestival.com\/es\/","name":"Calella Film Festival","description":"Festival de Cinema","potentialAction":[{"@type":"SearchAction","target":{"@type":"EntryPoint","urlTemplate":"https:\/\/www.maresmefilmfestival.com\/es\/?s={search_term_string}"},"query-input":{"@type":"PropertyValueSpecification","valueRequired":true,"valueName":"search_term_string"}}],"inLanguage":"es"}]}},"_links":{"self":[{"href":"https:\/\/www.maresmefilmfestival.com\/es\/wp-json\/wp\/v2\/pages\/1180","targetHints":{"allow":["GET"]}}],"collection":[{"href":"https:\/\/www.maresmefilmfestival.com\/es\/wp-json\/wp\/v2\/pages"}],"about":[{"href":"https:\/\/www.maresmefilmfestival.com\/es\/wp-json\/wp\/v2\/types\/page"}],"author":[{"embeddable":true,"href":"https:\/\/www.maresmefilmfestival.com\/es\/wp-json\/wp\/v2\/users\/1"}],"replies":[{"embeddable":true,"href":"https:\/\/www.maresmefilmfestival.com\/es\/wp-json\/wp\/v2\/comments?post=1180"}],"version-history":[{"count":0,"href":"https:\/\/www.maresmefilmfestival.com\/es\/wp-json\/wp\/v2\/pages\/1180\/revisions"}],"wp:attachment":[{"href":"https:\/\/www.maresmefilmfestival.com\/es\/wp-json\/wp\/v2\/media?parent=1180"}],"curies":[{"name":"wp","href":"https:\/\/api.w.org\/{rel}","templated":true}]}}