{"id":1174,"date":"2016-01-24T13:43:35","date_gmt":"2016-01-24T13:43:35","guid":{"rendered":"http:\/\/www.maresmefilmfestival.com\/es\/?page_id=1174"},"modified":"2017-05-18T11:40:21","modified_gmt":"2017-05-18T10:40:21","slug":"patria","status":"publish","type":"page","link":"https:\/\/www.maresmefilmfestival.com\/es\/patria\/","title":{"rendered":"Patria"},"content":{"rendered":"<div class=\"wpb-content-wrapper\"><p>[vc_row][vc_column width=\u00bb1\/4&#8243;][vc_single_image image=\u00bb2887&#8243; img_size=\u00bbmedium\u00bb][\/vc_column][vc_column width=\u00bb3\/4&#8243;][vc_column_text]<\/p>\n<p class=\"p1\"><b>Patria<\/b><\/p>\n<p class=\"p1\">Esta es la historia del caballero catal\u00e1n Otger Catal\u00f3, que seg\u00fan la leyenda conquist\u00f3 el terreno Catalu\u00f1a tras vencer a los sarracenos en el siglo VIII, 200 a\u00f1os antes de la llegada de Guifr\u00e9 el Pil\u00f3s. La mitolog\u00eda tambi\u00e9n le atribuye el origen del nombre de Catalunya, que derivar\u00eda de su apellido Catal\u00f3.<\/p>\n<p>[\/vc_column_text][\/vc_column][\/vc_row][vc_row][vc_column][vc_column_text]<\/p>\n<h3 style=\"text-align: justify;\"><strong><span style=\"color: #d3ab1d;\">Datos Generales<\/span><\/strong><\/h3>\n<p class=\"p1\"><strong>T\u00edtulo original<\/strong> Patria<\/p>\n<p class=\"p1\"><b>A\u00f1o y mes de producci\u00f3n <\/b>2017<\/p>\n<p class=\"p1\"><strong>Duraci\u00f3n<\/strong>\u00a0103 minutos<\/p>\n<p class=\"p1\"><b>Pa\u00eds de producci\u00f3n <\/b>Espa\u00f1a<\/p>\n<p class=\"p1\"><strong>Director\u00a0<\/strong>Joan Frank Charansonnet<\/p>\n<p class=\"p1\"><strong>Gui\u00f3n\u00a0<\/strong>Pau Gener, Joan Frank Charansonnet<\/p>\n<p class=\"p1\"><strong>Fotograf\u00eda\u00a0<\/strong>Joan Babiloni<\/p>\n<p class=\"p1\"><strong>Reparto\u00a0<\/strong>Boris Ruiz, Miquel Sitjar, Miquel Gelabert, Joan Massotkleiner, \u00c0ngels Bassas, Ali El Aziz, Joan Frank Charansonnet, Dani Bernab\u00e9, Albert Riball\u00f3, Xavi Prat, Pol Cardona, Susanna Plana, Alba L\u00f2pez, Alex Van Whije, Jordi Revert\u00e9, Carles Serra, Robert Rodriguez<\/p>\n<p class=\"p1\"><strong>Idioma<\/strong>\u00a0Catal\u00e1n<\/p>\n<p class=\"p1\"><strong>Productora\u00a0<\/strong>Dejavu Films\/ Capaneida Films<\/p>\n<h3 style=\"text-align: justify;\"><strong><span style=\"color: #d3ab1d;\">G\u00e9nero<\/span><\/strong><\/h3>\n<p class=\"p1\"><b>G\u00e9nero\u00a0<\/b>Drama\/Hist\u00f3rico<\/p>\n<p class=\"p1\"><b>Categor\u00eda\u00a0<\/b>Ficci\u00f3n<\/p>\n<p class=\"p1\"><b>Trailer\u00a0<\/b><a href=\"https:\/\/www.youtube.com\/watch?v=Z9UZIgC1qH8&amp;index=4&amp;list=PLvbs9GXlGXnusP4TeLRcSDOG5Zh0QXj4t\" target=\"_blank\" rel=\"noopener noreferrer\">https:\/\/www.youtube.com\/watch?v=Z9UZIgC1qH8&amp;index=4&amp;list=PLvbs9GXlGXnusP4TeLRcSDOG5Zh0QXj4t<\/a><\/p>\n<p>[\/vc_column_text][\/vc_column][\/vc_row]<\/p>\n<\/div>","protected":false},"excerpt":{"rendered":"<p>[vc_row][vc_column width=\u00bb1\/4&#8243;][vc_single_image image=\u00bb2887&#8243; img_size=\u00bbmedium\u00bb][\/vc_column][vc_column width=\u00bb3\/4&#8243;][vc_column_text] Patria Esta es la historia del caballero catal\u00e1n Otger Catal\u00f3, que seg\u00fan la leyenda conquist\u00f3 el terreno Catalu\u00f1a tras vencer a los sarracenos en el [&hellip;]<\/p>\n","protected":false},"author":1,"featured_media":0,"parent":0,"menu_order":0,"comment_status":"closed","ping_status":"closed","template":"","meta":{"footnotes":""},"class_list":["post-1174","page","type-page","status-publish","hentry"],"yoast_head":"<!-- This site is optimized with the Yoast SEO plugin v27.4 - https:\/\/yoast.com\/product\/yoast-seo-wordpress\/ -->\n<title>Patria - Calella Film Festival<\/title>\n<meta name=\"robots\" content=\"index, follow, max-snippet:-1, max-image-preview:large, max-video-preview:-1\" \/>\n<link rel=\"canonical\" href=\"https:\/\/www.maresmefilmfestival.com\/es\/patria\/\" \/>\n<meta property=\"og:locale\" content=\"es_ES\" \/>\n<meta property=\"og:type\" content=\"article\" \/>\n<meta property=\"og:title\" content=\"Patria - Calella Film Festival\" \/>\n<meta property=\"og:description\" content=\"[vc_row][vc_column width=\u00bb1\/4&#8243;][vc_single_image image=\u00bb2887&#8243; img_size=\u00bbmedium\u00bb][\/vc_column][vc_column width=\u00bb3\/4&#8243;][vc_column_text] Patria Esta es la historia del caballero catal\u00e1n Otger Catal\u00f3, que seg\u00fan la leyenda conquist\u00f3 el terreno Catalu\u00f1a tras vencer a los sarracenos en el [&hellip;]\" \/>\n<meta property=\"og:url\" content=\"https:\/\/www.maresmefilmfestival.com\/es\/patria\/\" \/>\n<meta property=\"og:site_name\" content=\"Calella Film Festival\" \/>\n<meta property=\"article:publisher\" content=\"https:\/\/www.facebook.com\/Festival-de-Cinema-de-Calella-536425489872034\/?ref=hl\" \/>\n<meta property=\"article:modified_time\" content=\"2017-05-18T10:40:21+00:00\" \/>\n<meta name=\"twitter:card\" content=\"summary_large_image\" \/>\n<meta name=\"twitter:site\" content=\"@CalellaFilmFest\" \/>\n<meta name=\"twitter:label1\" content=\"Tiempo de lectura\" \/>\n\t<meta name=\"twitter:data1\" content=\"1 minuto\" \/>\n<script type=\"application\/ld+json\" class=\"yoast-schema-graph\">{\"@context\":\"https:\\\/\\\/schema.org\",\"@graph\":[{\"@type\":\"WebPage\",\"@id\":\"https:\\\/\\\/www.maresmefilmfestival.com\\\/es\\\/patria\\\/\",\"url\":\"https:\\\/\\\/www.maresmefilmfestival.com\\\/es\\\/patria\\\/\",\"name\":\"Patria - Calella Film Festival\",\"isPartOf\":{\"@id\":\"https:\\\/\\\/www.maresmefilmfestival.com\\\/es\\\/#website\"},\"datePublished\":\"2016-01-24T13:43:35+00:00\",\"dateModified\":\"2017-05-18T10:40:21+00:00\",\"breadcrumb\":{\"@id\":\"https:\\\/\\\/www.maresmefilmfestival.com\\\/es\\\/patria\\\/#breadcrumb\"},\"inLanguage\":\"es\",\"potentialAction\":[{\"@type\":\"ReadAction\",\"target\":[\"https:\\\/\\\/www.maresmefilmfestival.com\\\/es\\\/patria\\\/\"]}]},{\"@type\":\"BreadcrumbList\",\"@id\":\"https:\\\/\\\/www.maresmefilmfestival.com\\\/es\\\/patria\\\/#breadcrumb\",\"itemListElement\":[{\"@type\":\"ListItem\",\"position\":1,\"name\":\"Portada\",\"item\":\"https:\\\/\\\/www.maresmefilmfestival.com\\\/es\\\/\"},{\"@type\":\"ListItem\",\"position\":2,\"name\":\"Patria\"}]},{\"@type\":\"WebSite\",\"@id\":\"https:\\\/\\\/www.maresmefilmfestival.com\\\/es\\\/#website\",\"url\":\"https:\\\/\\\/www.maresmefilmfestival.com\\\/es\\\/\",\"name\":\"Calella Film Festival\",\"description\":\"Festival de Cinema\",\"potentialAction\":[{\"@type\":\"SearchAction\",\"target\":{\"@type\":\"EntryPoint\",\"urlTemplate\":\"https:\\\/\\\/www.maresmefilmfestival.com\\\/es\\\/?s={search_term_string}\"},\"query-input\":{\"@type\":\"PropertyValueSpecification\",\"valueRequired\":true,\"valueName\":\"search_term_string\"}}],\"inLanguage\":\"es\"}]}<\/script>\n<!-- \/ Yoast SEO plugin. -->","yoast_head_json":{"title":"Patria - Calella Film Festival","robots":{"index":"index","follow":"follow","max-snippet":"max-snippet:-1","max-image-preview":"max-image-preview:large","max-video-preview":"max-video-preview:-1"},"canonical":"https:\/\/www.maresmefilmfestival.com\/es\/patria\/","og_locale":"es_ES","og_type":"article","og_title":"Patria - Calella Film Festival","og_description":"[vc_row][vc_column width=\u00bb1\/4&#8243;][vc_single_image image=\u00bb2887&#8243; img_size=\u00bbmedium\u00bb][\/vc_column][vc_column width=\u00bb3\/4&#8243;][vc_column_text] Patria Esta es la historia del caballero catal\u00e1n Otger Catal\u00f3, que seg\u00fan la leyenda conquist\u00f3 el terreno Catalu\u00f1a tras vencer a los sarracenos en el [&hellip;]","og_url":"https:\/\/www.maresmefilmfestival.com\/es\/patria\/","og_site_name":"Calella Film Festival","article_publisher":"https:\/\/www.facebook.com\/Festival-de-Cinema-de-Calella-536425489872034\/?ref=hl","article_modified_time":"2017-05-18T10:40:21+00:00","twitter_card":"summary_large_image","twitter_site":"@CalellaFilmFest","twitter_misc":{"Tiempo de lectura":"1 minuto"},"schema":{"@context":"https:\/\/schema.org","@graph":[{"@type":"WebPage","@id":"https:\/\/www.maresmefilmfestival.com\/es\/patria\/","url":"https:\/\/www.maresmefilmfestival.com\/es\/patria\/","name":"Patria - Calella Film Festival","isPartOf":{"@id":"https:\/\/www.maresmefilmfestival.com\/es\/#website"},"datePublished":"2016-01-24T13:43:35+00:00","dateModified":"2017-05-18T10:40:21+00:00","breadcrumb":{"@id":"https:\/\/www.maresmefilmfestival.com\/es\/patria\/#breadcrumb"},"inLanguage":"es","potentialAction":[{"@type":"ReadAction","target":["https:\/\/www.maresmefilmfestival.com\/es\/patria\/"]}]},{"@type":"BreadcrumbList","@id":"https:\/\/www.maresmefilmfestival.com\/es\/patria\/#breadcrumb","itemListElement":[{"@type":"ListItem","position":1,"name":"Portada","item":"https:\/\/www.maresmefilmfestival.com\/es\/"},{"@type":"ListItem","position":2,"name":"Patria"}]},{"@type":"WebSite","@id":"https:\/\/www.maresmefilmfestival.com\/es\/#website","url":"https:\/\/www.maresmefilmfestival.com\/es\/","name":"Calella Film Festival","description":"Festival de Cinema","potentialAction":[{"@type":"SearchAction","target":{"@type":"EntryPoint","urlTemplate":"https:\/\/www.maresmefilmfestival.com\/es\/?s={search_term_string}"},"query-input":{"@type":"PropertyValueSpecification","valueRequired":true,"valueName":"search_term_string"}}],"inLanguage":"es"}]}},"_links":{"self":[{"href":"https:\/\/www.maresmefilmfestival.com\/es\/wp-json\/wp\/v2\/pages\/1174","targetHints":{"allow":["GET"]}}],"collection":[{"href":"https:\/\/www.maresmefilmfestival.com\/es\/wp-json\/wp\/v2\/pages"}],"about":[{"href":"https:\/\/www.maresmefilmfestival.com\/es\/wp-json\/wp\/v2\/types\/page"}],"author":[{"embeddable":true,"href":"https:\/\/www.maresmefilmfestival.com\/es\/wp-json\/wp\/v2\/users\/1"}],"replies":[{"embeddable":true,"href":"https:\/\/www.maresmefilmfestival.com\/es\/wp-json\/wp\/v2\/comments?post=1174"}],"version-history":[{"count":0,"href":"https:\/\/www.maresmefilmfestival.com\/es\/wp-json\/wp\/v2\/pages\/1174\/revisions"}],"wp:attachment":[{"href":"https:\/\/www.maresmefilmfestival.com\/es\/wp-json\/wp\/v2\/media?parent=1174"}],"curies":[{"name":"wp","href":"https:\/\/api.w.org\/{rel}","templated":true}]}}