{"id":1171,"date":"2016-01-24T13:39:07","date_gmt":"2016-01-24T13:39:07","guid":{"rendered":"http:\/\/www.maresmefilmfestival.com\/es\/?page_id=1171"},"modified":"2017-05-23T09:21:45","modified_gmt":"2017-05-23T08:21:45","slug":"argi","status":"publish","type":"page","link":"https:\/\/www.maresmefilmfestival.com\/es\/argi\/","title":{"rendered":"Argi"},"content":{"rendered":"<div class=\"wpb-content-wrapper\"><p>[vc_row][vc_column width=\u00bb1\/4&#8243;][vc_single_image image=\u00bb2889&#8243; img_size=\u00bbmedium\u00bb][\/vc_column][vc_column width=\u00bb3\/4&#8243;][vc_column_text]<\/p>\n<p class=\"p1\"><b>Argi<\/b><\/p>\n<p class=\"p1\">Argi, desde ni\u00f1a, siempre fue alguien muy especial en la villa de Elorrio. A trav\u00e9s de un profundo viaje por la vida de Argi, se conocer\u00e1n los rasgos que marcan la diferencia entre la joven y el resto de sus conciudadanos.<\/p>\n<p>[\/vc_column_text][\/vc_column][\/vc_row][vc_row][vc_column][vc_column_text]<\/p>\n<h3 style=\"text-align: justify;\"><strong><span style=\"color: #d3ab1d;\">Datos Generales<\/span><\/strong><\/h3>\n<p class=\"p1\"><strong>T\u00edtulo original\u00a0<\/strong>Argi<\/p>\n<p class=\"p1\"><b>A\u00f1o de producci\u00f3n <\/b>2016<\/p>\n<p class=\"p1\"><strong>Duraci\u00f3n<\/strong>\u00a090 minutos<\/p>\n<p class=\"p1\"><b>Pa\u00eds de producci\u00f3n <\/b>Espa\u00f1a<\/p>\n<p class=\"p1\"><strong>Directora\u00a0<\/strong>Iratxe Mediavilla<\/p>\n<p class=\"p1\"><strong>Gui\u00f3n\u00a0<\/strong>Movieng<\/p>\n<p class=\"p1\"><strong>Fotograf\u00eda\u00a0<\/strong>Amara Mosteiro<\/p>\n<p class=\"p1\"><strong>Reparto\u00a0<\/strong>June Gomez, Sabina Aizpuru ,Yannick Vergara , Loli Astoreka, Asier Hormaza , Soraya Pe\u00f1a , Eneko Sagardoy, Guillermo Serrano.<\/p>\n<p class=\"p1\"><strong>Idioma<\/strong>\u00a0Euskera-Castellano<\/p>\n<p class=\"p1\"><strong>Productora <\/strong>Movieng<\/p>\n<h3 style=\"text-align: justify;\"><strong><span style=\"color: #d3ab1d;\">G\u00e9nero<\/span><\/strong><\/h3>\n<p class=\"p1\"><b>G\u00e9nero\u00a0<\/b>Drama<\/p>\n<p class=\"p1\"><b>Categor\u00eda\u00a0<\/b>Ficci\u00f3n<\/p>\n<p class=\"p1\"><b>Trailer <\/b><a href=\"https:\/\/youtu.be\/sO_xc_3tiAs?list=PLvbs9GXlGXnusP4TeLRcSDOG5Zh0QXj4t\" target=\"_blank\" rel=\"noopener noreferrer\">https:\/\/youtu.be\/sO_xc_3tiAs?list=PLvbs9GXlGXnusP4TeLRcSDOG5Zh0QXj4t<\/a><\/p>\n<p>[\/vc_column_text][\/vc_column][\/vc_row]<\/p>\n<\/div>","protected":false},"excerpt":{"rendered":"<p>[vc_row][vc_column width=\u00bb1\/4&#8243;][vc_single_image image=\u00bb2889&#8243; img_size=\u00bbmedium\u00bb][\/vc_column][vc_column width=\u00bb3\/4&#8243;][vc_column_text] Argi Argi, desde ni\u00f1a, siempre fue alguien muy especial en la villa de Elorrio. A trav\u00e9s de un profundo viaje por la vida de Argi, [&hellip;]<\/p>\n","protected":false},"author":1,"featured_media":0,"parent":0,"menu_order":0,"comment_status":"closed","ping_status":"closed","template":"","meta":{"footnotes":""},"class_list":["post-1171","page","type-page","status-publish","hentry"],"yoast_head":"<!-- This site is optimized with the Yoast SEO plugin v27.4 - https:\/\/yoast.com\/product\/yoast-seo-wordpress\/ -->\n<title>Argi - Calella Film Festival<\/title>\n<meta name=\"robots\" content=\"index, follow, max-snippet:-1, max-image-preview:large, max-video-preview:-1\" \/>\n<link rel=\"canonical\" href=\"https:\/\/www.maresmefilmfestival.com\/es\/argi\/\" \/>\n<meta property=\"og:locale\" content=\"es_ES\" \/>\n<meta property=\"og:type\" content=\"article\" \/>\n<meta property=\"og:title\" content=\"Argi - Calella Film Festival\" \/>\n<meta property=\"og:description\" content=\"[vc_row][vc_column width=\u00bb1\/4&#8243;][vc_single_image image=\u00bb2889&#8243; img_size=\u00bbmedium\u00bb][\/vc_column][vc_column width=\u00bb3\/4&#8243;][vc_column_text] Argi Argi, desde ni\u00f1a, siempre fue alguien muy especial en la villa de Elorrio. A trav\u00e9s de un profundo viaje por la vida de Argi, [&hellip;]\" \/>\n<meta property=\"og:url\" content=\"https:\/\/www.maresmefilmfestival.com\/es\/argi\/\" \/>\n<meta property=\"og:site_name\" content=\"Calella Film Festival\" \/>\n<meta property=\"article:publisher\" content=\"https:\/\/www.facebook.com\/Festival-de-Cinema-de-Calella-536425489872034\/?ref=hl\" \/>\n<meta property=\"article:modified_time\" content=\"2017-05-23T08:21:45+00:00\" \/>\n<meta name=\"twitter:card\" content=\"summary_large_image\" \/>\n<meta name=\"twitter:site\" content=\"@CalellaFilmFest\" \/>\n<meta name=\"twitter:label1\" content=\"Tiempo de lectura\" \/>\n\t<meta name=\"twitter:data1\" content=\"1 minuto\" \/>\n<script type=\"application\/ld+json\" class=\"yoast-schema-graph\">{\"@context\":\"https:\\\/\\\/schema.org\",\"@graph\":[{\"@type\":\"WebPage\",\"@id\":\"https:\\\/\\\/www.maresmefilmfestival.com\\\/es\\\/argi\\\/\",\"url\":\"https:\\\/\\\/www.maresmefilmfestival.com\\\/es\\\/argi\\\/\",\"name\":\"Argi - Calella Film Festival\",\"isPartOf\":{\"@id\":\"https:\\\/\\\/www.maresmefilmfestival.com\\\/es\\\/#website\"},\"datePublished\":\"2016-01-24T13:39:07+00:00\",\"dateModified\":\"2017-05-23T08:21:45+00:00\",\"breadcrumb\":{\"@id\":\"https:\\\/\\\/www.maresmefilmfestival.com\\\/es\\\/argi\\\/#breadcrumb\"},\"inLanguage\":\"es\",\"potentialAction\":[{\"@type\":\"ReadAction\",\"target\":[\"https:\\\/\\\/www.maresmefilmfestival.com\\\/es\\\/argi\\\/\"]}]},{\"@type\":\"BreadcrumbList\",\"@id\":\"https:\\\/\\\/www.maresmefilmfestival.com\\\/es\\\/argi\\\/#breadcrumb\",\"itemListElement\":[{\"@type\":\"ListItem\",\"position\":1,\"name\":\"Portada\",\"item\":\"https:\\\/\\\/www.maresmefilmfestival.com\\\/es\\\/\"},{\"@type\":\"ListItem\",\"position\":2,\"name\":\"Argi\"}]},{\"@type\":\"WebSite\",\"@id\":\"https:\\\/\\\/www.maresmefilmfestival.com\\\/es\\\/#website\",\"url\":\"https:\\\/\\\/www.maresmefilmfestival.com\\\/es\\\/\",\"name\":\"Calella Film Festival\",\"description\":\"Festival de Cinema\",\"potentialAction\":[{\"@type\":\"SearchAction\",\"target\":{\"@type\":\"EntryPoint\",\"urlTemplate\":\"https:\\\/\\\/www.maresmefilmfestival.com\\\/es\\\/?s={search_term_string}\"},\"query-input\":{\"@type\":\"PropertyValueSpecification\",\"valueRequired\":true,\"valueName\":\"search_term_string\"}}],\"inLanguage\":\"es\"}]}<\/script>\n<!-- \/ Yoast SEO plugin. -->","yoast_head_json":{"title":"Argi - Calella Film Festival","robots":{"index":"index","follow":"follow","max-snippet":"max-snippet:-1","max-image-preview":"max-image-preview:large","max-video-preview":"max-video-preview:-1"},"canonical":"https:\/\/www.maresmefilmfestival.com\/es\/argi\/","og_locale":"es_ES","og_type":"article","og_title":"Argi - Calella Film Festival","og_description":"[vc_row][vc_column width=\u00bb1\/4&#8243;][vc_single_image image=\u00bb2889&#8243; img_size=\u00bbmedium\u00bb][\/vc_column][vc_column width=\u00bb3\/4&#8243;][vc_column_text] Argi Argi, desde ni\u00f1a, siempre fue alguien muy especial en la villa de Elorrio. A trav\u00e9s de un profundo viaje por la vida de Argi, [&hellip;]","og_url":"https:\/\/www.maresmefilmfestival.com\/es\/argi\/","og_site_name":"Calella Film Festival","article_publisher":"https:\/\/www.facebook.com\/Festival-de-Cinema-de-Calella-536425489872034\/?ref=hl","article_modified_time":"2017-05-23T08:21:45+00:00","twitter_card":"summary_large_image","twitter_site":"@CalellaFilmFest","twitter_misc":{"Tiempo de lectura":"1 minuto"},"schema":{"@context":"https:\/\/schema.org","@graph":[{"@type":"WebPage","@id":"https:\/\/www.maresmefilmfestival.com\/es\/argi\/","url":"https:\/\/www.maresmefilmfestival.com\/es\/argi\/","name":"Argi - Calella Film Festival","isPartOf":{"@id":"https:\/\/www.maresmefilmfestival.com\/es\/#website"},"datePublished":"2016-01-24T13:39:07+00:00","dateModified":"2017-05-23T08:21:45+00:00","breadcrumb":{"@id":"https:\/\/www.maresmefilmfestival.com\/es\/argi\/#breadcrumb"},"inLanguage":"es","potentialAction":[{"@type":"ReadAction","target":["https:\/\/www.maresmefilmfestival.com\/es\/argi\/"]}]},{"@type":"BreadcrumbList","@id":"https:\/\/www.maresmefilmfestival.com\/es\/argi\/#breadcrumb","itemListElement":[{"@type":"ListItem","position":1,"name":"Portada","item":"https:\/\/www.maresmefilmfestival.com\/es\/"},{"@type":"ListItem","position":2,"name":"Argi"}]},{"@type":"WebSite","@id":"https:\/\/www.maresmefilmfestival.com\/es\/#website","url":"https:\/\/www.maresmefilmfestival.com\/es\/","name":"Calella Film Festival","description":"Festival de Cinema","potentialAction":[{"@type":"SearchAction","target":{"@type":"EntryPoint","urlTemplate":"https:\/\/www.maresmefilmfestival.com\/es\/?s={search_term_string}"},"query-input":{"@type":"PropertyValueSpecification","valueRequired":true,"valueName":"search_term_string"}}],"inLanguage":"es"}]}},"_links":{"self":[{"href":"https:\/\/www.maresmefilmfestival.com\/es\/wp-json\/wp\/v2\/pages\/1171","targetHints":{"allow":["GET"]}}],"collection":[{"href":"https:\/\/www.maresmefilmfestival.com\/es\/wp-json\/wp\/v2\/pages"}],"about":[{"href":"https:\/\/www.maresmefilmfestival.com\/es\/wp-json\/wp\/v2\/types\/page"}],"author":[{"embeddable":true,"href":"https:\/\/www.maresmefilmfestival.com\/es\/wp-json\/wp\/v2\/users\/1"}],"replies":[{"embeddable":true,"href":"https:\/\/www.maresmefilmfestival.com\/es\/wp-json\/wp\/v2\/comments?post=1171"}],"version-history":[{"count":0,"href":"https:\/\/www.maresmefilmfestival.com\/es\/wp-json\/wp\/v2\/pages\/1171\/revisions"}],"wp:attachment":[{"href":"https:\/\/www.maresmefilmfestival.com\/es\/wp-json\/wp\/v2\/media?parent=1171"}],"curies":[{"name":"wp","href":"https:\/\/api.w.org\/{rel}","templated":true}]}}