{"id":1168,"date":"2016-01-24T13:34:13","date_gmt":"2016-01-24T13:34:13","guid":{"rendered":"http:\/\/www.maresmefilmfestival.com\/es\/?page_id=1168"},"modified":"2017-05-18T11:39:44","modified_gmt":"2017-05-18T10:39:44","slug":"andres-lee-i-escribe","status":"publish","type":"page","link":"https:\/\/www.maresmefilmfestival.com\/es\/andres-lee-i-escribe\/","title":{"rendered":"Andr\u00e9s lee i escribe"},"content":{"rendered":"<div class=\"wpb-content-wrapper\"><p>[vc_row][vc_column width=\u00bb1\/4&#8243;][vc_single_image image=\u00bb2888&#8243; img_size=\u00bbmedium\u00bb][\/vc_column][vc_column width=\u00bb3\/4&#8243;][vc_column_text]<\/p>\n<p class=\"p1\"><b>Andr\u00e9s lee i escribe<\/b><\/p>\n<p class=\"p1\">Andr\u00e9s Centeno es un joven operario de una f\u00e1brica que pasa sus noches desvelado en largas jornadas de trabajo, dej\u00e1ndolo en un constante estado de somnolencia. Andr\u00e9s ha perdido su rumbo y olvidado sus sue\u00f1os de adolescencia. A trav\u00e9s del reencuentro con un trozo de su propia historia de vida \u00aden el tropiezo de un tiempo encapsulado y lleno de ilusiones\u00ad se dar\u00e1 cuenta que aunque no ha tomado las decisiones correctas, a\u00fan est\u00e1 a tiempo de enmendarse, acompa\u00f1ado por una nueva amistad que lo alentar\u00e1 a seguir adelante.<\/p>\n<p>[\/vc_column_text][\/vc_column][\/vc_row][vc_row][vc_column][vc_column_text]<\/p>\n<p class=\"p1\"><strong><span style=\"color: #d3ab1d;\">Datos Generales<\/span><\/strong><\/p>\n<p class=\"p1\"><strong>T\u00edtulo original\u00a0<\/strong>Andr\u00e9s lee i escribe<\/p>\n<p class=\"p1\"><b>A\u00f1o y mes de producci\u00f3n <\/b>2016<\/p>\n<p class=\"p1\"><strong>Duraci\u00f3n<\/strong>\u00a093 minutos<\/p>\n<p class=\"p1\"><b>Pa\u00eds de producci\u00f3n <\/b>Chile<\/p>\n<p class=\"p1\"><strong>Director\u00a0<\/strong>Daniel Peralta<\/p>\n<p class=\"p1\"><strong>Gui\u00f3n\u00a0<\/strong>Rene Martin, Daniel Peralta (Historia: Daniel Peralta)<\/p>\n<p class=\"p1\"><strong>Fotograf\u00eda\u00a0<\/strong>Rene Dur\u00e1n<\/p>\n<p class=\"p1\"><strong>Reparto\u00a0<\/strong>Fernando Mena, Mar\u00eda Garcia Omegna, Alex Quevedo, Paulina Moreno, Nicol\u00e1s Bosman, Ana Burgos, Gianfranco Bosisio, Naldy Hern\u00e1ndez<\/p>\n<p class=\"p1\"><strong>Idioma<\/strong> Chileno<\/p>\n<p class=\"p1\"><strong>Productora<\/strong>\u00a0Libreta Amarilla \/ Grip Films<\/p>\n<h3 style=\"text-align: justify;\"><strong><span style=\"color: #d3ab1d;\">G\u00e9nero<\/span><\/strong><\/h3>\n<p class=\"p1\"><b>G\u00e9nero\u00a0<\/b>Drama<\/p>\n<p class=\"p1\"><b>Categor\u00eda\u00a0<\/b>Ficci\u00f3n<\/p>\n<p class=\"p1\"><b>Trailer <\/b><a href=\"https:\/\/www.youtube.com\/watch?v=NS5EvkohWq4&amp;t=3s\" target=\"_blank\" rel=\"noopener noreferrer\">https:\/\/www.youtube.com\/watch?v=NS5EvkohWq4&amp;t=3s<\/a><\/p>\n<p>[\/vc_column_text][\/vc_column][\/vc_row]<\/p>\n<\/div>","protected":false},"excerpt":{"rendered":"<p>[vc_row][vc_column width=\u00bb1\/4&#8243;][vc_single_image image=\u00bb2888&#8243; img_size=\u00bbmedium\u00bb][\/vc_column][vc_column width=\u00bb3\/4&#8243;][vc_column_text] Andr\u00e9s lee i escribe Andr\u00e9s Centeno es un joven operario de una f\u00e1brica que pasa sus noches desvelado en largas jornadas de trabajo, dej\u00e1ndolo en [&hellip;]<\/p>\n","protected":false},"author":1,"featured_media":0,"parent":0,"menu_order":0,"comment_status":"closed","ping_status":"closed","template":"","meta":{"footnotes":""},"class_list":["post-1168","page","type-page","status-publish","hentry"],"yoast_head":"<!-- This site is optimized with the Yoast SEO plugin v27.4 - https:\/\/yoast.com\/product\/yoast-seo-wordpress\/ -->\n<title>Andr\u00e9s lee i escribe - Calella Film Festival<\/title>\n<meta name=\"robots\" content=\"index, follow, max-snippet:-1, max-image-preview:large, max-video-preview:-1\" \/>\n<link rel=\"canonical\" href=\"https:\/\/www.maresmefilmfestival.com\/es\/andres-lee-i-escribe\/\" \/>\n<meta property=\"og:locale\" content=\"es_ES\" \/>\n<meta property=\"og:type\" content=\"article\" \/>\n<meta property=\"og:title\" content=\"Andr\u00e9s lee i escribe - Calella Film Festival\" \/>\n<meta property=\"og:description\" content=\"[vc_row][vc_column width=\u00bb1\/4&#8243;][vc_single_image image=\u00bb2888&#8243; img_size=\u00bbmedium\u00bb][\/vc_column][vc_column width=\u00bb3\/4&#8243;][vc_column_text] Andr\u00e9s lee i escribe Andr\u00e9s Centeno es un joven operario de una f\u00e1brica que pasa sus noches desvelado en largas jornadas de trabajo, dej\u00e1ndolo en [&hellip;]\" \/>\n<meta property=\"og:url\" content=\"https:\/\/www.maresmefilmfestival.com\/es\/andres-lee-i-escribe\/\" \/>\n<meta property=\"og:site_name\" content=\"Calella Film Festival\" \/>\n<meta property=\"article:publisher\" content=\"https:\/\/www.facebook.com\/Festival-de-Cinema-de-Calella-536425489872034\/?ref=hl\" \/>\n<meta property=\"article:modified_time\" content=\"2017-05-18T10:39:44+00:00\" \/>\n<meta name=\"twitter:card\" content=\"summary_large_image\" \/>\n<meta name=\"twitter:site\" content=\"@CalellaFilmFest\" \/>\n<meta name=\"twitter:label1\" content=\"Tiempo de lectura\" \/>\n\t<meta name=\"twitter:data1\" content=\"1 minuto\" \/>\n<script type=\"application\/ld+json\" class=\"yoast-schema-graph\">{\"@context\":\"https:\\\/\\\/schema.org\",\"@graph\":[{\"@type\":\"WebPage\",\"@id\":\"https:\\\/\\\/www.maresmefilmfestival.com\\\/es\\\/andres-lee-i-escribe\\\/\",\"url\":\"https:\\\/\\\/www.maresmefilmfestival.com\\\/es\\\/andres-lee-i-escribe\\\/\",\"name\":\"Andr\u00e9s lee i escribe - Calella Film Festival\",\"isPartOf\":{\"@id\":\"https:\\\/\\\/www.maresmefilmfestival.com\\\/es\\\/#website\"},\"datePublished\":\"2016-01-24T13:34:13+00:00\",\"dateModified\":\"2017-05-18T10:39:44+00:00\",\"breadcrumb\":{\"@id\":\"https:\\\/\\\/www.maresmefilmfestival.com\\\/es\\\/andres-lee-i-escribe\\\/#breadcrumb\"},\"inLanguage\":\"es\",\"potentialAction\":[{\"@type\":\"ReadAction\",\"target\":[\"https:\\\/\\\/www.maresmefilmfestival.com\\\/es\\\/andres-lee-i-escribe\\\/\"]}]},{\"@type\":\"BreadcrumbList\",\"@id\":\"https:\\\/\\\/www.maresmefilmfestival.com\\\/es\\\/andres-lee-i-escribe\\\/#breadcrumb\",\"itemListElement\":[{\"@type\":\"ListItem\",\"position\":1,\"name\":\"Portada\",\"item\":\"https:\\\/\\\/www.maresmefilmfestival.com\\\/es\\\/\"},{\"@type\":\"ListItem\",\"position\":2,\"name\":\"Andr\u00e9s lee i escribe\"}]},{\"@type\":\"WebSite\",\"@id\":\"https:\\\/\\\/www.maresmefilmfestival.com\\\/es\\\/#website\",\"url\":\"https:\\\/\\\/www.maresmefilmfestival.com\\\/es\\\/\",\"name\":\"Calella Film Festival\",\"description\":\"Festival de Cinema\",\"potentialAction\":[{\"@type\":\"SearchAction\",\"target\":{\"@type\":\"EntryPoint\",\"urlTemplate\":\"https:\\\/\\\/www.maresmefilmfestival.com\\\/es\\\/?s={search_term_string}\"},\"query-input\":{\"@type\":\"PropertyValueSpecification\",\"valueRequired\":true,\"valueName\":\"search_term_string\"}}],\"inLanguage\":\"es\"}]}<\/script>\n<!-- \/ Yoast SEO plugin. -->","yoast_head_json":{"title":"Andr\u00e9s lee i escribe - Calella Film Festival","robots":{"index":"index","follow":"follow","max-snippet":"max-snippet:-1","max-image-preview":"max-image-preview:large","max-video-preview":"max-video-preview:-1"},"canonical":"https:\/\/www.maresmefilmfestival.com\/es\/andres-lee-i-escribe\/","og_locale":"es_ES","og_type":"article","og_title":"Andr\u00e9s lee i escribe - Calella Film Festival","og_description":"[vc_row][vc_column width=\u00bb1\/4&#8243;][vc_single_image image=\u00bb2888&#8243; img_size=\u00bbmedium\u00bb][\/vc_column][vc_column width=\u00bb3\/4&#8243;][vc_column_text] Andr\u00e9s lee i escribe Andr\u00e9s Centeno es un joven operario de una f\u00e1brica que pasa sus noches desvelado en largas jornadas de trabajo, dej\u00e1ndolo en [&hellip;]","og_url":"https:\/\/www.maresmefilmfestival.com\/es\/andres-lee-i-escribe\/","og_site_name":"Calella Film Festival","article_publisher":"https:\/\/www.facebook.com\/Festival-de-Cinema-de-Calella-536425489872034\/?ref=hl","article_modified_time":"2017-05-18T10:39:44+00:00","twitter_card":"summary_large_image","twitter_site":"@CalellaFilmFest","twitter_misc":{"Tiempo de lectura":"1 minuto"},"schema":{"@context":"https:\/\/schema.org","@graph":[{"@type":"WebPage","@id":"https:\/\/www.maresmefilmfestival.com\/es\/andres-lee-i-escribe\/","url":"https:\/\/www.maresmefilmfestival.com\/es\/andres-lee-i-escribe\/","name":"Andr\u00e9s lee i escribe - Calella Film Festival","isPartOf":{"@id":"https:\/\/www.maresmefilmfestival.com\/es\/#website"},"datePublished":"2016-01-24T13:34:13+00:00","dateModified":"2017-05-18T10:39:44+00:00","breadcrumb":{"@id":"https:\/\/www.maresmefilmfestival.com\/es\/andres-lee-i-escribe\/#breadcrumb"},"inLanguage":"es","potentialAction":[{"@type":"ReadAction","target":["https:\/\/www.maresmefilmfestival.com\/es\/andres-lee-i-escribe\/"]}]},{"@type":"BreadcrumbList","@id":"https:\/\/www.maresmefilmfestival.com\/es\/andres-lee-i-escribe\/#breadcrumb","itemListElement":[{"@type":"ListItem","position":1,"name":"Portada","item":"https:\/\/www.maresmefilmfestival.com\/es\/"},{"@type":"ListItem","position":2,"name":"Andr\u00e9s lee i escribe"}]},{"@type":"WebSite","@id":"https:\/\/www.maresmefilmfestival.com\/es\/#website","url":"https:\/\/www.maresmefilmfestival.com\/es\/","name":"Calella Film Festival","description":"Festival de Cinema","potentialAction":[{"@type":"SearchAction","target":{"@type":"EntryPoint","urlTemplate":"https:\/\/www.maresmefilmfestival.com\/es\/?s={search_term_string}"},"query-input":{"@type":"PropertyValueSpecification","valueRequired":true,"valueName":"search_term_string"}}],"inLanguage":"es"}]}},"_links":{"self":[{"href":"https:\/\/www.maresmefilmfestival.com\/es\/wp-json\/wp\/v2\/pages\/1168","targetHints":{"allow":["GET"]}}],"collection":[{"href":"https:\/\/www.maresmefilmfestival.com\/es\/wp-json\/wp\/v2\/pages"}],"about":[{"href":"https:\/\/www.maresmefilmfestival.com\/es\/wp-json\/wp\/v2\/types\/page"}],"author":[{"embeddable":true,"href":"https:\/\/www.maresmefilmfestival.com\/es\/wp-json\/wp\/v2\/users\/1"}],"replies":[{"embeddable":true,"href":"https:\/\/www.maresmefilmfestival.com\/es\/wp-json\/wp\/v2\/comments?post=1168"}],"version-history":[{"count":0,"href":"https:\/\/www.maresmefilmfestival.com\/es\/wp-json\/wp\/v2\/pages\/1168\/revisions"}],"wp:attachment":[{"href":"https:\/\/www.maresmefilmfestival.com\/es\/wp-json\/wp\/v2\/media?parent=1168"}],"curies":[{"name":"wp","href":"https:\/\/api.w.org\/{rel}","templated":true}]}}