{"id":11614,"date":"2025-10-20T11:46:08","date_gmt":"2025-10-20T10:46:08","guid":{"rendered":"https:\/\/www.maresmefilmfestival.com\/jurado-2025\/gemma-brio\/"},"modified":"2025-10-20T12:34:27","modified_gmt":"2025-10-20T11:34:27","slug":"gemma-brio","status":"publish","type":"page","link":"https:\/\/www.maresmefilmfestival.com\/es\/jurado-2025\/gemma-brio\/","title":{"rendered":"Gemma Bri\u00f3"},"content":{"rendered":"<div class=\"wpb-content-wrapper\"><p>[vc_row][vc_column width=\u00bb1\/2&#8243;][vc_column_text]<br \/>\n[\/vc_column_text][vc_single_image image=\u00bb11550&#8243; img_size=\u00bbfull\u00bb css=\u00bb\u00bb][\/vc_column][vc_column width=\u00bb1\/2&#8243;][vc_column_text css=\u00bb\u00bb]<\/p>\n<h3><strong><span style=\"color: #d3ab1d;\">Gemma Bri\u00f3<\/span><\/strong><\/h3>\n<div style=\"text-align: justify;\">Actriz con 30 a\u00f1os de profesi\u00f3n. Conocida por sus papeles en diversas series de TV3 y 3Cat como Poblenou; El Cor de la Ciutat; Les de l\u2019hoquei; o Com si fos ahir, entre otras. Y de TVE como La Promesa.<\/div>\n<div><\/div>\n<div style=\"text-align: justify;\">Con su propia compa\u00f1\u00eda de teatro <em>Les Llibert\u00e0ries<\/em>, estren\u00f3 el espect\u00e1culo Llibert, escrito por ella misma y dirigido por Norbert Mart\u00ednez, con gran \u00e9xito de cr\u00edtica y p\u00fablico, y con el que gan\u00f3 varios galardones (dos premios y una nominaci\u00f3n en los Premis Butaca, nominada en los premios MAX en dos categor\u00edas, y ganadora del Premi Serra d\u2019Or de teatro 2014). Con esta misma compa\u00f1\u00eda ha seguido estrenando espect\u00e1culos de creaci\u00f3n propia en diversos escenarios de Barcelona (TNC, La Villarroel, etc.).<\/div>\n<p>&nbsp;<\/p>\n<p><span style=\"text-align: justify;\">Como actriz independiente ha trabajado tambi\u00e9n en los principales escenarios catalanes con directores de primer nivel como David Selvas; Sergi Pompermayer; Norbert Mart\u00ednez; Oriol Broggi; Julio Manrique; Sergi Belbel; etc.<\/span><\/p>\n<div style=\"text-align: justify;\">\n<p>Y en cine debut\u00f3 muy joven con <em>La febre d\u2019or<\/em> de Gonzalo Herralde, y ha trabajado con directores como Marcelo Pi\u00f1eiro; Peter Sehr; Marie No\u00eblle; Carlos P\u00e9rez Ferre; Fabrice Cazeneuve; o L\u00eddia Zimmerman.<\/p>\n<\/div>\n<p>[\/vc_column_text][\/vc_column][\/vc_row]<\/p>\n<\/div>","protected":false},"excerpt":{"rendered":"<p>[vc_row][vc_column width=\u00bb1\/2&#8243;][vc_column_text] [\/vc_column_text][vc_single_image image=\u00bb11550&#8243; img_size=\u00bbfull\u00bb css=\u00bb\u00bb][\/vc_column][vc_column width=\u00bb1\/2&#8243;][vc_column_text css=\u00bb\u00bb] Gemma Bri\u00f3 Actriz con 30 a\u00f1os de profesi\u00f3n. Conocida por sus papeles en diversas series de TV3 y 3Cat como Poblenou; El [&hellip;]<\/p>\n","protected":false},"author":3,"featured_media":0,"parent":11596,"menu_order":0,"comment_status":"closed","ping_status":"closed","template":"","meta":{"footnotes":""},"class_list":["post-11614","page","type-page","status-publish","hentry"],"yoast_head":"<!-- This site is optimized with the Yoast SEO plugin v27.4 - https:\/\/yoast.com\/product\/yoast-seo-wordpress\/ -->\n<title>Gemma Bri\u00f3 - Calella Film Festival<\/title>\n<meta name=\"robots\" content=\"index, follow, max-snippet:-1, max-image-preview:large, max-video-preview:-1\" \/>\n<link rel=\"canonical\" href=\"https:\/\/www.maresmefilmfestival.com\/es\/jurado-2025\/gemma-brio\/\" \/>\n<meta property=\"og:locale\" content=\"es_ES\" \/>\n<meta property=\"og:type\" content=\"article\" \/>\n<meta property=\"og:title\" content=\"Gemma Bri\u00f3 - Calella Film Festival\" \/>\n<meta property=\"og:description\" content=\"[vc_row][vc_column width=\u00bb1\/2&#8243;][vc_column_text] [\/vc_column_text][vc_single_image image=\u00bb11550&#8243; img_size=\u00bbfull\u00bb css=\u00bb\u00bb][\/vc_column][vc_column width=\u00bb1\/2&#8243;][vc_column_text css=\u00bb\u00bb] Gemma Bri\u00f3 Actriz con 30 a\u00f1os de profesi\u00f3n. Conocida por sus papeles en diversas series de TV3 y 3Cat como Poblenou; El [&hellip;]\" \/>\n<meta property=\"og:url\" content=\"https:\/\/www.maresmefilmfestival.com\/es\/jurado-2025\/gemma-brio\/\" \/>\n<meta property=\"og:site_name\" content=\"Calella Film Festival\" \/>\n<meta property=\"article:publisher\" content=\"https:\/\/www.facebook.com\/Festival-de-Cinema-de-Calella-536425489872034\/?ref=hl\" \/>\n<meta property=\"article:modified_time\" content=\"2025-10-20T11:34:27+00:00\" \/>\n<meta name=\"twitter:card\" content=\"summary_large_image\" \/>\n<meta name=\"twitter:site\" content=\"@CalellaFilmFest\" \/>\n<meta name=\"twitter:label1\" content=\"Tiempo de lectura\" \/>\n\t<meta name=\"twitter:data1\" content=\"2 minutos\" \/>\n<script type=\"application\/ld+json\" class=\"yoast-schema-graph\">{\"@context\":\"https:\\\/\\\/schema.org\",\"@graph\":[{\"@type\":\"WebPage\",\"@id\":\"https:\\\/\\\/www.maresmefilmfestival.com\\\/es\\\/jurado-2025\\\/gemma-brio\\\/\",\"url\":\"https:\\\/\\\/www.maresmefilmfestival.com\\\/es\\\/jurado-2025\\\/gemma-brio\\\/\",\"name\":\"Gemma Bri\u00f3 - Calella Film Festival\",\"isPartOf\":{\"@id\":\"https:\\\/\\\/www.maresmefilmfestival.com\\\/es\\\/#website\"},\"datePublished\":\"2025-10-20T10:46:08+00:00\",\"dateModified\":\"2025-10-20T11:34:27+00:00\",\"breadcrumb\":{\"@id\":\"https:\\\/\\\/www.maresmefilmfestival.com\\\/es\\\/jurado-2025\\\/gemma-brio\\\/#breadcrumb\"},\"inLanguage\":\"es\",\"potentialAction\":[{\"@type\":\"ReadAction\",\"target\":[\"https:\\\/\\\/www.maresmefilmfestival.com\\\/es\\\/jurado-2025\\\/gemma-brio\\\/\"]}]},{\"@type\":\"BreadcrumbList\",\"@id\":\"https:\\\/\\\/www.maresmefilmfestival.com\\\/es\\\/jurado-2025\\\/gemma-brio\\\/#breadcrumb\",\"itemListElement\":[{\"@type\":\"ListItem\",\"position\":1,\"name\":\"Portada\",\"item\":\"https:\\\/\\\/www.maresmefilmfestival.com\\\/es\\\/\"},{\"@type\":\"ListItem\",\"position\":2,\"name\":\"Jurado 2025\",\"item\":\"https:\\\/\\\/www.maresmefilmfestival.com\\\/es\\\/jurado-2025\\\/\"},{\"@type\":\"ListItem\",\"position\":3,\"name\":\"Gemma Bri\u00f3\"}]},{\"@type\":\"WebSite\",\"@id\":\"https:\\\/\\\/www.maresmefilmfestival.com\\\/es\\\/#website\",\"url\":\"https:\\\/\\\/www.maresmefilmfestival.com\\\/es\\\/\",\"name\":\"Calella Film Festival\",\"description\":\"Festival de Cinema\",\"potentialAction\":[{\"@type\":\"SearchAction\",\"target\":{\"@type\":\"EntryPoint\",\"urlTemplate\":\"https:\\\/\\\/www.maresmefilmfestival.com\\\/es\\\/?s={search_term_string}\"},\"query-input\":{\"@type\":\"PropertyValueSpecification\",\"valueRequired\":true,\"valueName\":\"search_term_string\"}}],\"inLanguage\":\"es\"}]}<\/script>\n<!-- \/ Yoast SEO plugin. -->","yoast_head_json":{"title":"Gemma Bri\u00f3 - Calella Film Festival","robots":{"index":"index","follow":"follow","max-snippet":"max-snippet:-1","max-image-preview":"max-image-preview:large","max-video-preview":"max-video-preview:-1"},"canonical":"https:\/\/www.maresmefilmfestival.com\/es\/jurado-2025\/gemma-brio\/","og_locale":"es_ES","og_type":"article","og_title":"Gemma Bri\u00f3 - Calella Film Festival","og_description":"[vc_row][vc_column width=\u00bb1\/2&#8243;][vc_column_text] [\/vc_column_text][vc_single_image image=\u00bb11550&#8243; img_size=\u00bbfull\u00bb css=\u00bb\u00bb][\/vc_column][vc_column width=\u00bb1\/2&#8243;][vc_column_text css=\u00bb\u00bb] Gemma Bri\u00f3 Actriz con 30 a\u00f1os de profesi\u00f3n. Conocida por sus papeles en diversas series de TV3 y 3Cat como Poblenou; El [&hellip;]","og_url":"https:\/\/www.maresmefilmfestival.com\/es\/jurado-2025\/gemma-brio\/","og_site_name":"Calella Film Festival","article_publisher":"https:\/\/www.facebook.com\/Festival-de-Cinema-de-Calella-536425489872034\/?ref=hl","article_modified_time":"2025-10-20T11:34:27+00:00","twitter_card":"summary_large_image","twitter_site":"@CalellaFilmFest","twitter_misc":{"Tiempo de lectura":"2 minutos"},"schema":{"@context":"https:\/\/schema.org","@graph":[{"@type":"WebPage","@id":"https:\/\/www.maresmefilmfestival.com\/es\/jurado-2025\/gemma-brio\/","url":"https:\/\/www.maresmefilmfestival.com\/es\/jurado-2025\/gemma-brio\/","name":"Gemma Bri\u00f3 - Calella Film Festival","isPartOf":{"@id":"https:\/\/www.maresmefilmfestival.com\/es\/#website"},"datePublished":"2025-10-20T10:46:08+00:00","dateModified":"2025-10-20T11:34:27+00:00","breadcrumb":{"@id":"https:\/\/www.maresmefilmfestival.com\/es\/jurado-2025\/gemma-brio\/#breadcrumb"},"inLanguage":"es","potentialAction":[{"@type":"ReadAction","target":["https:\/\/www.maresmefilmfestival.com\/es\/jurado-2025\/gemma-brio\/"]}]},{"@type":"BreadcrumbList","@id":"https:\/\/www.maresmefilmfestival.com\/es\/jurado-2025\/gemma-brio\/#breadcrumb","itemListElement":[{"@type":"ListItem","position":1,"name":"Portada","item":"https:\/\/www.maresmefilmfestival.com\/es\/"},{"@type":"ListItem","position":2,"name":"Jurado 2025","item":"https:\/\/www.maresmefilmfestival.com\/es\/jurado-2025\/"},{"@type":"ListItem","position":3,"name":"Gemma Bri\u00f3"}]},{"@type":"WebSite","@id":"https:\/\/www.maresmefilmfestival.com\/es\/#website","url":"https:\/\/www.maresmefilmfestival.com\/es\/","name":"Calella Film Festival","description":"Festival de Cinema","potentialAction":[{"@type":"SearchAction","target":{"@type":"EntryPoint","urlTemplate":"https:\/\/www.maresmefilmfestival.com\/es\/?s={search_term_string}"},"query-input":{"@type":"PropertyValueSpecification","valueRequired":true,"valueName":"search_term_string"}}],"inLanguage":"es"}]}},"_links":{"self":[{"href":"https:\/\/www.maresmefilmfestival.com\/es\/wp-json\/wp\/v2\/pages\/11614","targetHints":{"allow":["GET"]}}],"collection":[{"href":"https:\/\/www.maresmefilmfestival.com\/es\/wp-json\/wp\/v2\/pages"}],"about":[{"href":"https:\/\/www.maresmefilmfestival.com\/es\/wp-json\/wp\/v2\/types\/page"}],"author":[{"embeddable":true,"href":"https:\/\/www.maresmefilmfestival.com\/es\/wp-json\/wp\/v2\/users\/3"}],"replies":[{"embeddable":true,"href":"https:\/\/www.maresmefilmfestival.com\/es\/wp-json\/wp\/v2\/comments?post=11614"}],"version-history":[{"count":0,"href":"https:\/\/www.maresmefilmfestival.com\/es\/wp-json\/wp\/v2\/pages\/11614\/revisions"}],"up":[{"embeddable":true,"href":"https:\/\/www.maresmefilmfestival.com\/es\/wp-json\/wp\/v2\/pages\/11596"}],"wp:attachment":[{"href":"https:\/\/www.maresmefilmfestival.com\/es\/wp-json\/wp\/v2\/media?parent=11614"}],"curies":[{"name":"wp","href":"https:\/\/api.w.org\/{rel}","templated":true}]}}