{"id":11599,"date":"2025-10-20T11:40:55","date_gmt":"2025-10-20T10:40:55","guid":{"rendered":"https:\/\/www.maresmefilmfestival.com\/jurado-2025\/juli-fabregas\/"},"modified":"2025-10-24T11:23:20","modified_gmt":"2025-10-24T10:23:20","slug":"juli-fabregas","status":"publish","type":"page","link":"https:\/\/www.maresmefilmfestival.com\/es\/jurado-2025\/juli-fabregas\/","title":{"rendered":"Juli F\u00e0bregas"},"content":{"rendered":"<div class=\"wpb-content-wrapper\"><p>[vc_row][vc_column width=\u00bb1\/2&#8243;][vc_column_text]<br \/>\n[\/vc_column_text][vc_single_image image=\u00bb9341&#8243; img_size=\u00bbfull\u00bb][\/vc_column][vc_column width=\u00bb1\/2&#8243;][vc_column_text css=\u00bb\u00bb]<\/p>\n<h3><strong><span style=\"color: #d3ab1d;\">Juli F\u00e0bregas<\/span><\/strong><\/h3>\n<p>Presidente del Jurado del Maresme Film Festival.<\/p>\n<p>Veterano actor con una f\u00e9rtil trayectoria en televisi\u00f3n, cine y teatro. Juli es un int\u00e9rprete con mucha presencia, capaz de interpretar personajes muy diversos, por eso es habitual en las principales series de m\u00e1xima audiencia de Televisi\u00f3n Espa\u00f1ola, TV3, Antena 3, Cuatro y Telecinco.<\/p>\n<p>En 2019 <em>gan\u00f3 el Premio CIMA a la Igualdad en el Festival de Televisi\u00f3n de Vitoria, FesTVal por participar en la serie catalana \u00abLes de l\u2019hoquei\u00bb<\/em><\/p>\n<p>En 2020 estrena su segundo largometraje, \u00ab<em>Men\u00e9ndez\u00bb<\/em> bajo la direcci\u00f3n de Santiago Alvarado y tambi\u00e9n <em>\u00abEspejo, espejo\u00bb<\/em> del director Marc Crehuet.<\/p>\n<p>En 2021 estren\u00f3 en el Teatro Amaya de Madrid la obra <em>\u00abOh, Mami\u00bb<\/em> de Oriol Vila y particip\u00f3 en la serie de TV3 <em>\u00abCom si fos ahir\u00bb<\/em> y tambi\u00e9n en <em>\u00abLos herederos de la tierra\u00bb<\/em> producida por Diagonal TV.<\/p>\n<p>En 2022 protagoniz\u00f3 la pel\u00edcula \u00ab<em>Cuando los amos duermen\u00bb<\/em>, dirigida por Santi Alvarado y coprotagonizada por Manuela Velasco, que forma parte de la programaci\u00f3n del Festival de Sitges.<\/p>\n<p>Ya lleva tres temporadas trabajando con mucho \u00e9xito en teatros de Madrid con obras como \u00ab<em>Oh, Mami\u00bb<\/em>, \u00ab<em>Escape Room\u00bb.<\/em> Actualmente interpreta \u00ab<em>Laponia\u00bb<\/em>, por segunda temporada junto a Mar Abascal, Amparo Larra\u00f1aga y I\u00f1aki Miram\u00f3n.[\/vc_column_text][\/vc_column][\/vc_row]<\/p>\n<\/div>","protected":false},"excerpt":{"rendered":"<p>[vc_row][vc_column width=\u00bb1\/2&#8243;][vc_column_text] [\/vc_column_text][vc_single_image image=\u00bb9341&#8243; img_size=\u00bbfull\u00bb][\/vc_column][vc_column width=\u00bb1\/2&#8243;][vc_column_text css=\u00bb\u00bb] Juli F\u00e0bregas Presidente del Jurado del Maresme Film Festival. Veterano actor con una f\u00e9rtil trayectoria en televisi\u00f3n, cine y teatro. Juli es un [&hellip;]<\/p>\n","protected":false},"author":3,"featured_media":0,"parent":11596,"menu_order":0,"comment_status":"closed","ping_status":"closed","template":"","meta":{"footnotes":""},"class_list":["post-11599","page","type-page","status-publish","hentry"],"yoast_head":"<!-- This site is optimized with the Yoast SEO plugin v27.4 - https:\/\/yoast.com\/product\/yoast-seo-wordpress\/ -->\n<title>Juli F\u00e0bregas - Calella Film Festival<\/title>\n<meta name=\"robots\" content=\"index, follow, max-snippet:-1, max-image-preview:large, max-video-preview:-1\" \/>\n<link rel=\"canonical\" href=\"https:\/\/www.maresmefilmfestival.com\/es\/jurado-2025\/juli-fabregas\/\" \/>\n<meta property=\"og:locale\" content=\"es_ES\" \/>\n<meta property=\"og:type\" content=\"article\" \/>\n<meta property=\"og:title\" content=\"Juli F\u00e0bregas - Calella Film Festival\" \/>\n<meta property=\"og:description\" content=\"[vc_row][vc_column width=\u00bb1\/2&#8243;][vc_column_text] [\/vc_column_text][vc_single_image image=\u00bb9341&#8243; img_size=\u00bbfull\u00bb][\/vc_column][vc_column width=\u00bb1\/2&#8243;][vc_column_text css=\u00bb\u00bb] Juli F\u00e0bregas Presidente del Jurado del Maresme Film Festival. Veterano actor con una f\u00e9rtil trayectoria en televisi\u00f3n, cine y teatro. Juli es un [&hellip;]\" \/>\n<meta property=\"og:url\" content=\"https:\/\/www.maresmefilmfestival.com\/es\/jurado-2025\/juli-fabregas\/\" \/>\n<meta property=\"og:site_name\" content=\"Calella Film Festival\" \/>\n<meta property=\"article:publisher\" content=\"https:\/\/www.facebook.com\/Festival-de-Cinema-de-Calella-536425489872034\/?ref=hl\" \/>\n<meta property=\"article:modified_time\" content=\"2025-10-24T10:23:20+00:00\" \/>\n<meta name=\"twitter:card\" content=\"summary_large_image\" \/>\n<meta name=\"twitter:site\" content=\"@CalellaFilmFest\" \/>\n<meta name=\"twitter:label1\" content=\"Tiempo de lectura\" \/>\n\t<meta name=\"twitter:data1\" content=\"1 minuto\" \/>\n<script type=\"application\/ld+json\" class=\"yoast-schema-graph\">{\"@context\":\"https:\\\/\\\/schema.org\",\"@graph\":[{\"@type\":\"WebPage\",\"@id\":\"https:\\\/\\\/www.maresmefilmfestival.com\\\/es\\\/jurado-2025\\\/juli-fabregas\\\/\",\"url\":\"https:\\\/\\\/www.maresmefilmfestival.com\\\/es\\\/jurado-2025\\\/juli-fabregas\\\/\",\"name\":\"Juli F\u00e0bregas - Calella Film Festival\",\"isPartOf\":{\"@id\":\"https:\\\/\\\/www.maresmefilmfestival.com\\\/es\\\/#website\"},\"datePublished\":\"2025-10-20T10:40:55+00:00\",\"dateModified\":\"2025-10-24T10:23:20+00:00\",\"breadcrumb\":{\"@id\":\"https:\\\/\\\/www.maresmefilmfestival.com\\\/es\\\/jurado-2025\\\/juli-fabregas\\\/#breadcrumb\"},\"inLanguage\":\"es\",\"potentialAction\":[{\"@type\":\"ReadAction\",\"target\":[\"https:\\\/\\\/www.maresmefilmfestival.com\\\/es\\\/jurado-2025\\\/juli-fabregas\\\/\"]}]},{\"@type\":\"BreadcrumbList\",\"@id\":\"https:\\\/\\\/www.maresmefilmfestival.com\\\/es\\\/jurado-2025\\\/juli-fabregas\\\/#breadcrumb\",\"itemListElement\":[{\"@type\":\"ListItem\",\"position\":1,\"name\":\"Portada\",\"item\":\"https:\\\/\\\/www.maresmefilmfestival.com\\\/es\\\/\"},{\"@type\":\"ListItem\",\"position\":2,\"name\":\"Jurado 2025\",\"item\":\"https:\\\/\\\/www.maresmefilmfestival.com\\\/es\\\/jurado-2025\\\/\"},{\"@type\":\"ListItem\",\"position\":3,\"name\":\"Juli F\u00e0bregas\"}]},{\"@type\":\"WebSite\",\"@id\":\"https:\\\/\\\/www.maresmefilmfestival.com\\\/es\\\/#website\",\"url\":\"https:\\\/\\\/www.maresmefilmfestival.com\\\/es\\\/\",\"name\":\"Calella Film Festival\",\"description\":\"Festival de Cinema\",\"potentialAction\":[{\"@type\":\"SearchAction\",\"target\":{\"@type\":\"EntryPoint\",\"urlTemplate\":\"https:\\\/\\\/www.maresmefilmfestival.com\\\/es\\\/?s={search_term_string}\"},\"query-input\":{\"@type\":\"PropertyValueSpecification\",\"valueRequired\":true,\"valueName\":\"search_term_string\"}}],\"inLanguage\":\"es\"}]}<\/script>\n<!-- \/ Yoast SEO plugin. -->","yoast_head_json":{"title":"Juli F\u00e0bregas - Calella Film Festival","robots":{"index":"index","follow":"follow","max-snippet":"max-snippet:-1","max-image-preview":"max-image-preview:large","max-video-preview":"max-video-preview:-1"},"canonical":"https:\/\/www.maresmefilmfestival.com\/es\/jurado-2025\/juli-fabregas\/","og_locale":"es_ES","og_type":"article","og_title":"Juli F\u00e0bregas - Calella Film Festival","og_description":"[vc_row][vc_column width=\u00bb1\/2&#8243;][vc_column_text] [\/vc_column_text][vc_single_image image=\u00bb9341&#8243; img_size=\u00bbfull\u00bb][\/vc_column][vc_column width=\u00bb1\/2&#8243;][vc_column_text css=\u00bb\u00bb] Juli F\u00e0bregas Presidente del Jurado del Maresme Film Festival. Veterano actor con una f\u00e9rtil trayectoria en televisi\u00f3n, cine y teatro. Juli es un [&hellip;]","og_url":"https:\/\/www.maresmefilmfestival.com\/es\/jurado-2025\/juli-fabregas\/","og_site_name":"Calella Film Festival","article_publisher":"https:\/\/www.facebook.com\/Festival-de-Cinema-de-Calella-536425489872034\/?ref=hl","article_modified_time":"2025-10-24T10:23:20+00:00","twitter_card":"summary_large_image","twitter_site":"@CalellaFilmFest","twitter_misc":{"Tiempo de lectura":"1 minuto"},"schema":{"@context":"https:\/\/schema.org","@graph":[{"@type":"WebPage","@id":"https:\/\/www.maresmefilmfestival.com\/es\/jurado-2025\/juli-fabregas\/","url":"https:\/\/www.maresmefilmfestival.com\/es\/jurado-2025\/juli-fabregas\/","name":"Juli F\u00e0bregas - Calella Film Festival","isPartOf":{"@id":"https:\/\/www.maresmefilmfestival.com\/es\/#website"},"datePublished":"2025-10-20T10:40:55+00:00","dateModified":"2025-10-24T10:23:20+00:00","breadcrumb":{"@id":"https:\/\/www.maresmefilmfestival.com\/es\/jurado-2025\/juli-fabregas\/#breadcrumb"},"inLanguage":"es","potentialAction":[{"@type":"ReadAction","target":["https:\/\/www.maresmefilmfestival.com\/es\/jurado-2025\/juli-fabregas\/"]}]},{"@type":"BreadcrumbList","@id":"https:\/\/www.maresmefilmfestival.com\/es\/jurado-2025\/juli-fabregas\/#breadcrumb","itemListElement":[{"@type":"ListItem","position":1,"name":"Portada","item":"https:\/\/www.maresmefilmfestival.com\/es\/"},{"@type":"ListItem","position":2,"name":"Jurado 2025","item":"https:\/\/www.maresmefilmfestival.com\/es\/jurado-2025\/"},{"@type":"ListItem","position":3,"name":"Juli F\u00e0bregas"}]},{"@type":"WebSite","@id":"https:\/\/www.maresmefilmfestival.com\/es\/#website","url":"https:\/\/www.maresmefilmfestival.com\/es\/","name":"Calella Film Festival","description":"Festival de Cinema","potentialAction":[{"@type":"SearchAction","target":{"@type":"EntryPoint","urlTemplate":"https:\/\/www.maresmefilmfestival.com\/es\/?s={search_term_string}"},"query-input":{"@type":"PropertyValueSpecification","valueRequired":true,"valueName":"search_term_string"}}],"inLanguage":"es"}]}},"_links":{"self":[{"href":"https:\/\/www.maresmefilmfestival.com\/es\/wp-json\/wp\/v2\/pages\/11599","targetHints":{"allow":["GET"]}}],"collection":[{"href":"https:\/\/www.maresmefilmfestival.com\/es\/wp-json\/wp\/v2\/pages"}],"about":[{"href":"https:\/\/www.maresmefilmfestival.com\/es\/wp-json\/wp\/v2\/types\/page"}],"author":[{"embeddable":true,"href":"https:\/\/www.maresmefilmfestival.com\/es\/wp-json\/wp\/v2\/users\/3"}],"replies":[{"embeddable":true,"href":"https:\/\/www.maresmefilmfestival.com\/es\/wp-json\/wp\/v2\/comments?post=11599"}],"version-history":[{"count":0,"href":"https:\/\/www.maresmefilmfestival.com\/es\/wp-json\/wp\/v2\/pages\/11599\/revisions"}],"up":[{"embeddable":true,"href":"https:\/\/www.maresmefilmfestival.com\/es\/wp-json\/wp\/v2\/pages\/11596"}],"wp:attachment":[{"href":"https:\/\/www.maresmefilmfestival.com\/es\/wp-json\/wp\/v2\/media?parent=11599"}],"curies":[{"name":"wp","href":"https:\/\/api.w.org\/{rel}","templated":true}]}}