{"id":11445,"date":"2025-10-15T13:23:48","date_gmt":"2025-10-15T12:23:48","guid":{"rendered":"https:\/\/www.maresmefilmfestival.com\/creative-rosebud-awards-2\/no-dogs-allowed\/"},"modified":"2025-10-15T13:23:48","modified_gmt":"2025-10-15T12:23:48","slug":"no-dogs-allowed","status":"publish","type":"page","link":"https:\/\/www.maresmefilmfestival.com\/es\/creative-rosebud-awards-2\/no-dogs-allowed\/","title":{"rendered":"No Dogs Allowed"},"content":{"rendered":"<div class=\"wpb-content-wrapper\"><p>[vc_row][vc_column width=\u00bb1\/4&#8243;][vc_single_image image=\u00bb11307&#8243; img_size=\u00bbmedium\u00bb css=\u00bb\u00bb][vc_column_text][\/vc_column_text][\/vc_column][vc_column width=\u00bb3\/4&#8243;][vc_column_text css=\u00bb\u00bb]<strong>No Dogs Allowed<\/strong><\/p>\n<p>Gabo es un chico de 15 a\u00f1os que parece un adolescente normal que pasa sus d\u00edas en la escuela, viendo a sus amigos y jugando videojuegos. Pero no es as\u00ed, ya que pronto descubrimos que est\u00e1 desarrollando tendencias incontrolables. Se hace amigo de un hombre de unos cuarenta a\u00f1os, Dave, con quien explora una amistad que r\u00e1pidamente se vuelve algo m\u00e1s s\u00f3rdida. El primer punto de inflexi\u00f3n en la narrativa se desarrolla cuando Dave es arrestado, y Gabo se debate entre testificar en su contra y exponer su propio y turbio secreto.<\/p>\n<p>[\/vc_column_text][\/vc_column][\/vc_row][vc_row][vc_column width=\u00bb1\/2&#8243;][vc_column_text css=\u00bb\u00bb]<\/p>\n<h3 style=\"text-align: justify;\"><strong><span style=\"color: #d3ab1d;\">Datos Generales<\/span><\/strong><\/h3>\n<p class=\"p1\"><strong>T\u00edtulo original: <\/strong>No Dogs Allowed<\/p>\n<p><strong>A\u00f1o:<\/strong> 2024<\/p>\n<p class=\"p1\"><strong>Duraci\u00f3n:<\/strong> 92 minutos<\/p>\n<p class=\"p1\"><b>Pa\u00eds de producci\u00f3n: <\/b>Alemania<\/p>\n<p class=\"p1\"><strong>Direcci\u00f3n:<\/strong> Steve Bache<\/p>\n<p><strong>Guion:<\/strong> Stephan K\u00e4mpf<\/p>\n<p><strong>Reparto:<\/strong> Carlo Krammling, Robin Sondermann, Katharina Schubert, Bineta Hansen<\/p>\n<p><strong>Productora:<\/strong> Schiwago Film GmbH<\/p>\n<p class=\"p1\"><strong>Idioma: <\/strong>V.O.S.C<\/p>\n<p>[\/vc_column_text][\/vc_column][vc_column width=\u00bb1\/2&#8243;][vc_column_text css=\u00bb\u00bb]<\/p>\n<h3 style=\"text-align: justify;\"><strong><span style=\"color: #d3ab1d;\">G\u00e9nero<\/span><\/strong><\/h3>\n<p class=\"p1\">Drama psicol\u00f3gico<\/p>\n<h3><strong><span style=\"color: #d3ab1d;\">Tr\u00e1iler<\/span><\/strong><\/h3>\n<p>[\/vc_column_text][vc_video link=\u00bbhttps:\/\/www.youtube.com\/watch?v=qSuoXjvMNtw\u00bb css=\u00bb\u00bb][\/vc_column][\/vc_row]<\/p>\n<\/div>","protected":false},"excerpt":{"rendered":"<p>[vc_row][vc_column width=\u00bb1\/4&#8243;][vc_single_image image=\u00bb11307&#8243; img_size=\u00bbmedium\u00bb css=\u00bb\u00bb][vc_column_text][\/vc_column_text][\/vc_column][vc_column width=\u00bb3\/4&#8243;][vc_column_text css=\u00bb\u00bb]No Dogs Allowed Gabo es un chico de 15 a\u00f1os que parece un adolescente normal que pasa sus d\u00edas en la escuela, viendo a [&hellip;]<\/p>\n","protected":false},"author":3,"featured_media":0,"parent":10612,"menu_order":0,"comment_status":"closed","ping_status":"closed","template":"","meta":{"footnotes":""},"class_list":["post-11445","page","type-page","status-publish","hentry"],"yoast_head":"<!-- This site is optimized with the Yoast SEO plugin v27.4 - https:\/\/yoast.com\/product\/yoast-seo-wordpress\/ -->\n<title>No Dogs Allowed - Calella Film Festival<\/title>\n<meta name=\"robots\" content=\"index, follow, max-snippet:-1, max-image-preview:large, max-video-preview:-1\" \/>\n<link rel=\"canonical\" href=\"https:\/\/www.maresmefilmfestival.com\/es\/creative-rosebud-awards-2\/no-dogs-allowed\/\" \/>\n<meta property=\"og:locale\" content=\"es_ES\" \/>\n<meta property=\"og:type\" content=\"article\" \/>\n<meta property=\"og:title\" content=\"No Dogs Allowed - Calella Film Festival\" \/>\n<meta property=\"og:description\" content=\"[vc_row][vc_column width=\u00bb1\/4&#8243;][vc_single_image image=\u00bb11307&#8243; img_size=\u00bbmedium\u00bb css=\u00bb\u00bb][vc_column_text][\/vc_column_text][\/vc_column][vc_column width=\u00bb3\/4&#8243;][vc_column_text css=\u00bb\u00bb]No Dogs Allowed Gabo es un chico de 15 a\u00f1os que parece un adolescente normal que pasa sus d\u00edas en la escuela, viendo a [&hellip;]\" \/>\n<meta property=\"og:url\" content=\"https:\/\/www.maresmefilmfestival.com\/es\/creative-rosebud-awards-2\/no-dogs-allowed\/\" \/>\n<meta property=\"og:site_name\" content=\"Calella Film Festival\" \/>\n<meta property=\"article:publisher\" content=\"https:\/\/www.facebook.com\/Festival-de-Cinema-de-Calella-536425489872034\/?ref=hl\" \/>\n<meta name=\"twitter:card\" content=\"summary_large_image\" \/>\n<meta name=\"twitter:site\" content=\"@CalellaFilmFest\" \/>\n<meta name=\"twitter:label1\" content=\"Tiempo de lectura\" \/>\n\t<meta name=\"twitter:data1\" content=\"1 minuto\" \/>\n<script type=\"application\/ld+json\" class=\"yoast-schema-graph\">{\"@context\":\"https:\\\/\\\/schema.org\",\"@graph\":[{\"@type\":\"WebPage\",\"@id\":\"https:\\\/\\\/www.maresmefilmfestival.com\\\/es\\\/creative-rosebud-awards-2\\\/no-dogs-allowed\\\/\",\"url\":\"https:\\\/\\\/www.maresmefilmfestival.com\\\/es\\\/creative-rosebud-awards-2\\\/no-dogs-allowed\\\/\",\"name\":\"No Dogs Allowed - Calella Film Festival\",\"isPartOf\":{\"@id\":\"https:\\\/\\\/www.maresmefilmfestival.com\\\/es\\\/#website\"},\"datePublished\":\"2025-10-15T12:23:48+00:00\",\"breadcrumb\":{\"@id\":\"https:\\\/\\\/www.maresmefilmfestival.com\\\/es\\\/creative-rosebud-awards-2\\\/no-dogs-allowed\\\/#breadcrumb\"},\"inLanguage\":\"es\",\"potentialAction\":[{\"@type\":\"ReadAction\",\"target\":[\"https:\\\/\\\/www.maresmefilmfestival.com\\\/es\\\/creative-rosebud-awards-2\\\/no-dogs-allowed\\\/\"]}]},{\"@type\":\"BreadcrumbList\",\"@id\":\"https:\\\/\\\/www.maresmefilmfestival.com\\\/es\\\/creative-rosebud-awards-2\\\/no-dogs-allowed\\\/#breadcrumb\",\"itemListElement\":[{\"@type\":\"ListItem\",\"position\":1,\"name\":\"Portada\",\"item\":\"https:\\\/\\\/www.maresmefilmfestival.com\\\/es\\\/\"},{\"@type\":\"ListItem\",\"position\":2,\"name\":\"Creative Rosebud Awards\",\"item\":\"https:\\\/\\\/www.maresmefilmfestival.com\\\/es\\\/creative-rosebud-awards-2\\\/\"},{\"@type\":\"ListItem\",\"position\":3,\"name\":\"No Dogs Allowed\"}]},{\"@type\":\"WebSite\",\"@id\":\"https:\\\/\\\/www.maresmefilmfestival.com\\\/es\\\/#website\",\"url\":\"https:\\\/\\\/www.maresmefilmfestival.com\\\/es\\\/\",\"name\":\"Calella Film Festival\",\"description\":\"Festival de Cinema\",\"potentialAction\":[{\"@type\":\"SearchAction\",\"target\":{\"@type\":\"EntryPoint\",\"urlTemplate\":\"https:\\\/\\\/www.maresmefilmfestival.com\\\/es\\\/?s={search_term_string}\"},\"query-input\":{\"@type\":\"PropertyValueSpecification\",\"valueRequired\":true,\"valueName\":\"search_term_string\"}}],\"inLanguage\":\"es\"}]}<\/script>\n<!-- \/ Yoast SEO plugin. -->","yoast_head_json":{"title":"No Dogs Allowed - Calella Film Festival","robots":{"index":"index","follow":"follow","max-snippet":"max-snippet:-1","max-image-preview":"max-image-preview:large","max-video-preview":"max-video-preview:-1"},"canonical":"https:\/\/www.maresmefilmfestival.com\/es\/creative-rosebud-awards-2\/no-dogs-allowed\/","og_locale":"es_ES","og_type":"article","og_title":"No Dogs Allowed - Calella Film Festival","og_description":"[vc_row][vc_column width=\u00bb1\/4&#8243;][vc_single_image image=\u00bb11307&#8243; img_size=\u00bbmedium\u00bb css=\u00bb\u00bb][vc_column_text][\/vc_column_text][\/vc_column][vc_column width=\u00bb3\/4&#8243;][vc_column_text css=\u00bb\u00bb]No Dogs Allowed Gabo es un chico de 15 a\u00f1os que parece un adolescente normal que pasa sus d\u00edas en la escuela, viendo a [&hellip;]","og_url":"https:\/\/www.maresmefilmfestival.com\/es\/creative-rosebud-awards-2\/no-dogs-allowed\/","og_site_name":"Calella Film Festival","article_publisher":"https:\/\/www.facebook.com\/Festival-de-Cinema-de-Calella-536425489872034\/?ref=hl","twitter_card":"summary_large_image","twitter_site":"@CalellaFilmFest","twitter_misc":{"Tiempo de lectura":"1 minuto"},"schema":{"@context":"https:\/\/schema.org","@graph":[{"@type":"WebPage","@id":"https:\/\/www.maresmefilmfestival.com\/es\/creative-rosebud-awards-2\/no-dogs-allowed\/","url":"https:\/\/www.maresmefilmfestival.com\/es\/creative-rosebud-awards-2\/no-dogs-allowed\/","name":"No Dogs Allowed - Calella Film Festival","isPartOf":{"@id":"https:\/\/www.maresmefilmfestival.com\/es\/#website"},"datePublished":"2025-10-15T12:23:48+00:00","breadcrumb":{"@id":"https:\/\/www.maresmefilmfestival.com\/es\/creative-rosebud-awards-2\/no-dogs-allowed\/#breadcrumb"},"inLanguage":"es","potentialAction":[{"@type":"ReadAction","target":["https:\/\/www.maresmefilmfestival.com\/es\/creative-rosebud-awards-2\/no-dogs-allowed\/"]}]},{"@type":"BreadcrumbList","@id":"https:\/\/www.maresmefilmfestival.com\/es\/creative-rosebud-awards-2\/no-dogs-allowed\/#breadcrumb","itemListElement":[{"@type":"ListItem","position":1,"name":"Portada","item":"https:\/\/www.maresmefilmfestival.com\/es\/"},{"@type":"ListItem","position":2,"name":"Creative Rosebud Awards","item":"https:\/\/www.maresmefilmfestival.com\/es\/creative-rosebud-awards-2\/"},{"@type":"ListItem","position":3,"name":"No Dogs Allowed"}]},{"@type":"WebSite","@id":"https:\/\/www.maresmefilmfestival.com\/es\/#website","url":"https:\/\/www.maresmefilmfestival.com\/es\/","name":"Calella Film Festival","description":"Festival de Cinema","potentialAction":[{"@type":"SearchAction","target":{"@type":"EntryPoint","urlTemplate":"https:\/\/www.maresmefilmfestival.com\/es\/?s={search_term_string}"},"query-input":{"@type":"PropertyValueSpecification","valueRequired":true,"valueName":"search_term_string"}}],"inLanguage":"es"}]}},"_links":{"self":[{"href":"https:\/\/www.maresmefilmfestival.com\/es\/wp-json\/wp\/v2\/pages\/11445","targetHints":{"allow":["GET"]}}],"collection":[{"href":"https:\/\/www.maresmefilmfestival.com\/es\/wp-json\/wp\/v2\/pages"}],"about":[{"href":"https:\/\/www.maresmefilmfestival.com\/es\/wp-json\/wp\/v2\/types\/page"}],"author":[{"embeddable":true,"href":"https:\/\/www.maresmefilmfestival.com\/es\/wp-json\/wp\/v2\/users\/3"}],"replies":[{"embeddable":true,"href":"https:\/\/www.maresmefilmfestival.com\/es\/wp-json\/wp\/v2\/comments?post=11445"}],"version-history":[{"count":0,"href":"https:\/\/www.maresmefilmfestival.com\/es\/wp-json\/wp\/v2\/pages\/11445\/revisions"}],"up":[{"embeddable":true,"href":"https:\/\/www.maresmefilmfestival.com\/es\/wp-json\/wp\/v2\/pages\/10612"}],"wp:attachment":[{"href":"https:\/\/www.maresmefilmfestival.com\/es\/wp-json\/wp\/v2\/media?parent=11445"}],"curies":[{"name":"wp","href":"https:\/\/api.w.org\/{rel}","templated":true}]}}