{"id":1144,"date":"2016-01-24T13:05:00","date_gmt":"2016-01-24T13:05:00","guid":{"rendered":"http:\/\/www.maresmefilmfestival.com\/es\/?page_id=1144"},"modified":"2017-06-19T09:08:23","modified_gmt":"2017-06-19T08:08:23","slug":"competicion-oficial","status":"publish","type":"page","link":"https:\/\/www.maresmefilmfestival.com\/es\/competicion-oficial\/","title":{"rendered":"Competici\u00f3n Oficial"},"content":{"rendered":"<div class=\"wpb-content-wrapper\"><p>[vc_row][vc_column][vc_column_text]<\/p>\n<h3 style=\"text-align: left;\"><span style=\"color: #d3ab1d;\">Mejores producciones del a\u00f1o en el \u00e1mbito internacional realizadas con un presupuesto considerado de categor\u00eda Low Budget.<\/span><\/h3>\n<p>[\/vc_column_text][\/vc_column][\/vc_row][vc_row][vc_column width=\u00bb1\/2&#8243;][vc_btn title=\u00bbVER TODOS LOS TRAILERS\u00bb style=\u00bbgradient\u00bb gradient_color_1=\u00bbblack\u00bb gradient_color_2=\u00bbgrey\u00bb shape=\u00bbround\u00bb size=\u00bbsm\u00bb align=\u00bbleft\u00bb link=\u00bburl:https%3A%2F%2Fwww.youtube.com%2Fplaylist%3Flist%3DPLvbs9GXlGXnusP4TeLRcSDOG5Zh0QXj4t||target:%20_blank\u00bb][\/vc_column][vc_column width=\u00bb1\/2&#8243;][vc_btn title=\u00bbPRECIO 2 EUROS. VENTA SOLO EN TAQUILLA\u00bb style=\u00bbgradient\u00bb gradient_color_1=\u00bbjuicy-pink\u00bb gradient_color_2=\u00bborange\u00bb shape=\u00bbround\u00bb size=\u00bbsm\u00bb align=\u00bbright\u00bb link=\u00bb||\u00bb][\/vc_column][\/vc_row][vc_row][vc_column][vc_separator][\/vc_column][\/vc_row][vc_row][vc_column width=\u00bb1\/3&#8243;][vc_single_image image=\u00bb2904&#8243; img_size=\u00bbfull\u00bb onclick=\u00bbcustom_link\u00bb link=\u00bbhttps:\/\/www.maresmefilmfestival.com\/es\/la-mano-invisible\/\u00bb][\/vc_column][vc_column width=\u00bb1\/3&#8243;][vc_single_image image=\u00bb2885&#8243; img_size=\u00bbfull\u00bb onclick=\u00bbcustom_link\u00bb link=\u00bbhttps:\/\/www.maresmefilmfestival.com\/es\/bajo-la-rosa\/\u00bb][\/vc_column][vc_column width=\u00bb1\/3&#8243;][vc_single_image image=\u00bb2886&#8243; img_size=\u00bbfull\u00bb onclick=\u00bbcustom_link\u00bb link=\u00bbhttps:\/\/www.maresmefilmfestival.com\/es\/smoking-club\/\u00bb][\/vc_column][\/vc_row][vc_row][vc_column width=\u00bb1\/3&#8243;][vc_single_image image=\u00bb2887&#8243; img_size=\u00bbfull\u00bb onclick=\u00bbcustom_link\u00bb link=\u00bbhttps:\/\/www.maresmefilmfestival.com\/es\/patria\/\u00bb][\/vc_column][vc_column width=\u00bb1\/3&#8243;][vc_single_image image=\u00bb2888&#8243; img_size=\u00bbfull\u00bb onclick=\u00bbcustom_link\u00bb link=\u00bbhttps:\/\/www.maresmefilmfestival.com\/es\/andres-lee-i-escribe\/\u00bb][\/vc_column][vc_column width=\u00bb1\/3&#8243;][vc_single_image image=\u00bb2889&#8243; img_size=\u00bbfull\u00bb onclick=\u00bbcustom_link\u00bb link=\u00bbhttps:\/\/www.maresmefilmfestival.com\/es\/argi\/\u00bb][\/vc_column][\/vc_row][vc_row][vc_column width=\u00bb1\/3&#8243;][vc_single_image image=\u00bb2890&#8243; img_size=\u00bbfull\u00bb onclick=\u00bbcustom_link\u00bb link=\u00bbhttps:\/\/www.maresmefilmfestival.com\/es\/family-member\/\u00bb][\/vc_column][vc_column width=\u00bb1\/3&#8243;][vc_single_image image=\u00bb2905&#8243; img_size=\u00bbfull\u00bb onclick=\u00bbcustom_link\u00bb link=\u00bbhttps:\/\/www.maresmefilmfestival.com\/es\/money\/\u00bb][\/vc_column][\/vc_row]<\/p>\n<\/div>","protected":false},"excerpt":{"rendered":"<p>[vc_row][vc_column][vc_column_text] Mejores producciones del a\u00f1o en el \u00e1mbito internacional realizadas con un presupuesto considerado de categor\u00eda Low Budget. [\/vc_column_text][\/vc_column][\/vc_row][vc_row][vc_column width=\u00bb1\/2&#8243;][vc_btn title=\u00bbVER TODOS LOS TRAILERS\u00bb style=\u00bbgradient\u00bb gradient_color_1=\u00bbblack\u00bb gradient_color_2=\u00bbgrey\u00bb shape=\u00bbround\u00bb size=\u00bbsm\u00bb align=\u00bbleft\u00bb [&hellip;]<\/p>\n","protected":false},"author":1,"featured_media":2931,"parent":0,"menu_order":0,"comment_status":"closed","ping_status":"closed","template":"","meta":{"footnotes":""},"class_list":["post-1144","page","type-page","status-publish","has-post-thumbnail","hentry"],"yoast_head":"<!-- This site is optimized with the Yoast SEO plugin v27.4 - https:\/\/yoast.com\/product\/yoast-seo-wordpress\/ -->\n<title>Competici\u00f3n Oficial - Calella Film Festival<\/title>\n<meta name=\"robots\" content=\"index, follow, max-snippet:-1, max-image-preview:large, max-video-preview:-1\" \/>\n<link rel=\"canonical\" href=\"https:\/\/www.maresmefilmfestival.com\/es\/competicion-oficial\/\" \/>\n<meta property=\"og:locale\" content=\"es_ES\" \/>\n<meta property=\"og:type\" content=\"article\" \/>\n<meta property=\"og:title\" content=\"Competici\u00f3n Oficial - Calella Film Festival\" \/>\n<meta property=\"og:description\" content=\"[vc_row][vc_column][vc_column_text] Mejores producciones del a\u00f1o en el \u00e1mbito internacional realizadas con un presupuesto considerado de categor\u00eda Low Budget. [\/vc_column_text][\/vc_column][\/vc_row][vc_row][vc_column width=\u00bb1\/2&#8243;][vc_btn title=\u00bbVER TODOS LOS TRAILERS\u00bb style=\u00bbgradient\u00bb gradient_color_1=\u00bbblack\u00bb gradient_color_2=\u00bbgrey\u00bb shape=\u00bbround\u00bb size=\u00bbsm\u00bb align=\u00bbleft\u00bb [&hellip;]\" \/>\n<meta property=\"og:url\" content=\"https:\/\/www.maresmefilmfestival.com\/es\/competicion-oficial\/\" \/>\n<meta property=\"og:site_name\" content=\"Calella Film Festival\" \/>\n<meta property=\"article:publisher\" content=\"https:\/\/www.facebook.com\/Festival-de-Cinema-de-Calella-536425489872034\/?ref=hl\" \/>\n<meta property=\"article:modified_time\" content=\"2017-06-19T08:08:23+00:00\" \/>\n<meta property=\"og:image\" content=\"https:\/\/www.maresmefilmfestival.com\/wp-content\/uploads\/2017\/05\/CaratulaHome_LowBudget.jpg\" \/>\n\t<meta property=\"og:image:width\" content=\"581\" \/>\n\t<meta property=\"og:image:height\" content=\"510\" \/>\n\t<meta property=\"og:image:type\" content=\"image\/jpeg\" \/>\n<meta name=\"twitter:card\" content=\"summary_large_image\" \/>\n<meta name=\"twitter:site\" content=\"@CalellaFilmFest\" \/>\n<meta name=\"twitter:label1\" content=\"Tiempo de lectura\" \/>\n\t<meta name=\"twitter:data1\" content=\"2 minutos\" \/>\n<script type=\"application\/ld+json\" class=\"yoast-schema-graph\">{\"@context\":\"https:\\\/\\\/schema.org\",\"@graph\":[{\"@type\":\"WebPage\",\"@id\":\"https:\\\/\\\/www.maresmefilmfestival.com\\\/es\\\/competicion-oficial\\\/\",\"url\":\"https:\\\/\\\/www.maresmefilmfestival.com\\\/es\\\/competicion-oficial\\\/\",\"name\":\"Competici\u00f3n Oficial - Calella Film Festival\",\"isPartOf\":{\"@id\":\"https:\\\/\\\/www.maresmefilmfestival.com\\\/es\\\/#website\"},\"primaryImageOfPage\":{\"@id\":\"https:\\\/\\\/www.maresmefilmfestival.com\\\/es\\\/competicion-oficial\\\/#primaryimage\"},\"image\":{\"@id\":\"https:\\\/\\\/www.maresmefilmfestival.com\\\/es\\\/competicion-oficial\\\/#primaryimage\"},\"thumbnailUrl\":\"https:\\\/\\\/www.maresmefilmfestival.com\\\/wp-content\\\/uploads\\\/2017\\\/05\\\/CaratulaHome_LowBudget.jpg\",\"datePublished\":\"2016-01-24T13:05:00+00:00\",\"dateModified\":\"2017-06-19T08:08:23+00:00\",\"breadcrumb\":{\"@id\":\"https:\\\/\\\/www.maresmefilmfestival.com\\\/es\\\/competicion-oficial\\\/#breadcrumb\"},\"inLanguage\":\"es\",\"potentialAction\":[{\"@type\":\"ReadAction\",\"target\":[\"https:\\\/\\\/www.maresmefilmfestival.com\\\/es\\\/competicion-oficial\\\/\"]}]},{\"@type\":\"ImageObject\",\"inLanguage\":\"es\",\"@id\":\"https:\\\/\\\/www.maresmefilmfestival.com\\\/es\\\/competicion-oficial\\\/#primaryimage\",\"url\":\"https:\\\/\\\/www.maresmefilmfestival.com\\\/wp-content\\\/uploads\\\/2017\\\/05\\\/CaratulaHome_LowBudget.jpg\",\"contentUrl\":\"https:\\\/\\\/www.maresmefilmfestival.com\\\/wp-content\\\/uploads\\\/2017\\\/05\\\/CaratulaHome_LowBudget.jpg\",\"width\":\"581\",\"height\":\"510\"},{\"@type\":\"BreadcrumbList\",\"@id\":\"https:\\\/\\\/www.maresmefilmfestival.com\\\/es\\\/competicion-oficial\\\/#breadcrumb\",\"itemListElement\":[{\"@type\":\"ListItem\",\"position\":1,\"name\":\"Portada\",\"item\":\"https:\\\/\\\/www.maresmefilmfestival.com\\\/es\\\/\"},{\"@type\":\"ListItem\",\"position\":2,\"name\":\"Competici\u00f3n Oficial\"}]},{\"@type\":\"WebSite\",\"@id\":\"https:\\\/\\\/www.maresmefilmfestival.com\\\/es\\\/#website\",\"url\":\"https:\\\/\\\/www.maresmefilmfestival.com\\\/es\\\/\",\"name\":\"Calella Film Festival\",\"description\":\"Festival de Cinema\",\"potentialAction\":[{\"@type\":\"SearchAction\",\"target\":{\"@type\":\"EntryPoint\",\"urlTemplate\":\"https:\\\/\\\/www.maresmefilmfestival.com\\\/es\\\/?s={search_term_string}\"},\"query-input\":{\"@type\":\"PropertyValueSpecification\",\"valueRequired\":true,\"valueName\":\"search_term_string\"}}],\"inLanguage\":\"es\"}]}<\/script>\n<!-- \/ Yoast SEO plugin. -->","yoast_head_json":{"title":"Competici\u00f3n Oficial - Calella Film Festival","robots":{"index":"index","follow":"follow","max-snippet":"max-snippet:-1","max-image-preview":"max-image-preview:large","max-video-preview":"max-video-preview:-1"},"canonical":"https:\/\/www.maresmefilmfestival.com\/es\/competicion-oficial\/","og_locale":"es_ES","og_type":"article","og_title":"Competici\u00f3n Oficial - Calella Film Festival","og_description":"[vc_row][vc_column][vc_column_text] Mejores producciones del a\u00f1o en el \u00e1mbito internacional realizadas con un presupuesto considerado de categor\u00eda Low Budget. [\/vc_column_text][\/vc_column][\/vc_row][vc_row][vc_column width=\u00bb1\/2&#8243;][vc_btn title=\u00bbVER TODOS LOS TRAILERS\u00bb style=\u00bbgradient\u00bb gradient_color_1=\u00bbblack\u00bb gradient_color_2=\u00bbgrey\u00bb shape=\u00bbround\u00bb size=\u00bbsm\u00bb align=\u00bbleft\u00bb [&hellip;]","og_url":"https:\/\/www.maresmefilmfestival.com\/es\/competicion-oficial\/","og_site_name":"Calella Film Festival","article_publisher":"https:\/\/www.facebook.com\/Festival-de-Cinema-de-Calella-536425489872034\/?ref=hl","article_modified_time":"2017-06-19T08:08:23+00:00","og_image":[{"width":581,"height":510,"url":"https:\/\/www.maresmefilmfestival.com\/wp-content\/uploads\/2017\/05\/CaratulaHome_LowBudget.jpg","type":"image\/jpeg"}],"twitter_card":"summary_large_image","twitter_site":"@CalellaFilmFest","twitter_misc":{"Tiempo de lectura":"2 minutos"},"schema":{"@context":"https:\/\/schema.org","@graph":[{"@type":"WebPage","@id":"https:\/\/www.maresmefilmfestival.com\/es\/competicion-oficial\/","url":"https:\/\/www.maresmefilmfestival.com\/es\/competicion-oficial\/","name":"Competici\u00f3n Oficial - Calella Film Festival","isPartOf":{"@id":"https:\/\/www.maresmefilmfestival.com\/es\/#website"},"primaryImageOfPage":{"@id":"https:\/\/www.maresmefilmfestival.com\/es\/competicion-oficial\/#primaryimage"},"image":{"@id":"https:\/\/www.maresmefilmfestival.com\/es\/competicion-oficial\/#primaryimage"},"thumbnailUrl":"https:\/\/www.maresmefilmfestival.com\/wp-content\/uploads\/2017\/05\/CaratulaHome_LowBudget.jpg","datePublished":"2016-01-24T13:05:00+00:00","dateModified":"2017-06-19T08:08:23+00:00","breadcrumb":{"@id":"https:\/\/www.maresmefilmfestival.com\/es\/competicion-oficial\/#breadcrumb"},"inLanguage":"es","potentialAction":[{"@type":"ReadAction","target":["https:\/\/www.maresmefilmfestival.com\/es\/competicion-oficial\/"]}]},{"@type":"ImageObject","inLanguage":"es","@id":"https:\/\/www.maresmefilmfestival.com\/es\/competicion-oficial\/#primaryimage","url":"https:\/\/www.maresmefilmfestival.com\/wp-content\/uploads\/2017\/05\/CaratulaHome_LowBudget.jpg","contentUrl":"https:\/\/www.maresmefilmfestival.com\/wp-content\/uploads\/2017\/05\/CaratulaHome_LowBudget.jpg","width":"581","height":"510"},{"@type":"BreadcrumbList","@id":"https:\/\/www.maresmefilmfestival.com\/es\/competicion-oficial\/#breadcrumb","itemListElement":[{"@type":"ListItem","position":1,"name":"Portada","item":"https:\/\/www.maresmefilmfestival.com\/es\/"},{"@type":"ListItem","position":2,"name":"Competici\u00f3n Oficial"}]},{"@type":"WebSite","@id":"https:\/\/www.maresmefilmfestival.com\/es\/#website","url":"https:\/\/www.maresmefilmfestival.com\/es\/","name":"Calella Film Festival","description":"Festival de Cinema","potentialAction":[{"@type":"SearchAction","target":{"@type":"EntryPoint","urlTemplate":"https:\/\/www.maresmefilmfestival.com\/es\/?s={search_term_string}"},"query-input":{"@type":"PropertyValueSpecification","valueRequired":true,"valueName":"search_term_string"}}],"inLanguage":"es"}]}},"_links":{"self":[{"href":"https:\/\/www.maresmefilmfestival.com\/es\/wp-json\/wp\/v2\/pages\/1144","targetHints":{"allow":["GET"]}}],"collection":[{"href":"https:\/\/www.maresmefilmfestival.com\/es\/wp-json\/wp\/v2\/pages"}],"about":[{"href":"https:\/\/www.maresmefilmfestival.com\/es\/wp-json\/wp\/v2\/types\/page"}],"author":[{"embeddable":true,"href":"https:\/\/www.maresmefilmfestival.com\/es\/wp-json\/wp\/v2\/users\/1"}],"replies":[{"embeddable":true,"href":"https:\/\/www.maresmefilmfestival.com\/es\/wp-json\/wp\/v2\/comments?post=1144"}],"version-history":[{"count":0,"href":"https:\/\/www.maresmefilmfestival.com\/es\/wp-json\/wp\/v2\/pages\/1144\/revisions"}],"wp:featuredmedia":[{"embeddable":true,"href":"https:\/\/www.maresmefilmfestival.com\/es\/wp-json\/wp\/v2\/media\/2931"}],"wp:attachment":[{"href":"https:\/\/www.maresmefilmfestival.com\/es\/wp-json\/wp\/v2\/media?parent=1144"}],"curies":[{"name":"wp","href":"https:\/\/api.w.org\/{rel}","templated":true}]}}