{"id":1100,"date":"2016-01-23T14:45:10","date_gmt":"2016-01-23T14:45:10","guid":{"rendered":"http:\/\/www.maresmefilmfestival.com\/es\/?page_id=1100"},"modified":"2016-05-23T14:47:59","modified_gmt":"2016-05-23T14:47:59","slug":"miquel-sitjar","status":"publish","type":"page","link":"https:\/\/www.maresmefilmfestival.com\/es\/el-festival\/jurado\/miquel-sitjar\/","title":{"rendered":"Miquel Sitjar"},"content":{"rendered":"<div class=\"wpb-content-wrapper\"><p>[vc_row][vc_column][vc_column_text]<\/p>\n<h3 style=\"text-align: justify;\"><strong><span style=\"color: #d3ab1d;\">Miquel Sitjar<\/span><\/strong><\/h3>\n<p>[\/vc_column_text][vc_single_image image=\u00bb1066&#8243; img_size=\u00bbfull\u00bb][vc_column_text]<\/p>\n<h4 style=\"text-align: justify;\"><strong><span style=\"color: #d3ab1d;\">Cine<\/span><\/strong><\/h4>\n<p class=\"p1\"><strong>PATRIA.<\/strong> Largometraje. Dir. J.Frank Charansonnet. Prod. Dejav\u00fa films y Capaneida films S.L.<\/p>\n<p class=\"p1\"><strong>CUINANT.<\/strong> Largometraje. Dir. Marc Fabregas. Prod. MarcFabregas.<\/p>\n<p class=\"p1\"><strong>EL G\u00c9NERE FEMEN\u00cd.<\/strong> Largometraje. Dir. Carlos Bempar. Prod. Kilimanjaro S.L.<\/p>\n<p class=\"p1\"><strong>CARNE DE NEON<\/strong> Largometraje. Dir. Paco Cabezas. Prod. Morena Films.<\/p>\n<p class=\"p1\"><strong>A LA DERIVA<\/strong> Largometraje. Dir. Ventura Pons. Prod. Los films de la Rambla.<\/p>\n<p class=\"p1\"><strong>XTREMS<\/strong> Largometraje. Dir. Abel Fol. Joan Riedberg. Prod.AnimalsFilms S.L.<\/p>\n<p class=\"p1\">11 nominaciones a los premios Gaud\u00ed 2010<\/p>\n<p class=\"p1\"><strong>EL TRIUNFO<\/strong> Largometraje Dir. Mireia Ross. Prod. Publik\/Canonigo Films. (Filmax)<\/p>\n<p class=\"p1\"><strong>RUIDO<\/strong> Largometraje Dir. Marcelo Bertalm\u00edo. Uruguay.<\/p>\n<p class=\"p1\"><strong>H6. DIARIO DE UN ASESINO.<\/strong> Largometraje. Dir.Mart\u00edn Garrido Bar\u00f3n. Prod. Kanzaman<\/p>\n<p class=\"p1\"><strong>MENOS ES M\u00c1S<\/strong> Largometraje Dir. Pascal Jongen. Prod.Aurum.<\/p>\n<p class=\"p1\"><strong>PROYECTO CORTEZ<\/strong> Cortometraje Dir. Manuel P\u00e9rez C\u00e1ceres.<\/p>\n<p class=\"p1\"><strong>DO<\/strong> Cortometraje Dir. Silvia Soliguer<\/p>\n<p class=\"p1\"><strong>EL COR ROBAT<\/strong> Mediometraje 16mm Dir. Carmen Fern\u00e1ndez<\/p>\n<h4 style=\"text-align: justify;\"><strong><span style=\"color: #d3ab1d;\">Teatro<\/span><\/strong><\/h4>\n<p><strong>LA PEIXERA <\/strong>de Toni Cabr\u00e9. Dir. Oscar Molina. T.Versus. Prod. Versus Teatro.<\/p>\n<p><strong>CLOACA <\/strong>de Maria Goos. Dir. Oscar Molina. T. Versus. Prod. Apunta Teatro.<\/p>\n<p><strong>QUE DESASTRE DE FUNCI\u00d3N <\/strong>de Michael Frayn. Dir. Alexander Herold. T. Calder\u00f3n (Madrid).<\/p>\n<p><strong>PARARAPAP\u00c1 <\/strong>de Miquel Sitjar y M\u00f3nica P\u00e9rez. Dir. M\u00f3nica P\u00e9rez. T. Capitol. Prod. Bambes de Palam\u00f3s<\/p>\n<p><strong>UNA COM\u00c8DIA DALIrant <\/strong>de J.Frank Charansonnet. Dir. J.F. Charansonnet. T. Gaud\u00ed.<\/p>\n<p><strong>PEL DAVANT I PEL DARRERE <\/strong>de Michael Frayn. Dir. Alexander Herold. T. Borr\u00e0s. Prod. La Projectora.<\/p>\n<p><strong>L\u2019HABITACI\u00d3 DE VER\u00d2NICA <\/strong>de Ira levin. Dir. H\u00e9ctor Claramunt. Teatro Capitol. Prod. Shankara<\/p>\n<p><strong>OSCAR. UNA, DOS, TRES MALETES <\/strong>de Claudie Magnier. Dir. Abel Folk. Teatro Condal. Prod. Focus.<\/p>\n<p><strong>POEMA DE NADAL <\/strong>de J.M. de Sagarra. Dir. Esteve Polls. (Iglesia del P\u00ed, Cat. Tarragona y Cat. Girona)<\/p>\n<p><strong>JUGANT AMB MOLI\u00c8RE <\/strong>de J.M.Castro Dir. Esteve Polls (Mercado de las Flores)<\/p>\n<p><strong>SHAKESPEARE VERSUS SAGARRA <\/strong>Selecci\u00f3n de Poes\u00eda Teatro. Dir. Esteve Polls (Teatro de Ponent)<\/p>\n<p><strong>VERS PER ON! <\/strong>Selecci\u00f3n de Poes\u00eda Teatral. Dir. Esteve Polls (Teatro de Ponent)<\/p>\n<p><strong>ENTRE CAIXES <\/strong>de Jaime Pujol. Prod. Miquel Sitjar. Dir. Anna Sabat\u00e9. (Sala Muntaner)<\/p>\n<p><strong>POP CORN <\/strong>de Ben Elton Dir.\u00c1ngel Alonso (T.Villarroel)<\/p>\n<p><strong>LAS MANZANAS DEL VIERNES <\/strong>de Antonio Gala Dir. Francisco Mars\u00f3 (Teatro F\u00cdGARO.Madrid)<\/p>\n<p><strong>LA BONA GENT <\/strong>de Santiago Rossinyol Dir. Pep Cruz (Teatro ROMEA)<\/p>\n<p><strong>SARA Y SIM\u00d3N <\/strong>de M. Dueso Dir. Manuel Dueso<\/p>\n<p><strong>MOLT SOROLL PER NO RES <\/strong>de William Shakespeare (Teatro de LA RIERETA)<\/p>\n<h4 style=\"text-align: justify;\"><strong><span style=\"color: #d3ab1d;\">Televisi\u00f3n<\/span><\/strong><\/h4>\n<p><strong>CITES. <\/strong>Dir. Pau Freixas. <strong>Serie TV3 y ATRESMEDIA. <\/strong>Prod. Filmax.<\/p>\n<p><strong>LA RIERA <\/strong>Dir. Esteve Rovira. <strong>Serie TV3. <\/strong>Prod. TV3.<\/p>\n<p><strong>EL SECRETO DE PUENTE VIEJO. <\/strong>Dir. Pablo Guerrero. <strong>A3TV. <\/strong>Boomerang S.L.<\/p>\n<p><strong>WENDY PLACA 20957 <\/strong>Dir. Mireia Ross. <strong>Telemovie<\/strong>. <strong>TV3. <\/strong>JetFilms S.L.<\/p>\n<p><strong>HIST\u00d2RIES DE ZOO <\/strong>Dir. Jes\u00fas Segura. <strong>Serie TV3<\/strong>. Diagonal TV.<\/p>\n<p><strong>LABERINT DE PASSIONS (1\u00aa y 2\u00aa Temp) <\/strong>Dir. Humberto Mir\u00f3. <strong>Serie IB3<\/strong>. Bocaboca. Protagonista.<\/p>\n<p><strong>L\u2019ALTRA BCN Documental TV3<\/strong>. Protagonista.<\/p>\n<p><strong>LATIDOS <\/strong>Dir. Carlos Pastor. <strong>Telemovie FORTA<\/strong>. Protagonista.<\/p>\n<p><strong>VIURE SENSE POR <\/strong>Dir. Carlos P\u00e9rez Ferrer. <strong>Telemovie FORTA<\/strong>. In Vitro Films.<\/p>\n<p><strong>ELECTROSHOK Telemovie FORTA<\/strong>.<\/p>\n<p><strong>UN PASO ADELANTE <\/strong>Globo Media. <strong>Serie A3TV<\/strong>.<\/p>\n<p><strong>EL COMISARIO <\/strong>Bocaboca. <strong>Serie TELE5<\/strong>.<\/p>\n<p><strong>DE MODA <\/strong>Dir. Jes\u00fas Segura. <strong>Serie FORTA<\/strong>.<\/p>\n<p><strong>HOSPITAL CENTRAL <\/strong>Dir. Jacobo Rispa. <strong>Serie Tele5 <\/strong><\/p>\n<p><strong>16 DOBLES <\/strong>Dir. Orestes Lara <strong>Serie TV3<\/strong>. Protagonista.<\/p>\n<p><strong>CALA REIAL <\/strong>Dir. Enric Banqu\u00e9 <strong>Telemovie TV3<\/strong>. Protagonista.<\/p>\n<p><strong>MARESME <\/strong>Dir. Rosa Verg\u00e9s <strong>Telemovie TV3<\/strong>. Protagonista.<\/p>\n<p><strong>MIRALL TRENCAT <\/strong>Dir. Orestes Lara <strong>S\u00e8rie TV3. <\/strong>Protagonista.<\/p>\n<p><strong>EL SUPER Serie Tele5. <\/strong>Prod. Zeppel\u00edn TV. Protagonista.<\/p>\n<p><strong>MAS QUE AMIGOS Serie Tele5<\/strong>. Protagonista.<\/p>\n<p><strong>SOTA EL SIGNE DE&#8230; Telemovie TV3 <\/strong>Protagonista.<\/p>\n<p><strong>NISSAGA DE PODER Serie TV3 <\/strong>Personaje. Protagonista.<\/p>\n<p><strong>HOSPITAL Serie A3TV <\/strong><\/p>\n<p><strong>ESTACI\u00d3 D\u00b4ENLLA\u00c7 <\/strong>Serie TV3. Dir. Orestes Lara. Epis\u00f3dico.<\/p>\n<p>[\/vc_column_text][\/vc_column][\/vc_row]<\/p>\n<\/div>","protected":false},"excerpt":{"rendered":"<p>[vc_row][vc_column][vc_column_text] Miquel Sitjar [\/vc_column_text][vc_single_image image=\u00bb1066&#8243; img_size=\u00bbfull\u00bb][vc_column_text] Cine PATRIA. Largometraje. Dir. J.Frank Charansonnet. Prod. Dejav\u00fa films y Capaneida films S.L. CUINANT. Largometraje. Dir. Marc Fabregas. Prod. MarcFabregas. EL G\u00c9NERE FEMEN\u00cd. Largometraje. [&hellip;]<\/p>\n","protected":false},"author":1,"featured_media":0,"parent":1044,"menu_order":0,"comment_status":"closed","ping_status":"closed","template":"","meta":{"footnotes":""},"class_list":["post-1100","page","type-page","status-publish","hentry"],"yoast_head":"<!-- This site is optimized with the Yoast SEO plugin v27.3 - https:\/\/yoast.com\/product\/yoast-seo-wordpress\/ -->\n<title>Miquel Sitjar - Calella Film Festival<\/title>\n<meta name=\"robots\" content=\"index, follow, max-snippet:-1, max-image-preview:large, max-video-preview:-1\" \/>\n<link rel=\"canonical\" href=\"https:\/\/www.maresmefilmfestival.com\/es\/el-festival\/jurado\/miquel-sitjar\/\" \/>\n<meta property=\"og:locale\" content=\"es_ES\" \/>\n<meta property=\"og:type\" content=\"article\" \/>\n<meta property=\"og:title\" content=\"Miquel Sitjar - Calella Film Festival\" \/>\n<meta property=\"og:description\" content=\"[vc_row][vc_column][vc_column_text] Miquel Sitjar [\/vc_column_text][vc_single_image image=\u00bb1066&#8243; img_size=\u00bbfull\u00bb][vc_column_text] Cine PATRIA. Largometraje. Dir. J.Frank Charansonnet. Prod. Dejav\u00fa films y Capaneida films S.L. CUINANT. Largometraje. Dir. Marc Fabregas. Prod. MarcFabregas. EL G\u00c9NERE FEMEN\u00cd. Largometraje. [&hellip;]\" \/>\n<meta property=\"og:url\" content=\"https:\/\/www.maresmefilmfestival.com\/es\/el-festival\/jurado\/miquel-sitjar\/\" \/>\n<meta property=\"og:site_name\" content=\"Calella Film Festival\" \/>\n<meta property=\"article:publisher\" content=\"https:\/\/www.facebook.com\/Festival-de-Cinema-de-Calella-536425489872034\/?ref=hl\" \/>\n<meta property=\"article:modified_time\" content=\"2016-05-23T14:47:59+00:00\" \/>\n<meta name=\"twitter:card\" content=\"summary_large_image\" \/>\n<meta name=\"twitter:site\" content=\"@CalellaFilmFest\" \/>\n<meta name=\"twitter:label1\" content=\"Tiempo de lectura\" \/>\n\t<meta name=\"twitter:data1\" content=\"3 minutos\" \/>\n<script type=\"application\/ld+json\" class=\"yoast-schema-graph\">{\"@context\":\"https:\\\/\\\/schema.org\",\"@graph\":[{\"@type\":\"WebPage\",\"@id\":\"https:\\\/\\\/www.maresmefilmfestival.com\\\/es\\\/el-festival\\\/jurado\\\/miquel-sitjar\\\/\",\"url\":\"https:\\\/\\\/www.maresmefilmfestival.com\\\/es\\\/el-festival\\\/jurado\\\/miquel-sitjar\\\/\",\"name\":\"Miquel Sitjar - Calella Film Festival\",\"isPartOf\":{\"@id\":\"https:\\\/\\\/www.maresmefilmfestival.com\\\/es\\\/#website\"},\"datePublished\":\"2016-01-23T14:45:10+00:00\",\"dateModified\":\"2016-05-23T14:47:59+00:00\",\"breadcrumb\":{\"@id\":\"https:\\\/\\\/www.maresmefilmfestival.com\\\/es\\\/el-festival\\\/jurado\\\/miquel-sitjar\\\/#breadcrumb\"},\"inLanguage\":\"es\",\"potentialAction\":[{\"@type\":\"ReadAction\",\"target\":[\"https:\\\/\\\/www.maresmefilmfestival.com\\\/es\\\/el-festival\\\/jurado\\\/miquel-sitjar\\\/\"]}]},{\"@type\":\"BreadcrumbList\",\"@id\":\"https:\\\/\\\/www.maresmefilmfestival.com\\\/es\\\/el-festival\\\/jurado\\\/miquel-sitjar\\\/#breadcrumb\",\"itemListElement\":[{\"@type\":\"ListItem\",\"position\":1,\"name\":\"Portada\",\"item\":\"https:\\\/\\\/www.maresmefilmfestival.com\\\/es\\\/\"},{\"@type\":\"ListItem\",\"position\":2,\"name\":\"EL FESTIVAL\",\"item\":\"https:\\\/\\\/www.maresmefilmfestival.com\\\/es\\\/el-festival\\\/\"},{\"@type\":\"ListItem\",\"position\":3,\"name\":\"JURADO\",\"item\":\"https:\\\/\\\/www.maresmefilmfestival.com\\\/es\\\/el-festival\\\/jurado\\\/\"},{\"@type\":\"ListItem\",\"position\":4,\"name\":\"Miquel Sitjar\"}]},{\"@type\":\"WebSite\",\"@id\":\"https:\\\/\\\/www.maresmefilmfestival.com\\\/es\\\/#website\",\"url\":\"https:\\\/\\\/www.maresmefilmfestival.com\\\/es\\\/\",\"name\":\"Calella Film Festival\",\"description\":\"Festival de Cinema\",\"potentialAction\":[{\"@type\":\"SearchAction\",\"target\":{\"@type\":\"EntryPoint\",\"urlTemplate\":\"https:\\\/\\\/www.maresmefilmfestival.com\\\/es\\\/?s={search_term_string}\"},\"query-input\":{\"@type\":\"PropertyValueSpecification\",\"valueRequired\":true,\"valueName\":\"search_term_string\"}}],\"inLanguage\":\"es\"}]}<\/script>\n<!-- \/ Yoast SEO plugin. -->","yoast_head_json":{"title":"Miquel Sitjar - Calella Film Festival","robots":{"index":"index","follow":"follow","max-snippet":"max-snippet:-1","max-image-preview":"max-image-preview:large","max-video-preview":"max-video-preview:-1"},"canonical":"https:\/\/www.maresmefilmfestival.com\/es\/el-festival\/jurado\/miquel-sitjar\/","og_locale":"es_ES","og_type":"article","og_title":"Miquel Sitjar - Calella Film Festival","og_description":"[vc_row][vc_column][vc_column_text] Miquel Sitjar [\/vc_column_text][vc_single_image image=\u00bb1066&#8243; img_size=\u00bbfull\u00bb][vc_column_text] Cine PATRIA. Largometraje. Dir. J.Frank Charansonnet. Prod. Dejav\u00fa films y Capaneida films S.L. CUINANT. Largometraje. Dir. Marc Fabregas. Prod. MarcFabregas. EL G\u00c9NERE FEMEN\u00cd. Largometraje. [&hellip;]","og_url":"https:\/\/www.maresmefilmfestival.com\/es\/el-festival\/jurado\/miquel-sitjar\/","og_site_name":"Calella Film Festival","article_publisher":"https:\/\/www.facebook.com\/Festival-de-Cinema-de-Calella-536425489872034\/?ref=hl","article_modified_time":"2016-05-23T14:47:59+00:00","twitter_card":"summary_large_image","twitter_site":"@CalellaFilmFest","twitter_misc":{"Tiempo de lectura":"3 minutos"},"schema":{"@context":"https:\/\/schema.org","@graph":[{"@type":"WebPage","@id":"https:\/\/www.maresmefilmfestival.com\/es\/el-festival\/jurado\/miquel-sitjar\/","url":"https:\/\/www.maresmefilmfestival.com\/es\/el-festival\/jurado\/miquel-sitjar\/","name":"Miquel Sitjar - Calella Film Festival","isPartOf":{"@id":"https:\/\/www.maresmefilmfestival.com\/es\/#website"},"datePublished":"2016-01-23T14:45:10+00:00","dateModified":"2016-05-23T14:47:59+00:00","breadcrumb":{"@id":"https:\/\/www.maresmefilmfestival.com\/es\/el-festival\/jurado\/miquel-sitjar\/#breadcrumb"},"inLanguage":"es","potentialAction":[{"@type":"ReadAction","target":["https:\/\/www.maresmefilmfestival.com\/es\/el-festival\/jurado\/miquel-sitjar\/"]}]},{"@type":"BreadcrumbList","@id":"https:\/\/www.maresmefilmfestival.com\/es\/el-festival\/jurado\/miquel-sitjar\/#breadcrumb","itemListElement":[{"@type":"ListItem","position":1,"name":"Portada","item":"https:\/\/www.maresmefilmfestival.com\/es\/"},{"@type":"ListItem","position":2,"name":"EL FESTIVAL","item":"https:\/\/www.maresmefilmfestival.com\/es\/el-festival\/"},{"@type":"ListItem","position":3,"name":"JURADO","item":"https:\/\/www.maresmefilmfestival.com\/es\/el-festival\/jurado\/"},{"@type":"ListItem","position":4,"name":"Miquel Sitjar"}]},{"@type":"WebSite","@id":"https:\/\/www.maresmefilmfestival.com\/es\/#website","url":"https:\/\/www.maresmefilmfestival.com\/es\/","name":"Calella Film Festival","description":"Festival de Cinema","potentialAction":[{"@type":"SearchAction","target":{"@type":"EntryPoint","urlTemplate":"https:\/\/www.maresmefilmfestival.com\/es\/?s={search_term_string}"},"query-input":{"@type":"PropertyValueSpecification","valueRequired":true,"valueName":"search_term_string"}}],"inLanguage":"es"}]}},"_links":{"self":[{"href":"https:\/\/www.maresmefilmfestival.com\/es\/wp-json\/wp\/v2\/pages\/1100","targetHints":{"allow":["GET"]}}],"collection":[{"href":"https:\/\/www.maresmefilmfestival.com\/es\/wp-json\/wp\/v2\/pages"}],"about":[{"href":"https:\/\/www.maresmefilmfestival.com\/es\/wp-json\/wp\/v2\/types\/page"}],"author":[{"embeddable":true,"href":"https:\/\/www.maresmefilmfestival.com\/es\/wp-json\/wp\/v2\/users\/1"}],"replies":[{"embeddable":true,"href":"https:\/\/www.maresmefilmfestival.com\/es\/wp-json\/wp\/v2\/comments?post=1100"}],"version-history":[{"count":0,"href":"https:\/\/www.maresmefilmfestival.com\/es\/wp-json\/wp\/v2\/pages\/1100\/revisions"}],"up":[{"embeddable":true,"href":"https:\/\/www.maresmefilmfestival.com\/es\/wp-json\/wp\/v2\/pages\/1044"}],"wp:attachment":[{"href":"https:\/\/www.maresmefilmfestival.com\/es\/wp-json\/wp\/v2\/media?parent=1100"}],"curies":[{"name":"wp","href":"https:\/\/api.w.org\/{rel}","templated":true}]}}