{"id":1090,"date":"2016-01-23T14:24:11","date_gmt":"2016-01-23T14:24:11","guid":{"rendered":"http:\/\/www.maresmefilmfestival.com\/es\/?page_id=1090"},"modified":"2016-05-24T07:36:45","modified_gmt":"2016-05-24T07:36:45","slug":"jordi-diaz","status":"publish","type":"page","link":"https:\/\/www.maresmefilmfestival.com\/es\/el-festival\/jurado\/jordi-diaz\/","title":{"rendered":"Jordi D\u00edaz"},"content":{"rendered":"<div class=\"wpb-content-wrapper\"><p>[vc_row][vc_column][vc_column_text]<\/p>\n<h3 style=\"text-align: justify;\"><strong><span style=\"color: #d3ab1d;\">Jordi D\u00edaz<\/span><\/strong><\/h3>\n<p>[\/vc_column_text][vc_single_image image=\u00bb1064&#8243; img_size=\u00bbfull\u00bb][vc_column_text]<\/p>\n<p class=\"p1\">Jordi D\u00edaz, es un actor catal\u00e1n, conocido en Catalu\u00f1a por haber interpretado el papel de Fede en la serie de TV3 \u201cEl cor de la ciutat\u201d, y a nivel espa\u00f1ol por haber interpretado a Andr\u00e9s de Cabrera a la serie hist\u00f3rica Isabel.<\/p>\n<p class=\"p1\"><strong>Biograf\u00eda<\/strong><\/p>\n<p class=\"p1\">Interesado por la interpretaci\u00f3n desde muy joven, mientras cursaba estudios primarios realiz\u00f3 obras de teatro con compa\u00f1\u00edas amateurs, y tambi\u00e9n recit\u00f3 poemas y textos propios. M\u00e1s tarde, trabaj\u00f3 en varias actividades fuera de la interpretaci\u00f3n, y se abri\u00f3 camino como actor a trav\u00e9s de agencias, castings y televisiones locales sin llegar a estudiar interpretaci\u00f3n. Su primer papel importante fue el de Fede en la serie \u201cEl cor de la ciutat\u201d, en el cual inicialmente ten\u00eda que realizar durante tres meses, que se convirtieron en cinco a\u00f1os. Adem\u00e1s de su participaci\u00f3n en la conocida serie de TV3 ha participado en otras obras de teatro, y ha realizado colaboraciones en programas como El Club a TV3 y a De 4 a 7 a Catalunya R\u00e0dio, con Xavier Graset.[1]<\/p>\n<h4 style=\"text-align: justify;\"><strong><span style=\"color: #d3ab1d;\">Films<\/span><\/strong><\/h4>\n<p class=\"p1\">Ha participado en los siguientes largometrajes:<\/p>\n<p class=\"p1\"><span class=\"s1\">\u2022 <strong><span class=\"s2\">Fumata blanca<\/span><\/strong><\/span><strong>\u00a0<\/strong>(2002)<\/p>\n<p class=\"p1\"><span class=\"s1\">\u2022 <strong><span class=\"s2\">Lazos rotos<\/span><\/strong><\/span>\u00a0(2008)<\/p>\n<p class=\"p1\"><span class=\"s1\">\u2022 <strong><span class=\"s2\">\u00c9s quan dormo<\/span><\/strong><\/span>\u00a0(2010)<\/p>\n<h4 style=\"text-align: justify;\"><strong><span style=\"color: #d3ab1d;\">Cortos<\/span><\/strong><\/h4>\n<p class=\"p1\">Ha participado en los siguientes:<\/p>\n<p class=\"p1\"><span class=\"s1\">\u2022 <\/span><strong>Ausencias<\/strong>\u00a0(2001)<\/p>\n<p class=\"p1\"><span class=\"s1\">\u2022 <\/span><strong>F\u00e1cil\u00a0<\/strong>(2009)<\/p>\n<p class=\"p1\"><span class=\"s1\">\u2022 <\/span><strong>Chorreo. La gran bomba del 2 a 6<\/strong>\u00a0(2010)<\/p>\n<h4 style=\"text-align: justify;\"><strong><span style=\"color: #d3ab1d;\">Televisi\u00f3n<\/span><\/strong><\/h4>\n<p class=\"p1\">Ha participado a varias producciones en Catalu\u00f1a y al resto de Espa\u00f1a:<\/p>\n<p class=\"p1\"><span class=\"s1\">\u2022 <\/span><strong>Makinavaja<\/strong>\u00a0(1995)<\/p>\n<p class=\"p1\"><span class=\"s1\">\u2022 <\/span><strong>Laberint d&#8217;ombres<\/strong>\u00a0(1998)<\/p>\n<p class=\"p1\"><span class=\"s1\">\u2022 <\/span><strong>Des del balc\u00f3<\/strong>\u00a0(2001)<\/p>\n<p class=\"p1\"><span class=\"s1\">\u2022 <\/span><strong>El cor de la ciutat<\/strong>\u00a0(2001-2009)<\/p>\n<p class=\"p1\"><span class=\"s1\">\u2022 <\/span><strong>La se\u00f1ora<\/strong>\u00a0(2009)<\/p>\n<p class=\"p1\"><span class=\"s1\">\u2022 <\/span><strong>Los misterios de Laura<\/strong>\u00a0(2011)<\/p>\n<p class=\"p1\"><span class=\"s1\">\u2022 <\/span><strong>Amar en tiempos revueltos<\/strong>\u00a0(2011)<\/p>\n<p class=\"p1\"><span class=\"s1\">\u2022 <\/span><strong>Isabel<\/strong>\u00a0(2011-2014)<\/p>\n<p class=\"p1\"><span class=\"s1\">\u2022 <\/span><strong>Mario Conde, los d\u00edas de gloria<\/strong>\u00a0(2013)<\/p>\n<p class=\"p1\"><span class=\"s1\">\u2022 <\/span><strong>39+1<\/strong>\u00a0(2014)<\/p>\n<p class=\"p1\"><span class=\"s1\">\u2022 <\/span><strong>El m\u00e8tode Gr\u00f6nholm<\/strong>\u00a0(2015)<\/p>\n<p>[\/vc_column_text][\/vc_column][\/vc_row]<\/p>\n<\/div>","protected":false},"excerpt":{"rendered":"<p>[vc_row][vc_column][vc_column_text] Jordi D\u00edaz [\/vc_column_text][vc_single_image image=\u00bb1064&#8243; img_size=\u00bbfull\u00bb][vc_column_text] Jordi D\u00edaz, es un actor catal\u00e1n, conocido en Catalu\u00f1a por haber interpretado el papel de Fede en la serie de TV3 \u201cEl cor de [&hellip;]<\/p>\n","protected":false},"author":1,"featured_media":0,"parent":1044,"menu_order":0,"comment_status":"closed","ping_status":"closed","template":"","meta":{"footnotes":""},"class_list":["post-1090","page","type-page","status-publish","hentry"],"yoast_head":"<!-- This site is optimized with the Yoast SEO plugin v27.3 - https:\/\/yoast.com\/product\/yoast-seo-wordpress\/ -->\n<title>Jordi D\u00edaz - Calella Film Festival<\/title>\n<meta name=\"robots\" content=\"index, follow, max-snippet:-1, max-image-preview:large, max-video-preview:-1\" \/>\n<link rel=\"canonical\" href=\"https:\/\/www.maresmefilmfestival.com\/es\/el-festival\/jurado\/jordi-diaz\/\" \/>\n<meta property=\"og:locale\" content=\"es_ES\" \/>\n<meta property=\"og:type\" content=\"article\" \/>\n<meta property=\"og:title\" content=\"Jordi D\u00edaz - Calella Film Festival\" \/>\n<meta property=\"og:description\" content=\"[vc_row][vc_column][vc_column_text] Jordi D\u00edaz [\/vc_column_text][vc_single_image image=\u00bb1064&#8243; img_size=\u00bbfull\u00bb][vc_column_text] Jordi D\u00edaz, es un actor catal\u00e1n, conocido en Catalu\u00f1a por haber interpretado el papel de Fede en la serie de TV3 \u201cEl cor de [&hellip;]\" \/>\n<meta property=\"og:url\" content=\"https:\/\/www.maresmefilmfestival.com\/es\/el-festival\/jurado\/jordi-diaz\/\" \/>\n<meta property=\"og:site_name\" content=\"Calella Film Festival\" \/>\n<meta property=\"article:publisher\" content=\"https:\/\/www.facebook.com\/Festival-de-Cinema-de-Calella-536425489872034\/?ref=hl\" \/>\n<meta property=\"article:modified_time\" content=\"2016-05-24T07:36:45+00:00\" \/>\n<meta name=\"twitter:card\" content=\"summary_large_image\" \/>\n<meta name=\"twitter:site\" content=\"@CalellaFilmFest\" \/>\n<meta name=\"twitter:label1\" content=\"Tiempo de lectura\" \/>\n\t<meta name=\"twitter:data1\" content=\"1 minuto\" \/>\n<script type=\"application\/ld+json\" class=\"yoast-schema-graph\">{\"@context\":\"https:\\\/\\\/schema.org\",\"@graph\":[{\"@type\":\"WebPage\",\"@id\":\"https:\\\/\\\/www.maresmefilmfestival.com\\\/es\\\/el-festival\\\/jurado\\\/jordi-diaz\\\/\",\"url\":\"https:\\\/\\\/www.maresmefilmfestival.com\\\/es\\\/el-festival\\\/jurado\\\/jordi-diaz\\\/\",\"name\":\"Jordi D\u00edaz - Calella Film Festival\",\"isPartOf\":{\"@id\":\"https:\\\/\\\/www.maresmefilmfestival.com\\\/es\\\/#website\"},\"datePublished\":\"2016-01-23T14:24:11+00:00\",\"dateModified\":\"2016-05-24T07:36:45+00:00\",\"breadcrumb\":{\"@id\":\"https:\\\/\\\/www.maresmefilmfestival.com\\\/es\\\/el-festival\\\/jurado\\\/jordi-diaz\\\/#breadcrumb\"},\"inLanguage\":\"es\",\"potentialAction\":[{\"@type\":\"ReadAction\",\"target\":[\"https:\\\/\\\/www.maresmefilmfestival.com\\\/es\\\/el-festival\\\/jurado\\\/jordi-diaz\\\/\"]}]},{\"@type\":\"BreadcrumbList\",\"@id\":\"https:\\\/\\\/www.maresmefilmfestival.com\\\/es\\\/el-festival\\\/jurado\\\/jordi-diaz\\\/#breadcrumb\",\"itemListElement\":[{\"@type\":\"ListItem\",\"position\":1,\"name\":\"Portada\",\"item\":\"https:\\\/\\\/www.maresmefilmfestival.com\\\/es\\\/\"},{\"@type\":\"ListItem\",\"position\":2,\"name\":\"EL FESTIVAL\",\"item\":\"https:\\\/\\\/www.maresmefilmfestival.com\\\/es\\\/el-festival\\\/\"},{\"@type\":\"ListItem\",\"position\":3,\"name\":\"JURADO\",\"item\":\"https:\\\/\\\/www.maresmefilmfestival.com\\\/es\\\/el-festival\\\/jurado\\\/\"},{\"@type\":\"ListItem\",\"position\":4,\"name\":\"Jordi D\u00edaz\"}]},{\"@type\":\"WebSite\",\"@id\":\"https:\\\/\\\/www.maresmefilmfestival.com\\\/es\\\/#website\",\"url\":\"https:\\\/\\\/www.maresmefilmfestival.com\\\/es\\\/\",\"name\":\"Calella Film Festival\",\"description\":\"Festival de Cinema\",\"potentialAction\":[{\"@type\":\"SearchAction\",\"target\":{\"@type\":\"EntryPoint\",\"urlTemplate\":\"https:\\\/\\\/www.maresmefilmfestival.com\\\/es\\\/?s={search_term_string}\"},\"query-input\":{\"@type\":\"PropertyValueSpecification\",\"valueRequired\":true,\"valueName\":\"search_term_string\"}}],\"inLanguage\":\"es\"}]}<\/script>\n<!-- \/ Yoast SEO plugin. -->","yoast_head_json":{"title":"Jordi D\u00edaz - Calella Film Festival","robots":{"index":"index","follow":"follow","max-snippet":"max-snippet:-1","max-image-preview":"max-image-preview:large","max-video-preview":"max-video-preview:-1"},"canonical":"https:\/\/www.maresmefilmfestival.com\/es\/el-festival\/jurado\/jordi-diaz\/","og_locale":"es_ES","og_type":"article","og_title":"Jordi D\u00edaz - Calella Film Festival","og_description":"[vc_row][vc_column][vc_column_text] Jordi D\u00edaz [\/vc_column_text][vc_single_image image=\u00bb1064&#8243; img_size=\u00bbfull\u00bb][vc_column_text] Jordi D\u00edaz, es un actor catal\u00e1n, conocido en Catalu\u00f1a por haber interpretado el papel de Fede en la serie de TV3 \u201cEl cor de [&hellip;]","og_url":"https:\/\/www.maresmefilmfestival.com\/es\/el-festival\/jurado\/jordi-diaz\/","og_site_name":"Calella Film Festival","article_publisher":"https:\/\/www.facebook.com\/Festival-de-Cinema-de-Calella-536425489872034\/?ref=hl","article_modified_time":"2016-05-24T07:36:45+00:00","twitter_card":"summary_large_image","twitter_site":"@CalellaFilmFest","twitter_misc":{"Tiempo de lectura":"1 minuto"},"schema":{"@context":"https:\/\/schema.org","@graph":[{"@type":"WebPage","@id":"https:\/\/www.maresmefilmfestival.com\/es\/el-festival\/jurado\/jordi-diaz\/","url":"https:\/\/www.maresmefilmfestival.com\/es\/el-festival\/jurado\/jordi-diaz\/","name":"Jordi D\u00edaz - Calella Film Festival","isPartOf":{"@id":"https:\/\/www.maresmefilmfestival.com\/es\/#website"},"datePublished":"2016-01-23T14:24:11+00:00","dateModified":"2016-05-24T07:36:45+00:00","breadcrumb":{"@id":"https:\/\/www.maresmefilmfestival.com\/es\/el-festival\/jurado\/jordi-diaz\/#breadcrumb"},"inLanguage":"es","potentialAction":[{"@type":"ReadAction","target":["https:\/\/www.maresmefilmfestival.com\/es\/el-festival\/jurado\/jordi-diaz\/"]}]},{"@type":"BreadcrumbList","@id":"https:\/\/www.maresmefilmfestival.com\/es\/el-festival\/jurado\/jordi-diaz\/#breadcrumb","itemListElement":[{"@type":"ListItem","position":1,"name":"Portada","item":"https:\/\/www.maresmefilmfestival.com\/es\/"},{"@type":"ListItem","position":2,"name":"EL FESTIVAL","item":"https:\/\/www.maresmefilmfestival.com\/es\/el-festival\/"},{"@type":"ListItem","position":3,"name":"JURADO","item":"https:\/\/www.maresmefilmfestival.com\/es\/el-festival\/jurado\/"},{"@type":"ListItem","position":4,"name":"Jordi D\u00edaz"}]},{"@type":"WebSite","@id":"https:\/\/www.maresmefilmfestival.com\/es\/#website","url":"https:\/\/www.maresmefilmfestival.com\/es\/","name":"Calella Film Festival","description":"Festival de Cinema","potentialAction":[{"@type":"SearchAction","target":{"@type":"EntryPoint","urlTemplate":"https:\/\/www.maresmefilmfestival.com\/es\/?s={search_term_string}"},"query-input":{"@type":"PropertyValueSpecification","valueRequired":true,"valueName":"search_term_string"}}],"inLanguage":"es"}]}},"_links":{"self":[{"href":"https:\/\/www.maresmefilmfestival.com\/es\/wp-json\/wp\/v2\/pages\/1090","targetHints":{"allow":["GET"]}}],"collection":[{"href":"https:\/\/www.maresmefilmfestival.com\/es\/wp-json\/wp\/v2\/pages"}],"about":[{"href":"https:\/\/www.maresmefilmfestival.com\/es\/wp-json\/wp\/v2\/types\/page"}],"author":[{"embeddable":true,"href":"https:\/\/www.maresmefilmfestival.com\/es\/wp-json\/wp\/v2\/users\/1"}],"replies":[{"embeddable":true,"href":"https:\/\/www.maresmefilmfestival.com\/es\/wp-json\/wp\/v2\/comments?post=1090"}],"version-history":[{"count":0,"href":"https:\/\/www.maresmefilmfestival.com\/es\/wp-json\/wp\/v2\/pages\/1090\/revisions"}],"up":[{"embeddable":true,"href":"https:\/\/www.maresmefilmfestival.com\/es\/wp-json\/wp\/v2\/pages\/1044"}],"wp:attachment":[{"href":"https:\/\/www.maresmefilmfestival.com\/es\/wp-json\/wp\/v2\/media?parent=1090"}],"curies":[{"name":"wp","href":"https:\/\/api.w.org\/{rel}","templated":true}]}}